{"id":6908,"date":"2025-05-19T09:08:58","date_gmt":"2025-05-19T09:08:58","guid":{"rendered":"https:\/\/stem-eshop.gr\/product\/%ce%bc%ce%b1%ce%b8%ce%b1%ce%af%ce%bd%cf%89-%ce%ba%ce%b1%ce%b9-%ce%b4%ce%b7%ce%bc%ce%b9%ce%bf%cf%85%cf%81%ce%b3%cf%8e-lab-%ce%b5%ce%ba%cf%80%ce%b1%ce%b9%ce%b4%ce%b5%cf%85%cf%84%ce%b9%ce%ba%cf%8c-5\/"},"modified":"2025-10-06T10:09:09","modified_gmt":"2025-10-06T07:09:09","slug":"%ce%bc%ce%b1%ce%b8%ce%b1%ce%af%ce%bd%cf%89-%ce%ba%ce%b1%ce%b9-%ce%b4%ce%b7%ce%bc%ce%b9%ce%bf%cf%85%cf%81%ce%b3%cf%8e-lab-%ce%b5%ce%ba%cf%80%ce%b1%ce%b9%ce%b4%ce%b5%cf%85%cf%84%ce%b9%ce%ba%cf%8c-5","status":"publish","type":"product","link":"https:\/\/stem-eshop.gr\/ro\/produs\/%ce%bc%ce%b1%ce%b8%ce%b1%ce%af%ce%bd%cf%89-%ce%ba%ce%b1%ce%b9-%ce%b4%ce%b7%ce%bc%ce%b9%ce%bf%cf%85%cf%81%ce%b3%cf%8e-lab-%ce%b5%ce%ba%cf%80%ce%b1%ce%b9%ce%b4%ce%b5%cf%85%cf%84%ce%b9%ce%ba%cf%8c-5\/","title":{"rendered":"\u00cenv\u0103\u021b \u0219i creez ser\u0103 biologic\u0103 de juc\u0103rii educa\u021bionale de laborator timp de peste 7 ani"},"content":{"rendered":"<p class=\"MsoNormal\">Jocul include:<\/p>\n<p>Baza<\/p>\n<p>Coloane<\/p>\n<p>Pere\u021bi transparen\u021bi<\/p>\n<p>Ad\u0103post<\/p>\n<p>Ghivece de flori biodegradabile<\/p>\n<p>Pung\u0103 de semin\u021be organice<\/p>\n<p>Turb\u0103<\/p>\n<p>Can\u0103 cu capac<\/p>\n<p>Pung\u0103 de semin\u021be<\/p>\n<p>Pipet\u0103<\/p>\n<p>Spatul\u0103<\/p>\n<p>Cle\u0219te<\/p>\n<p>Manual de instruc\u021biuni ilustrat<\/p>\n<p class=\"MsoNormal\">Potrivit pentru utilizare de c\u0103tre copii cu v\u00e2rsta de 7 ani \u0219i peste<\/p>\n<p class=\"MsoNormal\" style=\"text-align: justify\">Fabricat \u00een Italia<\/p>\n<p class=\"MsoNormal\" style=\"text-align: justify\">Seria de juc\u0103rii \u00cenva\u021b\u0103 \u0219i Creeaz\u0103 este lider \u00een categoria juc\u0103riilor \u0219tiin\u021bifice, oferind echipamente bogate, informa\u021bii detaliate \u0219i instruc\u021biuni pentru efectuarea unor experimente \u0219i construc\u021bii impresionante \u00een siguran\u021b\u0103, oferind astfel copiilor oportunitatea de a \u00eenv\u0103\u021ba despre \u0219tiin\u021b\u0103. Este o serie inovatoare de juc\u0103rii cu care copiii se vor distra f\u0103c\u00e2nd experimente, folosind instrumente \u0219tiin\u021bifice, descoperind fizica, chimia, astronomia, biologia, botanica, precum \u0219i principalele fenomene \u0219tiin\u021bifice \u0219i naturale. Juc\u0103riile \u00cenva\u021b\u0103 \u0219i Creeaz\u0103 sunt cea mai creativ\u0103, pl\u0103cut\u0103 \u0219i sigur\u0103 modalitate pentru copii de a \u00eenv\u0103\u021ba secretele \u0218tiin\u021bei!<\/p>","protected":false},"excerpt":{"rendered":"<p class=\"MsoNormal\">Descoper\u0103 secretele agriculturii organice \u0219i construie\u0219te-\u021bi propria ser\u0103 natural\u0103!<\/p>\n<p class=\"MsoNormal\">Te-ai \u00eentrebat vreodat\u0103 de ce se nume\u0219te a\u0219a?<\/p>\n<p class=\"MsoNormal\">Cu aceast\u0103 ser\u0103 organic\u0103 ve\u021bi \u00eenv\u0103\u021ba, distr\u00e2ndu-v\u0103, o mul\u021bime de informa\u021bii despre cultivarea legumelor \u0219i cum le pute\u021bi face s\u0103 \u00eencol\u021beasc\u0103 \u0219i s\u0103 creasc\u0103 f\u0103r\u0103 utilizarea substan\u021belor nocive! Testa\u021bi-v\u0103 talentul de gr\u0103din\u0103rit cu ghivecele speciale \u0219i semin\u021bele organice! Include un manual de instruc\u021biuni ilustrat cu con\u021binut bogat despre \u0219tiin\u021ba agriculturii organice, semin\u021bele organice, cultivarea \u0219i compozi\u021bia solului, sistemul de irigare prin picurare \u0219i multe alte secrete!<\/p>","protected":false},"featured_media":6909,"comment_status":"open","ping_status":"closed","template":"","meta":{"site-sidebar-layout":"default","site-content-layout":"","ast-site-content-layout":"default","site-content-style":"default","site-sidebar-style":"default","ast-global-header-display":"","ast-banner-title-visibility":"","ast-main-header-display":"","ast-hfb-above-header-display":"","ast-hfb-below-header-display":"","ast-hfb-mobile-header-display":"","site-post-title":"","ast-breadcrumbs-content":"","ast-featured-img":"","footer-sml-layout":"","ast-disable-related-posts":"","theme-transparent-header-meta":"default","adv-header-id-meta":"","stick-header-meta":"","header-above-stick-meta":"","header-main-stick-meta":"","header-below-stick-meta":"","astra-migrate-meta-layouts":"set","ast-page-background-enabled":"default","ast-page-background-meta":{"desktop":{"background-color":"var(--ast-global-color-5)","background-image":"","background-repeat":"repeat","background-position":"center center","background-size":"auto","background-attachment":"scroll","background-type":"","background-media":"","overlay-type":"","overlay-color":"","overlay-opacity":"","overlay-gradient":""},"tablet":{"background-color":"","background-image":"","background-repeat":"repeat","background-position":"center center","background-size":"auto","background-attachment":"scroll","background-type":"","background-media":"","overlay-type":"","overlay-color":"","overlay-opacity":"","overlay-gradient":""},"mobile":{"background-color":"","background-image":"","background-repeat":"repeat","background-position":"center center","background-size":"auto","background-attachment":"scroll","background-type":"","background-media":"","overlay-type":"","overlay-color":"","overlay-opacity":"","overlay-gradient":""}},"ast-content-background-meta":{"desktop":{"background-color":"var(--ast-global-color-4)","background-image":"","background-repeat":"repeat","background-position":"center center","background-size":"auto","background-attachment":"scroll","background-type":"","background-media":"","overlay-type":"","overlay-color":"","overlay-opacity":"","overlay-gradient":""},"tablet":{"background-color":"var(--ast-global-color-4)","background-image":"","background-repeat":"repeat","background-position":"center center","background-size":"auto","background-attachment":"scroll","background-type":"","background-media":"","overlay-type":"","overlay-color":"","overlay-opacity":"","overlay-gradient":""},"mobile":{"background-color":"var(--ast-global-color-4)","background-image":"","background-repeat":"repeat","background-position":"center center","background-size":"auto","background-attachment":"scroll","background-type":"","background-media":"","overlay-type":"","overlay-color":"","overlay-opacity":"","overlay-gradient":""}}},"product_brand":[114],"product_cat":[39,38,56,35,30,54,58,51],"product_tag":[],"class_list":{"0":"post-6908","1":"product","2":"type-product","3":"status-publish","4":"has-post-thumbnail","6":"product_brand-mathenw","7":"product_cat-39","8":"product_cat-38","9":"product_cat-56","10":"product_cat--10-12-","11":"product_cat--6-9-","12":"product_cat-54","13":"product_cat-58","14":"product_cat-51","15":"desktop-align-left","16":"tablet-align-left","17":"mobile-align-left","19":"first","20":"instock","21":"taxable","22":"shipping-taxable","23":"purchasable","24":"product-type-simple"},"_links":{"self":[{"href":"https:\/\/stem-eshop.gr\/ro\/wp-json\/wp\/v2\/product\/6908","targetHints":{"allow":["GET"]}}],"collection":[{"href":"https:\/\/stem-eshop.gr\/ro\/wp-json\/wp\/v2\/product"}],"about":[{"href":"https:\/\/stem-eshop.gr\/ro\/wp-json\/wp\/v2\/types\/product"}],"replies":[{"embeddable":true,"href":"https:\/\/stem-eshop.gr\/ro\/wp-json\/wp\/v2\/comments?post=6908"}],"wp:featuredmedia":[{"embeddable":true,"href":"https:\/\/stem-eshop.gr\/ro\/wp-json\/wp\/v2\/media\/6909"}],"wp:attachment":[{"href":"https:\/\/stem-eshop.gr\/ro\/wp-json\/wp\/v2\/media?parent=6908"}],"wp:term":[{"taxonomy":"product_brand","embeddable":true,"href":"https:\/\/stem-eshop.gr\/ro\/wp-json\/wp\/v2\/product_brand?post=6908"},{"taxonomy":"product_cat","embeddable":true,"href":"https:\/\/stem-eshop.gr\/ro\/wp-json\/wp\/v2\/product_cat?post=6908"},{"taxonomy":"product_tag","embeddable":true,"href":"https:\/\/stem-eshop.gr\/ro\/wp-json\/wp\/v2\/product_tag?post=6908"}],"curies":[{"name":"wp","href":"https:\/\/api.w.org\/{rel}","templated":true}]}}