{"id":6881,"date":"2025-05-19T08:54:51","date_gmt":"2025-05-19T08:54:51","guid":{"rendered":"https:\/\/stem-eshop.gr\/product\/dr-stem-%ce%ad%ce%bd%ce%b1%cf%82-%cf%84%ce%b5%cf%87%ce%bd%ce%bf%ce%bb%ce%bf%ce%b3%ce%b9%ce%ba%ce%ac-%cf%83%cf%8d%ce%b3%cf%87%cf%81%ce%bf%ce%bd%ce%bf%cf%82-%ce%b1%cf%80%cf%8c-%ce%bc%ce%b7%cf%87\/"},"modified":"2025-10-23T13:14:44","modified_gmt":"2025-10-23T10:14:44","slug":"dr-stem-%ce%ad%ce%bd%ce%b1%cf%82-%cf%84%ce%b5%cf%87%ce%bd%ce%bf%ce%bb%ce%bf%ce%b3%ce%b9%ce%ba%ce%ac-%cf%83%cf%8d%ce%b3%cf%87%cf%81%ce%bf%ce%bd%ce%bf%cf%82-%ce%b1%cf%80%cf%8c-%ce%bc%ce%b7%cf%87","status":"publish","type":"product","link":"https:\/\/stem-eshop.gr\/ro\/produs\/dr-stem-%ce%ad%ce%bd%ce%b1%cf%82-%cf%84%ce%b5%cf%87%ce%bd%ce%bf%ce%bb%ce%bf%ce%b3%ce%b9%ce%ba%ce%ac-%cf%83%cf%8d%ce%b3%cf%87%cf%81%ce%bf%ce%bd%ce%bf%cf%82-%ce%b1%cf%80%cf%8c-%ce%bc%ce%b7%cf%87\/","title":{"rendered":"Dr. STEM \u2013 Un \u201eZeu-Ma\u0219in\u0103\u201d modern din punct de vedere tehnologic \u00een Laboratorul de Abilit\u0103\u021bi \u2013 Cartea 4"},"content":{"rendered":"<p class=\"MsoNormal\">Activit\u0103\u021bile educa\u021bionale propuse, prezentate \u00een a 4-a carte din seria \u201eUn Dumnezeu din Ma\u0219in\u0103\u201d din punct de vedere tehnologic modern, \u00een Laboratorul de Competen\u021be, sunt implementate prin abordarea holistic\u0103 STE(A)M, cu obiective:<\/p>\n<p class=\"MsoNormal\">\u00een\u021belegerea rolului \u201eDumnezeului din Ma\u0219in\u0103\u201d,<\/p>\n<p class=\"MsoNormal\">construirea unei machete a unei scene de teatru,<\/p>\n<p class=\"MsoNormal\">construirea unei \u201eMa\u0219ini-Dumnezeu\u201d moderne din punct de vedere tehnologic,<\/p>\n<p class=\"MsoNormal\">utilizarea platformei de calcul micro:bit \u0219i dezvoltarea de cod,<\/p>\n<p class=\"MsoNormal\">utilizarea platformei de calcul Arduino UNO \u0219i dezvoltarea de cod,<\/p>\n<p class=\"MsoNormal\">familiaritate cu procesele de studiu, proiectare, dezvoltare \u0219i evaluare.<\/p>\n<p class=\"MsoNormal\">Scan\u00e2nd pictogramele COD QR ave\u021bi acces la con\u021binutul multimedia (videoclipuri, fi\u0219iere etc.) al c\u0103r\u021bii.<\/p>\n<p class=\"MsoNormal\">To \u03b1\u03ba\u03c1\u03c9\u03bd\u03cd\u03bc\u03b9\u03bf STE\u0391M (Science, Technology, Engineering, Arts,\u00a0 Mathematic \u2013 \u0395\u03c0\u03b9\u03c3\u03c4\u03ae\u03bc\u03b7, \u03a4\u03b5\u03c7\u03bd\u03bf\u03bb\u03bf\u03b3\u03af\u03b1, \u039c\u03b7\u03c7\u03b1\u03bd\u03b9\u03ba\u03ae, \u03a4\u03ad\u03c7\u03bd\u03b7, \u039c\u03b1\u03b8\u03b7\u03bc\u03b1\u03c4\u03b9\u03ba\u03ac) \u03c7\u03c1\u03b7\u03c3\u03b9\u03bc\u03bf\u03c0\u03bf\u03b9\u03b5\u03af\u03c4\u03b1\u03b9 \u03b3\u03b9\u03b1 \u03bd\u03b1 \u03c0\u03c1\u03bf\u03c3\u03b4\u03b9\u03bf\u03c1\u03af\u03c3\u03b5\u03b9 \u03c4\u03b7\u03bd \u03ad\u03bd\u03bd\u03bf\u03b9\u03b1 \u03c4\u03b7\u03c2 \u03bf\u03bb\u03b9\u03c3\u03c4\u03b9\u03ba\u03ae\u03c2 \u03c0\u03c1\u03bf\u03c3\u03ad\u03b3\u03b3\u03b9\u03c3\u03b7\u03c2 \u03c4\u03b7\u03c2 \u03bc\u03ac\u03b8\u03b7\u03c3\u03b7\u03c2 \u03bc\u03ad\u03c3\u03b1 \u03b1\u03c0\u03cc \u03c0\u03ad\u03bd\u03c4\u03b5 \u03b3\u03bd\u03c9\u03c3\u03c4\u03b9\u03ba\u03ac \u03b1\u03bd\u03c4\u03b9\u03ba\u03b5\u03af\u03bc\u03b5\u03bd\u03b1, \u03c4\u03b7\u03c2 \u0395\u03c0\u03b9\u03c3\u03c4\u03ae\u03bc\u03b7\u03c2, \u03c4\u03b7\u03c2 \u03a4\u03b5\u03c7\u03bd\u03bf\u03bb\u03bf\u03b3\u03af\u03b1\u03c2, \u03c4\u03b7\u03c2 \u039c\u03b7\u03c7\u03b1\u03bd\u03b9\u03ba\u03ae\u03c2, \u03c4\u03b7\u03c2 \u03a4\u03ad\u03c7\u03bd\u03b7\u03c2 \u03ba\u03b1\u03b9 \u03c4\u03c9\u03bd \u039c\u03b1\u03b8\u03b7\u03bc\u03b1\u03c4\u03b9\u03ba\u03ce\u03bd.<\/p>\n<p class=\"MsoNormal\">Arta, \u00een diversele sale forme, devine o parte important\u0103 a educa\u021biei STEAM, deoarece imagina\u021bia \u0219i creativitatea stau la baza apari\u021biei inova\u021biei, contribuind \u00een acela\u0219i timp la dezvoltarea g\u00e2ndirii critice.<\/p>\n<p class=\"MsoNormal\">STEAM \u00eencadreaz\u0103 modul \u00een care mintea unui copil \u00eenva\u021b\u0103 pe m\u0103sur\u0103 ce exploreaz\u0103 lumea, contribuind \u00een acela\u0219i timp la dezvoltarea g\u00e2ndirii computa\u021bionale!<\/p>\n<p class=\"MsoNormal\">Cu to\u021bii \u00een\u021belegem c\u0103 rareori rezolvarea unei probleme necesit\u0103 un singur set de cuno\u0219tin\u021be, cum ar fi matematica, fizica sau chimia. De exemplu, imagina\u021bi-v\u0103 un arhitect care, pentru a proiecta cl\u0103diri complexe \u0219i sigure, folose\u0219te o combina\u021bie a mai multor \u0219tiin\u021be, cum ar fi tehnologia, ingineria, arta \u0219i matematica!<\/p>\n<p class=\"MsoNormal\">Prin urmare, STEAM reprezint\u0103 integrarea \u0219i includerea diferitelor domenii de cuno\u0219tin\u021be \u0219i \u0219tiin\u021be.<\/p>\n<p class=\"MsoNormal\">\u039c\u03ad\u03c3\u03c9 \u03c4\u03b7\u03c2 \u03b5\u03ba\u03c0\u03b1\u03b9\u03b4\u03b5\u03c5\u03c4\u03b9\u03ba\u03ae\u03c2 \u03c0\u03c1\u03bf\u03c3\u03ad\u03b3\u03b3\u03b9\u03c3\u03b7\u03c2\u00a0 STE\u0391M \u03bf\u03b9 \u03bc\u03b1\u03b8\u03b7\u03c4\u03ad\u03c2 \u03b5\u03c6\u03b1\u03c1\u03bc\u03cc\u03b6\u03bf\u03c5\u03bd \u03c4\u03b9\u03c2 \u03c6\u03c5\u03c3\u03b9\u03ba\u03ad\u03c2 \u03b5\u03c0\u03b9\u03c3\u03c4\u03ae\u03bc\u03b5\u03c2, \u03c4\u03b7\u03bd \u03c4\u03b5\u03c7\u03bd\u03bf\u03bb\u03bf\u03b3\u03af\u03b1, \u03c4\u03b7 \u03bc\u03b7\u03c7\u03b1\u03bd\u03b9\u03ba\u03ae, \u03c4\u03b7\u03bd \u03c4\u03ad\u03c7\u03bd\u03b7 \u03ba\u03b1\u03b9 \u03c4\u03b1 \u03bc\u03b1\u03b8\u03b7\u03bc\u03b1\u03c4\u03b9\u03ba\u03ac, \u03c3\u03c4\u03bf\u03c7\u03b5\u03cd\u03bf\u03bd\u03c4\u03b1\u03c2:\u00a0 \u03b5\u03af\u03c4\u03b5 \u03c3\u03c4\u03b7\u03bd \u03b5\u03be\u03b5\u03cd\u03c1\u03b5\u03c3\u03b7 \u03bb\u03cd\u03c3\u03b7\u03c2 \u03c3\u03b5 \u03ad\u03bd\u03b1 \u03c0\u03c1\u03b1\u03b3\u03bc\u03b1\u03c4\u03b9\u03ba\u03cc \u03c0\u03c1\u03cc\u03b2\u03bb\u03b7\u03bc\u03b1, \u03b5\u03af\u03c4\u03b5 \u03c3\u03c4\u03b7\u03bd \u03ba\u03b1\u03c4\u03b1\u03bd\u03cc\u03b7\u03c3\u03b7 \u03c6\u03c5\u03c3\u03b9\u03ba\u03ce\u03bd \u03c6\u03b1\u03b9\u03bd\u03bf\u03bc\u03ad\u03bd\u03c9\u03bd, \u03b5\u03af\u03c4\u03b5 \u03c3\u03c4\u03b7\u03bd \u03b1\u03bd\u03ac\u03c0\u03c4\u03c5\u03be\u03b7 \u03ba\u03b1\u03c4\u03ac\u03bb\u03bb\u03b7\u03bb\u03c9\u03bd \u03b4\u03b5\u03be\u03b9\u03bf\u03c4\u03ae\u03c4\u03c9\u03bd \u03c0\u03bf\u03c5 \u03b8\u03b1 \u03c4\u03bf\u03c5\u03c2 \u03b2\u03bf\u03b7\u03b8\u03ae\u03c3\u03bf\u03c5\u03bd \u03bd\u03b1 \u03b5\u03af\u03bd\u03b1\u03b9 \u03b1\u03bd\u03c4\u03b1\u03b3\u03c9\u03bd\u03b9\u03c3\u03c4\u03b9\u03ba\u03bf\u03af \u03c3\u03c4\u03b7\u03bd \u03b4\u03b9\u03b1\u03c1\u03ba\u03ce\u03c2 \u03bc\u03b5\u03c4\u03b1\u03b2\u03b1\u03bb\u03bb\u03cc\u03bc\u03b5\u03bd\u03b7 \u03b1\u03b3\u03bf\u03c1\u03ac \u03b5\u03c1\u03b3\u03b1\u03c3\u03af\u03b1\u03c2 \u03c4\u03bf\u03c5 21\u03bf\u03c5 \u03b1\u03b9\u03ce\u03bd\u03b1.<\/p>\n<p class=\"MsoNormal\">Prin urmare, STEAM cuprinde cele patru elemente recunoscute ca fiind fundamentale pentru educa\u021bia secolului XXI:<\/p>\n<p class=\"MsoNormal\">Creativitate, G\u00e2ndire Critic\u0103, Colaborare \u0219i Comunicare<\/p>\n<p class=\"MsoNormal\">Instruirea STEAM este acum esen\u021bial\u0103, deoarece peste 30 de profesii vor necesita cuno\u0219tin\u021be STEAM \u00een viitorul apropiat!<\/p>\n<p class=\"MsoNormal\">Autori: Konstantinos Kalovrektis<span lang=\"en-us\" xml:lang=\"en-us\">, <\/span>Sarantos Psycharis<\/p>\n<p class=\"MsoNormal\">Dimensiuni: 21 x 29 cm.<\/p>\n<p class=\"MsoNormal\">Pagini: 56<\/p>\n<p class=\"MsoNormal\">COD DE BARE: 9789605635817<\/p>\n<p class=\"MsoNormal\">ISBN: 978-960-563-581-7<\/p>\n<p class=\"MsoNormal\">Copert\u0103: Copert\u0103 moale<\/p>\n<p class=\"MsoNormal\">Data lans\u0103rii: 23-03-2023<\/p>","protected":false},"excerpt":{"rendered":"<p class=\"MsoNormal\">Seria educa\u021bional\u0103 Dr STEM \u00ee\u0219i propune s\u0103 ajute profesorii \u0219i elevii (cu v\u00e2rsta de 8 ani \u0219i peste) s\u0103 se implice \u00een \u201ecompeten\u021be STE(A)M\u201d, a\u0219a cum sunt cerute de economia secolului XXI \u0219i de a patra revolu\u021bie industrial\u0103, \u0219i s\u0103 dezvolte abilit\u0103\u021bi mentale cu accent pe g\u00e2ndirea computa\u021bional\u0103.<\/p>","protected":false},"featured_media":5070,"comment_status":"open","ping_status":"closed","template":"","meta":{"site-sidebar-layout":"default","site-content-layout":"","ast-site-content-layout":"default","site-content-style":"default","site-sidebar-style":"default","ast-global-header-display":"","ast-banner-title-visibility":"","ast-main-header-display":"","ast-hfb-above-header-display":"","ast-hfb-below-header-display":"","ast-hfb-mobile-header-display":"","site-post-title":"","ast-breadcrumbs-content":"","ast-featured-img":"","footer-sml-layout":"","ast-disable-related-posts":"","theme-transparent-header-meta":"default","adv-header-id-meta":"","stick-header-meta":"","header-above-stick-meta":"","header-main-stick-meta":"","header-below-stick-meta":"","astra-migrate-meta-layouts":"set","ast-page-background-enabled":"default","ast-page-background-meta":{"desktop":{"background-color":"var(--ast-global-color-5)","background-image":"","background-repeat":"repeat","background-position":"center center","background-size":"auto","background-attachment":"scroll","background-type":"","background-media":"","overlay-type":"","overlay-color":"","overlay-opacity":"","overlay-gradient":""},"tablet":{"background-color":"","background-image":"","background-repeat":"repeat","background-position":"center center","background-size":"auto","background-attachment":"scroll","background-type":"","background-media":"","overlay-type":"","overlay-color":"","overlay-opacity":"","overlay-gradient":""},"mobile":{"background-color":"","background-image":"","background-repeat":"repeat","background-position":"center center","background-size":"auto","background-attachment":"scroll","background-type":"","background-media":"","overlay-type":"","overlay-color":"","overlay-opacity":"","overlay-gradient":""}},"ast-content-background-meta":{"desktop":{"background-color":"var(--ast-global-color-4)","background-image":"","background-repeat":"repeat","background-position":"center center","background-size":"auto","background-attachment":"scroll","background-type":"","background-media":"","overlay-type":"","overlay-color":"","overlay-opacity":"","overlay-gradient":""},"tablet":{"background-color":"var(--ast-global-color-4)","background-image":"","background-repeat":"repeat","background-position":"center center","background-size":"auto","background-attachment":"scroll","background-type":"","background-media":"","overlay-type":"","overlay-color":"","overlay-opacity":"","overlay-gradient":""},"mobile":{"background-color":"var(--ast-global-color-4)","background-image":"","background-repeat":"repeat","background-position":"center center","background-size":"auto","background-attachment":"scroll","background-type":"","background-media":"","overlay-type":"","overlay-color":"","overlay-opacity":"","overlay-gradient":""}}},"product_brand":[111],"product_cat":[25],"product_tag":[],"class_list":{"0":"post-6881","1":"product","2":"type-product","3":"status-publish","4":"has-post-thumbnail","6":"product_brand-ellinoekdotiki","7":"product_cat--steam","8":"desktop-align-left","9":"tablet-align-left","10":"mobile-align-left","12":"first","13":"instock","14":"taxable","15":"shipping-taxable","16":"purchasable","17":"product-type-simple"},"_links":{"self":[{"href":"https:\/\/stem-eshop.gr\/ro\/wp-json\/wp\/v2\/product\/6881","targetHints":{"allow":["GET"]}}],"collection":[{"href":"https:\/\/stem-eshop.gr\/ro\/wp-json\/wp\/v2\/product"}],"about":[{"href":"https:\/\/stem-eshop.gr\/ro\/wp-json\/wp\/v2\/types\/product"}],"replies":[{"embeddable":true,"href":"https:\/\/stem-eshop.gr\/ro\/wp-json\/wp\/v2\/comments?post=6881"}],"wp:featuredmedia":[{"embeddable":true,"href":"https:\/\/stem-eshop.gr\/ro\/wp-json\/wp\/v2\/media\/5070"}],"wp:attachment":[{"href":"https:\/\/stem-eshop.gr\/ro\/wp-json\/wp\/v2\/media?parent=6881"}],"wp:term":[{"taxonomy":"product_brand","embeddable":true,"href":"https:\/\/stem-eshop.gr\/ro\/wp-json\/wp\/v2\/product_brand?post=6881"},{"taxonomy":"product_cat","embeddable":true,"href":"https:\/\/stem-eshop.gr\/ro\/wp-json\/wp\/v2\/product_cat?post=6881"},{"taxonomy":"product_tag","embeddable":true,"href":"https:\/\/stem-eshop.gr\/ro\/wp-json\/wp\/v2\/product_tag?post=6881"}],"curies":[{"name":"wp","href":"https:\/\/api.w.org\/{rel}","templated":true}]}}