{"id":6877,"date":"2025-05-19T08:54:50","date_gmt":"2025-05-19T08:54:50","guid":{"rendered":"https:\/\/stem-eshop.gr\/product\/%ce%b5%ce%bd%cf%83%cf%89%ce%bc%ce%b1%cf%84%cf%89%ce%bc%ce%ad%ce%bd%ce%b1-%cf%83%cf%85%cf%83%cf%84%ce%ae%ce%bc%ce%b1%cf%84%ce%b1-%ce%bf%ce%b9-%ce%bc%ce%b9%ce%ba%cf%81%ce%bf%ce%b5%ce%bb%ce%b5\/"},"modified":"2025-05-22T21:13:36","modified_gmt":"2025-05-22T18:13:36","slug":"%ce%b5%ce%bd%cf%83%cf%89%ce%bc%ce%b1%cf%84%cf%89%ce%bc%ce%ad%ce%bd%ce%b1-%cf%83%cf%85%cf%83%cf%84%ce%ae%ce%bc%ce%b1%cf%84%ce%b1-%ce%bf%ce%b9-%ce%bc%ce%b9%ce%ba%cf%81%ce%bf%ce%b5%ce%bb%ce%b5","status":"publish","type":"product","link":"https:\/\/stem-eshop.gr\/ro\/produs\/%ce%b5%ce%bd%cf%83%cf%89%ce%bc%ce%b1%cf%84%cf%89%ce%bc%ce%ad%ce%bd%ce%b1-%cf%83%cf%85%cf%83%cf%84%ce%ae%ce%bc%ce%b1%cf%84%ce%b1-%ce%bf%ce%b9-%ce%bc%ce%b9%ce%ba%cf%81%ce%bf%ce%b5%ce%bb%ce%b5\/","title":{"rendered":"Sisteme integrate \u2013 AVR \u0219i microcontrolerele ARDUINO (edi\u021bia a 3-a)"},"content":{"rendered":"<p class=\"MsoNormal\">Aceast\u0103 carte prezint\u0103 electronica, precum \u0219i diver\u0219ii senzori \u0219i actuatori utiliza\u021bi \u00een construc\u021bia sistemelor integrate. Microcontrolerul ATmega8515 \u0219i Arduino sunt prezentate \u00een detaliu \u0219i sunt \u00eenso\u021bite de numeroase exemple de programare \u0219i aplica\u021bii.<\/p>\n<\/p>\n<p class=\"MsoNormal\">\u00a0<\/p>\n<\/p>\n<p class=\"MsoNormal\">Cartea este \u00eenso\u021bit\u0103 \u0219i de 630 de pagini de PowerPoint pentru prezentarea \u00een sala de clas\u0103 de c\u0103tre profesor \u0219i 24 de ore de prezent\u0103ri video didactice ale autorului pentru student \u0219i inginer.<\/p>\n<\/p>\n<p class=\"MsoNormal\">\u00a0<\/p>\n<\/p>\n<p class=\"MsoNormal\">Materialul suplimentar pentru carte cu prelegerile video, le pute\u021bi g\u0103si<\/p>\n<\/p>\n<p class=\"MsoNormal\">le g\u0103si\u021bi postate pe pagina https:\/\/www.youtube.com\/user\/dimpogaridis\/playlists<\/p>\n<\/p>\n<p class=\"MsoNormal\">\n<p>\u00a0<\/p>\n<p class=\"MsoNormal\">Autori: Pogaridis Dimitrios<\/p>\n<\/p>\n<p class=\"MsoNormal\">Pagini: 696<\/p>\n<\/p>\n<p class=\"MsoNormal\">ISBN: 9786185242800<\/p>\n<\/p>\n<p class=\"MsoNormal\">Anul public\u0103rii: 2020<\/p>\n<\/p>\n<p class=\"MsoNormal\">Dimensiuni: 17\u00d724 cm<\/p>\n<\/p>\n<p class=\"MsoNormal\">Interiorul c\u0103r\u021bii: Colorat<\/p>\n<\/p>\n<p class=\"MsoNormal\">Limb\u0103: Greac\u0103<\/p>\n<\/p>\n<p class=\"MsoNormal\">Codul lui Eudoxus<span lang=\"en-us\" xml:lang=\"en-us\">:\u00a0<\/span>94689582<\/p><\/p>","protected":false},"excerpt":{"rendered":"<p class=\"MsoNormal\">Sistemele integrate au devenit o parte a vie\u021bii moderne de zi cu zi. Pentru a le men\u021bine simple din punct de vedere al construc\u021biei \u0219i ieftine din punct de vedere al costurilor, acestea sunt construite ca sisteme independente bazate pe microcontrolere.<\/p><\/p>","protected":false},"featured_media":5054,"comment_status":"open","ping_status":"closed","template":"","meta":{"site-sidebar-layout":"default","site-content-layout":"","ast-site-content-layout":"default","site-content-style":"default","site-sidebar-style":"default","ast-global-header-display":"","ast-banner-title-visibility":"","ast-main-header-display":"","ast-hfb-above-header-display":"","ast-hfb-below-header-display":"","ast-hfb-mobile-header-display":"","site-post-title":"","ast-breadcrumbs-content":"","ast-featured-img":"","footer-sml-layout":"","ast-disable-related-posts":"","theme-transparent-header-meta":"","adv-header-id-meta":"","stick-header-meta":"","header-above-stick-meta":"","header-main-stick-meta":"","header-below-stick-meta":"","astra-migrate-meta-layouts":"default","ast-page-background-enabled":"default","ast-page-background-meta":{"desktop":{"background-color":"var(--ast-global-color-5)","background-image":"","background-repeat":"repeat","background-position":"center center","background-size":"auto","background-attachment":"scroll","background-type":"","background-media":"","overlay-type":"","overlay-color":"","overlay-opacity":"","overlay-gradient":""},"tablet":{"background-color":"","background-image":"","background-repeat":"repeat","background-position":"center center","background-size":"auto","background-attachment":"scroll","background-type":"","background-media":"","overlay-type":"","overlay-color":"","overlay-opacity":"","overlay-gradient":""},"mobile":{"background-color":"","background-image":"","background-repeat":"repeat","background-position":"center center","background-size":"auto","background-attachment":"scroll","background-type":"","background-media":"","overlay-type":"","overlay-color":"","overlay-opacity":"","overlay-gradient":""}},"ast-content-background-meta":{"desktop":{"background-color":"var(--ast-global-color-4)","background-image":"","background-repeat":"repeat","background-position":"center center","background-size":"auto","background-attachment":"scroll","background-type":"","background-media":"","overlay-type":"","overlay-color":"","overlay-opacity":"","overlay-gradient":""},"tablet":{"background-color":"var(--ast-global-color-4)","background-image":"","background-repeat":"repeat","background-position":"center center","background-size":"auto","background-attachment":"scroll","background-type":"","background-media":"","overlay-type":"","overlay-color":"","overlay-opacity":"","overlay-gradient":""},"mobile":{"background-color":"var(--ast-global-color-4)","background-image":"","background-repeat":"repeat","background-position":"center center","background-size":"auto","background-attachment":"scroll","background-type":"","background-media":"","overlay-type":"","overlay-color":"","overlay-opacity":"","overlay-gradient":""}}},"product_brand":[108],"product_cat":[25],"product_tag":[],"class_list":{"0":"post-6877","1":"product","2":"type-product","3":"status-publish","4":"has-post-thumbnail","6":"product_brand-disigma","7":"product_cat--steam","8":"desktop-align-left","9":"tablet-align-left","10":"mobile-align-left","12":"first","13":"instock","14":"taxable","15":"shipping-taxable","16":"purchasable","17":"product-type-simple"},"_links":{"self":[{"href":"https:\/\/stem-eshop.gr\/ro\/wp-json\/wp\/v2\/product\/6877","targetHints":{"allow":["GET"]}}],"collection":[{"href":"https:\/\/stem-eshop.gr\/ro\/wp-json\/wp\/v2\/product"}],"about":[{"href":"https:\/\/stem-eshop.gr\/ro\/wp-json\/wp\/v2\/types\/product"}],"replies":[{"embeddable":true,"href":"https:\/\/stem-eshop.gr\/ro\/wp-json\/wp\/v2\/comments?post=6877"}],"wp:featuredmedia":[{"embeddable":true,"href":"https:\/\/stem-eshop.gr\/ro\/wp-json\/wp\/v2\/media\/5054"}],"wp:attachment":[{"href":"https:\/\/stem-eshop.gr\/ro\/wp-json\/wp\/v2\/media?parent=6877"}],"wp:term":[{"taxonomy":"product_brand","embeddable":true,"href":"https:\/\/stem-eshop.gr\/ro\/wp-json\/wp\/v2\/product_brand?post=6877"},{"taxonomy":"product_cat","embeddable":true,"href":"https:\/\/stem-eshop.gr\/ro\/wp-json\/wp\/v2\/product_cat?post=6877"},{"taxonomy":"product_tag","embeddable":true,"href":"https:\/\/stem-eshop.gr\/ro\/wp-json\/wp\/v2\/product_tag?post=6877"}],"curies":[{"name":"wp","href":"https:\/\/api.w.org\/{rel}","templated":true}]}}