{"id":6876,"date":"2025-05-19T08:54:49","date_gmt":"2025-05-19T08:54:49","guid":{"rendered":"https:\/\/stem-eshop.gr\/product\/%ce%b5%ce%ba%cf%80%ce%b1%ce%b9%ce%b4%ce%b5%cf%85%cf%84%ce%b9%ce%ba%ce%ae-%cf%81%ce%bf%ce%bc%cf%80%ce%bf%cf%84%ce%b9%ce%ba%ce%ae-%ce%bc%ce%b5-%cf%84%ce%b7-%cf%87%cf%81%ce%ae%cf%83%ce%b7-%cf%84%ce%bf\/"},"modified":"2025-10-23T12:49:15","modified_gmt":"2025-10-23T09:49:15","slug":"%ce%b5%ce%ba%cf%80%ce%b1%ce%b9%ce%b4%ce%b5%cf%85%cf%84%ce%b9%ce%ba%ce%ae-%cf%81%ce%bf%ce%bc%cf%80%ce%bf%cf%84%ce%b9%ce%ba%ce%ae-%ce%bc%ce%b5-%cf%84%ce%b7-%cf%87%cf%81%ce%ae%cf%83%ce%b7-%cf%84%ce%bf","status":"publish","type":"product","link":"https:\/\/stem-eshop.gr\/ro\/produs\/%ce%b5%ce%ba%cf%80%ce%b1%ce%b9%ce%b4%ce%b5%cf%85%cf%84%ce%b9%ce%ba%ce%ae-%cf%81%ce%bf%ce%bc%cf%80%ce%bf%cf%84%ce%b9%ce%ba%ce%ae-%ce%bc%ce%b5-%cf%84%ce%b7-%cf%87%cf%81%ce%ae%cf%83%ce%b7-%cf%84%ce%bf\/","title":{"rendered":"Robotic\u0103 educa\u021bional\u0103 folosind microcontrolerul BBC Micro:bit"},"content":{"rendered":"<p class=\"MsoNormal\">Aceast\u0103 carte este un ghid cuprinz\u0103tor pentru microcontrolerul BBC Micro:bit, ar\u0103t\u00e2nd cum s\u0103 \u00eel conecta\u021bi \u0219i s\u0103 \u00eel programa\u021bi folosind cod Blocks, JavaScript \u0219i (Micro) Python. Cartea \u00eencepe cu aplica\u021bii simple - scenarii educa\u021bionale pentru \u00eencep\u0103tori, \u00een timp ce nivelul de dificultate al aplica\u021biilor cre\u0219te treptat, rezult\u00e2nd aplica\u021bii mai complexe, cum ar fi controlul de la distan\u021b\u0103 \u0219i afi\u0219area mesajelor pe ecrane externe. Toate aplica\u021biile sunt prezentate pas cu pas, f\u0103r\u0103 a necesita cuno\u0219tin\u021be de circuite electrice \u0219i programare din partea cititorului. Fiecare sec\u021biune tematic\u0103 listeaz\u0103 toate informa\u021biile necesare pentru dezvoltarea aplica\u021biilor, precum \u0219i diagrame \u0219i imagini detaliate pe care cititorul le poate urma pentru a finaliza cu succes fiecare activitate.<\/p>\n<p class=\"MsoNormal\">\n<p class=\"MsoNormal\">Cartea se adreseaz\u0103:<\/p>\n<p class=\"MsoNormal\">a) pentru \u00eencep\u0103tori, precum \u0219i pentru programatori avansa\u021bi de microcontrolere care doresc s\u0103 se implice \u00een BBC Micro:bit,<\/p>\n<p class=\"MsoNormal\">b) profesorilor din \u00eenv\u0103\u021b\u0103m\u00e2ntul primar \u0219i secundar,<\/p>\n<p class=\"MsoNormal\">c) studen\u021bilor care sunt implica\u021bi \u00een robotic\u0103 educa\u021bional\u0103 \u0219i discipline STEM f\u0103r\u0103 a avea neap\u0103rat experien\u021b\u0103 \u00een disciplinele corespunz\u0103toare de programare, circuite electrice \u0219i electronic\u0103,<\/p>\n<p class=\"MsoNormal\">d) studen\u021bilor postuniversitari \u0219i cercet\u0103torilor care doresc s\u0103 interac\u021bioneze cu BBC Micro:bit prin proiectarea propriilor aplica\u021bii - scenarii educa\u021bionale.<\/p>\n<p class=\"MsoNormal\">\n<p class=\"MsoNormal\">\u00cen cele din urm\u0103, cartea acoper\u0103 at\u00e2t prima versiune a BBC Micro:bit, c\u00e2t \u0219i a doua versiune a BBC Micro:bit lansat\u0103 \u00een 2020.<\/p>\n<p class=\"MsoNormal\">\u03a3\u03c5\u03b3\u03b3\u03c1\u03b1\u03c6\u03b5\u03af\u03c2: \u039a\u03b1\u03c1\u03b2\u03bf\u03c5\u03bd\u03b9\u03ac\u03c1\u03b7\u03c2 \u0392\u03b1\u03c3\u03af\u03bb\u03b5\u03b9\u03bf\u03c2, \u039b\u03b1\u03b6\u03b1\u03c1\u03af\u03bd\u03b7\u03c2 \u03a6\u03ce\u03c4\u03b9\u03bf\u03c2<\/p>\n<p class=\"MsoNormal\">Greutate: 0,848 kg.<\/p>\n<p class=\"MsoNormal\">Pagini: 320<\/p>\n<p class=\"MsoNormal\">ISBN: 9786182020821<\/p>\n<p class=\"MsoNormal\">Anul public\u0103rii: 2021<\/p>\n<p class=\"MsoNormal\">Dimensiuni: 21\u00d729 cm<\/p>\n<p class=\"MsoNormal\">Interiorul c\u0103r\u021bii: Colorat<\/p>\n<p class=\"MsoNormal\">Limb\u0103: Greac\u0103<\/p>","protected":false},"excerpt":{"rendered":"<p class=\"MsoNormal\">Microcontrolerul BBC Micro:bit este un microcontroler accesibil, special conceput pentru disciplinele STEM \u0219i aplica\u021biile de robotic\u0103 educa\u021bional\u0103. Datorit\u0103 caracteristicilor sale tehnice, dimensiunilor reduse \u0219i senzorilor integra\u021bi, este o solu\u021bie atractiv\u0103 pentru utilizarea \u00een procesul educa\u021bional la orice nivel de educa\u021bie.<\/p>","protected":false},"featured_media":5050,"comment_status":"open","ping_status":"closed","template":"","meta":{"site-sidebar-layout":"default","site-content-layout":"","ast-site-content-layout":"default","site-content-style":"default","site-sidebar-style":"default","ast-global-header-display":"","ast-banner-title-visibility":"","ast-main-header-display":"","ast-hfb-above-header-display":"","ast-hfb-below-header-display":"","ast-hfb-mobile-header-display":"","site-post-title":"","ast-breadcrumbs-content":"","ast-featured-img":"","footer-sml-layout":"","ast-disable-related-posts":"","theme-transparent-header-meta":"default","adv-header-id-meta":"","stick-header-meta":"","header-above-stick-meta":"","header-main-stick-meta":"","header-below-stick-meta":"","astra-migrate-meta-layouts":"set","ast-page-background-enabled":"default","ast-page-background-meta":{"desktop":{"background-color":"var(--ast-global-color-5)","background-image":"","background-repeat":"repeat","background-position":"center center","background-size":"auto","background-attachment":"scroll","background-type":"","background-media":"","overlay-type":"","overlay-color":"","overlay-opacity":"","overlay-gradient":""},"tablet":{"background-color":"","background-image":"","background-repeat":"repeat","background-position":"center center","background-size":"auto","background-attachment":"scroll","background-type":"","background-media":"","overlay-type":"","overlay-color":"","overlay-opacity":"","overlay-gradient":""},"mobile":{"background-color":"","background-image":"","background-repeat":"repeat","background-position":"center center","background-size":"auto","background-attachment":"scroll","background-type":"","background-media":"","overlay-type":"","overlay-color":"","overlay-opacity":"","overlay-gradient":""}},"ast-content-background-meta":{"desktop":{"background-color":"var(--ast-global-color-4)","background-image":"","background-repeat":"repeat","background-position":"center center","background-size":"auto","background-attachment":"scroll","background-type":"","background-media":"","overlay-type":"","overlay-color":"","overlay-opacity":"","overlay-gradient":""},"tablet":{"background-color":"var(--ast-global-color-4)","background-image":"","background-repeat":"repeat","background-position":"center center","background-size":"auto","background-attachment":"scroll","background-type":"","background-media":"","overlay-type":"","overlay-color":"","overlay-opacity":"","overlay-gradient":""},"mobile":{"background-color":"var(--ast-global-color-4)","background-image":"","background-repeat":"repeat","background-position":"center center","background-size":"auto","background-attachment":"scroll","background-type":"","background-media":"","overlay-type":"","overlay-color":"","overlay-opacity":"","overlay-gradient":""}}},"product_brand":[108],"product_cat":[25],"product_tag":[],"class_list":{"0":"post-6876","1":"product","2":"type-product","3":"status-publish","4":"has-post-thumbnail","6":"product_brand-disigma","7":"product_cat--steam","8":"desktop-align-left","9":"tablet-align-left","10":"mobile-align-left","12":"first","13":"instock","14":"taxable","15":"shipping-taxable","16":"purchasable","17":"product-type-simple"},"_links":{"self":[{"href":"https:\/\/stem-eshop.gr\/ro\/wp-json\/wp\/v2\/product\/6876","targetHints":{"allow":["GET"]}}],"collection":[{"href":"https:\/\/stem-eshop.gr\/ro\/wp-json\/wp\/v2\/product"}],"about":[{"href":"https:\/\/stem-eshop.gr\/ro\/wp-json\/wp\/v2\/types\/product"}],"replies":[{"embeddable":true,"href":"https:\/\/stem-eshop.gr\/ro\/wp-json\/wp\/v2\/comments?post=6876"}],"wp:featuredmedia":[{"embeddable":true,"href":"https:\/\/stem-eshop.gr\/ro\/wp-json\/wp\/v2\/media\/5050"}],"wp:attachment":[{"href":"https:\/\/stem-eshop.gr\/ro\/wp-json\/wp\/v2\/media?parent=6876"}],"wp:term":[{"taxonomy":"product_brand","embeddable":true,"href":"https:\/\/stem-eshop.gr\/ro\/wp-json\/wp\/v2\/product_brand?post=6876"},{"taxonomy":"product_cat","embeddable":true,"href":"https:\/\/stem-eshop.gr\/ro\/wp-json\/wp\/v2\/product_cat?post=6876"},{"taxonomy":"product_tag","embeddable":true,"href":"https:\/\/stem-eshop.gr\/ro\/wp-json\/wp\/v2\/product_tag?post=6876"}],"curies":[{"name":"wp","href":"https:\/\/api.w.org\/{rel}","templated":true}]}}