{"id":6874,"date":"2025-05-19T08:54:49","date_gmt":"2025-05-19T08:54:49","guid":{"rendered":"https:\/\/stem-eshop.gr\/product\/%ce%b5%ce%ba%cf%80%ce%b1%ce%b9%ce%b4%ce%b5%cf%85%cf%84%ce%b9%ce%ba%ce%ae-%cf%81%ce%bf%ce%bc%cf%80%ce%bf%cf%84%ce%b9%ce%ba%ce%ae-%ce%bc%ce%b5-spike-prime-%cf%84%cf%8c%ce%bc%ce%bf%cf%82-2\/"},"modified":"2025-10-23T13:09:34","modified_gmt":"2025-10-23T10:09:34","slug":"%ce%b5%ce%ba%cf%80%ce%b1%ce%b9%ce%b4%ce%b5%cf%85%cf%84%ce%b9%ce%ba%ce%ae-%cf%81%ce%bf%ce%bc%cf%80%ce%bf%cf%84%ce%b9%ce%ba%ce%ae-%ce%bc%ce%b5-spike-prime-%cf%84%cf%8c%ce%bc%ce%bf%cf%82-2","status":"publish","type":"product","link":"https:\/\/stem-eshop.gr\/ro\/produs\/%ce%b5%ce%ba%cf%80%ce%b1%ce%b9%ce%b4%ce%b5%cf%85%cf%84%ce%b9%ce%ba%ce%ae-%cf%81%ce%bf%ce%bc%cf%80%ce%bf%cf%84%ce%b9%ce%ba%ce%ae-%ce%bc%ce%b5-spike-prime-%cf%84%cf%8c%ce%bc%ce%bf%cf%82-2\/","title":{"rendered":"Robotic\u0103 educa\u021bional\u0103 cu Spike Prime (Volumul 2)"},"content":{"rendered":"<p class=\"MsoNormal\">Se adreseaz\u0103 at\u00e2t studen\u021bilor, c\u00e2t \u0219i adul\u021bilor, care au dob\u00e2ndit cuno\u0219tin\u021bele de baz\u0103 de programare necesare \u00eenc\u0103 din prima parte a seriei.<\/p>\n<p class=\"MsoNormal\">Profesorii care achizi\u021bioneaz\u0103 aceast\u0103 carte vor avea \u00een m\u00e2ini un ghid detaliat al activit\u0103\u021bilor ce pot fi implementate \u00een sala de clas\u0103 de c\u0103tre elevi.<\/p>\n<p class=\"MsoNormal\">Fiecare capitol explic\u0103 \u00een detaliu, pas cu pas, coduri de programare avansate, care sunt utilizate \u00een competi\u021biile oficiale de robotic\u0103 educa\u021bional\u0103, at\u00e2t \u00een Grecia, c\u00e2t \u0219i \u00een str\u0103in\u0103tate.<\/p>\n<p class=\"MsoNormal\">De asemenea, sunt furnizate activit\u0103\u021bi nerezolvate sugerate \u0219i fi\u0219e de evaluare pentru monitorizarea progresului educa\u021bional al elevilor.<\/p>\n<p class=\"MsoNormal\">C\u0103l\u0103toria magic\u0103 \u00een lumea lui Spike Prime continu\u0103...<\/p>\n<p class=\"MsoNormal\">\n<p class=\"MsoNormal\">Autori: Argyris Koureas, Konstantinos Natsikas, Alkiviadis Tsimiris<\/p>\n<p class=\"MsoNormal\">Greutate: 0,252 kg.<\/p>\n<p class=\"MsoNormal\">Pagini: 120<\/p>\n<p class=\"MsoNormal\">ISBN: 9786182021057<\/p>\n<p class=\"MsoNormal\">Anul public\u0103rii: 2022<\/p>\n<p class=\"MsoNormal\">Dimensiuni: 17\u00d724 cm<\/p>\n<p class=\"MsoNormal\">Interiorul c\u0103r\u021bii: Colorat<\/p>\n<p class=\"MsoNormal\">Limb\u0103: Greac\u0103<\/p>","protected":false},"excerpt":{"rendered":"<p class=\"MsoNormal\">Aceast\u0103 carte, bazat\u0103 pe Spike Prime, noul pachet educa\u021bional de la Lego Education, este a doua parte a noii serii de c\u0103r\u021bi despre robotica educa\u021bional\u0103 \u2013 STEM.<\/p>","protected":false},"featured_media":5044,"comment_status":"open","ping_status":"closed","template":"","meta":{"site-sidebar-layout":"default","site-content-layout":"","ast-site-content-layout":"default","site-content-style":"default","site-sidebar-style":"default","ast-global-header-display":"","ast-banner-title-visibility":"","ast-main-header-display":"","ast-hfb-above-header-display":"","ast-hfb-below-header-display":"","ast-hfb-mobile-header-display":"","site-post-title":"","ast-breadcrumbs-content":"","ast-featured-img":"","footer-sml-layout":"","ast-disable-related-posts":"","theme-transparent-header-meta":"default","adv-header-id-meta":"","stick-header-meta":"","header-above-stick-meta":"","header-main-stick-meta":"","header-below-stick-meta":"","astra-migrate-meta-layouts":"set","ast-page-background-enabled":"default","ast-page-background-meta":{"desktop":{"background-color":"var(--ast-global-color-5)","background-image":"","background-repeat":"repeat","background-position":"center center","background-size":"auto","background-attachment":"scroll","background-type":"","background-media":"","overlay-type":"","overlay-color":"","overlay-opacity":"","overlay-gradient":""},"tablet":{"background-color":"","background-image":"","background-repeat":"repeat","background-position":"center center","background-size":"auto","background-attachment":"scroll","background-type":"","background-media":"","overlay-type":"","overlay-color":"","overlay-opacity":"","overlay-gradient":""},"mobile":{"background-color":"","background-image":"","background-repeat":"repeat","background-position":"center center","background-size":"auto","background-attachment":"scroll","background-type":"","background-media":"","overlay-type":"","overlay-color":"","overlay-opacity":"","overlay-gradient":""}},"ast-content-background-meta":{"desktop":{"background-color":"var(--ast-global-color-4)","background-image":"","background-repeat":"repeat","background-position":"center center","background-size":"auto","background-attachment":"scroll","background-type":"","background-media":"","overlay-type":"","overlay-color":"","overlay-opacity":"","overlay-gradient":""},"tablet":{"background-color":"var(--ast-global-color-4)","background-image":"","background-repeat":"repeat","background-position":"center center","background-size":"auto","background-attachment":"scroll","background-type":"","background-media":"","overlay-type":"","overlay-color":"","overlay-opacity":"","overlay-gradient":""},"mobile":{"background-color":"var(--ast-global-color-4)","background-image":"","background-repeat":"repeat","background-position":"center center","background-size":"auto","background-attachment":"scroll","background-type":"","background-media":"","overlay-type":"","overlay-color":"","overlay-opacity":"","overlay-gradient":""}}},"product_brand":[108],"product_cat":[25],"product_tag":[],"class_list":{"0":"post-6874","1":"product","2":"type-product","3":"status-publish","4":"has-post-thumbnail","6":"product_brand-disigma","7":"product_cat--steam","8":"desktop-align-left","9":"tablet-align-left","10":"mobile-align-left","12":"first","13":"instock","14":"taxable","15":"shipping-taxable","16":"purchasable","17":"product-type-simple"},"_links":{"self":[{"href":"https:\/\/stem-eshop.gr\/ro\/wp-json\/wp\/v2\/product\/6874","targetHints":{"allow":["GET"]}}],"collection":[{"href":"https:\/\/stem-eshop.gr\/ro\/wp-json\/wp\/v2\/product"}],"about":[{"href":"https:\/\/stem-eshop.gr\/ro\/wp-json\/wp\/v2\/types\/product"}],"replies":[{"embeddable":true,"href":"https:\/\/stem-eshop.gr\/ro\/wp-json\/wp\/v2\/comments?post=6874"}],"wp:featuredmedia":[{"embeddable":true,"href":"https:\/\/stem-eshop.gr\/ro\/wp-json\/wp\/v2\/media\/5044"}],"wp:attachment":[{"href":"https:\/\/stem-eshop.gr\/ro\/wp-json\/wp\/v2\/media?parent=6874"}],"wp:term":[{"taxonomy":"product_brand","embeddable":true,"href":"https:\/\/stem-eshop.gr\/ro\/wp-json\/wp\/v2\/product_brand?post=6874"},{"taxonomy":"product_cat","embeddable":true,"href":"https:\/\/stem-eshop.gr\/ro\/wp-json\/wp\/v2\/product_cat?post=6874"},{"taxonomy":"product_tag","embeddable":true,"href":"https:\/\/stem-eshop.gr\/ro\/wp-json\/wp\/v2\/product_tag?post=6874"}],"curies":[{"name":"wp","href":"https:\/\/api.w.org\/{rel}","templated":true}]}}