{"id":6872,"date":"2025-05-19T08:54:48","date_gmt":"2025-05-19T08:54:48","guid":{"rendered":"https:\/\/stem-eshop.gr\/product\/%ce%b5%ce%b9%cf%83%ce%b1%ce%b3%cf%89%ce%b3%ce%ae-%cf%83%cf%84%ce%b7-%cf%81%ce%bf%ce%bc%cf%80%ce%bf%cf%84%ce%b9%ce%ba%ce%ae\/"},"modified":"2025-10-23T13:10:45","modified_gmt":"2025-10-23T10:10:45","slug":"%ce%b5%ce%b9%cf%83%ce%b1%ce%b3%cf%89%ce%b3%ce%ae-%cf%83%cf%84%ce%b7-%cf%81%ce%bf%ce%bc%cf%80%ce%bf%cf%84%ce%b9%ce%ba%ce%ae","status":"publish","type":"product","link":"https:\/\/stem-eshop.gr\/ro\/produs\/%ce%b5%ce%b9%cf%83%ce%b1%ce%b3%cf%89%ce%b3%ce%ae-%cf%83%cf%84%ce%b7-%cf%81%ce%bf%ce%bc%cf%80%ce%bf%cf%84%ce%b9%ce%ba%ce%ae\/","title":{"rendered":"Introducere \u00een robotic\u0103"},"content":{"rendered":"<p><span style=\"color: #2b2b2b;font-family: 'Jura Regular 400', Arial, Helvetica, sans-serif;font-size: 16px;text-align: justify;background-color: #ffffff\">Problemele legate de programarea bra\u021belor robotice, viziunea robotic\u0103 etc. sunt prezentate pe scurt \u00een ultimul capitol al c\u0103r\u021bii. Alegerea de a acorda o importan\u021b\u0103 deosebit\u0103 model\u0103rii cinematice \u0219i tehnicilor de control pentru urm\u0103rirea perfect\u0103 \u0219i asimptotic\u0103 a comenzilor, cu feedback analogic \u0219i\/sau diferen\u021bial, s-a bazat pe necesitatea de a satisface dou\u0103 obiective. Primul \u0219i cel mai important este ca cititorul s\u0103 \u00een\u021beleag\u0103 principiile de baz\u0103 ale roboticii, f\u0103r\u0103 a fi obligat s\u0103 se refere la instrumente complexe ale matematicii \u0219i mecanicii. Al doilea este de a acoperi, pe c\u00e2t posibil, principiile de baz\u0103 cele mai relevante pentru nevoile practicii.<\/span><\/p>\n<p class=\"MsoNormal\">Autor(i): Koumboulis Fotis, Mertzios Vasilios<\/p>\n<p class=\"MsoNormal\">Categorie: Inginerie<\/p>\n<p class=\"MsoNormal\">ISBN: 9789607530134<\/p>\n<p class=\"MsoNormal\">Data lans\u0103rii: 13 octombrie 2002<\/p>\n<p class=\"MsoNormal\">Legare: Copert\u0103 moale<\/p>\n<p class=\"MsoNormal\">Edi\u021bie: 1<\/p>\n<p class=\"MsoNormal\">Dimensiuni: 17 x 24 cm.<\/p>\n<p class=\"MsoNormal\">Pagini: 256<\/p>\n<p class=\"MsoNormal\">Codul Eudoxos: 9626<\/p>","protected":false},"excerpt":{"rendered":"<p><span style=\"color: #2b2b2b;font-family: 'Jura Regular 400', Arial, Helvetica, sans-serif;font-size: 16px;text-align: justify;background-color: #ffffff\">Scopul c\u0103r\u021bii este de a introduce cititorul \u00een principiile de baz\u0103 ale roboticii, concentr\u00e2ndu-se pe bra\u021bele robotice, care sunt cei mai r\u0103sp\u00e2ndi\u021bi robo\u021bi, \u00een special \u00een aplica\u021bii industriale \u0219i me\u0219te\u0219ug\u0103re\u0219ti. Materialul c\u0103r\u021bii acoper\u0103 problema cinematic\u0103 direct\u0103 \u0219i invers\u0103 pentru pozi\u021biile \u0219i vitezele bra\u021belor robotice, include dou\u0103 tehnici de control simple \u0219i u\u0219or de utilizat \u0219i, \u00een final, este studiat\u0103 problema proiect\u0103rii traiectoriei prin interpolare.<\/span><\/p>","protected":false},"featured_media":5039,"comment_status":"open","ping_status":"closed","template":"","meta":{"site-sidebar-layout":"default","site-content-layout":"","ast-site-content-layout":"default","site-content-style":"default","site-sidebar-style":"default","ast-global-header-display":"","ast-banner-title-visibility":"","ast-main-header-display":"","ast-hfb-above-header-display":"","ast-hfb-below-header-display":"","ast-hfb-mobile-header-display":"","site-post-title":"","ast-breadcrumbs-content":"","ast-featured-img":"","footer-sml-layout":"","ast-disable-related-posts":"","theme-transparent-header-meta":"default","adv-header-id-meta":"","stick-header-meta":"","header-above-stick-meta":"","header-main-stick-meta":"","header-below-stick-meta":"","astra-migrate-meta-layouts":"set","ast-page-background-enabled":"default","ast-page-background-meta":{"desktop":{"background-color":"var(--ast-global-color-5)","background-image":"","background-repeat":"repeat","background-position":"center center","background-size":"auto","background-attachment":"scroll","background-type":"","background-media":"","overlay-type":"","overlay-color":"","overlay-opacity":"","overlay-gradient":""},"tablet":{"background-color":"","background-image":"","background-repeat":"repeat","background-position":"center center","background-size":"auto","background-attachment":"scroll","background-type":"","background-media":"","overlay-type":"","overlay-color":"","overlay-opacity":"","overlay-gradient":""},"mobile":{"background-color":"","background-image":"","background-repeat":"repeat","background-position":"center center","background-size":"auto","background-attachment":"scroll","background-type":"","background-media":"","overlay-type":"","overlay-color":"","overlay-opacity":"","overlay-gradient":""}},"ast-content-background-meta":{"desktop":{"background-color":"var(--ast-global-color-4)","background-image":"","background-repeat":"repeat","background-position":"center center","background-size":"auto","background-attachment":"scroll","background-type":"","background-media":"","overlay-type":"","overlay-color":"","overlay-opacity":"","overlay-gradient":""},"tablet":{"background-color":"var(--ast-global-color-4)","background-image":"","background-repeat":"repeat","background-position":"center center","background-size":"auto","background-attachment":"scroll","background-type":"","background-media":"","overlay-type":"","overlay-color":"","overlay-opacity":"","overlay-gradient":""},"mobile":{"background-color":"var(--ast-global-color-4)","background-image":"","background-repeat":"repeat","background-position":"center center","background-size":"auto","background-attachment":"scroll","background-type":"","background-media":"","overlay-type":"","overlay-color":"","overlay-opacity":"","overlay-gradient":""}}},"product_brand":[109],"product_cat":[25],"product_tag":[],"class_list":{"0":"post-6872","1":"product","2":"type-product","3":"status-publish","4":"has-post-thumbnail","6":"product_brand-papasotiriou","7":"product_cat--steam","8":"desktop-align-left","9":"tablet-align-left","10":"mobile-align-left","12":"first","13":"instock","14":"taxable","15":"shipping-taxable","16":"purchasable","17":"product-type-simple"},"_links":{"self":[{"href":"https:\/\/stem-eshop.gr\/ro\/wp-json\/wp\/v2\/product\/6872","targetHints":{"allow":["GET"]}}],"collection":[{"href":"https:\/\/stem-eshop.gr\/ro\/wp-json\/wp\/v2\/product"}],"about":[{"href":"https:\/\/stem-eshop.gr\/ro\/wp-json\/wp\/v2\/types\/product"}],"replies":[{"embeddable":true,"href":"https:\/\/stem-eshop.gr\/ro\/wp-json\/wp\/v2\/comments?post=6872"}],"wp:featuredmedia":[{"embeddable":true,"href":"https:\/\/stem-eshop.gr\/ro\/wp-json\/wp\/v2\/media\/5039"}],"wp:attachment":[{"href":"https:\/\/stem-eshop.gr\/ro\/wp-json\/wp\/v2\/media?parent=6872"}],"wp:term":[{"taxonomy":"product_brand","embeddable":true,"href":"https:\/\/stem-eshop.gr\/ro\/wp-json\/wp\/v2\/product_brand?post=6872"},{"taxonomy":"product_cat","embeddable":true,"href":"https:\/\/stem-eshop.gr\/ro\/wp-json\/wp\/v2\/product_cat?post=6872"},{"taxonomy":"product_tag","embeddable":true,"href":"https:\/\/stem-eshop.gr\/ro\/wp-json\/wp\/v2\/product_tag?post=6872"}],"curies":[{"name":"wp","href":"https:\/\/api.w.org\/{rel}","templated":true}]}}