{"id":6871,"date":"2025-05-19T08:54:48","date_gmt":"2025-05-19T08:54:48","guid":{"rendered":"https:\/\/stem-eshop.gr\/product\/%ce%b7-%cf%81%ce%bf%ce%bc%cf%80%ce%bf%cf%84%ce%b9%ce%ba%ce%ae-%cf%83%cf%84%ce%b7%ce%bd-%ce%b5%ce%ba%cf%80%ce%b1%ce%af%ce%b4%ce%b5%cf%85%cf%83%ce%b7\/"},"modified":"2025-10-23T13:11:17","modified_gmt":"2025-10-23T10:11:17","slug":"%ce%b7-%cf%81%ce%bf%ce%bc%cf%80%ce%bf%cf%84%ce%b9%ce%ba%ce%ae-%cf%83%cf%84%ce%b7%ce%bd-%ce%b5%ce%ba%cf%80%ce%b1%ce%af%ce%b4%ce%b5%cf%85%cf%83%ce%b7","status":"publish","type":"product","link":"https:\/\/stem-eshop.gr\/ro\/produs\/%ce%b7-%cf%81%ce%bf%ce%bc%cf%80%ce%bf%cf%84%ce%b9%ce%ba%ce%ae-%cf%83%cf%84%ce%b7%ce%bd-%ce%b5%ce%ba%cf%80%ce%b1%ce%af%ce%b4%ce%b5%cf%85%cf%83%ce%b7\/","title":{"rendered":"Robotic\u0103 \u00een educa\u021bie"},"content":{"rendered":"<p style=\"margin: 0px 0px 10px;padding-left: 8px;color: #333333;font-family: 'roboto_slabregular';font-size: 14px;background-color: #ffffff\">Ast\u0103zi, multe comunit\u0103\u021bi diverse din spectrul educa\u021bional utilizeaz\u0103 din ce \u00een ce mai mult robo\u021bi, fie ca profesori, fie ca instrumente \u00een proiecte \u0219i activit\u0103\u021bi STEM, fie ca obiecte de studiu. Acest volum exploreaz\u0103 modul \u00een care capacit\u0103\u021bile unice ale robo\u021bilor educa\u021bionali, at\u00e2t ca entit\u0103\u021bi fizice, c\u00e2t \u0219i prin interac\u021biune social\u0103, pot crea conexiuni cu elevii, oferind \u00een acela\u0219i timp educatorilor libertatea de a se concentra pe abord\u0103rile lor personalizate de predare \u0219i \u00eenv\u0103\u021bare.<\/p>\n<p style=\"margin: 0px 0px 10px;padding-left: 8px;color: #333333;font-family: 'roboto_slabregular';font-size: 14px;background-color: #ffffff\">Cartea, scris\u0103 de o echip\u0103 interdisciplinar\u0103 unic\u0103 de cadre universitare, acoper\u0103 elementele de baz\u0103 ale roboticii \u0219i tehnologiile care o sus\u021bin, atitudinile fa\u021b\u0103 de robo\u021bi \u0219i implica\u021biile etice ale utiliz\u0103rii robo\u021bilor \u00een \u00eenv\u0103\u021bare, metodele de cercetare relevante pentru extinderea cuno\u0219tin\u021belor noastre \u00een domeniu \u0219i multe altele.<\/p>\n<hr style=\"height: 0px;margin-top: 20px;margin-bottom: 20px;border-right: 0px;border-bottom: 0px;border-left: 0px;border-top-style: solid;border-top-color: #eeeeee;color: #333333;font-family: 'roboto_slabregular';font-size: 14px;background-color: #ffffff\" \/>\n<p style=\"margin: 0px 0px 10px;padding-left: 8px;color: #333333;font-family: 'roboto_slabregular';font-size: 14px;background-color: #ffffff\">Cartea este o traducere a\u00a0<em><span style=\"font-family: 'roboto_slabbold'\">Robo\u021bi \u00een educa\u021bie \u2013 O introducere \u00een agen\u021bi sociali de \u00eenalt\u0103 tehnologie, tutori inteligen\u021bi \u0219i instrumente curriculare<\/span><\/em>\u00a0de\u00a0<span style=\"font-family: 'roboto_slabbold'\">Fady Alnajjar<\/span>,<span style=\"font-family: 'roboto_slabbold'\">\u00a0Christoph Bartneck, Paul Baxter, Tony Belpaeme, Massimiliano Cappuccio, Cinzia Di Dio, Friederike Eyssel, J\u00fcrgen Handke, Omar Mubin, Mohammad Obaid, Natalia Reich-Stiebert<\/span>\u00a0(<span class=\"meta\">Routledge\u00a0<\/span>, 2021).<\/p>\n<p class=\"MsoNormal\">Curator: Nikolaos Fachantidis, Ioannis Lefkos<\/p>\n<p class=\"MsoNormal\">Traducere: Nikolaos Fachantidis, Ioannis Lefkos<\/p>\n<p class=\"MsoNormal\">Dimensiuni: 17X24cm<\/p>\n<p class=\"MsoNormal\">Num\u0103r de pagini: 240<\/p>\n<p class=\"MsoNormal\">Anul public\u0103rii: 2023<\/p>\n<p class=\"MsoNormal\">\u039a\u03c9\u03b4\u03b9\u03ba\u03cc\u03c2 \u03c3\u03c4\u03bf\u03bd \u0395\u03cd\u03b4\u03bf\u03be\u03bf: 122075446<\/p>\n<p style=\"margin: 0px 0px 10px;padding-left: 8px;color: #333333;font-family: 'roboto_slabregular';font-size: 14px;background-color: #ffffff\">ISBN: <span style=\"color: #333333;font-family: 'roboto_slabregular';font-size: 13.44px;background-color: #ffffff\">9789605864507<\/span><\/p>\n<p style=\"margin: 0px 0px 10px;padding-left: 8px;color: #333333;font-family: 'roboto_slabregular';font-size: 14px;background-color: #ffffff\">","protected":false},"excerpt":{"rendered":"<p><span style=\"color: #333333;font-family: 'roboto_slabregular';font-size: 14px;background-color: #ffffff\">O introducere u\u0219or de \u00een\u021beles \u00een utilizarea roboticii \u00een \u00eenv\u0103\u021barea formal\u0103, care include teorii pedagogice \u0219i psihologice, precum \u0219i exemple de aplicare \u00een curriculum.<\/span><\/p>","protected":false},"featured_media":5037,"comment_status":"open","ping_status":"closed","template":"","meta":{"site-sidebar-layout":"default","site-content-layout":"","ast-site-content-layout":"default","site-content-style":"default","site-sidebar-style":"default","ast-global-header-display":"","ast-banner-title-visibility":"","ast-main-header-display":"","ast-hfb-above-header-display":"","ast-hfb-below-header-display":"","ast-hfb-mobile-header-display":"","site-post-title":"","ast-breadcrumbs-content":"","ast-featured-img":"","footer-sml-layout":"","ast-disable-related-posts":"","theme-transparent-header-meta":"default","adv-header-id-meta":"","stick-header-meta":"","header-above-stick-meta":"","header-main-stick-meta":"","header-below-stick-meta":"","astra-migrate-meta-layouts":"set","ast-page-background-enabled":"default","ast-page-background-meta":{"desktop":{"background-color":"var(--ast-global-color-5)","background-image":"","background-repeat":"repeat","background-position":"center center","background-size":"auto","background-attachment":"scroll","background-type":"","background-media":"","overlay-type":"","overlay-color":"","overlay-opacity":"","overlay-gradient":""},"tablet":{"background-color":"","background-image":"","background-repeat":"repeat","background-position":"center center","background-size":"auto","background-attachment":"scroll","background-type":"","background-media":"","overlay-type":"","overlay-color":"","overlay-opacity":"","overlay-gradient":""},"mobile":{"background-color":"","background-image":"","background-repeat":"repeat","background-position":"center center","background-size":"auto","background-attachment":"scroll","background-type":"","background-media":"","overlay-type":"","overlay-color":"","overlay-opacity":"","overlay-gradient":""}},"ast-content-background-meta":{"desktop":{"background-color":"var(--ast-global-color-4)","background-image":"","background-repeat":"repeat","background-position":"center center","background-size":"auto","background-attachment":"scroll","background-type":"","background-media":"","overlay-type":"","overlay-color":"","overlay-opacity":"","overlay-gradient":""},"tablet":{"background-color":"var(--ast-global-color-4)","background-image":"","background-repeat":"repeat","background-position":"center center","background-size":"auto","background-attachment":"scroll","background-type":"","background-media":"","overlay-type":"","overlay-color":"","overlay-opacity":"","overlay-gradient":""},"mobile":{"background-color":"var(--ast-global-color-4)","background-image":"","background-repeat":"repeat","background-position":"center center","background-size":"auto","background-attachment":"scroll","background-type":"","background-media":"","overlay-type":"","overlay-color":"","overlay-opacity":"","overlay-gradient":""}}},"product_brand":[113],"product_cat":[25],"product_tag":[],"class_list":{"0":"post-6871","1":"product","2":"type-product","3":"status-publish","4":"has-post-thumbnail","6":"product_brand-kritiki","7":"product_cat--steam","8":"desktop-align-left","9":"tablet-align-left","10":"mobile-align-left","12":"first","13":"instock","14":"taxable","15":"shipping-taxable","16":"purchasable","17":"product-type-simple"},"_links":{"self":[{"href":"https:\/\/stem-eshop.gr\/ro\/wp-json\/wp\/v2\/product\/6871","targetHints":{"allow":["GET"]}}],"collection":[{"href":"https:\/\/stem-eshop.gr\/ro\/wp-json\/wp\/v2\/product"}],"about":[{"href":"https:\/\/stem-eshop.gr\/ro\/wp-json\/wp\/v2\/types\/product"}],"replies":[{"embeddable":true,"href":"https:\/\/stem-eshop.gr\/ro\/wp-json\/wp\/v2\/comments?post=6871"}],"wp:featuredmedia":[{"embeddable":true,"href":"https:\/\/stem-eshop.gr\/ro\/wp-json\/wp\/v2\/media\/5037"}],"wp:attachment":[{"href":"https:\/\/stem-eshop.gr\/ro\/wp-json\/wp\/v2\/media?parent=6871"}],"wp:term":[{"taxonomy":"product_brand","embeddable":true,"href":"https:\/\/stem-eshop.gr\/ro\/wp-json\/wp\/v2\/product_brand?post=6871"},{"taxonomy":"product_cat","embeddable":true,"href":"https:\/\/stem-eshop.gr\/ro\/wp-json\/wp\/v2\/product_cat?post=6871"},{"taxonomy":"product_tag","embeddable":true,"href":"https:\/\/stem-eshop.gr\/ro\/wp-json\/wp\/v2\/product_tag?post=6871"}],"curies":[{"name":"wp","href":"https:\/\/api.w.org\/{rel}","templated":true}]}}