{"id":6870,"date":"2025-05-19T08:54:47","date_gmt":"2025-05-19T08:54:47","guid":{"rendered":"https:\/\/stem-eshop.gr\/product\/%ce%b5%ce%ba%cf%80%ce%b1%ce%b9%ce%b4%ce%b5%cf%85%cf%84%ce%b9%ce%ba%ce%ae-%cf%81%ce%bf%ce%bc%cf%80%ce%bf%cf%84%ce%b9%ce%ba%ce%ae-%ce%bc%ce%b5-scratch-3-0-%ce%ba%ce%b1%ce%b9-bbc-microbit\/"},"modified":"2025-10-23T12:47:02","modified_gmt":"2025-10-23T09:47:02","slug":"%ce%b5%ce%ba%cf%80%ce%b1%ce%b9%ce%b4%ce%b5%cf%85%cf%84%ce%b9%ce%ba%ce%ae-%cf%81%ce%bf%ce%bc%cf%80%ce%bf%cf%84%ce%b9%ce%ba%ce%ae-%ce%bc%ce%b5-scratch-3-0-%ce%ba%ce%b1%ce%b9-bbc-microbit","status":"publish","type":"product","link":"https:\/\/stem-eshop.gr\/ro\/produs\/%ce%b5%ce%ba%cf%80%ce%b1%ce%b9%ce%b4%ce%b5%cf%85%cf%84%ce%b9%ce%ba%ce%ae-%cf%81%ce%bf%ce%bc%cf%80%ce%bf%cf%84%ce%b9%ce%ba%ce%ae-%ce%bc%ce%b5-scratch-3-0-%ce%ba%ce%b1%ce%b9-bbc-microbit\/","title":{"rendered":"Robotic\u0103 educa\u021bional\u0103 cu Scratch 3.0 \u0219i BBC micro:bit"},"content":{"rendered":"<p style=\"margin: 0px 0px 10px;color: #333333;font-family: 'roboto_slabregular';font-size: 14px;background-color: #ffffff\">\u00cen plus, ofer\u0103 o abordare practic\u0103, u\u0219or de rezolvat probleme, pentru \u00eenv\u0103\u021barea program\u0103rii, roboticii educa\u021bionale \u0219i a conceptelor conexe de informatic\u0103, cu scopul de a cultiva imagina\u021bia cititorilor (elevi, profesori \u0219i p\u0103rin\u021bi) \u0219i de a face experien\u021ba program\u0103rii pe calculator accesibil\u0103 tuturor.<\/p>\n<p style=\"margin: 0px 0px 10px;color: #333333;font-family: 'roboto_slabregular';font-size: 14px;background-color: #ffffff\">Mai exact, Scratch 3.0 ofer\u0103 o modalitate u\u0219oar\u0103 \u0219i distractiv\u0103 de a \u00eencepe programarea \u0219i proiectarea de media interactive. Micro:bit este un dispozitiv mic, dar puternic, care serve\u0219te drept punct de intrare \u00een vastul univers al electronicii \u0219i program\u0103rii. De la construirea de circuite simple p\u00e2n\u0103 la proiectarea de proiecte complexe, aceast\u0103 plac\u0103 minuscul\u0103 permite utilizatorilor s\u0103 \u00ee\u0219i dea via\u021b\u0103 ideilor \u0219i s\u0103 exploreze minunile erei digitale.<\/p>\n<p style=\"margin: 0px 0px 10px;color: #333333;font-family: 'roboto_slabregular';font-size: 14px;background-color: #ffffff\">Cartea este oferit\u0103 at\u00e2t \u00eencep\u0103torilor, c\u00e2t \u0219i utilizatorilor experimenta\u021bi, ca ghid pentru elementele de baz\u0103 ale program\u0103rii.<\/p>\n<p class=\"MsoNormal\">Dimensiuni: 17X24cm<\/p>\n<p class=\"MsoNormal\">Num\u0103r de pagini: 456<\/p>\n<p class=\"MsoNormal\">Anul public\u0103rii: 2024<\/p>\n<p class=\"MsoNormal\">Cod c\u0103tre Eudoxus<span lang=\"en-us\" xml:lang=\"en-us\">:<\/span> 133024491<\/p>\n<p style=\"margin: 0px 0px 10px;color: #333333;font-family: 'roboto_slabregular';font-size: 14px;background-color: #ffffff\">ISBN:\u00a0<span style=\"color: #333333;font-family: 'roboto_slabregular';font-size: 13.44px;background-color: #ffffff\">9789605864897<\/span><\/p>\n<p style=\"margin: 0px 0px 10px;color: #333333;font-family: 'roboto_slabregular';font-size: 14px;background-color: #ffffff\">","protected":false},"excerpt":{"rendered":"<p><span style=\"color: #333333;font-family: 'roboto_slabregular';font-size: 14px;background-color: #ffffff\">Cartea prezint\u0103 mediul de programare Scratch 3.0 \u0219i programarea computerului portabil micro:bit printr-o varietate de proiecte.\u00a0<\/span><\/p>","protected":false},"featured_media":5035,"comment_status":"open","ping_status":"closed","template":"","meta":{"site-sidebar-layout":"default","site-content-layout":"","ast-site-content-layout":"default","site-content-style":"default","site-sidebar-style":"default","ast-global-header-display":"","ast-banner-title-visibility":"","ast-main-header-display":"","ast-hfb-above-header-display":"","ast-hfb-below-header-display":"","ast-hfb-mobile-header-display":"","site-post-title":"","ast-breadcrumbs-content":"","ast-featured-img":"","footer-sml-layout":"","ast-disable-related-posts":"","theme-transparent-header-meta":"default","adv-header-id-meta":"","stick-header-meta":"","header-above-stick-meta":"","header-main-stick-meta":"","header-below-stick-meta":"","astra-migrate-meta-layouts":"set","ast-page-background-enabled":"default","ast-page-background-meta":{"desktop":{"background-color":"var(--ast-global-color-5)","background-image":"","background-repeat":"repeat","background-position":"center center","background-size":"auto","background-attachment":"scroll","background-type":"","background-media":"","overlay-type":"","overlay-color":"","overlay-opacity":"","overlay-gradient":""},"tablet":{"background-color":"","background-image":"","background-repeat":"repeat","background-position":"center center","background-size":"auto","background-attachment":"scroll","background-type":"","background-media":"","overlay-type":"","overlay-color":"","overlay-opacity":"","overlay-gradient":""},"mobile":{"background-color":"","background-image":"","background-repeat":"repeat","background-position":"center center","background-size":"auto","background-attachment":"scroll","background-type":"","background-media":"","overlay-type":"","overlay-color":"","overlay-opacity":"","overlay-gradient":""}},"ast-content-background-meta":{"desktop":{"background-color":"var(--ast-global-color-4)","background-image":"","background-repeat":"repeat","background-position":"center center","background-size":"auto","background-attachment":"scroll","background-type":"","background-media":"","overlay-type":"","overlay-color":"","overlay-opacity":"","overlay-gradient":""},"tablet":{"background-color":"var(--ast-global-color-4)","background-image":"","background-repeat":"repeat","background-position":"center center","background-size":"auto","background-attachment":"scroll","background-type":"","background-media":"","overlay-type":"","overlay-color":"","overlay-opacity":"","overlay-gradient":""},"mobile":{"background-color":"var(--ast-global-color-4)","background-image":"","background-repeat":"repeat","background-position":"center center","background-size":"auto","background-attachment":"scroll","background-type":"","background-media":"","overlay-type":"","overlay-color":"","overlay-opacity":"","overlay-gradient":""}}},"product_brand":[113],"product_cat":[25],"product_tag":[],"class_list":{"0":"post-6870","1":"product","2":"type-product","3":"status-publish","4":"has-post-thumbnail","6":"product_brand-kritiki","7":"product_cat--steam","8":"desktop-align-left","9":"tablet-align-left","10":"mobile-align-left","12":"first","13":"instock","14":"taxable","15":"shipping-taxable","16":"purchasable","17":"product-type-simple"},"_links":{"self":[{"href":"https:\/\/stem-eshop.gr\/ro\/wp-json\/wp\/v2\/product\/6870","targetHints":{"allow":["GET"]}}],"collection":[{"href":"https:\/\/stem-eshop.gr\/ro\/wp-json\/wp\/v2\/product"}],"about":[{"href":"https:\/\/stem-eshop.gr\/ro\/wp-json\/wp\/v2\/types\/product"}],"replies":[{"embeddable":true,"href":"https:\/\/stem-eshop.gr\/ro\/wp-json\/wp\/v2\/comments?post=6870"}],"wp:featuredmedia":[{"embeddable":true,"href":"https:\/\/stem-eshop.gr\/ro\/wp-json\/wp\/v2\/media\/5035"}],"wp:attachment":[{"href":"https:\/\/stem-eshop.gr\/ro\/wp-json\/wp\/v2\/media?parent=6870"}],"wp:term":[{"taxonomy":"product_brand","embeddable":true,"href":"https:\/\/stem-eshop.gr\/ro\/wp-json\/wp\/v2\/product_brand?post=6870"},{"taxonomy":"product_cat","embeddable":true,"href":"https:\/\/stem-eshop.gr\/ro\/wp-json\/wp\/v2\/product_cat?post=6870"},{"taxonomy":"product_tag","embeddable":true,"href":"https:\/\/stem-eshop.gr\/ro\/wp-json\/wp\/v2\/product_tag?post=6870"}],"curies":[{"name":"wp","href":"https:\/\/api.w.org\/{rel}","templated":true}]}}