{"id":6868,"date":"2025-05-19T08:54:47","date_gmt":"2025-05-19T08:54:47","guid":{"rendered":"https:\/\/stem-eshop.gr\/product\/%ce%b5%cf%80%ce%b9%cf%83%cf%84%ce%ae%ce%bc%ce%b7-%cf%83%cf%84%ce%b7%ce%bd-%cf%80%cf%81%ce%ac%ce%be%ce%b7\/"},"modified":"2025-10-23T12:48:23","modified_gmt":"2025-10-23T09:48:23","slug":"%ce%b5%cf%80%ce%b9%cf%83%cf%84%ce%ae%ce%bc%ce%b7-%cf%83%cf%84%ce%b7%ce%bd-%cf%80%cf%81%ce%ac%ce%be%ce%b7","status":"publish","type":"product","link":"https:\/\/stem-eshop.gr\/ro\/produs\/%ce%b5%cf%80%ce%b9%cf%83%cf%84%ce%ae%ce%bc%ce%b7-%cf%83%cf%84%ce%b7%ce%bd-%cf%80%cf%81%ce%ac%ce%be%ce%b7\/","title":{"rendered":"\u0218tiin\u021ba \u00een practic\u0103"},"content":{"rendered":"<p><span style=\"color: #222222;font-family: Commissioner, sans-serif;font-size: 16px;background-color: #ffffff\">Prin expunerea la profesii de baz\u0103 de zi cu zi, copiii \u00eenva\u021b\u0103 cum folosim descoperirile \u0219tiin\u021bifice \u00een via\u021ba de zi cu zi.<\/span><br style=\"margin: 0px;padding: 0px;font-family: Commissioner, sans-serif;line-height: normal;color: #222222;font-size: 16px;background-color: #ffffff\" \/><span style=\"color: #222222;font-family: Commissioner, sans-serif;font-size: 16px;background-color: #ffffff\">Pot s\u0103 o fac?<\/span><br style=\"margin: 0px;padding: 0px;font-family: Commissioner, sans-serif;line-height: normal;color: #222222;font-size: 16px;background-color: #ffffff\" \/><span style=\"color: #222222;font-family: Commissioner, sans-serif;font-size: 16px;background-color: #ffffff\">\u0218i, bine\u00een\u021beles, po\u021bi!<\/span><br style=\"margin: 0px;padding: 0px;font-family: Commissioner, sans-serif;line-height: normal;color: #222222;font-size: 16px;background-color: #ffffff\" \/><span style=\"color: #222222;font-family: Commissioner, sans-serif;font-size: 16px;background-color: #ffffff\">Descoper\u0103 \u0219tiin\u021ba peste tot \u00een jurul t\u0103u!<\/span><br style=\"margin: 0px;padding: 0px;font-family: Commissioner, sans-serif;line-height: normal;color: #222222;font-size: 16px;background-color: #ffffff\" \/><span style=\"color: #222222;font-family: Commissioner, sans-serif;font-size: 16px;background-color: #ffffff\">Oamenii folosesc cuno\u0219tin\u021bele \u0219tiin\u021bifice tot timpul \u0219i, \u00een multe cazuri, f\u0103r\u0103 s\u0103-\u0219i dea seama. De la coafori, care folosesc chimia pentru a schimba culoarea p\u0103rului, p\u00e2n\u0103 la poli\u021bi\u0219tii rutieri, care folosesc fizica pentru a opri \u0219oferii care dep\u0103\u0219esc limita de vitez\u0103, profesioni\u0219tii pe care \u00eei ve\u021bi \u00eent\u00e2lni \u00een paginile acestei c\u0103r\u021bi originale v\u0103 vor ajuta s\u0103 \u00een\u021belege\u021bi utilitatea \u0219tiin\u021bei \u00een via\u021ba noastr\u0103 de zi cu zi.<\/span><br style=\"margin: 0px;padding: 0px;font-family: Commissioner, sans-serif;line-height: normal;color: #222222;font-size: 16px;background-color: #ffffff\" \/><span style=\"color: #222222;font-family: Commissioner, sans-serif;font-size: 16px;background-color: #ffffff\">\u0218tiin\u021ba prin 12 profesii:<\/span><br style=\"margin: 0px;padding: 0px;font-family: Commissioner, sans-serif;line-height: normal;color: #222222;font-size: 16px;background-color: #ffffff\" \/><span style=\"color: #222222;font-family: Commissioner, sans-serif;font-size: 16px;background-color: #ffffff\">florar, doctor, curier, c\u0103pitan, coafor, \u00eengrijitor canin, barista, salvamar, pompier, agent de circula\u021bie, brutar, \u00eengrijitor de gr\u0103din\u0103 zoologic\u0103<\/span><\/p>\n<p class=\"MsoNormal\">Informa\u0163ii<\/p>\n<p class=\"MsoNormal\">ISBN: 978-618-03-3687-0<\/p>\n<p class=\"MsoNormal\">Data emiterii: 23\/11\/2023<\/p>\n<p class=\"MsoNormal\">Autor<span lang=\"en-us\" xml:lang=\"en-us\">: <\/span><a href=\"https:\/\/www.metaixmio.gr\/el\/contributor\/kim-hankinson?code=author\" rel=\"noopener\"><span lang=\"en-us\" style=\"text-decoration: none\" xml:lang=\"en-us\">Kim Hankinson,\u00a0<\/span><\/a><a href=\"https:\/\/www.metaixmio.gr\/el\/contributor\/jenny-jacoby?code=author\" rel=\"noopener\"><span lang=\"en-us\" style=\"text-decoration: none\" xml:lang=\"en-us\">Jenny Jacoby<\/span><\/a><\/p>\n<p class=\"MsoNormal\">Traducere: Sofia Grigoriou<\/p>\n<p class=\"MsoNormal\">Categorie de v\u00e2rst\u0103: <a href=\"https:\/\/www.metaixmio.gr\/categories\/catalog?q=attr:%CE%97%CE%BB%CE%B9%CE%BA%CE%B9%CE%B1%CE%BA%CE%AE%20%CE%BA%CE%B1%CF%84%CE%B7%CE%B3%CE%BF%CF%81%CE%AF%CE%B1;%CE%93%CE%B9%CE%B1%20%CF%80%CE%B1%CE%B9%CE%B4%CE%B9%CE%AC%20%CE%B1%CF%80%CF%8C%208%20%CE%B5%CF%84%CF%8E%CE%BD\" rel=\"noopener\"><span style=\"text-decoration: none\">Pentru copii de la 8 ani<\/span><\/a><\/p>\n<p class=\"MsoNormal\">Pagini: 32<\/p>\n<p class=\"MsoNormal\">Tip copert\u0103: Copert\u0103 moale<\/p>\n<p class=\"MsoNormal\">Dimensiuni: 21 x 28<\/p>\n<p class=\"MsoNormal\">\u039e\u03b5\u03bd\u03cc\u03b3\u03bb\u03c9\u03c3\u03c3\u03bf\u03c2 \u03c4\u03af\u03c4\u03bb\u03bf\u03c2<span lang=\"en-us\" xml:lang=\"en-us\">Folosim \u0219tiin\u021ba<\/span><\/p>","protected":false},"excerpt":{"rendered":"<p class=\"MsoNormal\">Descoperi\u021bi \u0219tiin\u021ba \u00een profesiile de baz\u0103 \u0219i \u00een via\u021ba de zi cu zi<\/p>\n<p class=\"MsoNormal\">Prin expunerea la profesii de baz\u0103 de zi cu zi, copiii \u00eenva\u021b\u0103 cum folosim descoperirile \u0219tiin\u021bifice \u00een via\u021ba de zi cu zi.<\/p>","protected":false},"featured_media":5031,"comment_status":"open","ping_status":"closed","template":"","meta":{"site-sidebar-layout":"default","site-content-layout":"","ast-site-content-layout":"default","site-content-style":"default","site-sidebar-style":"default","ast-global-header-display":"","ast-banner-title-visibility":"","ast-main-header-display":"","ast-hfb-above-header-display":"","ast-hfb-below-header-display":"","ast-hfb-mobile-header-display":"","site-post-title":"","ast-breadcrumbs-content":"","ast-featured-img":"","footer-sml-layout":"","ast-disable-related-posts":"","theme-transparent-header-meta":"default","adv-header-id-meta":"","stick-header-meta":"","header-above-stick-meta":"","header-main-stick-meta":"","header-below-stick-meta":"","astra-migrate-meta-layouts":"set","ast-page-background-enabled":"default","ast-page-background-meta":{"desktop":{"background-color":"var(--ast-global-color-5)","background-image":"","background-repeat":"repeat","background-position":"center center","background-size":"auto","background-attachment":"scroll","background-type":"","background-media":"","overlay-type":"","overlay-color":"","overlay-opacity":"","overlay-gradient":""},"tablet":{"background-color":"","background-image":"","background-repeat":"repeat","background-position":"center center","background-size":"auto","background-attachment":"scroll","background-type":"","background-media":"","overlay-type":"","overlay-color":"","overlay-opacity":"","overlay-gradient":""},"mobile":{"background-color":"","background-image":"","background-repeat":"repeat","background-position":"center center","background-size":"auto","background-attachment":"scroll","background-type":"","background-media":"","overlay-type":"","overlay-color":"","overlay-opacity":"","overlay-gradient":""}},"ast-content-background-meta":{"desktop":{"background-color":"var(--ast-global-color-4)","background-image":"","background-repeat":"repeat","background-position":"center center","background-size":"auto","background-attachment":"scroll","background-type":"","background-media":"","overlay-type":"","overlay-color":"","overlay-opacity":"","overlay-gradient":""},"tablet":{"background-color":"var(--ast-global-color-4)","background-image":"","background-repeat":"repeat","background-position":"center center","background-size":"auto","background-attachment":"scroll","background-type":"","background-media":"","overlay-type":"","overlay-color":"","overlay-opacity":"","overlay-gradient":""},"mobile":{"background-color":"var(--ast-global-color-4)","background-image":"","background-repeat":"repeat","background-position":"center center","background-size":"auto","background-attachment":"scroll","background-type":"","background-media":"","overlay-type":"","overlay-color":"","overlay-opacity":"","overlay-gradient":""}}},"product_brand":[115],"product_cat":[25],"product_tag":[],"class_list":{"0":"post-6868","1":"product","2":"type-product","3":"status-publish","4":"has-post-thumbnail","6":"product_brand-metaixmio","7":"product_cat--steam","8":"desktop-align-left","9":"tablet-align-left","10":"mobile-align-left","12":"first","13":"instock","14":"taxable","15":"shipping-taxable","16":"purchasable","17":"product-type-simple"},"_links":{"self":[{"href":"https:\/\/stem-eshop.gr\/ro\/wp-json\/wp\/v2\/product\/6868","targetHints":{"allow":["GET"]}}],"collection":[{"href":"https:\/\/stem-eshop.gr\/ro\/wp-json\/wp\/v2\/product"}],"about":[{"href":"https:\/\/stem-eshop.gr\/ro\/wp-json\/wp\/v2\/types\/product"}],"replies":[{"embeddable":true,"href":"https:\/\/stem-eshop.gr\/ro\/wp-json\/wp\/v2\/comments?post=6868"}],"wp:featuredmedia":[{"embeddable":true,"href":"https:\/\/stem-eshop.gr\/ro\/wp-json\/wp\/v2\/media\/5031"}],"wp:attachment":[{"href":"https:\/\/stem-eshop.gr\/ro\/wp-json\/wp\/v2\/media?parent=6868"}],"wp:term":[{"taxonomy":"product_brand","embeddable":true,"href":"https:\/\/stem-eshop.gr\/ro\/wp-json\/wp\/v2\/product_brand?post=6868"},{"taxonomy":"product_cat","embeddable":true,"href":"https:\/\/stem-eshop.gr\/ro\/wp-json\/wp\/v2\/product_cat?post=6868"},{"taxonomy":"product_tag","embeddable":true,"href":"https:\/\/stem-eshop.gr\/ro\/wp-json\/wp\/v2\/product_tag?post=6868"}],"curies":[{"name":"wp","href":"https:\/\/api.w.org\/{rel}","templated":true}]}}