{"id":6867,"date":"2025-05-19T08:54:46","date_gmt":"2025-05-19T08:54:46","guid":{"rendered":"https:\/\/stem-eshop.gr\/product\/%ce%bc%ce%b9%ce%ba%cf%81%ce%ae-%ce%b2%ce%b9%ce%b2%ce%bb%ce%b9%ce%bf%ce%b8%ce%ae%ce%ba%ce%b7-%ce%b3%ce%b9%ce%b1-%ce%bd%ce%b5%ce%b1%cf%81%ce%ac-%ce%b1%ce%bd%ce%ae%cf%83%cf%85%cf%87%ce%b1-%cf%80%ce%bd\/"},"modified":"2025-05-22T21:13:35","modified_gmt":"2025-05-22T18:13:35","slug":"%ce%bc%ce%b9%ce%ba%cf%81%ce%ae-%ce%b2%ce%b9%ce%b2%ce%bb%ce%b9%ce%bf%ce%b8%ce%ae%ce%ba%ce%b7-%ce%b3%ce%b9%ce%b1-%ce%bd%ce%b5%ce%b1%cf%81%ce%ac-%ce%b1%ce%bd%ce%ae%cf%83%cf%85%cf%87%ce%b1-%cf%80%ce%bd","status":"publish","type":"product","link":"https:\/\/stem-eshop.gr\/ro\/produs\/%ce%bc%ce%b9%ce%ba%cf%81%ce%ae-%ce%b2%ce%b9%ce%b2%ce%bb%ce%b9%ce%bf%ce%b8%ce%ae%ce%ba%ce%b7-%ce%b3%ce%b9%ce%b1-%ce%bd%ce%b5%ce%b1%cf%81%ce%ac-%ce%b1%ce%bd%ce%ae%cf%83%cf%85%cf%87%ce%b1-%cf%80%ce%bd\/","title":{"rendered":"Mic\u0103 bibliotec\u0103 pentru spirite tinere nelini\u0219tite 3: Robo\u021bi, gadgeturi \u0219i inteligen\u021b\u0103 artificial\u0103... \u0219i cum ne transform\u0103 lumea"},"content":{"rendered":"<p><span style=\"color:#222222;font-family:Commissioner, sans-serif;font-size:16px;background-color:#ffffff\">Te-ai \u00eentrebat vreodat\u0103 ce este inteligen\u021ba artificial\u0103? Vrei s\u0103 \u00eenve\u021bi cum func\u021bioneaz\u0103 robo\u021bii? Aceast\u0103 carte te va \u00eenv\u0103\u021ba tot ce trebuie s\u0103 \u0219tii!<\/span><br style=\"margin:0px;padding:0px;font-family:Commissioner, sans-serif;line-height:normal;color:#222222;font-size:16px;background-color:#ffffff\" \/><span style=\"color:#222222;font-family:Commissioner, sans-serif;font-size:16px;background-color:#ffffff\">\u00ce\u021bi va dezv\u0103lui secretele inteligen\u021bei artificiale \u0219i informa\u021bii despre robo\u021bii trecutului \u0219i viitorului.<\/span><br style=\"margin:0px;padding:0px;font-family:Commissioner, sans-serif;line-height:normal;color:#222222;font-size:16px;background-color:#ffffff\" \/><span style=\"color:#222222;font-family:Commissioner, sans-serif;font-size:16px;background-color:#ffffff\">\u00ce\u021bi va oferi faptele, cifrele \u0219i terminologia de care ai nevoie pentru a vorbi ca un om de \u0219tiin\u021b\u0103.<\/span><br style=\"margin:0px;padding:0px;font-family:Commissioner, sans-serif;line-height:normal;color:#222222;font-size:16px;background-color:#ffffff\" \/><span style=\"color:#222222;font-family:Commissioner, sans-serif;font-size:16px;background-color:#ffffff\">Te va inspira cu fotografii, imagini, schi\u021be \u0219i pove\u0219ti despre eroi robo\u021bi.<\/span><br style=\"margin:0px;padding:0px;font-family:Commissioner, sans-serif;line-height:normal;color:#222222;font-size:16px;background-color:#ffffff\" \/><br style=\"margin:0px;padding:0px;font-family:Commissioner, sans-serif;line-height:normal;color:#222222;font-size:16px;background-color:#ffffff\" \/><span style=\"color:#222222;font-family:Commissioner, sans-serif;font-size:16px;background-color:#ffffff\">Fiecare carte include 150-200 de imagini color (benzi desenate, fotografii \u0219i diagrame), precum \u0219i un glosar \u0219i un index.<\/span><\/p>\n<p><span style=\"color:#222222;font-family:Commissioner, sans-serif;font-size:16px;background-color:#ffffff\">Seria se bazeaz\u0103 pe edi\u021biile originale \u00een limba englez\u0103 ale Oxford University Press \u0219i este o extindere a seriei de succes cu acela\u0219i nume pentru adul\u021bi (care num\u0103r\u0103 acum peste 700 de titluri \u0219i a fost tradus\u0103 \u00een 51 de limbi).<\/span><br style=\"margin:0px;padding:0px;font-family:Commissioner, sans-serif;line-height:normal;color:#222222;font-size:16px;background-color:#ffffff\" \/><br style=\"margin:0px;padding:0px;font-family:Commissioner, sans-serif;line-height:normal;color:#222222;font-size:16px;background-color:#ffffff\" \/><img decoding=\"async\" src=\"https:\/\/api.metaixmio.gr\/data\/manager\/blogs\/oxford_university_press_logo.jpg\" alt=\"Oxford University Press\" style=\"margin:0px;padding:0px;max-width:none;vertical-align:middle;font-family:Commissioner, sans-serif;line-height:normal;color:#222222;font-size:16px;background-color:#ffffff;height:104px;width:300px\" \/><span style=\"color:#222222;font-family:Commissioner, sans-serif;font-size:16px;background-color:#ffffff\"><\/span><\/p>\n<p class=\"MsoNormal\"><span lang=\"en-us\" xml:lang=\"en-us\">Eu<\/span>SBN<span lang=\"en-us\" xml:lang=\"en-us\">: <\/span>978-618-03-3019-9<\/p>\n<\/p>\n<p class=\"MsoNormal\">Data emiterii<span lang=\"en-us\" xml:lang=\"en-us\">: <\/span>13\/10\/2022<\/p>\n<\/p>\n<p class=\"MsoNormal\">Autor: <a href=\"https:\/\/www.metaixmio.gr\/el\/contributor\/tom-jackson?code=author\" rel=\"noopener\"><span style=\"text-decoration:none\">Tom Jackson<\/span><\/a><\/p>\n<\/p>\n<p class=\"MsoNormal\">Traducere: Irini Paidousi<\/p>\n<\/p>\n<p class=\"MsoNormal\">Ilustrare<span lang=\"en-us\" xml:lang=\"en-us\">: <\/span><a href=\"https:\/\/www.metaixmio.gr\/el\/contributor\/ana-seixas?code=illustrator\" rel=\"noopener\"><span lang=\"en-us\" style=\"text-decoration:none\" xml:lang=\"en-us\">Ana Seixas,\u00a0<\/span><\/a><a href=\"https:\/\/www.metaixmio.gr\/el\/contributor\/adam-quest?code=illustrator\" rel=\"noopener\"><span lang=\"en-us\" style=\"text-decoration:none\" xml:lang=\"en-us\">Adam Quest<\/span><\/a><span lang=\"en-us\" xml:lang=\"en-us\"><\/span><\/p>\n<\/p>\n<p class=\"MsoNormal\">Categorie de v\u00e2rst\u0103: <a href=\"https:\/\/www.metaixmio.gr\/categories\/catalog?q=attr:%CE%97%CE%BB%CE%B9%CE%BA%CE%B9%CE%B1%CE%BA%CE%AE%20%CE%BA%CE%B1%CF%84%CE%B7%CE%B3%CE%BF%CF%81%CE%AF%CE%B1;%CE%93%CE%B9%CE%B1%20%CF%80%CE%B1%CE%B9%CE%B4%CE%B9%CE%AC%20%CE%B1%CF%80%CF%8C%209%20%CE%B5%CF%84%CF%8E%CE%BD\" rel=\"noopener\"><span style=\"text-decoration:none\">Pentru copii de la 9 ani<\/span><\/a><\/p>\n<\/p>\n<p class=\"MsoNormal\">Num\u0103rul seriei de c\u0103r\u021bi: 3<\/p>\n<\/p>\n<p class=\"MsoNormal\">Pagini: 96<\/p>\n<\/p>\n<p class=\"MsoNormal\">Tip copert\u0103: Copert\u0103 moale<\/p>\n<\/p>\n<p class=\"MsoNormal\">Dimensiuni: 11,1 x 17,4<\/p>\n<\/p>\n<p class=\"MsoNormal\">Titlu \u00een limba str\u0103in\u0103: <span lang=\"en-us\" xml:lang=\"en-us\">Robo\u021bi<\/span>, <span lang=\"en-us\" xml:lang=\"en-us\">Gadgeturi<\/span><span lang=\"en-us\" xml:lang=\"en-us\"> <\/span><span lang=\"en-us\" xml:lang=\"en-us\">\u015fi<\/span><span lang=\"en-us\" xml:lang=\"en-us\"> <\/span><span lang=\"en-us\" xml:lang=\"en-us\">Artificial<\/span><span lang=\"en-us\" xml:lang=\"en-us\"> <\/span><span lang=\"en-us\" xml:lang=\"en-us\">Inteligen\u021b\u0103<\/span><\/p><\/p>","protected":false},"excerpt":{"rendered":"<p><span style=\"color:#222222;font-family:Commissioner, sans-serif;font-size:16px;background-color:#ffffff\">O nou\u0103 serie de c\u0103r\u021bi de cuno\u0219tin\u021be, un instrument enciclopedic valoros, garantat de Oxford University Press. Exper\u021bi \u00een fiecare domeniu scriu \u00eentr-un mod u\u0219or de \u00een\u021beles, care le introduce copiilor fiecare subiect \u00een doar c\u00e2teva pagini.<\/span><\/p>","protected":false},"featured_media":5029,"comment_status":"open","ping_status":"closed","template":"","meta":{"site-sidebar-layout":"default","site-content-layout":"","ast-site-content-layout":"default","site-content-style":"default","site-sidebar-style":"default","ast-global-header-display":"","ast-banner-title-visibility":"","ast-main-header-display":"","ast-hfb-above-header-display":"","ast-hfb-below-header-display":"","ast-hfb-mobile-header-display":"","site-post-title":"","ast-breadcrumbs-content":"","ast-featured-img":"","footer-sml-layout":"","ast-disable-related-posts":"","theme-transparent-header-meta":"","adv-header-id-meta":"","stick-header-meta":"","header-above-stick-meta":"","header-main-stick-meta":"","header-below-stick-meta":"","astra-migrate-meta-layouts":"default","ast-page-background-enabled":"default","ast-page-background-meta":{"desktop":{"background-color":"var(--ast-global-color-5)","background-image":"","background-repeat":"repeat","background-position":"center center","background-size":"auto","background-attachment":"scroll","background-type":"","background-media":"","overlay-type":"","overlay-color":"","overlay-opacity":"","overlay-gradient":""},"tablet":{"background-color":"","background-image":"","background-repeat":"repeat","background-position":"center center","background-size":"auto","background-attachment":"scroll","background-type":"","background-media":"","overlay-type":"","overlay-color":"","overlay-opacity":"","overlay-gradient":""},"mobile":{"background-color":"","background-image":"","background-repeat":"repeat","background-position":"center center","background-size":"auto","background-attachment":"scroll","background-type":"","background-media":"","overlay-type":"","overlay-color":"","overlay-opacity":"","overlay-gradient":""}},"ast-content-background-meta":{"desktop":{"background-color":"var(--ast-global-color-4)","background-image":"","background-repeat":"repeat","background-position":"center center","background-size":"auto","background-attachment":"scroll","background-type":"","background-media":"","overlay-type":"","overlay-color":"","overlay-opacity":"","overlay-gradient":""},"tablet":{"background-color":"var(--ast-global-color-4)","background-image":"","background-repeat":"repeat","background-position":"center center","background-size":"auto","background-attachment":"scroll","background-type":"","background-media":"","overlay-type":"","overlay-color":"","overlay-opacity":"","overlay-gradient":""},"mobile":{"background-color":"var(--ast-global-color-4)","background-image":"","background-repeat":"repeat","background-position":"center center","background-size":"auto","background-attachment":"scroll","background-type":"","background-media":"","overlay-type":"","overlay-color":"","overlay-opacity":"","overlay-gradient":""}}},"product_brand":[115],"product_cat":[25],"product_tag":[],"class_list":{"0":"post-6867","1":"product","2":"type-product","3":"status-publish","4":"has-post-thumbnail","6":"product_brand-metaixmio","7":"product_cat--steam","8":"desktop-align-left","9":"tablet-align-left","10":"mobile-align-left","12":"first","13":"instock","14":"taxable","15":"shipping-taxable","16":"purchasable","17":"product-type-simple"},"_links":{"self":[{"href":"https:\/\/stem-eshop.gr\/ro\/wp-json\/wp\/v2\/product\/6867","targetHints":{"allow":["GET"]}}],"collection":[{"href":"https:\/\/stem-eshop.gr\/ro\/wp-json\/wp\/v2\/product"}],"about":[{"href":"https:\/\/stem-eshop.gr\/ro\/wp-json\/wp\/v2\/types\/product"}],"replies":[{"embeddable":true,"href":"https:\/\/stem-eshop.gr\/ro\/wp-json\/wp\/v2\/comments?post=6867"}],"wp:featuredmedia":[{"embeddable":true,"href":"https:\/\/stem-eshop.gr\/ro\/wp-json\/wp\/v2\/media\/5029"}],"wp:attachment":[{"href":"https:\/\/stem-eshop.gr\/ro\/wp-json\/wp\/v2\/media?parent=6867"}],"wp:term":[{"taxonomy":"product_brand","embeddable":true,"href":"https:\/\/stem-eshop.gr\/ro\/wp-json\/wp\/v2\/product_brand?post=6867"},{"taxonomy":"product_cat","embeddable":true,"href":"https:\/\/stem-eshop.gr\/ro\/wp-json\/wp\/v2\/product_cat?post=6867"},{"taxonomy":"product_tag","embeddable":true,"href":"https:\/\/stem-eshop.gr\/ro\/wp-json\/wp\/v2\/product_tag?post=6867"}],"curies":[{"name":"wp","href":"https:\/\/api.w.org\/{rel}","templated":true}]}}