{"id":6866,"date":"2025-05-19T08:54:46","date_gmt":"2025-05-19T08:54:46","guid":{"rendered":"https:\/\/stem-eshop.gr\/product\/100-%ce%b1%cf%80%ce%bb%ce%ad%cf%82-%ce%b4%cf%81%ce%b1%cf%83%cf%84%ce%b7%cf%81%ce%b9%cf%8c%cf%84%ce%b7%cf%84%ce%b5%cf%82-steam-%ce%b3%ce%b9%ce%b1-%ce%bc%ce%b9%ce%ba%cf%81%ce%bf%cf%8d%cf%82-%ce%b5%cf%80\/"},"modified":"2026-04-15T19:15:10","modified_gmt":"2026-04-15T16:15:10","slug":"100-%ce%b1%cf%80%ce%bb%ce%ad%cf%82-%ce%b4%cf%81%ce%b1%cf%83%cf%84%ce%b7%cf%81%ce%b9%cf%8c%cf%84%ce%b7%cf%84%ce%b5%cf%82-steam-%ce%b3%ce%b9%ce%b1-%ce%bc%ce%b9%ce%ba%cf%81%ce%bf%cf%8d%cf%82-%ce%b5%cf%80","status":"publish","type":"product","link":"https:\/\/stem-eshop.gr\/ro\/produs\/100-%ce%b1%cf%80%ce%bb%ce%ad%cf%82-%ce%b4%cf%81%ce%b1%cf%83%cf%84%ce%b7%cf%81%ce%b9%cf%8c%cf%84%ce%b7%cf%84%ce%b5%cf%82-steam-%ce%b3%ce%b9%ce%b1-%ce%bc%ce%b9%ce%ba%cf%81%ce%bf%cf%8d%cf%82-%ce%b5%cf%80\/","title":{"rendered":"100 de activit\u0103\u021bi STEAM simple pentru micii oameni de \u0219tiin\u021b\u0103 \u0219i arti\u0219ti"},"content":{"rendered":"<p><span style=\"color:#222222;font-family:Commissioner, sans-serif;font-size:16px;background-color:#ffffff\">Plou\u0103 \u0219i te-ai plictisit? Te-ai s\u0103turat s\u0103 te joci acelea\u0219i jocuri vechi? Alege una dintre activit\u0103\u021bile din carte, adun\u0103 materialele \u0219i... \u00eencepe! F\u0103 experimente uimitoare, cum ar fi Nori de Ploaie sau L\u0103mpi cu Lav\u0103. Transform\u0103 ora de matematic\u0103 \u00een gustare cu delicioase Frac\u021bii de Biscui\u021bi. Dezl\u0103n\u021buie-\u021bi talentul cu activit\u0103\u021bi artistice, cum ar fi H\u00e2rtie Marmorizat\u0103 sau Mon\u0219trii Z\u00e2mbitori. Vei g\u0103si activit\u0103\u021bi pentru fiecare anotimp, cum ar fi Pista de \u00cenot cu Spaghete de var\u0103 \u0219i Dovlecii Explozivi de toamn\u0103. \u00cencearc\u0103 s\u0103 experimentezi chimia, fizica, programarea, amestecarea culorilor \u0219i multe altele \u0219i dezvolt\u0103 abilit\u0103\u021bi de rezolvare a problemelor \u0219i de colaborare. Plin\u0103 de activit\u0103\u021bi care folosesc obiecte simple, de zi cu zi \u0219i necesit\u0103 pu\u021bin\u0103 supraveghere, cartea...\u00a0<\/span><i style=\"margin:0px;padding:0px;font-family:Commissioner, sans-serif;line-height:normal;color:#222222;font-size:16px;background-color:#ffffff\">100 de activit\u0103\u021bi STEAM simple<\/i><span style=\"color:#222222;font-family:Commissioner, sans-serif;font-size:16px;background-color:#ffffff\">\u00a0este ghidul suprem pentru zile fericite \u0219i creative!<\/span><br style=\"margin:0px;padding:0px;font-family:Commissioner, sans-serif;line-height:normal;color:#222222;font-size:16px;background-color:#ffffff\" \/><br style=\"margin:0px;padding:0px;font-family:Commissioner, sans-serif;line-height:normal;color:#222222;font-size:16px;background-color:#ffffff\" \/><span style=\"color:#222222;font-family:Commissioner, sans-serif;font-size:16px;background-color:#ffffff\">Cu bogat\u00a0<\/span>material fotografic<span style=\"color:#222222;font-family:Commissioner, sans-serif;font-size:16px;background-color:#ffffff\">\u00a0pentru o mai bun\u0103 \u00een\u021belegere a etapelor de implementare a fiec\u0103rei activit\u0103\u021bi!<\/span><\/p>\n<p><span style=\"color:#222222;font-family:Commissioner, sans-serif;font-size:16px;background-color:#ffffff\">Informa\u0163ii<\/span><\/p>\n<p class=\"MsoNormal\">ISBN: 978-618-03-2541-6<\/p>\n<\/p>\n<p class=\"MsoNormal\">Data public\u0103rii: 8\/4\/2021<\/p>\n<\/p>\n<p class=\"MsoNormal\">Autor: <a href=\"https:\/\/www.metaixmio.gr\/el\/contributor\/andrea-scalzo-yi?code=author\" rel=\"noopener\"><span>Andrea Scalzo Yi<\/span><\/a><\/p>\n<\/p>\n<p class=\"MsoNormal\">Traducere: Sofia Grigoriou<\/p>\n<\/p>\n<p class=\"MsoNormal\">Categorie de v\u00e2rst\u0103: <a href=\"https:\/\/www.metaixmio.gr\/categories\/catalog?q=attr:%CE%97%CE%BB%CE%B9%CE%BA%CE%B9%CE%B1%CE%BA%CE%AE%20%CE%BA%CE%B1%CF%84%CE%B7%CE%B3%CE%BF%CF%81%CE%AF%CE%B1;%CE%93%CE%B9%CE%B1%20%CF%80%CE%B1%CE%B9%CE%B4%CE%B9%CE%AC%20%CE%B1%CF%80%CF%8C%204%20%CE%B5%CF%84%CF%8E%CE%BD\" rel=\"noopener\"><span>Pentru copii de la 4 ani<\/span><\/a><\/p>\n<\/p>\n<p class=\"MsoNormal\">Pagini: 192<\/p>\n<\/p>\n<p class=\"MsoNormal\">Tip copert\u0103: Copert\u0103 moale<\/p>\n<\/p>\n<p class=\"MsoNormal\">\n<p class=\"MsoNormal\">Dimensiuni: 21 x 23<\/p>\n<\/p>\n<p><span style=\"color:#222222;font-family:Commissioner, sans-serif;font-size:16px;background-color:#ffffff\"><\/span><\/p>","protected":false},"excerpt":{"rendered":"<p><span style=\"color:#222222;font-family:Commissioner, sans-serif;font-size:16px;background-color:#ffffff\">O carte original\u0103 cu aspecte fantastice\u00a0<\/span>Activit\u0103\u021bi \u0219i experimente STEAM (\u0218tiin\u021b\u0103, Tehnologie, Inginerie, Arte, Matematic\u0103)<span style=\"color:#222222;font-family:Commissioner, sans-serif;font-size:16px;background-color:#ffffff\"> pentru copiii pre\u0219colari.<\/span><\/p>","protected":false},"featured_media":5027,"comment_status":"open","ping_status":"closed","template":"","meta":{"site-sidebar-layout":"default","site-content-layout":"","ast-site-content-layout":"default","site-content-style":"default","site-sidebar-style":"default","ast-global-header-display":"","ast-banner-title-visibility":"","ast-main-header-display":"","ast-hfb-above-header-display":"","ast-hfb-below-header-display":"","ast-hfb-mobile-header-display":"","site-post-title":"","ast-breadcrumbs-content":"","ast-featured-img":"","footer-sml-layout":"","ast-disable-related-posts":"","theme-transparent-header-meta":"","adv-header-id-meta":"","stick-header-meta":"","header-above-stick-meta":"","header-main-stick-meta":"","header-below-stick-meta":"","astra-migrate-meta-layouts":"default","ast-page-background-enabled":"default","ast-page-background-meta":{"desktop":{"background-color":"var(--ast-global-color-5)","background-image":"","background-repeat":"repeat","background-position":"center center","background-size":"auto","background-attachment":"scroll","background-type":"","background-media":"","overlay-type":"","overlay-color":"","overlay-opacity":"","overlay-gradient":""},"tablet":{"background-color":"","background-image":"","background-repeat":"repeat","background-position":"center center","background-size":"auto","background-attachment":"scroll","background-type":"","background-media":"","overlay-type":"","overlay-color":"","overlay-opacity":"","overlay-gradient":""},"mobile":{"background-color":"","background-image":"","background-repeat":"repeat","background-position":"center center","background-size":"auto","background-attachment":"scroll","background-type":"","background-media":"","overlay-type":"","overlay-color":"","overlay-opacity":"","overlay-gradient":""}},"ast-content-background-meta":{"desktop":{"background-color":"var(--ast-global-color-4)","background-image":"","background-repeat":"repeat","background-position":"center center","background-size":"auto","background-attachment":"scroll","background-type":"","background-media":"","overlay-type":"","overlay-color":"","overlay-opacity":"","overlay-gradient":""},"tablet":{"background-color":"var(--ast-global-color-4)","background-image":"","background-repeat":"repeat","background-position":"center center","background-size":"auto","background-attachment":"scroll","background-type":"","background-media":"","overlay-type":"","overlay-color":"","overlay-opacity":"","overlay-gradient":""},"mobile":{"background-color":"var(--ast-global-color-4)","background-image":"","background-repeat":"repeat","background-position":"center center","background-size":"auto","background-attachment":"scroll","background-type":"","background-media":"","overlay-type":"","overlay-color":"","overlay-opacity":"","overlay-gradient":""}}},"product_brand":[115],"product_cat":[25],"product_tag":[],"class_list":{"0":"post-6866","1":"product","2":"type-product","3":"status-publish","4":"has-post-thumbnail","6":"product_brand-metaixmio","7":"product_cat--steam","8":"desktop-align-left","9":"tablet-align-left","10":"mobile-align-left","12":"first","13":"instock","14":"taxable","15":"shipping-taxable","16":"purchasable","17":"product-type-simple"},"_links":{"self":[{"href":"https:\/\/stem-eshop.gr\/ro\/wp-json\/wp\/v2\/product\/6866","targetHints":{"allow":["GET"]}}],"collection":[{"href":"https:\/\/stem-eshop.gr\/ro\/wp-json\/wp\/v2\/product"}],"about":[{"href":"https:\/\/stem-eshop.gr\/ro\/wp-json\/wp\/v2\/types\/product"}],"replies":[{"embeddable":true,"href":"https:\/\/stem-eshop.gr\/ro\/wp-json\/wp\/v2\/comments?post=6866"}],"wp:featuredmedia":[{"embeddable":true,"href":"https:\/\/stem-eshop.gr\/ro\/wp-json\/wp\/v2\/media\/5027"}],"wp:attachment":[{"href":"https:\/\/stem-eshop.gr\/ro\/wp-json\/wp\/v2\/media?parent=6866"}],"wp:term":[{"taxonomy":"product_brand","embeddable":true,"href":"https:\/\/stem-eshop.gr\/ro\/wp-json\/wp\/v2\/product_brand?post=6866"},{"taxonomy":"product_cat","embeddable":true,"href":"https:\/\/stem-eshop.gr\/ro\/wp-json\/wp\/v2\/product_cat?post=6866"},{"taxonomy":"product_tag","embeddable":true,"href":"https:\/\/stem-eshop.gr\/ro\/wp-json\/wp\/v2\/product_tag?post=6866"}],"curies":[{"name":"wp","href":"https:\/\/api.w.org\/{rel}","templated":true}]}}