{"id":6865,"date":"2025-05-19T08:54:46","date_gmt":"2025-05-19T08:54:46","guid":{"rendered":"https:\/\/stem-eshop.gr\/product\/%ce%b5%ce%b9%cf%83%ce%b1%ce%b3%cf%89%ce%b3%ce%b7-%cf%83%cf%84%ce%b7-%cf%81%ce%bf%ce%bc%cf%80%ce%bf%cf%84%ce%b9%ce%ba%ce%b7-4%ce%b7-%ce%b2%ce%b5%ce%bb%cf%84%ce%b9%cf%89%ce%bc%ce%ad%ce%bd%ce%b7-%ce%ad\/"},"modified":"2025-05-22T21:13:35","modified_gmt":"2025-05-22T18:13:35","slug":"%ce%b5%ce%b9%cf%83%ce%b1%ce%b3%cf%89%ce%b3%ce%b7-%cf%83%cf%84%ce%b7-%cf%81%ce%bf%ce%bc%cf%80%ce%bf%cf%84%ce%b9%ce%ba%ce%b7-4%ce%b7-%ce%b2%ce%b5%ce%bb%cf%84%ce%b9%cf%89%ce%bc%ce%ad%ce%bd%ce%b7-%ce%ad","status":"publish","type":"product","link":"https:\/\/stem-eshop.gr\/ro\/produs\/%ce%b5%ce%b9%cf%83%ce%b1%ce%b3%cf%89%ce%b3%ce%b7-%cf%83%cf%84%ce%b7-%cf%81%ce%bf%ce%bc%cf%80%ce%bf%cf%84%ce%b9%ce%ba%ce%b7-4%ce%b7-%ce%b2%ce%b5%ce%bb%cf%84%ce%b9%cf%89%ce%bc%ce%ad%ce%bd%ce%b7-%ce%ad\/","title":{"rendered":"INTRODUCERE \u00ceN ROBOTIC\u0102, Edi\u021bia a 4-a revizuit\u0103"},"content":{"rendered":"<p style=\"margin:0px 0px 30px;font-family:'Open Sans';font-size:14px;background-color:#ffffff;text-align:justify\">Robotica necesit\u0103 o combina\u021bie a numeroase specialit\u0103\u021bi \u0219i profunzimea \u0219i amploarea cuno\u0219tin\u021belor pe care doar cineva care s-a implicat \u0219i a contribuit substan\u021bial la dezvolt\u0103ri le poate transmite. Tocmai acestea sunt caracteristicile care \u00eel \u201efotografiaz\u0103\u201d pe Craig. Prin cele 13 capitole ale c\u0103r\u021bii, autorul, un cercet\u0103tor \u0219i \u201eprofesor\u201d de robotic\u0103 de renume mondial \u0219i apreciat, dezvolt\u0103 pas cu pas \u0219i metodic o acoperire unitar\u0103 a acestui subiect cognitiv actual \u0219i, \u00een acela\u0219i timp, fascinant.<\/p>\n<p style=\"margin:0px 0px 30px;font-family:'Open Sans';font-size:14px;background-color:#ffffff;text-align:justify\">Con\u021bine: Introducere \u2013 Reprezent\u0103ri \u0219i transform\u0103ri spa\u021biale \u2013 Cinematica bra\u021belor robotizate \u2013 Cinematica invers\u0103 a bra\u021belor robotizate \u2013 Jacobieni: viteze \u0219i for\u021be statice \u2013 Dinamica bra\u021belor robotizate \u2013 Generarea traiectoriei \u2013 Proiectarea mecanic\u0103 a bra\u021belor robotizate \u2013 Controlul automat liniar al bra\u021belor robotizate \u2013 Controlul automat neliniar al bra\u021belor robotizate \u2013 Controlul automat al for\u021bei bra\u021belor robotizate \u2013 Sisteme \u0219i limbaje de programare a robo\u021bilor \u2013 Sisteme de programare neinterconectate \u2013 Identit\u0103\u021bi trigonometrice \u2013 Tabelele de rota\u021bie echivalente pentru conven\u021biile celor 24 de unghiuri \u2013 Ecua\u021bii cinematice inverse \u2013 Solu\u021bii la exerci\u021bii selectate \u2013 Index<\/p>\n<p style=\"margin:0px 0px 30px;font-family:'Open Sans';font-size:14px;background-color:#ffffff;text-align:justify\">ISBN<span>: 978-618-221-113-7<\/span><br \/>Codul lui Eudoxus<span>: 133028825<\/span><br \/>Emisiune<span>Edi\u021bia a 4-a revizuit\u0103<\/span><br \/>Anul public\u0103rii<span>: 2024<\/span><br \/>Pagini<span>: 512<\/span><br \/>Editare \u0219tiin\u021bific\u0103<span>Aristide Vezi Gogousis<\/span><br \/>Traduc\u0103tor<span>Aristide Vezi Gogousis<\/span><br \/>Imprimare<span>Patru culori<\/span><br \/>Dimensiuni<span>17 x 24<\/span><br \/>Acoperi<span>Greu<\/span><br \/>Editor<span>Publica\u021bii TZIOLA<\/span><\/p>","protected":false},"excerpt":{"rendered":"<p><span style=\"font-family:'Open Sans';font-size:14px;text-align:justify;background-color:#ffffff\">Aceast\u0103 carte este o introducere complet\u0103 \u0219i u\u0219or de \u00een\u021beles \u00een \u0219tiin\u021ba \u0219i tehnologia roboticii. \u00cenc\u0103 de la prima edi\u021bie, a fost consacrat\u0103 ca referin\u021b\u0103 bibliografic\u0103 de baz\u0103 \u00een toate c\u0103r\u021bile de robotic\u0103 str\u0103ine \u0219i grece\u0219ti, precum \u0219i \u00een articolele \u0219tiin\u021bifice interna\u021bionale. A ap\u0103rut \u00een urma cursurilor universitare ale lui John Craig la Universitatea Stanford.<\/span><\/p>","protected":false},"featured_media":5024,"comment_status":"open","ping_status":"closed","template":"","meta":{"site-sidebar-layout":"default","site-content-layout":"","ast-site-content-layout":"default","site-content-style":"default","site-sidebar-style":"default","ast-global-header-display":"","ast-banner-title-visibility":"","ast-main-header-display":"","ast-hfb-above-header-display":"","ast-hfb-below-header-display":"","ast-hfb-mobile-header-display":"","site-post-title":"","ast-breadcrumbs-content":"","ast-featured-img":"","footer-sml-layout":"","ast-disable-related-posts":"","theme-transparent-header-meta":"","adv-header-id-meta":"","stick-header-meta":"","header-above-stick-meta":"","header-main-stick-meta":"","header-below-stick-meta":"","astra-migrate-meta-layouts":"default","ast-page-background-enabled":"default","ast-page-background-meta":{"desktop":{"background-color":"var(--ast-global-color-5)","background-image":"","background-repeat":"repeat","background-position":"center center","background-size":"auto","background-attachment":"scroll","background-type":"","background-media":"","overlay-type":"","overlay-color":"","overlay-opacity":"","overlay-gradient":""},"tablet":{"background-color":"","background-image":"","background-repeat":"repeat","background-position":"center center","background-size":"auto","background-attachment":"scroll","background-type":"","background-media":"","overlay-type":"","overlay-color":"","overlay-opacity":"","overlay-gradient":""},"mobile":{"background-color":"","background-image":"","background-repeat":"repeat","background-position":"center center","background-size":"auto","background-attachment":"scroll","background-type":"","background-media":"","overlay-type":"","overlay-color":"","overlay-opacity":"","overlay-gradient":""}},"ast-content-background-meta":{"desktop":{"background-color":"var(--ast-global-color-4)","background-image":"","background-repeat":"repeat","background-position":"center center","background-size":"auto","background-attachment":"scroll","background-type":"","background-media":"","overlay-type":"","overlay-color":"","overlay-opacity":"","overlay-gradient":""},"tablet":{"background-color":"var(--ast-global-color-4)","background-image":"","background-repeat":"repeat","background-position":"center center","background-size":"auto","background-attachment":"scroll","background-type":"","background-media":"","overlay-type":"","overlay-color":"","overlay-opacity":"","overlay-gradient":""},"mobile":{"background-color":"var(--ast-global-color-4)","background-image":"","background-repeat":"repeat","background-position":"center center","background-size":"auto","background-attachment":"scroll","background-type":"","background-media":"","overlay-type":"","overlay-color":"","overlay-opacity":"","overlay-gradient":""}}},"product_brand":[110],"product_cat":[25],"product_tag":[],"class_list":{"0":"post-6865","1":"product","2":"type-product","3":"status-publish","4":"has-post-thumbnail","6":"product_brand-tziola","7":"product_cat--steam","8":"desktop-align-left","9":"tablet-align-left","10":"mobile-align-left","12":"first","13":"instock","14":"taxable","15":"shipping-taxable","16":"purchasable","17":"product-type-simple"},"_links":{"self":[{"href":"https:\/\/stem-eshop.gr\/ro\/wp-json\/wp\/v2\/product\/6865","targetHints":{"allow":["GET"]}}],"collection":[{"href":"https:\/\/stem-eshop.gr\/ro\/wp-json\/wp\/v2\/product"}],"about":[{"href":"https:\/\/stem-eshop.gr\/ro\/wp-json\/wp\/v2\/types\/product"}],"replies":[{"embeddable":true,"href":"https:\/\/stem-eshop.gr\/ro\/wp-json\/wp\/v2\/comments?post=6865"}],"wp:featuredmedia":[{"embeddable":true,"href":"https:\/\/stem-eshop.gr\/ro\/wp-json\/wp\/v2\/media\/5024"}],"wp:attachment":[{"href":"https:\/\/stem-eshop.gr\/ro\/wp-json\/wp\/v2\/media?parent=6865"}],"wp:term":[{"taxonomy":"product_brand","embeddable":true,"href":"https:\/\/stem-eshop.gr\/ro\/wp-json\/wp\/v2\/product_brand?post=6865"},{"taxonomy":"product_cat","embeddable":true,"href":"https:\/\/stem-eshop.gr\/ro\/wp-json\/wp\/v2\/product_cat?post=6865"},{"taxonomy":"product_tag","embeddable":true,"href":"https:\/\/stem-eshop.gr\/ro\/wp-json\/wp\/v2\/product_tag?post=6865"}],"curies":[{"name":"wp","href":"https:\/\/api.w.org\/{rel}","templated":true}]}}