{"id":6862,"date":"2025-05-19T08:54:45","date_gmt":"2025-05-19T08:54:45","guid":{"rendered":"https:\/\/stem-eshop.gr\/product\/%ce%bf%ce%b9-%cf%84%cf%80%ce%b5-%cf%83%cf%84%ce%b9%cf%83-%ce%b5%cf%80%ce%b9%cf%83%cf%84%ce%b7%ce%bc%ce%b5%cf%83-%cf%84%ce%b7%cf%83-%ce%b1%ce%b3%cf%89%ce%b3%ce%b7%cf%83-%cf%83%cf%87%ce%b5%ce%b4%ce%b9\/"},"modified":"2025-05-22T21:13:35","modified_gmt":"2025-05-22T18:13:35","slug":"%ce%bf%ce%b9-%cf%84%cf%80%ce%b5-%cf%83%cf%84%ce%b9%cf%83-%ce%b5%cf%80%ce%b9%cf%83%cf%84%ce%b7%ce%bc%ce%b5%cf%83-%cf%84%ce%b7%cf%83-%ce%b1%ce%b3%cf%89%ce%b3%ce%b7%cf%83-%cf%83%cf%87%ce%b5%ce%b4%ce%b9","status":"publish","type":"product","link":"https:\/\/stem-eshop.gr\/ro\/produs\/%ce%bf%ce%b9-%cf%84%cf%80%ce%b5-%cf%83%cf%84%ce%b9%cf%83-%ce%b5%cf%80%ce%b9%cf%83%cf%84%ce%b7%ce%bc%ce%b5%cf%83-%cf%84%ce%b7%cf%83-%ce%b1%ce%b3%cf%89%ce%b3%ce%b7%cf%83-%cf%83%cf%87%ce%b5%ce%b4%ce%b9\/","title":{"rendered":"TIC \u00ceN \u0218TIIN\u021aELE EDUCA\u021aIEI: Proiectarea Scenariilor de Predare"},"content":{"rendered":"<p>Con\u021bine:<span style=\"font-family:'Open Sans';font-size:14px;text-align:justify;background-color:#ffffff\"> Informatic\u0103, tehnologie, informa\u021bie \u0219i comunicare, tehnologie informatic\u0103 \u0219i educa\u021bional\u0103, teorii ale \u00eenv\u0103\u021b\u0103rii, abord\u0103ri umaniste, cognitive, sociale, comportamentale, moderne de predare, proiectarea scenariilor de predare \u0219i TIC, evaluarea hardware-ului \u0219i software-ului TIC \u00een educa\u021bie, software educa\u021bional \u0219i instrumente WEB 2.0, laboratoare virtuale, CAD, GIS \u0219i design de site-uri web, medii electronice de \u00eenv\u0103\u021bare, introducere \u00een \u00eenv\u0103\u021barea mobil\u0103, introducere \u00een realitatea virtual\u0103 \u0219i augmentat\u0103, programare vizual\u0103, robotic\u0103 educa\u021bional\u0103, introducere \u00een tehnologia \u00eenv\u0103\u021b\u0103m\u00e2ntului la distan\u021b\u0103, educa\u021bia adul\u021bilor \u0219i TIC, tehnologiile informa\u021biei \u0219i comunica\u021biilor pentru elevii cu nevoi speciale, inteligen\u021ba artificial\u0103 \u0219i \u00eenv\u0103\u021barea automat\u0103 \u00een educa\u021bie.<\/span><\/p>\n<p><span style=\"font-family:'Open Sans';font-size:14px;text-align:justify;background-color:#ffffff\"><\/span><\/p>\n<p><span style=\"font-family:'Open Sans';font-size:14px;text-align:justify;background-color:#ffffff\"><strong>ISBN<\/strong><span>: 9789604188291<\/span><br \/><strong>Codul lui Eudoxus<\/strong><span>: 77115856<\/span><br \/><strong>Emisiune<\/strong><span>Edi\u021bia I<\/span><br \/><strong>Anul public\u0103rii<\/strong><span>: 2020<\/span><br \/><strong>Pagini<\/strong><span>: 672<\/span><br \/><strong>Imprimare<\/strong><span>Patru culori<\/span><br \/><strong>Dimensiuni<\/strong><span>21 x 29<\/span><br \/><strong>Acoperi<\/strong><span>Greu<\/span><br \/><strong>Editor<\/strong><span>Publica\u021bii TZIOLA<\/span><\/span><\/p>","protected":false},"excerpt":{"rendered":"<p>Cartea <em>\u201eTIC \u00een \u0219tiin\u021bele educa\u021biei: Proiectarea scenariilor didactice\u201d<\/em> este un ghid cuprinz\u0103tor pentru studen\u021bi, profesori \u0219i formatori care doresc s\u0103 integreze Tehnologiile Informa\u021biei \u0219i Comunica\u021biilor (TIC) \u00een practica educa\u021bional\u0103. Se concentreaz\u0103 pe documentarea teoretic\u0103, proiectarea pedagogic\u0103 \u0219i implementarea practic\u0103 a scenariilor de predare folosind instrumente digitale.<\/p>","protected":false},"featured_media":5015,"comment_status":"open","ping_status":"closed","template":"","meta":{"site-sidebar-layout":"default","site-content-layout":"","ast-site-content-layout":"default","site-content-style":"default","site-sidebar-style":"default","ast-global-header-display":"","ast-banner-title-visibility":"","ast-main-header-display":"","ast-hfb-above-header-display":"","ast-hfb-below-header-display":"","ast-hfb-mobile-header-display":"","site-post-title":"","ast-breadcrumbs-content":"","ast-featured-img":"","footer-sml-layout":"","ast-disable-related-posts":"","theme-transparent-header-meta":"","adv-header-id-meta":"","stick-header-meta":"","header-above-stick-meta":"","header-main-stick-meta":"","header-below-stick-meta":"","astra-migrate-meta-layouts":"default","ast-page-background-enabled":"default","ast-page-background-meta":{"desktop":{"background-color":"var(--ast-global-color-5)","background-image":"","background-repeat":"repeat","background-position":"center center","background-size":"auto","background-attachment":"scroll","background-type":"","background-media":"","overlay-type":"","overlay-color":"","overlay-opacity":"","overlay-gradient":""},"tablet":{"background-color":"","background-image":"","background-repeat":"repeat","background-position":"center center","background-size":"auto","background-attachment":"scroll","background-type":"","background-media":"","overlay-type":"","overlay-color":"","overlay-opacity":"","overlay-gradient":""},"mobile":{"background-color":"","background-image":"","background-repeat":"repeat","background-position":"center center","background-size":"auto","background-attachment":"scroll","background-type":"","background-media":"","overlay-type":"","overlay-color":"","overlay-opacity":"","overlay-gradient":""}},"ast-content-background-meta":{"desktop":{"background-color":"var(--ast-global-color-4)","background-image":"","background-repeat":"repeat","background-position":"center center","background-size":"auto","background-attachment":"scroll","background-type":"","background-media":"","overlay-type":"","overlay-color":"","overlay-opacity":"","overlay-gradient":""},"tablet":{"background-color":"var(--ast-global-color-4)","background-image":"","background-repeat":"repeat","background-position":"center center","background-size":"auto","background-attachment":"scroll","background-type":"","background-media":"","overlay-type":"","overlay-color":"","overlay-opacity":"","overlay-gradient":""},"mobile":{"background-color":"var(--ast-global-color-4)","background-image":"","background-repeat":"repeat","background-position":"center center","background-size":"auto","background-attachment":"scroll","background-type":"","background-media":"","overlay-type":"","overlay-color":"","overlay-opacity":"","overlay-gradient":""}}},"product_brand":[110],"product_cat":[25],"product_tag":[],"class_list":{"0":"post-6862","1":"product","2":"type-product","3":"status-publish","4":"has-post-thumbnail","6":"product_brand-tziola","7":"product_cat--steam","8":"desktop-align-left","9":"tablet-align-left","10":"mobile-align-left","12":"first","13":"instock","14":"taxable","15":"shipping-taxable","16":"purchasable","17":"product-type-simple"},"_links":{"self":[{"href":"https:\/\/stem-eshop.gr\/ro\/wp-json\/wp\/v2\/product\/6862","targetHints":{"allow":["GET"]}}],"collection":[{"href":"https:\/\/stem-eshop.gr\/ro\/wp-json\/wp\/v2\/product"}],"about":[{"href":"https:\/\/stem-eshop.gr\/ro\/wp-json\/wp\/v2\/types\/product"}],"replies":[{"embeddable":true,"href":"https:\/\/stem-eshop.gr\/ro\/wp-json\/wp\/v2\/comments?post=6862"}],"wp:featuredmedia":[{"embeddable":true,"href":"https:\/\/stem-eshop.gr\/ro\/wp-json\/wp\/v2\/media\/5015"}],"wp:attachment":[{"href":"https:\/\/stem-eshop.gr\/ro\/wp-json\/wp\/v2\/media?parent=6862"}],"wp:term":[{"taxonomy":"product_brand","embeddable":true,"href":"https:\/\/stem-eshop.gr\/ro\/wp-json\/wp\/v2\/product_brand?post=6862"},{"taxonomy":"product_cat","embeddable":true,"href":"https:\/\/stem-eshop.gr\/ro\/wp-json\/wp\/v2\/product_cat?post=6862"},{"taxonomy":"product_tag","embeddable":true,"href":"https:\/\/stem-eshop.gr\/ro\/wp-json\/wp\/v2\/product_tag?post=6862"}],"curies":[{"name":"wp","href":"https:\/\/api.w.org\/{rel}","templated":true}]}}