{"id":6858,"date":"2025-05-19T08:54:42","date_gmt":"2025-05-19T08:54:42","guid":{"rendered":"https:\/\/stem-eshop.gr\/product\/ngs-%cf%83%ce%b5%cf%84-250-%cf%84%ce%bf%cf%85%ce%b2%ce%bb%ce%ac%ce%ba%ce%b9%ce%b1\/"},"modified":"2025-10-15T12:44:10","modified_gmt":"2025-10-15T09:44:10","slug":"ngs-%cf%83%ce%b5%cf%84-250-%cf%84%ce%bf%cf%85%ce%b2%ce%bb%ce%ac%ce%ba%ce%b9%ce%b1","status":"publish","type":"product","link":"https:\/\/stem-eshop.gr\/ro\/produs\/ngs-%cf%83%ce%b5%cf%84-250-%cf%84%ce%bf%cf%85%ce%b2%ce%bb%ce%ac%ce%ba%ce%b9%ce%b1\/","title":{"rendered":"Set NGS de 250 de c\u0103r\u0103mizi"},"content":{"rendered":"<p class=\"MsoNormal\">\u039c\u03b5 250 \u03c4\u03bf\u03c5\u03b2\u03bb\u03ac\u03ba\u03b9\u03b1 \u03bc\u03c0\u03bf\u03c1\u03b5\u03af\u03c2 \u03bd\u03b1 \u03ba\u03ac\u03bd\u03b5\u03b9\u03c2 \u03c0\u03bf\u03bb\u03bb\u03ac \u03b4\u03b7\u03bc\u03b9\u03bf\u03c5\u03c1\u03b3\u03b9\u03ba\u03ac \u03ba\u03b1\u03b9 \u03b5\u03bd\u03b4\u03b9\u03b1\u03c6\u03ad\u03c1\u03bf\u03bd\u03c4\u03b1 \u03c0\u03c1\u03ac\u03b3\u03bc\u03b1\u03c4\u03b1.<span lang=\"en-us\" xml:lang=\"en-us\"><\/span><\/p>\n<\/p>\n<p class=\"MsoNormal\">Iat\u0103 c\u00e2teva idei:<span lang=\"en-us\" xml:lang=\"en-us\"><\/span><\/p>\n<\/p>\n<p class=\"MsoNormal\">Construc\u021bii \u0219i structuri \u2013 ora\u0219e mici sau sate<\/p>\n<\/p>\n<p class=\"MsoNormal\">Crea\u021bii artistice \u2013 Litere \u0219i cifre 3D<\/p>\n<\/p>\n<p class=\"MsoNormal\">Jocuri educa\u021bionale \u2013 Jocuri matematice sau jocuri de strategie<\/p>\n<\/p>\n<p class=\"MsoNormal\">Construc\u021bii interactive \u2013 Modele mecanice<\/p>\n<\/p>\n<p class=\"MsoNormal\">Posibilit\u0103\u021bile sunt nelimitate, iar creativitatea ta poate duce la rezultate foarte interesante \u0219i unice.<span lang=\"en-us\" xml:lang=\"en-us\"><\/span><\/p>\n<\/p>\n<p class=\"MsoNormal\">Distreaz\u0103-te cu c\u0103r\u0103mizile tale!<\/p><\/p>","protected":false},"excerpt":{"rendered":"<p class=\"MsoNormal\">C\u0103r\u0103mizile sunt un material excelent pentru crearea \u0219i exprimarea imagina\u021biei.<span lang=\"en-us\" xml:lang=\"en-us\"><\/span><\/p>\n<\/p>\n<p class=\"MsoNormal\">\u039c\u03b5 250 \u03c4\u03bf\u03c5\u03b2\u03bb\u03ac\u03ba\u03b9\u03b1, \u03bf\u03b9 \u03b4\u03c5\u03bd\u03b1\u03c4\u03cc\u03c4\u03b7\u03c4\u03b5\u03c2 \u03b5\u03af\u03bd\u03b1\u03b9 \u03b1\u03bc\u03ad\u03c4\u03c1\u03b7\u03c4\u03b5\u03c2 \u03ba\u03b1\u03b9 \u03b7 \u03bc\u03cc\u03bd\u03b7 \u03c0\u03b5\u03c1\u03b9\u03bf\u03c1\u03b9\u03c3\u03c4\u03b9\u03ba\u03ae \u03c0\u03b1\u03c1\u03ac\u03bc\u03b5\u03c4\u03c1\u03bf\u03c2 \u03b5\u03af\u03bd\u03b1\u03b9 \u03b7 \u03b4\u03b9\u03ba\u03ae \u03c3\u03bf\u03c5 \u03c6\u03b1\u03bd\u03c4\u03b1\u03c3\u03af\u03b1. \u0391\u03c0\u03cc \u03c0\u03b5\u03c1\u03af\u03c0\u03bb\u03bf\u03ba\u03b5\u03c2 \u03ba\u03b1\u03c4\u03b1\u03c3\u03ba\u03b5\u03c5\u03ad\u03c2 \u03ba\u03b1\u03b9 \u03b4\u03bf\u03bc\u03ad\u03c2, \u03bc\u03ad\u03c7\u03c1\u03b9 \u03ba\u03b1\u03bb\u03bb\u03b9\u03c4\u03b5\u03c7\u03bd\u03b9\u03ba\u03ad\u03c2 \u03b4\u03b7\u03bc\u03b9\u03bf\u03c5\u03c1\u03b3\u03af\u03b5\u03c2 \u03ba\u03b1\u03b9 \u03b5\u03ba\u03c0\u03b1\u03b9\u03b4\u03b5\u03c5\u03c4\u03b9\u03ba\u03ac \u03c0\u03b1\u03b9\u03c7\u03bd\u03af\u03b4\u03b9\u03b1, \u03c4\u03b1 \u03c4\u03bf\u03c5\u03b2\u03bb\u03ac\u03ba\u03b9\u03b1 \u03bc\u03c0\u03bf\u03c1\u03bf\u03cd\u03bd \u03bd\u03b1 \u03b3\u03af\u03bd\u03bf\u03c5\u03bd \u03b5\u03c1\u03b3\u03b1\u03bb\u03b5\u03af\u03bf \u03b3\u03b9\u03b1 \u03bd\u03b1 \u03c6\u03c4\u03b9\u03ac\u03be\u03b5\u03b9\u03c2 \u03bf\u03c4\u03b9\u03b4\u03ae\u03c0\u03bf\u03c4\u03b5 \u03bc\u03c0\u03bf\u03c1\u03b5\u03af\u03c2 \u03bd\u03b1 \u03bf\u03bd\u03b5\u03b9\u03c1\u03b5\u03c5\u03c4\u03b5\u03af\u03c2.<\/p><\/p>","protected":false},"featured_media":4997,"comment_status":"open","ping_status":"closed","template":"","meta":{"site-sidebar-layout":"default","site-content-layout":"","ast-site-content-layout":"default","site-content-style":"default","site-sidebar-style":"default","ast-global-header-display":"","ast-banner-title-visibility":"","ast-main-header-display":"","ast-hfb-above-header-display":"","ast-hfb-below-header-display":"","ast-hfb-mobile-header-display":"","site-post-title":"","ast-breadcrumbs-content":"","ast-featured-img":"","footer-sml-layout":"","ast-disable-related-posts":"","theme-transparent-header-meta":"","adv-header-id-meta":"","stick-header-meta":"","header-above-stick-meta":"","header-main-stick-meta":"","header-below-stick-meta":"","astra-migrate-meta-layouts":"default","ast-page-background-enabled":"default","ast-page-background-meta":{"desktop":{"background-color":"var(--ast-global-color-5)","background-image":"","background-repeat":"repeat","background-position":"center center","background-size":"auto","background-attachment":"scroll","background-type":"","background-media":"","overlay-type":"","overlay-color":"","overlay-opacity":"","overlay-gradient":""},"tablet":{"background-color":"","background-image":"","background-repeat":"repeat","background-position":"center center","background-size":"auto","background-attachment":"scroll","background-type":"","background-media":"","overlay-type":"","overlay-color":"","overlay-opacity":"","overlay-gradient":""},"mobile":{"background-color":"","background-image":"","background-repeat":"repeat","background-position":"center center","background-size":"auto","background-attachment":"scroll","background-type":"","background-media":"","overlay-type":"","overlay-color":"","overlay-opacity":"","overlay-gradient":""}},"ast-content-background-meta":{"desktop":{"background-color":"var(--ast-global-color-4)","background-image":"","background-repeat":"repeat","background-position":"center center","background-size":"auto","background-attachment":"scroll","background-type":"","background-media":"","overlay-type":"","overlay-color":"","overlay-opacity":"","overlay-gradient":""},"tablet":{"background-color":"var(--ast-global-color-4)","background-image":"","background-repeat":"repeat","background-position":"center center","background-size":"auto","background-attachment":"scroll","background-type":"","background-media":"","overlay-type":"","overlay-color":"","overlay-opacity":"","overlay-gradient":""},"mobile":{"background-color":"var(--ast-global-color-4)","background-image":"","background-repeat":"repeat","background-position":"center center","background-size":"auto","background-attachment":"scroll","background-type":"","background-media":"","overlay-type":"","overlay-color":"","overlay-opacity":"","overlay-gradient":""}}},"product_brand":[107],"product_cat":[126,43,29,32,57,35,30,59],"product_tag":[],"class_list":{"0":"post-6858","1":"product","2":"type-product","3":"status-publish","4":"has-post-thumbnail","6":"product_brand-ngs","7":"product_cat-126","8":"product_cat-43","9":"product_cat-29","10":"product_cat-32","11":"product_cat-57","12":"product_cat--10-12-","13":"product_cat--6-9-","14":"product_cat-59","15":"desktop-align-left","16":"tablet-align-left","17":"mobile-align-left","19":"first","20":"instock","21":"taxable","22":"shipping-taxable","23":"purchasable","24":"product-type-simple"},"_links":{"self":[{"href":"https:\/\/stem-eshop.gr\/ro\/wp-json\/wp\/v2\/product\/6858","targetHints":{"allow":["GET"]}}],"collection":[{"href":"https:\/\/stem-eshop.gr\/ro\/wp-json\/wp\/v2\/product"}],"about":[{"href":"https:\/\/stem-eshop.gr\/ro\/wp-json\/wp\/v2\/types\/product"}],"replies":[{"embeddable":true,"href":"https:\/\/stem-eshop.gr\/ro\/wp-json\/wp\/v2\/comments?post=6858"}],"wp:featuredmedia":[{"embeddable":true,"href":"https:\/\/stem-eshop.gr\/ro\/wp-json\/wp\/v2\/media\/4997"}],"wp:attachment":[{"href":"https:\/\/stem-eshop.gr\/ro\/wp-json\/wp\/v2\/media?parent=6858"}],"wp:term":[{"taxonomy":"product_brand","embeddable":true,"href":"https:\/\/stem-eshop.gr\/ro\/wp-json\/wp\/v2\/product_brand?post=6858"},{"taxonomy":"product_cat","embeddable":true,"href":"https:\/\/stem-eshop.gr\/ro\/wp-json\/wp\/v2\/product_cat?post=6858"},{"taxonomy":"product_tag","embeddable":true,"href":"https:\/\/stem-eshop.gr\/ro\/wp-json\/wp\/v2\/product_tag?post=6858"}],"curies":[{"name":"wp","href":"https:\/\/api.w.org\/{rel}","templated":true}]}}