{"id":6853,"date":"2025-05-19T08:54:33","date_gmt":"2025-05-19T08:54:33","guid":{"rendered":"https:\/\/stem-eshop.gr\/product\/gigo-easy-electric-circuits\/"},"modified":"2025-12-29T10:43:35","modified_gmt":"2025-12-29T07:43:35","slug":"gigo-easy-electric-circuits","status":"publish","type":"product","link":"https:\/\/stem-eshop.gr\/ro\/produs\/gigo-easy-electric-circuits\/","title":{"rendered":"Circuite electrice Gigo Easy"},"content":{"rendered":"<p><span style=\"color: #303030;font-family: Comfortaa, Arial, Helvetica, sans-serif;font-size: 14px;background-color: #ffffff\">Descoperi\u021bi diferen\u021ba dintre circuitele care func\u021bioneaz\u0103 \u00een serie \u0219i \u00een paralel.<\/span><\/p>\n<p><span style=\"color: #303030;font-family: Comfortaa, Arial, Helvetica, sans-serif;font-size: 14px;background-color: #ffffff\">Construie\u0219te 5 modele (leu, pas\u0103re, ma\u0219in\u0103, zootrop \u0219i iluzie) \u0219i realizeaz\u0103 20 de tipuri de experimente.<\/span><\/p>\n<p><span style=\"color: #303030;font-family: Comfortaa, Arial, Helvetica, sans-serif;font-size: 14px;background-color: #ffffff\">Experimentele \u0219tiin\u021bifice implic\u0103 multe combina\u021bii de motoare \u0219i LED-uri.<\/span><\/p>\n<p><span style=\"color: #303030;font-family: Comfortaa, Arial, Helvetica, sans-serif;font-size: 14px;background-color: #ffffff\">Necesit\u0103 2 baterii AA\/LR06 \u2013 nu sunt incluse.<\/span><\/p>\n<p>Circuitele electrice Gigo Easy sunt potrivite pentru utilizare \u00een s\u0103lile de clas\u0103, activit\u0103\u021bi extra\u0219colare \u0219i \u00eenv\u0103\u021bare acas\u0103. Sunt ideale pentru copiii de peste 8 ani \u0219i reprezint\u0103 o introducere excelent\u0103 \u00een lumea electricit\u0103\u021bii \u0219i fizicii.<\/p>","protected":false},"excerpt":{"rendered":"<p><span style=\"color: #303030;font-family: Comfortaa, Arial, Helvetica, sans-serif;font-size: 14px;background-color: #ffffff\">Exploreaz\u0103 lumea fascinant\u0103 a circuitelor electrice!<\/span><\/p>","protected":false},"featured_media":4958,"comment_status":"open","ping_status":"closed","template":"","meta":{"site-sidebar-layout":"default","site-content-layout":"","ast-site-content-layout":"default","site-content-style":"default","site-sidebar-style":"default","ast-global-header-display":"","ast-banner-title-visibility":"","ast-main-header-display":"","ast-hfb-above-header-display":"","ast-hfb-below-header-display":"","ast-hfb-mobile-header-display":"","site-post-title":"","ast-breadcrumbs-content":"","ast-featured-img":"","footer-sml-layout":"","ast-disable-related-posts":"","theme-transparent-header-meta":"default","adv-header-id-meta":"","stick-header-meta":"","header-above-stick-meta":"","header-main-stick-meta":"","header-below-stick-meta":"","astra-migrate-meta-layouts":"set","ast-page-background-enabled":"default","ast-page-background-meta":{"desktop":{"background-color":"var(--ast-global-color-5)","background-image":"","background-repeat":"repeat","background-position":"center center","background-size":"auto","background-attachment":"scroll","background-type":"","background-media":"","overlay-type":"","overlay-color":"","overlay-opacity":"","overlay-gradient":""},"tablet":{"background-color":"","background-image":"","background-repeat":"repeat","background-position":"center center","background-size":"auto","background-attachment":"scroll","background-type":"","background-media":"","overlay-type":"","overlay-color":"","overlay-opacity":"","overlay-gradient":""},"mobile":{"background-color":"","background-image":"","background-repeat":"repeat","background-position":"center center","background-size":"auto","background-attachment":"scroll","background-type":"","background-media":"","overlay-type":"","overlay-color":"","overlay-opacity":"","overlay-gradient":""}},"ast-content-background-meta":{"desktop":{"background-color":"var(--ast-global-color-4)","background-image":"","background-repeat":"repeat","background-position":"center center","background-size":"auto","background-attachment":"scroll","background-type":"","background-media":"","overlay-type":"","overlay-color":"","overlay-opacity":"","overlay-gradient":""},"tablet":{"background-color":"var(--ast-global-color-4)","background-image":"","background-repeat":"repeat","background-position":"center center","background-size":"auto","background-attachment":"scroll","background-type":"","background-media":"","overlay-type":"","overlay-color":"","overlay-opacity":"","overlay-gradient":""},"mobile":{"background-color":"var(--ast-global-color-4)","background-image":"","background-repeat":"repeat","background-position":"center center","background-size":"auto","background-attachment":"scroll","background-type":"","background-media":"","overlay-type":"","overlay-color":"","overlay-opacity":"","overlay-gradient":""}}},"product_brand":[104],"product_cat":[39,52,38,29,56,35,30,59,58],"product_tag":[],"class_list":{"0":"post-6853","1":"product","2":"type-product","3":"status-publish","4":"has-post-thumbnail","6":"product_brand-gigo","7":"product_cat-39","8":"product_cat-52","9":"product_cat-38","10":"product_cat-29","11":"product_cat-56","12":"product_cat--10-12-","13":"product_cat--6-9-","14":"product_cat-59","15":"product_cat-58","16":"desktop-align-left","17":"tablet-align-left","18":"mobile-align-left","20":"first","21":"outofstock","22":"taxable","23":"shipping-taxable","24":"purchasable","25":"product-type-simple"},"_links":{"self":[{"href":"https:\/\/stem-eshop.gr\/ro\/wp-json\/wp\/v2\/product\/6853","targetHints":{"allow":["GET"]}}],"collection":[{"href":"https:\/\/stem-eshop.gr\/ro\/wp-json\/wp\/v2\/product"}],"about":[{"href":"https:\/\/stem-eshop.gr\/ro\/wp-json\/wp\/v2\/types\/product"}],"replies":[{"embeddable":true,"href":"https:\/\/stem-eshop.gr\/ro\/wp-json\/wp\/v2\/comments?post=6853"}],"wp:featuredmedia":[{"embeddable":true,"href":"https:\/\/stem-eshop.gr\/ro\/wp-json\/wp\/v2\/media\/4958"}],"wp:attachment":[{"href":"https:\/\/stem-eshop.gr\/ro\/wp-json\/wp\/v2\/media?parent=6853"}],"wp:term":[{"taxonomy":"product_brand","embeddable":true,"href":"https:\/\/stem-eshop.gr\/ro\/wp-json\/wp\/v2\/product_brand?post=6853"},{"taxonomy":"product_cat","embeddable":true,"href":"https:\/\/stem-eshop.gr\/ro\/wp-json\/wp\/v2\/product_cat?post=6853"},{"taxonomy":"product_tag","embeddable":true,"href":"https:\/\/stem-eshop.gr\/ro\/wp-json\/wp\/v2\/product_tag?post=6853"}],"curies":[{"name":"wp","href":"https:\/\/api.w.org\/{rel}","templated":true}]}}