{"id":6847,"date":"2025-05-19T08:54:24","date_gmt":"2025-05-19T08:54:24","guid":{"rendered":"https:\/\/stem-eshop.gr\/product\/qboidz-%ce%b1%ce%bb%ce%b9%ce%b3%ce%ac%cf%84%ce%bf%cf%81%ce%b1%cf%82-%ce%bc%ce%b5-5-%ce%bc%ce%bf%ce%bd%cf%84%ce%ad%ce%bb%ce%b1\/"},"modified":"2025-05-22T21:13:28","modified_gmt":"2025-05-22T18:13:28","slug":"qboidz-%ce%b1%ce%bb%ce%b9%ce%b3%ce%ac%cf%84%ce%bf%cf%81%ce%b1%cf%82-%ce%bc%ce%b5-5-%ce%bc%ce%bf%ce%bd%cf%84%ce%ad%ce%bb%ce%b1","status":"publish","type":"product","link":"https:\/\/stem-eshop.gr\/ro\/produs\/qboidz-%ce%b1%ce%bb%ce%b9%ce%b3%ce%ac%cf%84%ce%bf%cf%81%ce%b1%cf%82-%ce%bc%ce%b5-5-%ce%bc%ce%bf%ce%bd%cf%84%ce%ad%ce%bb%ce%b1\/","title":{"rendered":"\u201eAligator\u201d Qboidz cu 5 modele"},"content":{"rendered":"<p>Noul sistem Qboidz\u2122 combin\u0103 conexiunea prin \u00eembinare prin clipsare premiat\u0103 a sistemului Engino\u00ae cu procesul simplu de construc\u021bie al stivuirii c\u0103r\u0103mizilor! Sistemul \u00eencurajeaz\u0103 pre\u0219colarii s\u0103 \u00ee\u0219i dezvolte abilit\u0103\u021bile cognitive, sociale \u0219i motorii prin joc distractiv \u0219i creativ. Dezvoltarea Qboidz\u2122 se bazeaz\u0103 pe cele mai recente principii pedagogice STEM (\u0218tiin\u021b\u0103, Tehnologie, Inginerie \u0219i Matematic\u0103), av\u00e2nd ca scop oferirea at\u00e2t a fetelor, c\u00e2t \u0219i a b\u0103ie\u021bilor experien\u021ba, abilit\u0103\u021bile \u0219i cuno\u0219tin\u021bele necesare pentru a r\u0103spunde evolu\u021biilor tehnologice ale viitorului. Piesele sunt potrivite chiar \u0219i pentru copiii de la 2 ani, dar din cauza complexit\u0103\u021bii unor modele, este recomandat pentru v\u00e2rstele de 3+ ani.<\/p>","protected":false},"excerpt":{"rendered":"<p>QBOIDZ \u201eAligator\u201d este un set de construc\u021bie care le permite copiilor s\u0103 construiasc\u0103 un model de aligator cu c\u0103r\u0103mizi colorate, precum \u0219i 5 modele suplimentare. Cu culori vii \u0219i c\u0103r\u0103mizi u\u0219or de utilizat, acest set ofer\u0103 o modalitate distractiv\u0103 \u0219i creativ\u0103 pentru copii de a \u00eenv\u0103\u021ba despre construc\u021bii \u0219i creativitate.<\/p>","protected":false},"featured_media":4913,"comment_status":"open","ping_status":"closed","template":"","meta":{"site-sidebar-layout":"default","site-content-layout":"","ast-site-content-layout":"default","site-content-style":"default","site-sidebar-style":"default","ast-global-header-display":"","ast-banner-title-visibility":"","ast-main-header-display":"","ast-hfb-above-header-display":"","ast-hfb-below-header-display":"","ast-hfb-mobile-header-display":"","site-post-title":"","ast-breadcrumbs-content":"","ast-featured-img":"","footer-sml-layout":"","ast-disable-related-posts":"","theme-transparent-header-meta":"default","adv-header-id-meta":"","stick-header-meta":"","header-above-stick-meta":"","header-main-stick-meta":"","header-below-stick-meta":"","astra-migrate-meta-layouts":"set","ast-page-background-enabled":"default","ast-page-background-meta":{"desktop":{"background-color":"var(--ast-global-color-5)","background-image":"","background-repeat":"repeat","background-position":"center center","background-size":"auto","background-attachment":"scroll","background-type":"","background-media":"","overlay-type":"","overlay-color":"","overlay-opacity":"","overlay-gradient":""},"tablet":{"background-color":"","background-image":"","background-repeat":"repeat","background-position":"center center","background-size":"auto","background-attachment":"scroll","background-type":"","background-media":"","overlay-type":"","overlay-color":"","overlay-opacity":"","overlay-gradient":""},"mobile":{"background-color":"","background-image":"","background-repeat":"repeat","background-position":"center center","background-size":"auto","background-attachment":"scroll","background-type":"","background-media":"","overlay-type":"","overlay-color":"","overlay-opacity":"","overlay-gradient":""}},"ast-content-background-meta":{"desktop":{"background-color":"var(--ast-global-color-4)","background-image":"","background-repeat":"repeat","background-position":"center center","background-size":"auto","background-attachment":"scroll","background-type":"","background-media":"","overlay-type":"","overlay-color":"","overlay-opacity":"","overlay-gradient":""},"tablet":{"background-color":"var(--ast-global-color-4)","background-image":"","background-repeat":"repeat","background-position":"center center","background-size":"auto","background-attachment":"scroll","background-type":"","background-media":"","overlay-type":"","overlay-color":"","overlay-opacity":"","overlay-gradient":""},"mobile":{"background-color":"var(--ast-global-color-4)","background-image":"","background-repeat":"repeat","background-position":"center center","background-size":"auto","background-attachment":"scroll","background-type":"","background-media":"","overlay-type":"","overlay-color":"","overlay-opacity":"","overlay-gradient":""}}},"product_brand":[95],"product_cat":[126,43,38,29,26,58],"product_tag":[],"class_list":{"0":"post-6847","1":"product","2":"type-product","3":"status-publish","4":"has-post-thumbnail","6":"product_brand-engino","7":"product_cat-126","8":"product_cat-43","9":"product_cat-38","10":"product_cat-29","11":"product_cat-26","12":"product_cat-58","13":"desktop-align-left","14":"tablet-align-left","15":"mobile-align-left","17":"first","18":"instock","19":"taxable","20":"shipping-taxable","21":"purchasable","22":"product-type-simple"},"_links":{"self":[{"href":"https:\/\/stem-eshop.gr\/ro\/wp-json\/wp\/v2\/product\/6847","targetHints":{"allow":["GET"]}}],"collection":[{"href":"https:\/\/stem-eshop.gr\/ro\/wp-json\/wp\/v2\/product"}],"about":[{"href":"https:\/\/stem-eshop.gr\/ro\/wp-json\/wp\/v2\/types\/product"}],"replies":[{"embeddable":true,"href":"https:\/\/stem-eshop.gr\/ro\/wp-json\/wp\/v2\/comments?post=6847"}],"wp:featuredmedia":[{"embeddable":true,"href":"https:\/\/stem-eshop.gr\/ro\/wp-json\/wp\/v2\/media\/4913"}],"wp:attachment":[{"href":"https:\/\/stem-eshop.gr\/ro\/wp-json\/wp\/v2\/media?parent=6847"}],"wp:term":[{"taxonomy":"product_brand","embeddable":true,"href":"https:\/\/stem-eshop.gr\/ro\/wp-json\/wp\/v2\/product_brand?post=6847"},{"taxonomy":"product_cat","embeddable":true,"href":"https:\/\/stem-eshop.gr\/ro\/wp-json\/wp\/v2\/product_cat?post=6847"},{"taxonomy":"product_tag","embeddable":true,"href":"https:\/\/stem-eshop.gr\/ro\/wp-json\/wp\/v2\/product_tag?post=6847"}],"curies":[{"name":"wp","href":"https:\/\/api.w.org\/{rel}","templated":true}]}}