{"id":6838,"date":"2025-05-19T08:53:49","date_gmt":"2025-05-19T08:53:49","guid":{"rendered":"https:\/\/stem-eshop.gr\/product\/ngs-%ce%bc%ce%bf%ce%bd%cf%84%ce%ad%ce%bb%ce%bf-%ce%ae%ce%bb%ce%b9%ce%bf%cf%85-%cf%86%ce%b5%ce%b3%ce%b3%ce%b1%cf%81%ce%b9%ce%bf%cf%8d-%ce%ba%ce%b1%ce%b9-%ce%b3%ce%b7%cf%82\/"},"modified":"2025-12-11T16:16:44","modified_gmt":"2025-12-11T13:16:44","slug":"ngs-%ce%bc%ce%bf%ce%bd%cf%84%ce%ad%ce%bb%ce%bf-%ce%ae%ce%bb%ce%b9%ce%bf%cf%85-%cf%86%ce%b5%ce%b3%ce%b3%ce%b1%cf%81%ce%b9%ce%bf%cf%8d-%ce%ba%ce%b1%ce%b9-%ce%b3%ce%b7%cf%82","status":"publish","type":"product","link":"https:\/\/stem-eshop.gr\/ro\/produs\/ngs-%ce%bc%ce%bf%ce%bd%cf%84%ce%ad%ce%bb%ce%bf-%ce%ae%ce%bb%ce%b9%ce%bf%cf%85-%cf%86%ce%b5%ce%b3%ce%b3%ce%b1%cf%81%ce%b9%ce%bf%cf%8d-%ce%ba%ce%b1%ce%b9-%ce%b3%ce%b7%cf%82\/","title":{"rendered":"Modelul NGS Soare, Lun\u0103 \u0219i P\u0103m\u00e2nt"},"content":{"rendered":"<p>Pentru a imita realitatea naturii, soarele din centrul sistemului solar este iluminat de o lamp\u0103 pentru a ilumina P\u0103m\u00e2ntul \u0219i Luna. P\u0103m\u00e2ntul se \u00eenclin\u0103 pe orbita sa \u00een jurul soarelui, iar orbita lunii \u00een jurul P\u0103m\u00e2ntului \u0219i orbita P\u0103m\u00e2ntului \u00een jurul soarelui se intersecteaz\u0103 \u00eentr-un unghi. \u00cen acest fel, pot fi demonstrate eclipsele de soare \u0219i de lun\u0103, cre\u0219terea \u0219i descre\u0219terea lunii, rota\u021bia p\u0103m\u00e2ntului, schimbarea zilei \u0219i a nop\u021bii \u0219i anotimpurile.<\/p>","protected":false},"excerpt":{"rendered":"<p>Pentru a imita realitatea naturii, soarele din centrul sistemului solar este iluminat de o lamp\u0103 pentru a ilumina P\u0103m\u00e2ntul \u0219i Luna. P\u0103m\u00e2ntul se \u00eenclin\u0103 pe orbita sa \u00een jurul soarelui, iar orbita lunii \u00een jurul P\u0103m\u00e2ntului \u0219i orbita P\u0103m\u00e2ntului \u00een jurul soarelui se intersecteaz\u0103 \u00eentr-un unghi. \u00cen acest fel, pot fi demonstrate eclipsele de soare \u0219i de lun\u0103, cre\u0219terea \u0219i descre\u0219terea lunii, rota\u021bia p\u0103m\u00e2ntului, schimbarea zilei \u0219i a nop\u021bii \u0219i anotimpurile.<\/p>","protected":false},"featured_media":5697,"comment_status":"open","ping_status":"closed","template":"","meta":{"site-sidebar-layout":"default","site-content-layout":"","ast-site-content-layout":"default","site-content-style":"default","site-sidebar-style":"default","ast-global-header-display":"","ast-banner-title-visibility":"","ast-main-header-display":"","ast-hfb-above-header-display":"","ast-hfb-below-header-display":"","ast-hfb-mobile-header-display":"","site-post-title":"","ast-breadcrumbs-content":"","ast-featured-img":"","footer-sml-layout":"","ast-disable-related-posts":"","theme-transparent-header-meta":"","adv-header-id-meta":"","stick-header-meta":"","header-above-stick-meta":"","header-main-stick-meta":"","header-below-stick-meta":"","astra-migrate-meta-layouts":"default","ast-page-background-enabled":"default","ast-page-background-meta":{"desktop":{"background-color":"var(--ast-global-color-5)","background-image":"","background-repeat":"repeat","background-position":"center center","background-size":"auto","background-attachment":"scroll","background-type":"","background-media":"","overlay-type":"","overlay-color":"","overlay-opacity":"","overlay-gradient":""},"tablet":{"background-color":"","background-image":"","background-repeat":"repeat","background-position":"center center","background-size":"auto","background-attachment":"scroll","background-type":"","background-media":"","overlay-type":"","overlay-color":"","overlay-opacity":"","overlay-gradient":""},"mobile":{"background-color":"","background-image":"","background-repeat":"repeat","background-position":"center center","background-size":"auto","background-attachment":"scroll","background-type":"","background-media":"","overlay-type":"","overlay-color":"","overlay-opacity":"","overlay-gradient":""}},"ast-content-background-meta":{"desktop":{"background-color":"var(--ast-global-color-4)","background-image":"","background-repeat":"repeat","background-position":"center center","background-size":"auto","background-attachment":"scroll","background-type":"","background-media":"","overlay-type":"","overlay-color":"","overlay-opacity":"","overlay-gradient":""},"tablet":{"background-color":"var(--ast-global-color-4)","background-image":"","background-repeat":"repeat","background-position":"center center","background-size":"auto","background-attachment":"scroll","background-type":"","background-media":"","overlay-type":"","overlay-color":"","overlay-opacity":"","overlay-gradient":""},"mobile":{"background-color":"var(--ast-global-color-4)","background-image":"","background-repeat":"repeat","background-position":"center center","background-size":"auto","background-attachment":"scroll","background-type":"","background-media":"","overlay-type":"","overlay-color":"","overlay-opacity":"","overlay-gradient":""}}},"product_brand":[107],"product_cat":[39,52,38,29,56,35,30,58],"product_tag":[],"class_list":{"0":"post-6838","1":"product","2":"type-product","3":"status-publish","4":"has-post-thumbnail","6":"product_brand-ngs","7":"product_cat-39","8":"product_cat-52","9":"product_cat-38","10":"product_cat-29","11":"product_cat-56","12":"product_cat--10-12-","13":"product_cat--6-9-","14":"product_cat-58","15":"desktop-align-left","16":"tablet-align-left","17":"mobile-align-left","19":"first","20":"instock","21":"taxable","22":"shipping-taxable","23":"purchasable","24":"product-type-simple"},"_links":{"self":[{"href":"https:\/\/stem-eshop.gr\/ro\/wp-json\/wp\/v2\/product\/6838","targetHints":{"allow":["GET"]}}],"collection":[{"href":"https:\/\/stem-eshop.gr\/ro\/wp-json\/wp\/v2\/product"}],"about":[{"href":"https:\/\/stem-eshop.gr\/ro\/wp-json\/wp\/v2\/types\/product"}],"replies":[{"embeddable":true,"href":"https:\/\/stem-eshop.gr\/ro\/wp-json\/wp\/v2\/comments?post=6838"}],"wp:featuredmedia":[{"embeddable":true,"href":"https:\/\/stem-eshop.gr\/ro\/wp-json\/wp\/v2\/media\/5697"}],"wp:attachment":[{"href":"https:\/\/stem-eshop.gr\/ro\/wp-json\/wp\/v2\/media?parent=6838"}],"wp:term":[{"taxonomy":"product_brand","embeddable":true,"href":"https:\/\/stem-eshop.gr\/ro\/wp-json\/wp\/v2\/product_brand?post=6838"},{"taxonomy":"product_cat","embeddable":true,"href":"https:\/\/stem-eshop.gr\/ro\/wp-json\/wp\/v2\/product_cat?post=6838"},{"taxonomy":"product_tag","embeddable":true,"href":"https:\/\/stem-eshop.gr\/ro\/wp-json\/wp\/v2\/product_tag?post=6838"}],"curies":[{"name":"wp","href":"https:\/\/api.w.org\/{rel}","templated":true}]}}