{"id":6819,"date":"2025-05-19T08:52:08","date_gmt":"2025-05-19T08:52:08","guid":{"rendered":"https:\/\/stem-eshop.gr\/product\/soft-clemmy-%ce%b1%ce%b9%cf%83%ce%b8%ce%b7%cf%84%ce%b7%cf%81%ce%b9%ce%b1%ce%ba%cf%8c%cf%82-%ce%ba%ce%bf%cf%85%ce%b2%ce%ac%cf%82-%ce%bc%ce%b5-15-%ce%bc%ce%b1%ce%bb%ce%b1%ce%ba%ce%ac-premium-%cf%84\/"},"modified":"2025-10-15T17:09:12","modified_gmt":"2025-10-15T14:09:12","slug":"soft-clemmy-%ce%b1%ce%b9%cf%83%ce%b8%ce%b7%cf%84%ce%b7%cf%81%ce%b9%ce%b1%ce%ba%cf%8c%cf%82-%ce%ba%ce%bf%cf%85%ce%b2%ce%ac%cf%82-%ce%bc%ce%b5-15-%ce%bc%ce%b1%ce%bb%ce%b1%ce%ba%ce%ac-premium-%cf%84","status":"publish","type":"product","link":"https:\/\/stem-eshop.gr\/ro\/produs\/soft-clemmy-%ce%b1%ce%b9%cf%83%ce%b8%ce%b7%cf%84%ce%b7%cf%81%ce%b9%ce%b1%ce%ba%cf%8c%cf%82-%ce%ba%ce%bf%cf%85%ce%b2%ce%ac%cf%82-%ce%bc%ce%b5-15-%ce%bc%ce%b1%ce%bb%ce%b1%ce%ba%ce%ac-premium-%cf%84\/","title":{"rendered":"G\u0103leat\u0103 senzorial\u0103 moale Clemmy cu 15 c\u0103r\u0103mizi moi premium pentru 6-36 de luni"},"content":{"rendered":"<p class=\"MsoNormal\">C\u0103r\u0103mizile moi \u0219i colorate ajut\u0103 copilul s\u0103-\u0219i dezvolte abilit\u0103\u021bile manuale, sim\u021bul tactil \u0219i percep\u021bia vizual\u0103. <span lang=\"en-us\" xml:lang=\"en-us\"><\/span><\/p>\n<p class=\"MsoNormal\">Noul capac face parte din joc, c\u0103r\u0103mizile pot fi stivuite pe fante sau introduse \u00een co\u0219 prin deschiz\u0103tura \u00een form\u0103 de floare.<\/p>\n<p class=\"MsoNormal\">Este fabricat \u00een Italia. <span lang=\"en-us\" xml:lang=\"en-us\"><\/span><\/p>\n<p class=\"MsoNormal\">Lumea moale \u0219i colorat\u0103 a lui Clemmy este aici pentru a v\u0103 juca \u0219i a v\u0103 distra copilul \u00een siguran\u021b\u0103. \u00cen primele luni, blocurile moi Clemmy sunt ideale, deoarece sunt special concepute pentru v\u00e2rste cuprinse \u00eentre 6 \u0219i 36 de luni. Fabricate din materiale non-toxice, sunt u\u0219or de sp\u0103lat \u0219i cur\u0103\u021bat \u0219i sunt complet sigure! Sunt deosebit de durabile \u0219i ofer\u0103 multe ore de joac\u0103 creativ\u0103! Blocurile moi Clemmy, un brevet exclusiv Clementoni, stimuleaz\u0103 percep\u021bia vizual\u0103, imagina\u021bia \u0219i observa\u021bia copilului.<\/p><\/p>","protected":false},"excerpt":{"rendered":"<p class=\"MsoNormal\">O g\u0103leat\u0103 nou\u0103 cu un capac moale care combin\u0103 diferite texturi. Suprafe\u021be \u00een relief \u0219i 15 c\u0103r\u0103mizi moi Clemmy pentru joac\u0103 nesf\u00e2r\u0219it\u0103.<\/p><\/p>","protected":false},"featured_media":5657,"comment_status":"open","ping_status":"closed","template":"","meta":{"site-sidebar-layout":"default","site-content-layout":"","ast-site-content-layout":"default","site-content-style":"default","site-sidebar-style":"default","ast-global-header-display":"","ast-banner-title-visibility":"","ast-main-header-display":"","ast-hfb-above-header-display":"","ast-hfb-below-header-display":"","ast-hfb-mobile-header-display":"","site-post-title":"","ast-breadcrumbs-content":"","ast-featured-img":"","footer-sml-layout":"","ast-disable-related-posts":"","theme-transparent-header-meta":"","adv-header-id-meta":"","stick-header-meta":"","header-above-stick-meta":"","header-main-stick-meta":"","header-below-stick-meta":"","astra-migrate-meta-layouts":"default","ast-page-background-enabled":"default","ast-page-background-meta":{"desktop":{"background-color":"var(--ast-global-color-5)","background-image":"","background-repeat":"repeat","background-position":"center center","background-size":"auto","background-attachment":"scroll","background-type":"","background-media":"","overlay-type":"","overlay-color":"","overlay-opacity":"","overlay-gradient":""},"tablet":{"background-color":"","background-image":"","background-repeat":"repeat","background-position":"center center","background-size":"auto","background-attachment":"scroll","background-type":"","background-media":"","overlay-type":"","overlay-color":"","overlay-opacity":"","overlay-gradient":""},"mobile":{"background-color":"","background-image":"","background-repeat":"repeat","background-position":"center center","background-size":"auto","background-attachment":"scroll","background-type":"","background-media":"","overlay-type":"","overlay-color":"","overlay-opacity":"","overlay-gradient":""}},"ast-content-background-meta":{"desktop":{"background-color":"var(--ast-global-color-4)","background-image":"","background-repeat":"repeat","background-position":"center center","background-size":"auto","background-attachment":"scroll","background-type":"","background-media":"","overlay-type":"","overlay-color":"","overlay-opacity":"","overlay-gradient":""},"tablet":{"background-color":"var(--ast-global-color-4)","background-image":"","background-repeat":"repeat","background-position":"center center","background-size":"auto","background-attachment":"scroll","background-type":"","background-media":"","overlay-type":"","overlay-color":"","overlay-opacity":"","overlay-gradient":""},"mobile":{"background-color":"var(--ast-global-color-4)","background-image":"","background-repeat":"repeat","background-position":"center center","background-size":"auto","background-attachment":"scroll","background-type":"","background-media":"","overlay-type":"","overlay-color":"","overlay-opacity":"","overlay-gradient":""}}},"product_brand":[102],"product_cat":[126,43,50,29,55,26],"product_tag":[],"class_list":{"0":"post-6819","1":"product","2":"type-product","3":"status-publish","4":"has-post-thumbnail","6":"product_brand-clementoni","7":"product_cat-126","8":"product_cat-43","9":"product_cat-50","10":"product_cat-29","11":"product_cat-55","12":"product_cat-26","13":"desktop-align-left","14":"tablet-align-left","15":"mobile-align-left","17":"first","18":"instock","19":"taxable","20":"shipping-taxable","21":"purchasable","22":"product-type-simple"},"_links":{"self":[{"href":"https:\/\/stem-eshop.gr\/ro\/wp-json\/wp\/v2\/product\/6819","targetHints":{"allow":["GET"]}}],"collection":[{"href":"https:\/\/stem-eshop.gr\/ro\/wp-json\/wp\/v2\/product"}],"about":[{"href":"https:\/\/stem-eshop.gr\/ro\/wp-json\/wp\/v2\/types\/product"}],"replies":[{"embeddable":true,"href":"https:\/\/stem-eshop.gr\/ro\/wp-json\/wp\/v2\/comments?post=6819"}],"wp:featuredmedia":[{"embeddable":true,"href":"https:\/\/stem-eshop.gr\/ro\/wp-json\/wp\/v2\/media\/5657"}],"wp:attachment":[{"href":"https:\/\/stem-eshop.gr\/ro\/wp-json\/wp\/v2\/media?parent=6819"}],"wp:term":[{"taxonomy":"product_brand","embeddable":true,"href":"https:\/\/stem-eshop.gr\/ro\/wp-json\/wp\/v2\/product_brand?post=6819"},{"taxonomy":"product_cat","embeddable":true,"href":"https:\/\/stem-eshop.gr\/ro\/wp-json\/wp\/v2\/product_cat?post=6819"},{"taxonomy":"product_tag","embeddable":true,"href":"https:\/\/stem-eshop.gr\/ro\/wp-json\/wp\/v2\/product_tag?post=6819"}],"curies":[{"name":"wp","href":"https:\/\/api.w.org\/{rel}","templated":true}]}}