{"id":6818,"date":"2025-05-19T08:52:07","date_gmt":"2025-05-19T08:52:07","guid":{"rendered":"https:\/\/stem-eshop.gr\/product\/%ce%ba%cf%8d%ce%b2%ce%bf%cf%82-pandora\/"},"modified":"2025-05-22T07:49:04","modified_gmt":"2025-05-22T07:49:04","slug":"%ce%ba%cf%8d%ce%b2%ce%bf%cf%82-pandora","status":"publish","type":"product","link":"https:\/\/stem-eshop.gr\/ro\/produs\/%ce%ba%cf%8d%ce%b2%ce%bf%cf%82-pandora\/","title":{"rendered":"Cubul Pandora"},"content":{"rendered":"<p class=\"MsoNormal\">Beneficii:<\/p>\n<p class=\"MsoNormal\">\u00cembun\u0103t\u0103\u021birea abilit\u0103\u021bilor mentale: \u00cembun\u0103t\u0103\u021birea g\u00e2ndirii logice, a creativit\u0103\u021bii \u0219i a abilit\u0103\u021bilor de rezolvare a problemelor.<\/p>\n<p class=\"MsoNormal\">Ameliorarea stresului: Concentrarea asupra puzzle-ului ofer\u0103 relaxare \u0219i deconectare de la stresul vie\u021bii de zi cu zi.<\/p>\n<p class=\"MsoNormal\">Distrac\u021bie pentru toate v\u00e2rstele: Ideal pentru copii, adolescen\u021bi \u0219i adul\u021bi c\u0103rora le plac provoc\u0103rile.<\/p>","protected":false},"excerpt":{"rendered":"<p>Cubul Pandora este un puzzle 3D inovator \u0219i provocator care \u00ee\u021bi testeaz\u0103 abilit\u0103\u021bile mentale \u0219i r\u0103bdarea.<\/p>\n<p>Inspirat de conceptul mitic al \u201eCutiei Pandorei\u201d, acest cub provocator unic ofer\u0103 ore \u00eentregi de distrac\u021bie \u0219i g\u00e2ndire creativ\u0103.<\/p>","protected":false},"featured_media":5648,"comment_status":"open","ping_status":"closed","template":"","meta":{"site-sidebar-layout":"default","site-content-layout":"","ast-site-content-layout":"default","site-content-style":"default","site-sidebar-style":"default","ast-global-header-display":"","ast-banner-title-visibility":"","ast-main-header-display":"","ast-hfb-above-header-display":"","ast-hfb-below-header-display":"","ast-hfb-mobile-header-display":"","site-post-title":"","ast-breadcrumbs-content":"","ast-featured-img":"","footer-sml-layout":"","ast-disable-related-posts":"","theme-transparent-header-meta":"default","adv-header-id-meta":"","stick-header-meta":"","header-above-stick-meta":"","header-main-stick-meta":"","header-below-stick-meta":"","astra-migrate-meta-layouts":"set","ast-page-background-enabled":"default","ast-page-background-meta":{"desktop":{"background-color":"var(--ast-global-color-5)","background-image":"","background-repeat":"repeat","background-position":"center center","background-size":"auto","background-attachment":"scroll","background-type":"","background-media":"","overlay-type":"","overlay-color":"","overlay-opacity":"","overlay-gradient":""},"tablet":{"background-color":"","background-image":"","background-repeat":"repeat","background-position":"center center","background-size":"auto","background-attachment":"scroll","background-type":"","background-media":"","overlay-type":"","overlay-color":"","overlay-opacity":"","overlay-gradient":""},"mobile":{"background-color":"","background-image":"","background-repeat":"repeat","background-position":"center center","background-size":"auto","background-attachment":"scroll","background-type":"","background-media":"","overlay-type":"","overlay-color":"","overlay-opacity":"","overlay-gradient":""}},"ast-content-background-meta":{"desktop":{"background-color":"var(--ast-global-color-4)","background-image":"","background-repeat":"repeat","background-position":"center center","background-size":"auto","background-attachment":"scroll","background-type":"","background-media":"","overlay-type":"","overlay-color":"","overlay-opacity":"","overlay-gradient":""},"tablet":{"background-color":"var(--ast-global-color-4)","background-image":"","background-repeat":"repeat","background-position":"center center","background-size":"auto","background-attachment":"scroll","background-type":"","background-media":"","overlay-type":"","overlay-color":"","overlay-opacity":"","overlay-gradient":""},"mobile":{"background-color":"var(--ast-global-color-4)","background-image":"","background-repeat":"repeat","background-position":"center center","background-size":"auto","background-attachment":"scroll","background-type":"","background-media":"","overlay-type":"","overlay-color":"","overlay-opacity":"","overlay-gradient":""}}},"product_brand":[107],"product_cat":[126,50,56,47,37,35,40,55],"product_tag":[],"class_list":{"0":"post-6818","1":"product","2":"type-product","3":"status-publish","4":"has-post-thumbnail","6":"product_brand-ngs","7":"product_cat-126","8":"product_cat-50","9":"product_cat-56","10":"product_cat-47","11":"product_cat-37","12":"product_cat--10-12-","13":"product_cat--12-","14":"product_cat-55","15":"desktop-align-left","16":"tablet-align-left","17":"mobile-align-left","19":"first","20":"instock","21":"taxable","22":"shipping-taxable","23":"purchasable","24":"product-type-simple"},"_links":{"self":[{"href":"https:\/\/stem-eshop.gr\/ro\/wp-json\/wp\/v2\/product\/6818","targetHints":{"allow":["GET"]}}],"collection":[{"href":"https:\/\/stem-eshop.gr\/ro\/wp-json\/wp\/v2\/product"}],"about":[{"href":"https:\/\/stem-eshop.gr\/ro\/wp-json\/wp\/v2\/types\/product"}],"replies":[{"embeddable":true,"href":"https:\/\/stem-eshop.gr\/ro\/wp-json\/wp\/v2\/comments?post=6818"}],"wp:featuredmedia":[{"embeddable":true,"href":"https:\/\/stem-eshop.gr\/ro\/wp-json\/wp\/v2\/media\/5648"}],"wp:attachment":[{"href":"https:\/\/stem-eshop.gr\/ro\/wp-json\/wp\/v2\/media?parent=6818"}],"wp:term":[{"taxonomy":"product_brand","embeddable":true,"href":"https:\/\/stem-eshop.gr\/ro\/wp-json\/wp\/v2\/product_brand?post=6818"},{"taxonomy":"product_cat","embeddable":true,"href":"https:\/\/stem-eshop.gr\/ro\/wp-json\/wp\/v2\/product_cat?post=6818"},{"taxonomy":"product_tag","embeddable":true,"href":"https:\/\/stem-eshop.gr\/ro\/wp-json\/wp\/v2\/product_tag?post=6818"}],"curies":[{"name":"wp","href":"https:\/\/api.w.org\/{rel}","templated":true}]}}