{"id":6817,"date":"2025-05-19T08:52:05","date_gmt":"2025-05-19T08:52:05","guid":{"rendered":"https:\/\/stem-eshop.gr\/product\/%cf%83%ce%b5%cf%84-%cf%80%ce%b1%ce%b6%ce%bb-%ce%ba%ce%bb%ce%b5%ce%b9%ce%b4%ce%b1%cf%81%ce%b9%ce%ac%cf%82-%ce%ba%ce%bf%ce%bd%ce%b3%ce%ba%ce%bc%ce%b9%ce%bd%ce%b3%ce%ba-9-%cf%84%ce%b5%ce%bc%ce%ac%cf%87\/"},"modified":"2025-05-22T07:40:45","modified_gmt":"2025-05-22T07:40:45","slug":"%cf%83%ce%b5%cf%84-%cf%80%ce%b1%ce%b6%ce%bb-%ce%ba%ce%bb%ce%b5%ce%b9%ce%b4%ce%b1%cf%81%ce%b9%ce%ac%cf%82-%ce%ba%ce%bf%ce%bd%ce%b3%ce%ba%ce%bc%ce%b9%ce%bd%ce%b3%ce%ba-9-%cf%84%ce%b5%ce%bc%ce%ac%cf%87","status":"publish","type":"product","link":"https:\/\/stem-eshop.gr\/ro\/produs\/%cf%83%ce%b5%cf%84-%cf%80%ce%b1%ce%b6%ce%bb-%ce%ba%ce%bb%ce%b5%ce%b9%ce%b4%ce%b1%cf%81%ce%b9%ce%ac%cf%82-%ce%ba%ce%bf%ce%bd%ce%b3%ce%ba%ce%bc%ce%b9%ce%bd%ce%b3%ce%ba-9-%cf%84%ce%b5%ce%bc%ce%ac%cf%87\/","title":{"rendered":"Set de puzzle Kongming Lock, 9 piese"},"content":{"rendered":"<p>Beneficii<\/p>\n<p>\u00cembun\u0103t\u0103\u021birea abilit\u0103\u021bilor mentale: Dezvoltarea g\u00e2ndirii logice, a creativit\u0103\u021bii \u0219i a abilit\u0103\u021bilor de rezolvare a problemelor<\/p>\n<p>Relaxare \u0219i distrac\u021bie: O modalitate distractiv\u0103 de a te deconecta de la rutina zilnic\u0103, men\u021bin\u00e2ndu-\u021bi \u00een acela\u0219i timp mintea activ\u0103<\/p>\n<p>Valoare educa\u021bional\u0103: Ideal pentru copii, adolescen\u021bi \u0219i adul\u021bi care doresc s\u0103 \u00ee\u0219i \u00eembun\u0103t\u0103\u021beasc\u0103 r\u0103bdarea, aten\u021bia la detalii \u0219i perseveren\u021ba.<\/p>\n<p>Ideal pentru<\/p>\n<p>Cadouri pentru iubitorii de puzzle-uri \u0219i me\u0219te\u0219uguri.<\/p>\n<p>Activit\u0103\u021bi \u00een familie \u0219i jocuri de grup.<\/p>\n<p>Utilizare educa\u021bional\u0103 \u00een \u0219coli \u0219i centre de angajare creativ\u0103.<\/p>\n<p>Setul de puzzle Kongming Lock ofer\u0103 o combina\u021bie unic\u0103 de tradi\u021bie, tehnic\u0103 \u0219i distrac\u021bie, fiind ideal pentru toate v\u00e2rstele \u0219i ocaziile. Dezl\u0103n\u021buie-\u021bi \u00een\u021belepciunea \u0219i ingeniozitatea!<\/p>","protected":false},"excerpt":{"rendered":"<p>Descoper\u0103 arta antic\u0103 a jocurilor de inteligen\u021b\u0103 cu setul de puzzle-uri Kongming Lock, o colec\u021bie de puzzle-uri din lemn inspirate de filosofia \u0219i ingeniozitatea tradi\u021bional\u0103 chinez\u0103. Ideal pentru toate v\u00e2rstele, acest set \u00ee\u021bi va provoca mintea \u0219i \u00ee\u021bi va oferi ore \u00eentregi de distrac\u021bie \u0219i concentrare.<\/p>","protected":false},"featured_media":4884,"comment_status":"open","ping_status":"closed","template":"","meta":{"site-sidebar-layout":"default","site-content-layout":"","ast-site-content-layout":"default","site-content-style":"default","site-sidebar-style":"default","ast-global-header-display":"","ast-banner-title-visibility":"","ast-main-header-display":"","ast-hfb-above-header-display":"","ast-hfb-below-header-display":"","ast-hfb-mobile-header-display":"","site-post-title":"","ast-breadcrumbs-content":"","ast-featured-img":"","footer-sml-layout":"","ast-disable-related-posts":"","theme-transparent-header-meta":"","adv-header-id-meta":"","stick-header-meta":"","header-above-stick-meta":"","header-main-stick-meta":"","header-below-stick-meta":"","astra-migrate-meta-layouts":"default","ast-page-background-enabled":"default","ast-page-background-meta":{"desktop":{"background-color":"var(--ast-global-color-5)","background-image":"","background-repeat":"repeat","background-position":"center center","background-size":"auto","background-attachment":"scroll","background-type":"","background-media":"","overlay-type":"","overlay-color":"","overlay-opacity":"","overlay-gradient":""},"tablet":{"background-color":"","background-image":"","background-repeat":"repeat","background-position":"center center","background-size":"auto","background-attachment":"scroll","background-type":"","background-media":"","overlay-type":"","overlay-color":"","overlay-opacity":"","overlay-gradient":""},"mobile":{"background-color":"","background-image":"","background-repeat":"repeat","background-position":"center center","background-size":"auto","background-attachment":"scroll","background-type":"","background-media":"","overlay-type":"","overlay-color":"","overlay-opacity":"","overlay-gradient":""}},"ast-content-background-meta":{"desktop":{"background-color":"var(--ast-global-color-4)","background-image":"","background-repeat":"repeat","background-position":"center center","background-size":"auto","background-attachment":"scroll","background-type":"","background-media":"","overlay-type":"","overlay-color":"","overlay-opacity":"","overlay-gradient":""},"tablet":{"background-color":"var(--ast-global-color-4)","background-image":"","background-repeat":"repeat","background-position":"center center","background-size":"auto","background-attachment":"scroll","background-type":"","background-media":"","overlay-type":"","overlay-color":"","overlay-opacity":"","overlay-gradient":""},"mobile":{"background-color":"var(--ast-global-color-4)","background-image":"","background-repeat":"repeat","background-position":"center center","background-size":"auto","background-attachment":"scroll","background-type":"","background-media":"","overlay-type":"","overlay-color":"","overlay-opacity":"","overlay-gradient":""}}},"product_brand":[107],"product_cat":[43,56,47,35,40,30,55],"product_tag":[],"class_list":{"0":"post-6817","1":"product","2":"type-product","3":"status-publish","4":"has-post-thumbnail","6":"product_brand-ngs","7":"product_cat-43","8":"product_cat-56","9":"product_cat-47","10":"product_cat--10-12-","11":"product_cat--12-","12":"product_cat--6-9-","13":"product_cat-55","14":"desktop-align-left","15":"tablet-align-left","16":"mobile-align-left","18":"first","19":"instock","20":"taxable","21":"shipping-taxable","22":"purchasable","23":"product-type-simple"},"_links":{"self":[{"href":"https:\/\/stem-eshop.gr\/ro\/wp-json\/wp\/v2\/product\/6817","targetHints":{"allow":["GET"]}}],"collection":[{"href":"https:\/\/stem-eshop.gr\/ro\/wp-json\/wp\/v2\/product"}],"about":[{"href":"https:\/\/stem-eshop.gr\/ro\/wp-json\/wp\/v2\/types\/product"}],"replies":[{"embeddable":true,"href":"https:\/\/stem-eshop.gr\/ro\/wp-json\/wp\/v2\/comments?post=6817"}],"wp:featuredmedia":[{"embeddable":true,"href":"https:\/\/stem-eshop.gr\/ro\/wp-json\/wp\/v2\/media\/4884"}],"wp:attachment":[{"href":"https:\/\/stem-eshop.gr\/ro\/wp-json\/wp\/v2\/media?parent=6817"}],"wp:term":[{"taxonomy":"product_brand","embeddable":true,"href":"https:\/\/stem-eshop.gr\/ro\/wp-json\/wp\/v2\/product_brand?post=6817"},{"taxonomy":"product_cat","embeddable":true,"href":"https:\/\/stem-eshop.gr\/ro\/wp-json\/wp\/v2\/product_cat?post=6817"},{"taxonomy":"product_tag","embeddable":true,"href":"https:\/\/stem-eshop.gr\/ro\/wp-json\/wp\/v2\/product_tag?post=6817"}],"curies":[{"name":"wp","href":"https:\/\/api.w.org\/{rel}","templated":true}]}}