{"id":6814,"date":"2025-05-19T08:51:59","date_gmt":"2025-05-19T08:51:59","guid":{"rendered":"https:\/\/stem-eshop.gr\/product\/pop-bubbles-simple-dimple-fidget-spinners\/"},"modified":"2025-10-30T18:24:22","modified_gmt":"2025-10-30T15:24:22","slug":"pop-bubbles-simple-dimple-fidget-spinners","status":"publish","type":"product","link":"https:\/\/stem-eshop.gr\/ro\/produs\/pop-bubbles-simple-dimple-fidget-spinners\/","title":{"rendered":"Juc\u0103rii Fidget Spinner cu Gropi\u021be Simple Pop Bubbles"},"content":{"rendered":"<p class=\"MsoNormal\">\u00cen detaliu:<\/p>\n<p class=\"MsoNormal\">Design interactiv:<\/p>\n<p class=\"MsoNormal\">Combin\u0103 rotitorul clasic cu bule atractive, oferind func\u021bionalitate dubl\u0103.<\/p>\n<p class=\"MsoNormal\">Bulele de aer sunt suprafe\u021be flexibile care pot fi str\u00e2nse, produc\u00e2nd o senza\u021bie \u0219i un sunet pl\u0103cute.<\/p>\n<p class=\"MsoNormal\">Materiale de \u00eenalt\u0103 calitate:<\/p>\n<p class=\"MsoNormal\">Fabricat din silicon sigur \u0219i non-toxic pentru bule \u0219i plastic durabil pentru baza spinner-ului.<\/p>\n<p class=\"MsoNormal\">Rezist\u0103 la utilizare frecvent\u0103 f\u0103r\u0103 a se uza.<\/p>\n<p class=\"MsoNormal\">U\u0219urin\u021b\u0103 \u00een utilizare:<\/p>\n<p class=\"MsoNormal\">U\u0219or \u0219i ergonomic, ideal at\u00e2t pentru copii, c\u00e2t \u0219i pentru adul\u021bi.<\/p>\n<p class=\"MsoNormal\">U\u0219or de transportat, ideal pentru utilizare acas\u0103, la \u0219coal\u0103 sau la birou.<\/p>\n<p class=\"MsoNormal\">Beneficii:<\/p>\n<p class=\"MsoNormal\">Elimin\u0103 stresul \u0219i ajut\u0103 la relaxare prin jocuri senzoriale.<\/p>\n<p class=\"MsoNormal\">\u00cembun\u0103t\u0103\u021be\u0219te concentrarea \u0219i aten\u021bia.<\/p>\n<p class=\"MsoNormal\">Ideal pentru persoanele care au nevoie de ceva care s\u0103-\u0219i ocupe m\u00e2inile, cum ar fi studen\u021bii sau lucr\u0103torii.<\/p>\n<p class=\"MsoNormal\">Culori \u0219i stiluri:<\/p>\n<p class=\"MsoNormal\">Disponibil \u00een diverse culori vibrante care \u00eel fac \u0219i mai atractiv.<\/p>\n<p class=\"MsoNormal\">Divertisment multiplu:<\/p>\n<p class=\"MsoNormal\">Combin\u0103 ac\u021biunea de rota\u021bie a unui fidget spinner cu ac\u021biunea calmant\u0103 a bulelor.<\/p>\n<p class=\"MsoNormal\">Juc\u0103riile fidget spinner Pop Bubbles Simple Dimple sunt accesoriul perfect pentru distrac\u021bie, ameliorarea stresului \u0219i relaxare senzorial\u0103, ideale pentru toate v\u00e2rstele.<\/p>","protected":false},"excerpt":{"rendered":"<p>Juc\u0103riile fidget spinner Pop Bubbles Simple Dimple sunt o combina\u021bie de distrac\u021bie \u0219i relaxare care ofer\u0103 o experien\u021b\u0103 senzorial\u0103 unic\u0103 de joac\u0103.<\/p>","protected":false},"featured_media":4868,"comment_status":"open","ping_status":"closed","template":"","meta":{"site-sidebar-layout":"default","site-content-layout":"","ast-site-content-layout":"default","site-content-style":"default","site-sidebar-style":"default","ast-global-header-display":"","ast-banner-title-visibility":"","ast-main-header-display":"","ast-hfb-above-header-display":"","ast-hfb-below-header-display":"","ast-hfb-mobile-header-display":"","site-post-title":"","ast-breadcrumbs-content":"","ast-featured-img":"","footer-sml-layout":"","ast-disable-related-posts":"","theme-transparent-header-meta":"default","adv-header-id-meta":"","stick-header-meta":"","header-above-stick-meta":"","header-main-stick-meta":"","header-below-stick-meta":"","astra-migrate-meta-layouts":"set","ast-page-background-enabled":"default","ast-page-background-meta":{"desktop":{"background-color":"var(--ast-global-color-5)","background-image":"","background-repeat":"repeat","background-position":"center center","background-size":"auto","background-attachment":"scroll","background-type":"","background-media":"","overlay-type":"","overlay-color":"","overlay-opacity":"","overlay-gradient":""},"tablet":{"background-color":"","background-image":"","background-repeat":"repeat","background-position":"center center","background-size":"auto","background-attachment":"scroll","background-type":"","background-media":"","overlay-type":"","overlay-color":"","overlay-opacity":"","overlay-gradient":""},"mobile":{"background-color":"","background-image":"","background-repeat":"repeat","background-position":"center center","background-size":"auto","background-attachment":"scroll","background-type":"","background-media":"","overlay-type":"","overlay-color":"","overlay-opacity":"","overlay-gradient":""}},"ast-content-background-meta":{"desktop":{"background-color":"var(--ast-global-color-4)","background-image":"","background-repeat":"repeat","background-position":"center center","background-size":"auto","background-attachment":"scroll","background-type":"","background-media":"","overlay-type":"","overlay-color":"","overlay-opacity":"","overlay-gradient":""},"tablet":{"background-color":"var(--ast-global-color-4)","background-image":"","background-repeat":"repeat","background-position":"center center","background-size":"auto","background-attachment":"scroll","background-type":"","background-media":"","overlay-type":"","overlay-color":"","overlay-opacity":"","overlay-gradient":""},"mobile":{"background-color":"var(--ast-global-color-4)","background-image":"","background-repeat":"repeat","background-position":"center center","background-size":"auto","background-attachment":"scroll","background-type":"","background-media":"","overlay-type":"","overlay-color":"","overlay-opacity":"","overlay-gradient":""}}},"product_brand":[107],"product_cat":[126,44,56,47,35,40,30,55,26],"product_tag":[],"class_list":{"0":"post-6814","1":"product","2":"type-product","3":"status-publish","4":"has-post-thumbnail","6":"product_brand-ngs","7":"product_cat-126","8":"product_cat-44","9":"product_cat-56","10":"product_cat-47","11":"product_cat--10-12-","12":"product_cat--12-","13":"product_cat--6-9-","14":"product_cat-55","15":"product_cat-26","16":"desktop-align-left","17":"tablet-align-left","18":"mobile-align-left","20":"first","21":"instock","22":"taxable","23":"shipping-taxable","24":"purchasable","25":"product-type-simple"},"_links":{"self":[{"href":"https:\/\/stem-eshop.gr\/ro\/wp-json\/wp\/v2\/product\/6814","targetHints":{"allow":["GET"]}}],"collection":[{"href":"https:\/\/stem-eshop.gr\/ro\/wp-json\/wp\/v2\/product"}],"about":[{"href":"https:\/\/stem-eshop.gr\/ro\/wp-json\/wp\/v2\/types\/product"}],"replies":[{"embeddable":true,"href":"https:\/\/stem-eshop.gr\/ro\/wp-json\/wp\/v2\/comments?post=6814"}],"wp:featuredmedia":[{"embeddable":true,"href":"https:\/\/stem-eshop.gr\/ro\/wp-json\/wp\/v2\/media\/4868"}],"wp:attachment":[{"href":"https:\/\/stem-eshop.gr\/ro\/wp-json\/wp\/v2\/media?parent=6814"}],"wp:term":[{"taxonomy":"product_brand","embeddable":true,"href":"https:\/\/stem-eshop.gr\/ro\/wp-json\/wp\/v2\/product_brand?post=6814"},{"taxonomy":"product_cat","embeddable":true,"href":"https:\/\/stem-eshop.gr\/ro\/wp-json\/wp\/v2\/product_cat?post=6814"},{"taxonomy":"product_tag","embeddable":true,"href":"https:\/\/stem-eshop.gr\/ro\/wp-json\/wp\/v2\/product_tag?post=6814"}],"curies":[{"name":"wp","href":"https:\/\/api.w.org\/{rel}","templated":true}]}}