{"id":6813,"date":"2025-05-19T08:51:57","date_gmt":"2025-05-19T08:51:57","guid":{"rendered":"https:\/\/stem-eshop.gr\/product\/fidget-spinner-%ce%bc%ce%b5%cf%84%ce%b1%cf%83%cf%87%ce%b7%ce%bc%ce%b1%cf%84%ce%b9%ce%b6%cf%8c%ce%bc%ce%b5%ce%bd%ce%b7-%ce%b1%ce%bb%cf%85%cf%83%ce%af%ce%b4%ce%b1-%ce%bc%ce%b7%cf%87%ce%b1%ce%bd\/"},"modified":"2025-10-30T18:24:22","modified_gmt":"2025-10-30T15:24:22","slug":"fidget-spinner-%ce%bc%ce%b5%cf%84%ce%b1%cf%83%cf%87%ce%b7%ce%bc%ce%b1%cf%84%ce%b9%ce%b6%cf%8c%ce%bc%ce%b5%ce%bd%ce%b7-%ce%b1%ce%bb%cf%85%cf%83%ce%af%ce%b4%ce%b1-%ce%bc%ce%b7%cf%87%ce%b1%ce%bd","status":"publish","type":"product","link":"https:\/\/stem-eshop.gr\/ro\/produs\/fidget-spinner-%ce%bc%ce%b5%cf%84%ce%b1%cf%83%cf%87%ce%b7%ce%bc%ce%b1%cf%84%ce%b9%ce%b6%cf%8c%ce%bc%ce%b5%ce%bd%ce%b7-%ce%b1%ce%bb%cf%85%cf%83%ce%af%ce%b4%ce%b1-%ce%bc%ce%b7%cf%87%ce%b1%ce%bd\/","title":{"rendered":"Fidget Spinner \u2013 Lan\u021b transformabil \u0219i spinner mecanic"},"content":{"rendered":"<p class=\"MsoNormal\">\u00cen detaliu:<\/p>\n<p class=\"MsoNormal\">Design unic:<\/p>\n<p class=\"MsoNormal\">Include conectori care permit transformarea roti\u021bei \u00een diverse forme.<\/p>\n<p class=\"MsoNormal\">Permite personalizarea \u0219i stilul personal.<\/p>\n<p class=\"MsoNormal\">Rota\u021bie mecanic\u0103:<\/p>\n<p class=\"MsoNormal\">Echipat cu rulmen\u021bi de \u00eenalt\u0103 calitate pentru o rota\u021bie silen\u021bioas\u0103 \u0219i lin\u0103.<\/p>\n<p class=\"MsoNormal\">Are piese mecanice care sporesc pl\u0103cerea \u0219i experien\u021ba de utilizare.<\/p>\n<p class=\"MsoNormal\">Materiale de construc\u021bie:<\/p>\n<p class=\"MsoNormal\">Materiale durabile, cum ar fi aliajul metalic sau plasticul de \u00eenalt\u0103 calitate, pentru o durat\u0103 lung\u0103 de via\u021b\u0103.<\/p>\n<p class=\"MsoNormal\">Margini netede \u0219i sigure pentru o utilizare confortabil\u0103 \u0219i sigur\u0103.<\/p>\n<p class=\"MsoNormal\">Utilizare polimorf\u0103:<\/p>\n<p class=\"MsoNormal\">Poate fi folosit ca un fidget spinner clasic sau ca juc\u0103rie de construc\u021bie cu lan\u021burile transformabile.<\/p>\n<p class=\"MsoNormal\">Ideal pentru cei c\u0103rora le place s\u0103 experimenteze cu ingineria \u0219i creativitatea.<\/p>\n<p class=\"MsoNormal\">Beneficii:<\/p>\n<p class=\"MsoNormal\">Ajut\u0103 la relaxare, reduce stresul \u0219i \u00eembun\u0103t\u0103\u021be\u0219te concentrarea.<\/p>\n<p class=\"MsoNormal\">\u00cencurajeaz\u0103 imagina\u021bia \u0219i m\u0103iestria, oferind o combina\u021bie unic\u0103 de divertisment \u0219i dezvoltare a abilit\u0103\u021bilor.<\/p>\n<p class=\"MsoNormal\">Portabil \u0219i u\u0219or:<\/p>\n<p class=\"MsoNormal\">Dimensiunea compact\u0103 \u00eel face u\u0219or de transportat \u00een buzunar sau \u00een geant\u0103.<\/p>\n<p><span style=\"font-size: 11pt; line-height: 107%; font-family: Calibri, sans-serif;\">Fidget Spinner este alegerea ideal\u0103 pentru cei care caut\u0103 o combina\u021bie \u00eentre inova\u021bie, creativitate \u0219i distrac\u021bie.<\/span><\/p>","protected":false},"excerpt":{"rendered":"<p>Fidget Spinner \u2013 Lan\u021b Transformabil \u0219i Spinner Mecanic este o juc\u0103rie inovatoare care combin\u0103 creativitatea, func\u021bionalitatea \u0219i distrac\u021bia.<\/p>","protected":false},"featured_media":4863,"comment_status":"open","ping_status":"closed","template":"","meta":{"site-sidebar-layout":"default","site-content-layout":"","ast-site-content-layout":"default","site-content-style":"default","site-sidebar-style":"default","ast-global-header-display":"","ast-banner-title-visibility":"","ast-main-header-display":"","ast-hfb-above-header-display":"","ast-hfb-below-header-display":"","ast-hfb-mobile-header-display":"","site-post-title":"","ast-breadcrumbs-content":"","ast-featured-img":"","footer-sml-layout":"","ast-disable-related-posts":"","theme-transparent-header-meta":"default","adv-header-id-meta":"","stick-header-meta":"","header-above-stick-meta":"","header-main-stick-meta":"","header-below-stick-meta":"","astra-migrate-meta-layouts":"set","ast-page-background-enabled":"default","ast-page-background-meta":{"desktop":{"background-color":"var(--ast-global-color-5)","background-image":"","background-repeat":"repeat","background-position":"center center","background-size":"auto","background-attachment":"scroll","background-type":"","background-media":"","overlay-type":"","overlay-color":"","overlay-opacity":"","overlay-gradient":""},"tablet":{"background-color":"","background-image":"","background-repeat":"repeat","background-position":"center center","background-size":"auto","background-attachment":"scroll","background-type":"","background-media":"","overlay-type":"","overlay-color":"","overlay-opacity":"","overlay-gradient":""},"mobile":{"background-color":"","background-image":"","background-repeat":"repeat","background-position":"center center","background-size":"auto","background-attachment":"scroll","background-type":"","background-media":"","overlay-type":"","overlay-color":"","overlay-opacity":"","overlay-gradient":""}},"ast-content-background-meta":{"desktop":{"background-color":"var(--ast-global-color-4)","background-image":"","background-repeat":"repeat","background-position":"center center","background-size":"auto","background-attachment":"scroll","background-type":"","background-media":"","overlay-type":"","overlay-color":"","overlay-opacity":"","overlay-gradient":""},"tablet":{"background-color":"var(--ast-global-color-4)","background-image":"","background-repeat":"repeat","background-position":"center center","background-size":"auto","background-attachment":"scroll","background-type":"","background-media":"","overlay-type":"","overlay-color":"","overlay-opacity":"","overlay-gradient":""},"mobile":{"background-color":"var(--ast-global-color-4)","background-image":"","background-repeat":"repeat","background-position":"center center","background-size":"auto","background-attachment":"scroll","background-type":"","background-media":"","overlay-type":"","overlay-color":"","overlay-opacity":"","overlay-gradient":""}}},"product_brand":[107],"product_cat":[126,50,56,47,37,35,40,30,55],"product_tag":[],"class_list":{"0":"post-6813","1":"product","2":"type-product","3":"status-publish","4":"has-post-thumbnail","6":"product_brand-ngs","7":"product_cat-126","8":"product_cat-50","9":"product_cat-56","10":"product_cat-47","11":"product_cat-37","12":"product_cat--10-12-","13":"product_cat--12-","14":"product_cat--6-9-","15":"product_cat-55","16":"desktop-align-left","17":"tablet-align-left","18":"mobile-align-left","20":"first","21":"instock","22":"taxable","23":"shipping-taxable","24":"purchasable","25":"product-type-simple"},"_links":{"self":[{"href":"https:\/\/stem-eshop.gr\/ro\/wp-json\/wp\/v2\/product\/6813","targetHints":{"allow":["GET"]}}],"collection":[{"href":"https:\/\/stem-eshop.gr\/ro\/wp-json\/wp\/v2\/product"}],"about":[{"href":"https:\/\/stem-eshop.gr\/ro\/wp-json\/wp\/v2\/types\/product"}],"replies":[{"embeddable":true,"href":"https:\/\/stem-eshop.gr\/ro\/wp-json\/wp\/v2\/comments?post=6813"}],"wp:featuredmedia":[{"embeddable":true,"href":"https:\/\/stem-eshop.gr\/ro\/wp-json\/wp\/v2\/media\/4863"}],"wp:attachment":[{"href":"https:\/\/stem-eshop.gr\/ro\/wp-json\/wp\/v2\/media?parent=6813"}],"wp:term":[{"taxonomy":"product_brand","embeddable":true,"href":"https:\/\/stem-eshop.gr\/ro\/wp-json\/wp\/v2\/product_brand?post=6813"},{"taxonomy":"product_cat","embeddable":true,"href":"https:\/\/stem-eshop.gr\/ro\/wp-json\/wp\/v2\/product_cat?post=6813"},{"taxonomy":"product_tag","embeddable":true,"href":"https:\/\/stem-eshop.gr\/ro\/wp-json\/wp\/v2\/product_tag?post=6813"}],"curies":[{"name":"wp","href":"https:\/\/api.w.org\/{rel}","templated":true}]}}