{"id":6811,"date":"2025-05-19T08:51:54","date_gmt":"2025-05-19T08:51:54","guid":{"rendered":"https:\/\/stem-eshop.gr\/product\/2-%cf%83%ce%b5-1-%cf%80%ce%b1%ce%b9%cf%87%ce%bd%ce%af%ce%b4%ce%b9-%ce%b3%cf%81%ce%ae%ce%b3%ce%bf%cf%81%ce%bf%cf%85-%cf%80%ce%b1%ce%b6%ce%bb-spinner-1x3x3-%ce%bc%ce%b1%ce%b3%ce%b9%ce%ba%cf%8c%cf%82\/"},"modified":"2026-04-23T10:45:45","modified_gmt":"2026-04-23T07:45:45","slug":"2-%cf%83%ce%b5-1-%cf%80%ce%b1%ce%b9%cf%87%ce%bd%ce%af%ce%b4%ce%b9-%ce%b3%cf%81%ce%ae%ce%b3%ce%bf%cf%81%ce%bf%cf%85-%cf%80%ce%b1%ce%b6%ce%bb-spinner-1x3x3-%ce%bc%ce%b1%ce%b3%ce%b9%ce%ba%cf%8c%cf%82","status":"publish","type":"product","link":"https:\/\/stem-eshop.gr\/ro\/produs\/2-%cf%83%ce%b5-1-%cf%80%ce%b1%ce%b9%cf%87%ce%bd%ce%af%ce%b4%ce%b9-%ce%b3%cf%81%ce%ae%ce%b3%ce%bf%cf%81%ce%bf%cf%85-%cf%80%ce%b1%ce%b6%ce%bb-spinner-1x3x3-%ce%bc%ce%b1%ce%b3%ce%b9%ce%ba%cf%8c%cf%82\/","title":{"rendered":"Joc de puzzle cu rotire rapid\u0103 2 \u00een 1, cub magic 1x3x3"},"content":{"rendered":"<p class=\"MsoNormal\">Caracteristici detaliate:<\/p>\n<p class=\"MsoNormal\">Design cu func\u021bie dubl\u0103:<\/p>\n<p class=\"MsoNormal\">Cub Magic (1x3x3): Arat\u0103 ca un mini cub puzzle, cu trei r\u00e2nduri care pot fi rotite, oferind o provocare de rezolvare rapid\u0103, dar interesant\u0103.<\/p>\n<p class=\"MsoNormal\">Rotitor: Include un mecanism de rotire \u00een centru, care \u00eei permite s\u0103 func\u021bioneze ca un rotitor agitat pentru relaxare \u0219i distrac\u021bie.<\/p>\n<p class=\"MsoNormal\">Materiale de construc\u021bie: Fabricate din plastic de \u00eenalt\u0103 calitate, rezistent la uzur\u0103, cu margini netede pentru utilizare \u00een siguran\u021b\u0103.<\/p>\n<p class=\"MsoNormal\">Ergonomie: U\u0219or \u0219i de dimensiuni reduse, se potrive\u0219te confortabil \u00een palma m\u00e2inii \u0219i este u\u0219or de transportat.<\/p>\n<p class=\"MsoNormal\">Multifunc\u021bional: Ideal pentru persoanele care vor s\u0103 exerseze puzzle-uri, dar \u0219i s\u0103 \u00ee\u0219i elibereze stresul prin intermediul roti\u021bei.<\/p>\n<p class=\"MsoNormal\">Culori: Prezint\u0103 culori str\u0103lucitoare care sporesc atractivitatea vizual\u0103 \u0219i ajut\u0103 la rezolvarea cubului.<\/p>\n<p class=\"MsoNormal\">Aplica\u021bii: Excelent pentru copii \u0219i adul\u021bi, ca instrument pentru divertisment, relaxare \u0219i \u00eembun\u0103t\u0103\u021birea concentr\u0103rii.<\/p>\n<p class=\"MsoNormal\">Produsul combin\u0103 bucuria jocului rapid de tip puzzle cu lini\u0219tea oferit\u0103 de un fidget spinner, fiind perfect pentru un cadou sau pentru uzul zilnic.<\/p>","protected":false},"excerpt":{"rendered":"<p>Jocul de puzzle 2 \u00een 1 cu vitez\u0103 rotativ\u0103, Cubul Magic 1x3x3, este o combina\u021bie de dou\u0103 jocuri distractive \u00eentr-un dispozitiv unic, ideal pentru divertisment \u0219i provocare.<\/p>","protected":false},"featured_media":4854,"comment_status":"open","ping_status":"closed","template":"","meta":{"site-sidebar-layout":"default","site-content-layout":"","ast-site-content-layout":"default","site-content-style":"default","site-sidebar-style":"default","ast-global-header-display":"","ast-banner-title-visibility":"","ast-main-header-display":"","ast-hfb-above-header-display":"","ast-hfb-below-header-display":"","ast-hfb-mobile-header-display":"","site-post-title":"","ast-breadcrumbs-content":"","ast-featured-img":"","footer-sml-layout":"","ast-disable-related-posts":"","theme-transparent-header-meta":"default","adv-header-id-meta":"","stick-header-meta":"","header-above-stick-meta":"","header-main-stick-meta":"","header-below-stick-meta":"","astra-migrate-meta-layouts":"set","ast-page-background-enabled":"default","ast-page-background-meta":{"desktop":{"background-color":"var(--ast-global-color-5)","background-image":"","background-repeat":"repeat","background-position":"center center","background-size":"auto","background-attachment":"scroll","background-type":"","background-media":"","overlay-type":"","overlay-color":"","overlay-opacity":"","overlay-gradient":""},"tablet":{"background-color":"","background-image":"","background-repeat":"repeat","background-position":"center center","background-size":"auto","background-attachment":"scroll","background-type":"","background-media":"","overlay-type":"","overlay-color":"","overlay-opacity":"","overlay-gradient":""},"mobile":{"background-color":"","background-image":"","background-repeat":"repeat","background-position":"center center","background-size":"auto","background-attachment":"scroll","background-type":"","background-media":"","overlay-type":"","overlay-color":"","overlay-opacity":"","overlay-gradient":""}},"ast-content-background-meta":{"desktop":{"background-color":"var(--ast-global-color-4)","background-image":"","background-repeat":"repeat","background-position":"center center","background-size":"auto","background-attachment":"scroll","background-type":"","background-media":"","overlay-type":"","overlay-color":"","overlay-opacity":"","overlay-gradient":""},"tablet":{"background-color":"var(--ast-global-color-4)","background-image":"","background-repeat":"repeat","background-position":"center center","background-size":"auto","background-attachment":"scroll","background-type":"","background-media":"","overlay-type":"","overlay-color":"","overlay-opacity":"","overlay-gradient":""},"mobile":{"background-color":"var(--ast-global-color-4)","background-image":"","background-repeat":"repeat","background-position":"center center","background-size":"auto","background-attachment":"scroll","background-type":"","background-media":"","overlay-type":"","overlay-color":"","overlay-opacity":"","overlay-gradient":""}}},"product_brand":[107],"product_cat":[126,50,56,47,37,30,55,26],"product_tag":[],"class_list":{"0":"post-6811","1":"product","2":"type-product","3":"status-publish","4":"has-post-thumbnail","6":"product_brand-ngs","7":"product_cat-126","8":"product_cat-50","9":"product_cat-56","10":"product_cat-47","11":"product_cat-37","12":"product_cat--6-9-","13":"product_cat-55","14":"product_cat-26","15":"desktop-align-left","16":"tablet-align-left","17":"mobile-align-left","19":"first","20":"instock","21":"taxable","22":"shipping-taxable","23":"purchasable","24":"product-type-simple"},"_links":{"self":[{"href":"https:\/\/stem-eshop.gr\/ro\/wp-json\/wp\/v2\/product\/6811","targetHints":{"allow":["GET"]}}],"collection":[{"href":"https:\/\/stem-eshop.gr\/ro\/wp-json\/wp\/v2\/product"}],"about":[{"href":"https:\/\/stem-eshop.gr\/ro\/wp-json\/wp\/v2\/types\/product"}],"replies":[{"embeddable":true,"href":"https:\/\/stem-eshop.gr\/ro\/wp-json\/wp\/v2\/comments?post=6811"}],"wp:featuredmedia":[{"embeddable":true,"href":"https:\/\/stem-eshop.gr\/ro\/wp-json\/wp\/v2\/media\/4854"}],"wp:attachment":[{"href":"https:\/\/stem-eshop.gr\/ro\/wp-json\/wp\/v2\/media?parent=6811"}],"wp:term":[{"taxonomy":"product_brand","embeddable":true,"href":"https:\/\/stem-eshop.gr\/ro\/wp-json\/wp\/v2\/product_brand?post=6811"},{"taxonomy":"product_cat","embeddable":true,"href":"https:\/\/stem-eshop.gr\/ro\/wp-json\/wp\/v2\/product_cat?post=6811"},{"taxonomy":"product_tag","embeddable":true,"href":"https:\/\/stem-eshop.gr\/ro\/wp-json\/wp\/v2\/product_tag?post=6811"}],"curies":[{"name":"wp","href":"https:\/\/api.w.org\/{rel}","templated":true}]}}