{"id":6809,"date":"2025-05-19T08:51:50","date_gmt":"2025-05-19T08:51:50","guid":{"rendered":"https:\/\/stem-eshop.gr\/product\/%ce%b5%ce%ba%cf%80%ce%b1%ce%b9%ce%b4%ce%b5%cf%85%cf%84%ce%b9%ce%ba%cf%8c%cf%82-%ce%ba%cf%8d%ce%b2%ce%bf%cf%82-%ce%b5%cf%8d%ce%ba%ce%bf%ce%bb%ce%b7-%ce%ad%ce%ba%ce%b4%ce%bf%cf%83%ce%b7\/"},"modified":"2025-05-22T07:40:45","modified_gmt":"2025-05-22T07:40:45","slug":"%ce%b5%ce%ba%cf%80%ce%b1%ce%b9%ce%b4%ce%b5%cf%85%cf%84%ce%b9%ce%ba%cf%8c%cf%82-%ce%ba%cf%8d%ce%b2%ce%bf%cf%82-%ce%b5%cf%8d%ce%ba%ce%bf%ce%bb%ce%b7-%ce%ad%ce%ba%ce%b4%ce%bf%cf%83%ce%b7","status":"publish","type":"product","link":"https:\/\/stem-eshop.gr\/ro\/produs\/%ce%b5%ce%ba%cf%80%ce%b1%ce%b9%ce%b4%ce%b5%cf%85%cf%84%ce%b9%ce%ba%cf%8c%cf%82-%ce%ba%cf%8d%ce%b2%ce%bf%cf%82-%ce%b5%cf%8d%ce%ba%ce%bf%ce%bb%ce%b7-%ce%ad%ce%ba%ce%b4%ce%bf%cf%83%ce%b7\/","title":{"rendered":"Cub educa\u021bional - Versiune u\u0219oar\u0103"},"content":{"rendered":"<p class=\"MsoNormal\">Caracteristici cheie:<\/p>\n<\/p>\n<p class=\"MsoNormal\">Form\u0103 \u0219i structur\u0103:<\/p>\n<\/p>\n<p class=\"MsoNormal\">Cubul are piese asimetrice, iar rota\u021biile sale au loc \u00een jurul diferitelor axe, ceea ce face ca solu\u021bia sa s\u0103 fie deosebit de dificil\u0103.<\/p>\n<\/p>\n<p class=\"MsoNormal\">Designul s\u0103u seam\u0103n\u0103 cu o combina\u021bie de diferite tipuri de puzzle-uri.<\/p>\n<p class=\"MsoNormal\">Dificultate:<\/p>\n<\/p>\n<p class=\"MsoNormal\">Ideal pentru rezolvitorii avansa\u021bi de puzzle-uri care caut\u0103 o nou\u0103 provocare.<\/p>\n<\/p>\n<p class=\"MsoNormal\">Necesit\u0103 o bun\u0103 \u00een\u021belegere a logicii puzzle-urilor \u0219i a percep\u021biei spa\u021biale.<\/p>\n<\/p>\n<p class=\"MsoNormal\">Aspect vizual:<\/p>\n<\/p>\n<p class=\"MsoNormal\">Prezint\u0103 culori str\u0103lucitoare \u0219i izbitoare care ajut\u0103 la distingerea pieselor la rezolvare.<\/p>\n<\/p>\n<p class=\"MsoNormal\">Valoare educa\u021bional\u0103:<\/p>\n<\/p>\n<p class=\"MsoNormal\">Dezvolt\u0103 logica, memoria \u0219i r\u0103bdarea, oferind o experien\u021b\u0103 unic\u0103 de g\u00e2ndire.<\/p>\n<\/p>\n<p class=\"MsoNormal\">Acest cub este o completare excelent\u0103 la colec\u021bia oric\u0103rui iubitor de puzzle-uri \u0219i ofer\u0103 ore \u00eentregi de distrac\u021bie \u0219i provocare!<\/p>","protected":false},"excerpt":{"rendered":"<p>Acest cub este un cub puzzle unic \u0219i provocator, diferit de cuburile Rubik clasice. Se caracterizeaz\u0103 prin designul s\u0103u neobi\u0219nuit, care include piese \u00een form\u0103 de stea \u0219i prezint\u0103 rota\u021bii ce combin\u0103 caracteristicile unui cub \u0219i ale unui puzzle piramidal.<\/p>","protected":false},"featured_media":4840,"comment_status":"open","ping_status":"closed","template":"","meta":{"site-sidebar-layout":"default","site-content-layout":"","ast-site-content-layout":"default","site-content-style":"default","site-sidebar-style":"default","ast-global-header-display":"","ast-banner-title-visibility":"","ast-main-header-display":"","ast-hfb-above-header-display":"","ast-hfb-below-header-display":"","ast-hfb-mobile-header-display":"","site-post-title":"","ast-breadcrumbs-content":"","ast-featured-img":"","footer-sml-layout":"","ast-disable-related-posts":"","theme-transparent-header-meta":"","adv-header-id-meta":"","stick-header-meta":"","header-above-stick-meta":"","header-main-stick-meta":"","header-below-stick-meta":"","astra-migrate-meta-layouts":"default","ast-page-background-enabled":"default","ast-page-background-meta":{"desktop":{"background-color":"var(--ast-global-color-5)","background-image":"","background-repeat":"repeat","background-position":"center center","background-size":"auto","background-attachment":"scroll","background-type":"","background-media":"","overlay-type":"","overlay-color":"","overlay-opacity":"","overlay-gradient":""},"tablet":{"background-color":"","background-image":"","background-repeat":"repeat","background-position":"center center","background-size":"auto","background-attachment":"scroll","background-type":"","background-media":"","overlay-type":"","overlay-color":"","overlay-opacity":"","overlay-gradient":""},"mobile":{"background-color":"","background-image":"","background-repeat":"repeat","background-position":"center center","background-size":"auto","background-attachment":"scroll","background-type":"","background-media":"","overlay-type":"","overlay-color":"","overlay-opacity":"","overlay-gradient":""}},"ast-content-background-meta":{"desktop":{"background-color":"var(--ast-global-color-4)","background-image":"","background-repeat":"repeat","background-position":"center center","background-size":"auto","background-attachment":"scroll","background-type":"","background-media":"","overlay-type":"","overlay-color":"","overlay-opacity":"","overlay-gradient":""},"tablet":{"background-color":"var(--ast-global-color-4)","background-image":"","background-repeat":"repeat","background-position":"center center","background-size":"auto","background-attachment":"scroll","background-type":"","background-media":"","overlay-type":"","overlay-color":"","overlay-opacity":"","overlay-gradient":""},"mobile":{"background-color":"var(--ast-global-color-4)","background-image":"","background-repeat":"repeat","background-position":"center center","background-size":"auto","background-attachment":"scroll","background-type":"","background-media":"","overlay-type":"","overlay-color":"","overlay-opacity":"","overlay-gradient":""}}},"product_brand":[107],"product_cat":[126,50,56,47,37,35,40,55],"product_tag":[],"class_list":{"0":"post-6809","1":"product","2":"type-product","3":"status-publish","4":"has-post-thumbnail","6":"product_brand-ngs","7":"product_cat-126","8":"product_cat-50","9":"product_cat-56","10":"product_cat-47","11":"product_cat-37","12":"product_cat--10-12-","13":"product_cat--12-","14":"product_cat-55","15":"desktop-align-left","16":"tablet-align-left","17":"mobile-align-left","19":"first","20":"instock","21":"virtual","22":"taxable","23":"purchasable","24":"product-type-simple"},"_links":{"self":[{"href":"https:\/\/stem-eshop.gr\/ro\/wp-json\/wp\/v2\/product\/6809","targetHints":{"allow":["GET"]}}],"collection":[{"href":"https:\/\/stem-eshop.gr\/ro\/wp-json\/wp\/v2\/product"}],"about":[{"href":"https:\/\/stem-eshop.gr\/ro\/wp-json\/wp\/v2\/types\/product"}],"replies":[{"embeddable":true,"href":"https:\/\/stem-eshop.gr\/ro\/wp-json\/wp\/v2\/comments?post=6809"}],"wp:featuredmedia":[{"embeddable":true,"href":"https:\/\/stem-eshop.gr\/ro\/wp-json\/wp\/v2\/media\/4840"}],"wp:attachment":[{"href":"https:\/\/stem-eshop.gr\/ro\/wp-json\/wp\/v2\/media?parent=6809"}],"wp:term":[{"taxonomy":"product_brand","embeddable":true,"href":"https:\/\/stem-eshop.gr\/ro\/wp-json\/wp\/v2\/product_brand?post=6809"},{"taxonomy":"product_cat","embeddable":true,"href":"https:\/\/stem-eshop.gr\/ro\/wp-json\/wp\/v2\/product_cat?post=6809"},{"taxonomy":"product_tag","embeddable":true,"href":"https:\/\/stem-eshop.gr\/ro\/wp-json\/wp\/v2\/product_tag?post=6809"}],"curies":[{"name":"wp","href":"https:\/\/api.w.org\/{rel}","templated":true}]}}