{"id":6802,"date":"2025-05-19T08:51:40","date_gmt":"2025-05-19T08:51:40","guid":{"rendered":"https:\/\/stem-eshop.gr\/product\/%ce%ba%cf%8d%ce%b2%ce%bf%cf%82-%cf%84%ce%bf%cf%85-rubik-6x6\/"},"modified":"2025-05-22T07:50:33","modified_gmt":"2025-05-22T07:50:33","slug":"%ce%ba%cf%8d%ce%b2%ce%bf%cf%82-%cf%84%ce%bf%cf%85-rubik-6x6","status":"publish","type":"product","link":"https:\/\/stem-eshop.gr\/ro\/produs\/%ce%ba%cf%8d%ce%b2%ce%bf%cf%82-%cf%84%ce%bf%cf%85-rubik-6x6\/","title":{"rendered":"Cubul Rubik 6\u00d76"},"content":{"rendered":"<p class=\"MsoNormal\">Caracteristici:<\/p>\n<p>Design avansat: Cubul 6\u00d76 ofer\u0103 mai multe provoc\u0103ri dec\u00e2t cuburile clasice, fiind ideal pentru utilizatorii avansa\u021bi.<\/p>\n<p>Materiale de \u00eenalt\u0103 calitate: Fabricate din plastic durabil, cu rota\u021bie lin\u0103 pentru o utilizare u\u0219oar\u0103.<\/p>\n<p>Stimulare senzorial\u0103: Ajut\u0103 la \u00eembun\u0103t\u0103\u021birea coordon\u0103rii m\u00e2n\u0103-ochi \u0219i a abilit\u0103\u021bilor motorii fine.<\/p>\n<p>Portabil \u0219i u\u0219or: Ideal pentru a fi transportat \u0219i distrat oriunde.<\/p>\n<p class=\"MsoNormal\">Beneficii:<\/p>\n<p>Dezvoltare mental\u0103: Dezvolt\u0103 g\u00e2ndirea logic\u0103, rezolvarea problemelor \u0219i r\u0103bdarea.<\/p>\n<p>\u00cenv\u0103\u021bare distractiv\u0103: O modalitate de a-i \u021bine pe copii ocupa\u021bi \u00een timp ce \u00eenva\u021b\u0103 abilit\u0103\u021bi importante.<\/p>\n<p>Potrivit pentru toate v\u00e2rstele: Ofer\u0103 o provocare at\u00e2t pentru copii, c\u00e2t \u0219i pentru adul\u021bii pasiona\u021bi de puzzle-uri.<\/p>\n<p class=\"MsoNormal\">Cubul s\u0103u\u00a0<span lang=\"en-us\" xml:lang=\"en-us\">Rubik<\/span> 6\u00d76 este un cadou minunat pentru copiii c\u0103rora le place s\u0103 rezolve puzzle-uri \u0219i vor s\u0103-\u0219i perfec\u021bioneze abilit\u0103\u021bile, oferind \u00een acela\u0219i timp divertisment \u0219i valoare educa\u021bional\u0103!<\/p>","protected":false},"excerpt":{"rendered":"<p>Cubul Rubik 6\u00d76 este o juc\u0103rie educativ\u0103 conceput\u0103 pentru dezvoltarea intelectual\u0103 a copiilor, promov\u00e2nd g\u00e2ndirea strategic\u0103, r\u0103bdarea \u0219i abilit\u0103\u021bile de rezolvare a problemelor. Cu 6 niveluri de complexitate, este o provocare chiar \u0219i pentru cei mai experimenta\u021bi pasiona\u021bi de puzzle-uri cu cuburi.<\/p>","protected":false},"featured_media":4803,"comment_status":"open","ping_status":"closed","template":"","meta":{"site-sidebar-layout":"default","site-content-layout":"","ast-site-content-layout":"default","site-content-style":"default","site-sidebar-style":"default","ast-global-header-display":"","ast-banner-title-visibility":"","ast-main-header-display":"","ast-hfb-above-header-display":"","ast-hfb-below-header-display":"","ast-hfb-mobile-header-display":"","site-post-title":"","ast-breadcrumbs-content":"","ast-featured-img":"","footer-sml-layout":"","ast-disable-related-posts":"","theme-transparent-header-meta":"default","adv-header-id-meta":"","stick-header-meta":"","header-above-stick-meta":"","header-main-stick-meta":"","header-below-stick-meta":"","astra-migrate-meta-layouts":"set","ast-page-background-enabled":"default","ast-page-background-meta":{"desktop":{"background-color":"var(--ast-global-color-5)","background-image":"","background-repeat":"repeat","background-position":"center center","background-size":"auto","background-attachment":"scroll","background-type":"","background-media":"","overlay-type":"","overlay-color":"","overlay-opacity":"","overlay-gradient":""},"tablet":{"background-color":"","background-image":"","background-repeat":"repeat","background-position":"center center","background-size":"auto","background-attachment":"scroll","background-type":"","background-media":"","overlay-type":"","overlay-color":"","overlay-opacity":"","overlay-gradient":""},"mobile":{"background-color":"","background-image":"","background-repeat":"repeat","background-position":"center center","background-size":"auto","background-attachment":"scroll","background-type":"","background-media":"","overlay-type":"","overlay-color":"","overlay-opacity":"","overlay-gradient":""}},"ast-content-background-meta":{"desktop":{"background-color":"var(--ast-global-color-4)","background-image":"","background-repeat":"repeat","background-position":"center center","background-size":"auto","background-attachment":"scroll","background-type":"","background-media":"","overlay-type":"","overlay-color":"","overlay-opacity":"","overlay-gradient":""},"tablet":{"background-color":"var(--ast-global-color-4)","background-image":"","background-repeat":"repeat","background-position":"center center","background-size":"auto","background-attachment":"scroll","background-type":"","background-media":"","overlay-type":"","overlay-color":"","overlay-opacity":"","overlay-gradient":""},"mobile":{"background-color":"var(--ast-global-color-4)","background-image":"","background-repeat":"repeat","background-position":"center center","background-size":"auto","background-attachment":"scroll","background-type":"","background-media":"","overlay-type":"","overlay-color":"","overlay-opacity":"","overlay-gradient":""}}},"product_brand":[107],"product_cat":[126,50,56,47,37,35,40,55],"product_tag":[],"class_list":{"0":"post-6802","1":"product","2":"type-product","3":"status-publish","4":"has-post-thumbnail","6":"product_brand-ngs","7":"product_cat-126","8":"product_cat-50","9":"product_cat-56","10":"product_cat-47","11":"product_cat-37","12":"product_cat--10-12-","13":"product_cat--12-","14":"product_cat-55","15":"desktop-align-left","16":"tablet-align-left","17":"mobile-align-left","19":"first","20":"instock","21":"taxable","22":"shipping-taxable","23":"purchasable","24":"product-type-simple"},"_links":{"self":[{"href":"https:\/\/stem-eshop.gr\/ro\/wp-json\/wp\/v2\/product\/6802","targetHints":{"allow":["GET"]}}],"collection":[{"href":"https:\/\/stem-eshop.gr\/ro\/wp-json\/wp\/v2\/product"}],"about":[{"href":"https:\/\/stem-eshop.gr\/ro\/wp-json\/wp\/v2\/types\/product"}],"replies":[{"embeddable":true,"href":"https:\/\/stem-eshop.gr\/ro\/wp-json\/wp\/v2\/comments?post=6802"}],"wp:featuredmedia":[{"embeddable":true,"href":"https:\/\/stem-eshop.gr\/ro\/wp-json\/wp\/v2\/media\/4803"}],"wp:attachment":[{"href":"https:\/\/stem-eshop.gr\/ro\/wp-json\/wp\/v2\/media?parent=6802"}],"wp:term":[{"taxonomy":"product_brand","embeddable":true,"href":"https:\/\/stem-eshop.gr\/ro\/wp-json\/wp\/v2\/product_brand?post=6802"},{"taxonomy":"product_cat","embeddable":true,"href":"https:\/\/stem-eshop.gr\/ro\/wp-json\/wp\/v2\/product_cat?post=6802"},{"taxonomy":"product_tag","embeddable":true,"href":"https:\/\/stem-eshop.gr\/ro\/wp-json\/wp\/v2\/product_tag?post=6802"}],"curies":[{"name":"wp","href":"https:\/\/api.w.org\/{rel}","templated":true}]}}