{"id":6797,"date":"2025-05-19T08:51:31","date_gmt":"2025-05-19T08:51:31","guid":{"rendered":"https:\/\/stem-eshop.gr\/product\/%ce%be%cf%8d%ce%bb%ce%b9%ce%bd%ce%bf-%cf%80%ce%b1%ce%b6%ce%bb-%ce%bc%ce%b1%ce%b3%ce%b9%ce%ba%ce%ae-%ce%bc%cf%80%ce%ac%ce%bb%ce%b1-%ce%b5%ce%ba%cf%80%ce%b1%ce%b9%ce%b4%ce%b5%cf%85%cf%84%ce%b9%ce%ba\/"},"modified":"2025-12-21T15:23:06","modified_gmt":"2025-12-21T12:23:06","slug":"%ce%be%cf%8d%ce%bb%ce%b9%ce%bd%ce%bf-%cf%80%ce%b1%ce%b6%ce%bb-%ce%bc%ce%b1%ce%b3%ce%b9%ce%ba%ce%ae-%ce%bc%cf%80%ce%ac%ce%bb%ce%b1-%ce%b5%ce%ba%cf%80%ce%b1%ce%b9%ce%b4%ce%b5%cf%85%cf%84%ce%b9%ce%ba","status":"publish","type":"product","link":"https:\/\/stem-eshop.gr\/ro\/produs\/%ce%be%cf%8d%ce%bb%ce%b9%ce%bd%ce%bf-%cf%80%ce%b1%ce%b6%ce%bb-%ce%bc%ce%b1%ce%b3%ce%b9%ce%ba%ce%ae-%ce%bc%cf%80%ce%ac%ce%bb%ce%b1-%ce%b5%ce%ba%cf%80%ce%b1%ce%b9%ce%b4%ce%b5%cf%85%cf%84%ce%b9%ce%ba\/","title":{"rendered":"Puzzle din lemn \u201eMinge magic\u0103\u201d \u2013 Joc educa\u021bional de inteligen\u021b\u0103"},"content":{"rendered":"<p class=\"MsoNormal\">Caracteristici:<\/p>\n<p class=\"MsoNormal\">Design inovator: \u201eMingea magic\u0103\u201d este alc\u0103tuit\u0103 din piese de lemn care trebuie asamblate \u00eentr-o form\u0103 sferic\u0103. Necesit\u0103 g\u00e2ndire strategic\u0103 \u0219i r\u0103bdare.<\/p>\n<p class=\"MsoNormal\">Educa\u021bie prin divertisment: Dezvolt\u0103 g\u00e2ndirea logic\u0103, creativitatea \u0219i rezolvarea problemelor.<\/p>\n<p class=\"MsoNormal\">Materiale de \u00eenalt\u0103 calitate: Fabricate din lemn natural, ecologic, cu un finisaj neted pentru siguran\u021b\u0103 \u0219i durabilitate.<\/p>\n<p class=\"MsoNormal\">Dimensiune portabil\u0103: U\u0219or de transportat, \u00eel pute\u021bi lua oriunde pentru distrac\u021bie nesf\u00e2r\u0219it\u0103.<\/p>\n<p class=\"MsoNormal\">Beneficii:<\/p>\n<p class=\"MsoNormal\">\u00cembun\u0103t\u0103\u021be\u0219te concentrarea \u0219i r\u0103bdarea.<\/p>\n<p class=\"MsoNormal\">Ideal pentru dezvoltarea abilit\u0103\u021bilor motorii \u0219i a coordon\u0103rii m\u00e2n\u0103-ochi.<\/p>\n<p class=\"MsoNormal\">Potrivit pentru toate v\u00e2rstele, oferind o experien\u021b\u0103 distractiv\u0103 \u0219i provocatoare.<\/p>\n<p><span style=\"font-size: 11pt; line-height: 107%; font-family: Calibri, sans-serif;\">Acest joc este cadoul perfect pentru cei care iubesc provoc\u0103rile \u0219i, \u00een acela\u0219i timp, este un instrument excelent pentru uz educa\u021bional cu copiii!!<\/span><\/p>","protected":false},"excerpt":{"rendered":"<p>Puzzle-ul din lemn \u201eMingea magic\u0103\u201d<strong>&#8220;<\/strong> este un joc educativ care combin\u0103 divertismentul cu dezvoltarea abilit\u0103\u021bilor mentale. Cu designul s\u0103u unic, ofer\u0103 o experien\u021b\u0103 provocatoare de rezolvare a puzzle-urilor, ideal\u0103 at\u00e2t pentru copii, c\u00e2t \u0219i pentru adul\u021bi.<\/p>","protected":false},"featured_media":4776,"comment_status":"open","ping_status":"closed","template":"","meta":{"site-sidebar-layout":"default","site-content-layout":"","ast-site-content-layout":"default","site-content-style":"default","site-sidebar-style":"default","ast-global-header-display":"","ast-banner-title-visibility":"","ast-main-header-display":"","ast-hfb-above-header-display":"","ast-hfb-below-header-display":"","ast-hfb-mobile-header-display":"","site-post-title":"","ast-breadcrumbs-content":"","ast-featured-img":"","footer-sml-layout":"","ast-disable-related-posts":"","theme-transparent-header-meta":"default","adv-header-id-meta":"","stick-header-meta":"","header-above-stick-meta":"","header-main-stick-meta":"","header-below-stick-meta":"","astra-migrate-meta-layouts":"set","ast-page-background-enabled":"default","ast-page-background-meta":{"desktop":{"background-color":"var(--ast-global-color-5)","background-image":"","background-repeat":"repeat","background-position":"center center","background-size":"auto","background-attachment":"scroll","background-type":"","background-media":"","overlay-type":"","overlay-color":"","overlay-opacity":"","overlay-gradient":""},"tablet":{"background-color":"","background-image":"","background-repeat":"repeat","background-position":"center center","background-size":"auto","background-attachment":"scroll","background-type":"","background-media":"","overlay-type":"","overlay-color":"","overlay-opacity":"","overlay-gradient":""},"mobile":{"background-color":"","background-image":"","background-repeat":"repeat","background-position":"center center","background-size":"auto","background-attachment":"scroll","background-type":"","background-media":"","overlay-type":"","overlay-color":"","overlay-opacity":"","overlay-gradient":""}},"ast-content-background-meta":{"desktop":{"background-color":"var(--ast-global-color-4)","background-image":"","background-repeat":"repeat","background-position":"center center","background-size":"auto","background-attachment":"scroll","background-type":"","background-media":"","overlay-type":"","overlay-color":"","overlay-opacity":"","overlay-gradient":""},"tablet":{"background-color":"var(--ast-global-color-4)","background-image":"","background-repeat":"repeat","background-position":"center center","background-size":"auto","background-attachment":"scroll","background-type":"","background-media":"","overlay-type":"","overlay-color":"","overlay-opacity":"","overlay-gradient":""},"mobile":{"background-color":"var(--ast-global-color-4)","background-image":"","background-repeat":"repeat","background-position":"center center","background-size":"auto","background-attachment":"scroll","background-type":"","background-media":"","overlay-type":"","overlay-color":"","overlay-opacity":"","overlay-gradient":""}}},"product_brand":[107],"product_cat":[43,56,47,37,40,55],"product_tag":[],"class_list":{"0":"post-6797","1":"product","2":"type-product","3":"status-publish","4":"has-post-thumbnail","6":"product_brand-ngs","7":"product_cat-43","8":"product_cat-56","9":"product_cat-47","10":"product_cat-37","11":"product_cat--12-","12":"product_cat-55","13":"desktop-align-left","14":"tablet-align-left","15":"mobile-align-left","17":"first","18":"outofstock","19":"taxable","20":"shipping-taxable","21":"purchasable","22":"product-type-simple"},"_links":{"self":[{"href":"https:\/\/stem-eshop.gr\/ro\/wp-json\/wp\/v2\/product\/6797","targetHints":{"allow":["GET"]}}],"collection":[{"href":"https:\/\/stem-eshop.gr\/ro\/wp-json\/wp\/v2\/product"}],"about":[{"href":"https:\/\/stem-eshop.gr\/ro\/wp-json\/wp\/v2\/types\/product"}],"replies":[{"embeddable":true,"href":"https:\/\/stem-eshop.gr\/ro\/wp-json\/wp\/v2\/comments?post=6797"}],"wp:featuredmedia":[{"embeddable":true,"href":"https:\/\/stem-eshop.gr\/ro\/wp-json\/wp\/v2\/media\/4776"}],"wp:attachment":[{"href":"https:\/\/stem-eshop.gr\/ro\/wp-json\/wp\/v2\/media?parent=6797"}],"wp:term":[{"taxonomy":"product_brand","embeddable":true,"href":"https:\/\/stem-eshop.gr\/ro\/wp-json\/wp\/v2\/product_brand?post=6797"},{"taxonomy":"product_cat","embeddable":true,"href":"https:\/\/stem-eshop.gr\/ro\/wp-json\/wp\/v2\/product_cat?post=6797"},{"taxonomy":"product_tag","embeddable":true,"href":"https:\/\/stem-eshop.gr\/ro\/wp-json\/wp\/v2\/product_tag?post=6797"}],"curies":[{"name":"wp","href":"https:\/\/api.w.org\/{rel}","templated":true}]}}