{"id":6796,"date":"2025-05-19T08:51:30","date_gmt":"2025-05-19T08:51:30","guid":{"rendered":"https:\/\/stem-eshop.gr\/product\/%cf%83%ce%b5%cf%84-%ce%bc%ce%b5%cf%84%ce%b1%ce%bb%ce%bb%ce%b9%ce%ba%ce%ac-%ce%ba%ce%b1%ce%b9-%ce%be%cf%8d%ce%bb%ce%b9%ce%bd%ce%b1-%cf%80%ce%b1%ce%b6%ce%bb-%ce%b5%ce%be%ce%ac%cf%83%ce%ba%ce%b7%cf%83\/"},"modified":"2025-05-22T07:40:46","modified_gmt":"2025-05-22T07:40:46","slug":"%cf%83%ce%b5%cf%84-%ce%bc%ce%b5%cf%84%ce%b1%ce%bb%ce%bb%ce%b9%ce%ba%ce%ac-%ce%ba%ce%b1%ce%b9-%ce%be%cf%8d%ce%bb%ce%b9%ce%bd%ce%b1-%cf%80%ce%b1%ce%b6%ce%bb-%ce%b5%ce%be%ce%ac%cf%83%ce%ba%ce%b7%cf%83","status":"publish","type":"product","link":"https:\/\/stem-eshop.gr\/ro\/produs\/%cf%83%ce%b5%cf%84-%ce%bc%ce%b5%cf%84%ce%b1%ce%bb%ce%bb%ce%b9%ce%ba%ce%ac-%ce%ba%ce%b1%ce%b9-%ce%be%cf%8d%ce%bb%ce%b9%ce%bd%ce%b1-%cf%80%ce%b1%ce%b6%ce%bb-%ce%b5%ce%be%ce%ac%cf%83%ce%ba%ce%b7%cf%83\/","title":{"rendered":"Set de puzzle-uri din metal \u0219i lemn pentru antrenamentul creierului"},"content":{"rendered":"<p>Varietate de puzzle-uri: Include puzzle-uri din metal \u0219i lemn cu diferite niveluri de dificultate, potrivite pentru toate v\u00e2rstele.<\/p>\n<p>Educa\u021bie \u0219i distrac\u021bie: Ajut\u0103 la dezvoltarea g\u00e2ndirii, concentr\u0103rii \u0219i a abilit\u0103\u021bilor de rezolvare a problemelor.<\/p>\n<p>Test de IQ \u0219i Logic\u0103: Include provoc\u0103ri care \u00eembun\u0103t\u0103\u021besc logica \u0219i sporesc creativitatea.<\/p>\n<p>Jocuri portabile: Dimensiune perfect\u0103 pentru transport u\u0219or, astfel \u00eenc\u00e2t s\u0103 te po\u021bi juca oriunde.<\/p>\n<p>Materiale de \u00eenalt\u0103 calitate: Fabricate din metal durabil \u0219i lemn ecologic, acestea asigur\u0103 siguran\u021b\u0103 \u0219i durabilitate.<\/p>\n<\/p>\n<p class=\"MsoNormal\">Ideal pentru:<\/p>\n<\/p>\n<p class=\"MsoNormal\">Cei c\u0103rora le plac jocurile intelectuale \u0219i provoc\u0103rile.<\/p>\n<\/p>\n<p class=\"MsoNormal\">Adul\u021bi care doresc s\u0103 \u00ee\u0219i \u00eembun\u0103t\u0103\u021beasc\u0103 concentrarea \u0219i r\u0103bdarea.<\/p>\n<\/p>\n<p class=\"MsoNormal\">Copii care doresc s\u0103 \u00ee\u0219i dezvolte logica \u0219i abilit\u0103\u021bile de rezolvare a problemelor.<\/p>\n<\/p>\n<p class=\"MsoNormal\">Acest set este un cadou perfect pentru orice ocazie, oferind ore \u00eentregi de divertisment \u0219i educa\u021bie!!<\/p>","protected":false},"excerpt":{"rendered":"<p>Setul de puzzle-uri pentru minte Brain Puzzle este o colec\u021bie de puzzle-uri distractive \u0219i educative care \u00eembun\u0103t\u0103\u021besc g\u00e2ndirea logic\u0103, creativitatea \u0219i rezolvarea problemelor. Perfect conceput pentru b\u0103ie\u021bi, fete \u0219i adul\u021bi, ofer\u0103 o experien\u021b\u0103 captivant\u0103 plin\u0103 de provoc\u0103ri pentru minte.<\/p>","protected":false},"featured_media":4769,"comment_status":"open","ping_status":"closed","template":"","meta":{"site-sidebar-layout":"default","site-content-layout":"","ast-site-content-layout":"default","site-content-style":"default","site-sidebar-style":"default","ast-global-header-display":"","ast-banner-title-visibility":"","ast-main-header-display":"","ast-hfb-above-header-display":"","ast-hfb-below-header-display":"","ast-hfb-mobile-header-display":"","site-post-title":"","ast-breadcrumbs-content":"","ast-featured-img":"","footer-sml-layout":"","ast-disable-related-posts":"","theme-transparent-header-meta":"","adv-header-id-meta":"","stick-header-meta":"","header-above-stick-meta":"","header-main-stick-meta":"","header-below-stick-meta":"","astra-migrate-meta-layouts":"default","ast-page-background-enabled":"default","ast-page-background-meta":{"desktop":{"background-color":"var(--ast-global-color-5)","background-image":"","background-repeat":"repeat","background-position":"center center","background-size":"auto","background-attachment":"scroll","background-type":"","background-media":"","overlay-type":"","overlay-color":"","overlay-opacity":"","overlay-gradient":""},"tablet":{"background-color":"","background-image":"","background-repeat":"repeat","background-position":"center center","background-size":"auto","background-attachment":"scroll","background-type":"","background-media":"","overlay-type":"","overlay-color":"","overlay-opacity":"","overlay-gradient":""},"mobile":{"background-color":"","background-image":"","background-repeat":"repeat","background-position":"center center","background-size":"auto","background-attachment":"scroll","background-type":"","background-media":"","overlay-type":"","overlay-color":"","overlay-opacity":"","overlay-gradient":""}},"ast-content-background-meta":{"desktop":{"background-color":"var(--ast-global-color-4)","background-image":"","background-repeat":"repeat","background-position":"center center","background-size":"auto","background-attachment":"scroll","background-type":"","background-media":"","overlay-type":"","overlay-color":"","overlay-opacity":"","overlay-gradient":""},"tablet":{"background-color":"var(--ast-global-color-4)","background-image":"","background-repeat":"repeat","background-position":"center center","background-size":"auto","background-attachment":"scroll","background-type":"","background-media":"","overlay-type":"","overlay-color":"","overlay-opacity":"","overlay-gradient":""},"mobile":{"background-color":"var(--ast-global-color-4)","background-image":"","background-repeat":"repeat","background-position":"center center","background-size":"auto","background-attachment":"scroll","background-type":"","background-media":"","overlay-type":"","overlay-color":"","overlay-opacity":"","overlay-gradient":""}}},"product_brand":[107],"product_cat":[43,56,47,37,35,40,30,55],"product_tag":[],"class_list":{"0":"post-6796","1":"product","2":"type-product","3":"status-publish","4":"has-post-thumbnail","6":"product_brand-ngs","7":"product_cat-43","8":"product_cat-56","9":"product_cat-47","10":"product_cat-37","11":"product_cat--10-12-","12":"product_cat--12-","13":"product_cat--6-9-","14":"product_cat-55","15":"desktop-align-left","16":"tablet-align-left","17":"mobile-align-left","19":"first","20":"instock","21":"taxable","22":"shipping-taxable","23":"purchasable","24":"product-type-simple"},"_links":{"self":[{"href":"https:\/\/stem-eshop.gr\/ro\/wp-json\/wp\/v2\/product\/6796","targetHints":{"allow":["GET"]}}],"collection":[{"href":"https:\/\/stem-eshop.gr\/ro\/wp-json\/wp\/v2\/product"}],"about":[{"href":"https:\/\/stem-eshop.gr\/ro\/wp-json\/wp\/v2\/types\/product"}],"replies":[{"embeddable":true,"href":"https:\/\/stem-eshop.gr\/ro\/wp-json\/wp\/v2\/comments?post=6796"}],"wp:featuredmedia":[{"embeddable":true,"href":"https:\/\/stem-eshop.gr\/ro\/wp-json\/wp\/v2\/media\/4769"}],"wp:attachment":[{"href":"https:\/\/stem-eshop.gr\/ro\/wp-json\/wp\/v2\/media?parent=6796"}],"wp:term":[{"taxonomy":"product_brand","embeddable":true,"href":"https:\/\/stem-eshop.gr\/ro\/wp-json\/wp\/v2\/product_brand?post=6796"},{"taxonomy":"product_cat","embeddable":true,"href":"https:\/\/stem-eshop.gr\/ro\/wp-json\/wp\/v2\/product_cat?post=6796"},{"taxonomy":"product_tag","embeddable":true,"href":"https:\/\/stem-eshop.gr\/ro\/wp-json\/wp\/v2\/product_tag?post=6796"}],"curies":[{"name":"wp","href":"https:\/\/api.w.org\/{rel}","templated":true}]}}