{"id":6774,"date":"2025-05-19T08:50:41","date_gmt":"2025-05-19T08:50:41","guid":{"rendered":"https:\/\/stem-eshop.gr\/product\/50-50-games-%ce%b7%cf%81%ce%b1%ce%ba%ce%bb%ce%b7%cf%83-%ce%bf%ce%b9-12-%ce%b1%ce%b8%ce%bb%ce%bf%ce%b9-%ce%b5%cf%80%ce%b9%cf%84%cf%81%ce%b1%cf%80%ce%b5%ce%b6%ce%b9%ce%bf-%cf%80%ce%b1%ce%b9%cf%87\/"},"modified":"2025-12-17T15:42:39","modified_gmt":"2025-12-17T12:42:39","slug":"50-50-games-%ce%b7%cf%81%ce%b1%ce%ba%ce%bb%ce%b7%cf%83-%ce%bf%ce%b9-12-%ce%b1%ce%b8%ce%bb%ce%bf%ce%b9-%ce%b5%cf%80%ce%b9%cf%84%cf%81%ce%b1%cf%80%ce%b5%ce%b6%ce%b9%ce%bf-%cf%80%ce%b1%ce%b9%cf%87","status":"publish","type":"product","link":"https:\/\/stem-eshop.gr\/ro\/produs\/50-50-games-%ce%b7%cf%81%ce%b1%ce%ba%ce%bb%ce%b7%cf%83-%ce%bf%ce%b9-12-%ce%b1%ce%b8%ce%bb%ce%bf%ce%b9-%ce%b5%cf%80%ce%b9%cf%84%cf%81%ce%b1%cf%80%ce%b5%ce%b6%ce%b9%ce%bf-%cf%80%ce%b1%ce%b9%cf%87\/","title":{"rendered":"Jocuri 50\/50: HERACLE \u2013 CELE 12 LEGI ALE EROILOR JOC DE SOCIETATE"},"content":{"rendered":"<p style=\"margin: 0px 0px 10px;padding: 0px;font-family: 'Open Sans', sans-serif;font-size: 15px;line-height: 1.3;letter-spacing: 0.7px;background-color: #ffffff\"><span style=\"line-height: inherit\">Cuprins:<\/span><\/p>\n<p style=\"margin: 0px 0px 10px;padding: 0px;font-family: 'Open Sans', sans-serif;font-size: 15px;line-height: 1.3;letter-spacing: 0.7px;background-color: #ffffff\">1 tablou de bord<\/p>\n<p style=\"margin: 0px 0px 10px;padding: 0px;font-family: 'Open Sans', sans-serif;font-size: 15px;line-height: 1.3;letter-spacing: 0.7px;background-color: #ffffff\">40 de fi\u0219e cu \u00eentreb\u0103ri<\/p>\n<p style=\"margin: 0px 0px 10px;padding: 0px;font-family: 'Open Sans', sans-serif;font-size: 15px;line-height: 1.3;letter-spacing: 0.7px;background-color: #ffffff\">20 de c\u0103r\u021bi de misiune<\/p>\n<p style=\"margin: 0px 0px 10px;padding: 0px;font-family: 'Open Sans', sans-serif;font-size: 15px;line-height: 1.3;letter-spacing: 0.7px;background-color: #ffffff\">48 de \u201esimboluri ale cuceririi\u201d<\/p>\n<p style=\"margin: 0px 0px 10px;padding: 0px;font-family: 'Open Sans', sans-serif;font-size: 15px;line-height: 1.3;letter-spacing: 0.7px;background-color: #ffffff\">4 pioni Hercule<\/p>\n<p style=\"margin: 0px 0px 10px;padding: 0px;font-family: 'Open Sans', sans-serif;font-size: 15px;line-height: 1.3;letter-spacing: 0.7px;background-color: #ffffff\">4 baze de pioni<\/p>\n<p style=\"margin: 0px 0px 10px;padding: 0px;font-family: 'Open Sans', sans-serif;font-size: 15px;line-height: 1.3;letter-spacing: 0.7px;background-color: #ffffff\">1 zar<\/p>\n<p style=\"margin: 0px 0px 10px;padding: 0px;font-family: 'Open Sans', sans-serif;font-size: 15px;line-height: 1.3;letter-spacing: 0.7px;background-color: #ffffff\">Fi\u0219\u0103 de instruc\u021biuni<\/p>","protected":false},"excerpt":{"rendered":"<div style=\"margin: 0px;padding: 0px;font-family: 'Open Sans', sans-serif;font-size: 15px;letter-spacing: 0.7px;background-color: #ffffff\">Ajuta\u021bi-l pe Hercule s\u0103 dep\u0103\u0219easc\u0103 obstacolele puse \u00een fa\u021ba lui de zei \u0219i mon\u0219tri \u0219i s\u0103 cucereasc\u0103 c\u00e2t mai multe munci posibil al\u0103turi de el! De la Leul din Nemea \u0219i Hidra din Lerna la P\u0103s\u0103rile din Stymphalia \u0219i Merele Hesperidelor, c\u0103l\u0103toria lui Hercule va fi plin\u0103 de aventur\u0103 \u0219i ac\u021biune!<\/div>\n<div style=\"margin: 0px;padding: 0px;font-family: 'Open Sans', sans-serif;font-size: 15px;letter-spacing: 0.7px;background-color: #ffffff\"><\/div>","protected":false},"featured_media":4689,"comment_status":"open","ping_status":"closed","template":"","meta":{"site-sidebar-layout":"default","site-content-layout":"","ast-site-content-layout":"default","site-content-style":"default","site-sidebar-style":"default","ast-global-header-display":"","ast-banner-title-visibility":"","ast-main-header-display":"","ast-hfb-above-header-display":"","ast-hfb-below-header-display":"","ast-hfb-mobile-header-display":"","site-post-title":"","ast-breadcrumbs-content":"","ast-featured-img":"","footer-sml-layout":"","ast-disable-related-posts":"","theme-transparent-header-meta":"default","adv-header-id-meta":"","stick-header-meta":"","header-above-stick-meta":"","header-main-stick-meta":"","header-below-stick-meta":"","astra-migrate-meta-layouts":"set","ast-page-background-enabled":"default","ast-page-background-meta":{"desktop":{"background-color":"var(--ast-global-color-5)","background-image":"","background-repeat":"repeat","background-position":"center center","background-size":"auto","background-attachment":"scroll","background-type":"","background-media":"","overlay-type":"","overlay-color":"","overlay-opacity":"","overlay-gradient":""},"tablet":{"background-color":"","background-image":"","background-repeat":"repeat","background-position":"center center","background-size":"auto","background-attachment":"scroll","background-type":"","background-media":"","overlay-type":"","overlay-color":"","overlay-opacity":"","overlay-gradient":""},"mobile":{"background-color":"","background-image":"","background-repeat":"repeat","background-position":"center center","background-size":"auto","background-attachment":"scroll","background-type":"","background-media":"","overlay-type":"","overlay-color":"","overlay-opacity":"","overlay-gradient":""}},"ast-content-background-meta":{"desktop":{"background-color":"var(--ast-global-color-4)","background-image":"","background-repeat":"repeat","background-position":"center center","background-size":"auto","background-attachment":"scroll","background-type":"","background-media":"","overlay-type":"","overlay-color":"","overlay-opacity":"","overlay-gradient":""},"tablet":{"background-color":"var(--ast-global-color-4)","background-image":"","background-repeat":"repeat","background-position":"center center","background-size":"auto","background-attachment":"scroll","background-type":"","background-media":"","overlay-type":"","overlay-color":"","overlay-opacity":"","overlay-gradient":""},"mobile":{"background-color":"var(--ast-global-color-4)","background-image":"","background-repeat":"repeat","background-position":"center center","background-size":"auto","background-attachment":"scroll","background-type":"","background-media":"","overlay-type":"","overlay-color":"","overlay-opacity":"","overlay-gradient":""}}},"product_brand":[97],"product_cat":[43,49,38,56,47,35,40,30],"product_tag":[],"class_list":{"0":"post-6774","1":"product","2":"type-product","3":"status-publish","4":"has-post-thumbnail","6":"product_brand-97","7":"product_cat-43","8":"product_cat-49","9":"product_cat-38","10":"product_cat-56","11":"product_cat-47","12":"product_cat--10-12-","13":"product_cat--12-","14":"product_cat--6-9-","15":"desktop-align-left","16":"tablet-align-left","17":"mobile-align-left","19":"first","20":"instock","21":"taxable","22":"shipping-taxable","23":"purchasable","24":"product-type-simple"},"_links":{"self":[{"href":"https:\/\/stem-eshop.gr\/ro\/wp-json\/wp\/v2\/product\/6774","targetHints":{"allow":["GET"]}}],"collection":[{"href":"https:\/\/stem-eshop.gr\/ro\/wp-json\/wp\/v2\/product"}],"about":[{"href":"https:\/\/stem-eshop.gr\/ro\/wp-json\/wp\/v2\/types\/product"}],"replies":[{"embeddable":true,"href":"https:\/\/stem-eshop.gr\/ro\/wp-json\/wp\/v2\/comments?post=6774"}],"wp:featuredmedia":[{"embeddable":true,"href":"https:\/\/stem-eshop.gr\/ro\/wp-json\/wp\/v2\/media\/4689"}],"wp:attachment":[{"href":"https:\/\/stem-eshop.gr\/ro\/wp-json\/wp\/v2\/media?parent=6774"}],"wp:term":[{"taxonomy":"product_brand","embeddable":true,"href":"https:\/\/stem-eshop.gr\/ro\/wp-json\/wp\/v2\/product_brand?post=6774"},{"taxonomy":"product_cat","embeddable":true,"href":"https:\/\/stem-eshop.gr\/ro\/wp-json\/wp\/v2\/product_cat?post=6774"},{"taxonomy":"product_tag","embeddable":true,"href":"https:\/\/stem-eshop.gr\/ro\/wp-json\/wp\/v2\/product_tag?post=6774"}],"curies":[{"name":"wp","href":"https:\/\/api.w.org\/{rel}","templated":true}]}}