{"id":6769,"date":"2025-05-19T08:35:46","date_gmt":"2025-05-19T08:35:46","guid":{"rendered":"https:\/\/stem-eshop.gr\/product\/%cf%80%cf%89%cf%82-%ce%bb%ce%b5%ce%b9%cf%84%ce%bf%cf%85%cf%81%ce%b3%ce%b5%ce%af-%ce%b7-%ce%b1%ce%b4%cf%81%ce%ac%ce%bd%ce%b5%ce%b9%ce%b1\/"},"modified":"2026-02-24T14:12:37","modified_gmt":"2026-02-24T11:12:37","slug":"%cf%80%cf%89%cf%82-%ce%bb%ce%b5%ce%b9%cf%84%ce%bf%cf%85%cf%81%ce%b3%ce%b5%ce%af-%ce%b7-%ce%b1%ce%b4%cf%81%ce%ac%ce%bd%ce%b5%ce%b9%ce%b1","status":"publish","type":"product","link":"https:\/\/stem-eshop.gr\/ro\/produs\/%cf%80%cf%89%cf%82-%ce%bb%ce%b5%ce%b9%cf%84%ce%bf%cf%85%cf%81%ce%b3%ce%b5%ce%af-%ce%b7-%ce%b1%ce%b4%cf%81%ce%ac%ce%bd%ce%b5%ce%b9%ce%b1\/","title":{"rendered":"Cum func\u021bioneaz\u0103 iner\u021bia?"},"content":{"rendered":"<p>C\u00e2nd \u00ee\u0219i termin\u0103 experimentele, copiii \u00ee\u0219i pot scoate p\u0103l\u0103riile \u0219i \u00ee\u0219i pot lua creioanele colorate pentru a-\u0219i decora propriile skin-uri adezive.<\/p>\n<p>\u00cen plus, tinerii elevi vor primi o bro\u0219ur\u0103 colorat\u0103 care include:<\/p>\n<p>O scurt\u0103 istorie a legilor lui Newton \u0219i a teoriei din spatele lor<\/p>\n<p>Experimente STEM distractive cu propriul stand de testare la impact<\/p>\n<p>Un test pentru a le testa cuno\u0219tin\u021bele despre conceptele STEM de baz\u0103<\/p>\n<p>Instruc\u021biuni simple de construc\u021bie<\/p>\n<p>Skin-uri imprimabile pentru a-\u0219i exersa abilit\u0103\u021bile de design<\/p>\n<p>Ai nevoie de inspira\u021bie? Folose\u0219te aplica\u021bia noastr\u0103 3D interactiv\u0103 pe computer \u0219i construie\u0219te \u00een realitate virtual\u0103!<\/p>\n<p>Juc\u0103riile educa\u021bionale STEAM de la Engino sunt instrumente complete de \u00eenv\u0103\u021bare STEAM, concepute pentru a-i preg\u0103ti pe tinerii elevi pentru o via\u021b\u0103 \u00eentreag\u0103 de descoperiri \u0219tiin\u021bifice.<\/p>","protected":false},"excerpt":{"rendered":"<p>Copiii \u00eenva\u021b\u0103 cum func\u021bioneaz\u0103 iner\u021bia \u0219i cum ne afecteaz\u0103 via\u021ba de zi cu zi, explor\u00e2nd mecanismele din spatele uneia dintre cele mai importante inven\u021bii ale secolului XX: centura de siguran\u021b\u0103.<\/p>","protected":false},"featured_media":6770,"comment_status":"open","ping_status":"closed","template":"","meta":{"site-sidebar-layout":"default","site-content-layout":"","ast-site-content-layout":"default","site-content-style":"default","site-sidebar-style":"default","ast-global-header-display":"","ast-banner-title-visibility":"","ast-main-header-display":"","ast-hfb-above-header-display":"","ast-hfb-below-header-display":"","ast-hfb-mobile-header-display":"","site-post-title":"","ast-breadcrumbs-content":"","ast-featured-img":"","footer-sml-layout":"","ast-disable-related-posts":"","theme-transparent-header-meta":"default","adv-header-id-meta":"","stick-header-meta":"","header-above-stick-meta":"","header-main-stick-meta":"","header-below-stick-meta":"","astra-migrate-meta-layouts":"set","ast-page-background-enabled":"default","ast-page-background-meta":{"desktop":{"background-color":"var(--ast-global-color-5)","background-image":"","background-repeat":"repeat","background-position":"center center","background-size":"auto","background-attachment":"scroll","background-type":"","background-media":"","overlay-type":"","overlay-color":"","overlay-opacity":"","overlay-gradient":""},"tablet":{"background-color":"","background-image":"","background-repeat":"repeat","background-position":"center center","background-size":"auto","background-attachment":"scroll","background-type":"","background-media":"","overlay-type":"","overlay-color":"","overlay-opacity":"","overlay-gradient":""},"mobile":{"background-color":"","background-image":"","background-repeat":"repeat","background-position":"center center","background-size":"auto","background-attachment":"scroll","background-type":"","background-media":"","overlay-type":"","overlay-color":"","overlay-opacity":"","overlay-gradient":""}},"ast-content-background-meta":{"desktop":{"background-color":"var(--ast-global-color-4)","background-image":"","background-repeat":"repeat","background-position":"center center","background-size":"auto","background-attachment":"scroll","background-type":"","background-media":"","overlay-type":"","overlay-color":"","overlay-opacity":"","overlay-gradient":""},"tablet":{"background-color":"var(--ast-global-color-4)","background-image":"","background-repeat":"repeat","background-position":"center center","background-size":"auto","background-attachment":"scroll","background-type":"","background-media":"","overlay-type":"","overlay-color":"","overlay-opacity":"","overlay-gradient":""},"mobile":{"background-color":"var(--ast-global-color-4)","background-image":"","background-repeat":"repeat","background-position":"center center","background-size":"auto","background-attachment":"scroll","background-type":"","background-media":"","overlay-type":"","overlay-color":"","overlay-opacity":"","overlay-gradient":""}}},"product_brand":[95],"product_cat":[39,52,38,56,37,35,30,59,58],"product_tag":[],"class_list":{"0":"post-6769","1":"product","2":"type-product","3":"status-publish","4":"has-post-thumbnail","6":"product_brand-engino","7":"product_cat-39","8":"product_cat-52","9":"product_cat-38","10":"product_cat-56","11":"product_cat-37","12":"product_cat--10-12-","13":"product_cat--6-9-","14":"product_cat-59","15":"product_cat-58","16":"desktop-align-left","17":"tablet-align-left","18":"mobile-align-left","20":"first","21":"instock","22":"taxable","23":"shipping-taxable","24":"purchasable","25":"product-type-simple"},"_links":{"self":[{"href":"https:\/\/stem-eshop.gr\/ro\/wp-json\/wp\/v2\/product\/6769","targetHints":{"allow":["GET"]}}],"collection":[{"href":"https:\/\/stem-eshop.gr\/ro\/wp-json\/wp\/v2\/product"}],"about":[{"href":"https:\/\/stem-eshop.gr\/ro\/wp-json\/wp\/v2\/types\/product"}],"replies":[{"embeddable":true,"href":"https:\/\/stem-eshop.gr\/ro\/wp-json\/wp\/v2\/comments?post=6769"}],"wp:featuredmedia":[{"embeddable":true,"href":"https:\/\/stem-eshop.gr\/ro\/wp-json\/wp\/v2\/media\/6770"}],"wp:attachment":[{"href":"https:\/\/stem-eshop.gr\/ro\/wp-json\/wp\/v2\/media?parent=6769"}],"wp:term":[{"taxonomy":"product_brand","embeddable":true,"href":"https:\/\/stem-eshop.gr\/ro\/wp-json\/wp\/v2\/product_brand?post=6769"},{"taxonomy":"product_cat","embeddable":true,"href":"https:\/\/stem-eshop.gr\/ro\/wp-json\/wp\/v2\/product_cat?post=6769"},{"taxonomy":"product_tag","embeddable":true,"href":"https:\/\/stem-eshop.gr\/ro\/wp-json\/wp\/v2\/product_tag?post=6769"}],"curies":[{"name":"wp","href":"https:\/\/api.w.org\/{rel}","templated":true}]}}