{"id":6749,"date":"2025-05-19T08:35:07","date_gmt":"2025-05-19T08:35:07","guid":{"rendered":"https:\/\/stem-eshop.gr\/product\/4m-toys-%ce%b5%cf%80%ce%b9%cf%83%cf%84%ce%ae%ce%bc%ce%b7-%ce%bc%ce%b1%ce%b8%ce%b7%ce%bc%ce%b1%cf%84%ce%b9%ce%ba%ce%b7-%ce%bc%ce%b1%ce%b3%ce%b5%ce%b9%ce%b1\/"},"modified":"2025-12-21T15:23:05","modified_gmt":"2025-12-21T12:23:05","slug":"4m-toys-%ce%b5%cf%80%ce%b9%cf%83%cf%84%ce%ae%ce%bc%ce%b7-%ce%bc%ce%b1%ce%b8%ce%b7%ce%bc%ce%b1%cf%84%ce%b9%ce%ba%ce%b7-%ce%bc%ce%b1%ce%b3%ce%b5%ce%b9%ce%b1","status":"publish","type":"product","link":"https:\/\/stem-eshop.gr\/ro\/produs\/4m-toys-%ce%b5%cf%80%ce%b9%cf%83%cf%84%ce%ae%ce%bc%ce%b7-%ce%bc%ce%b1%ce%b8%ce%b7%ce%bc%ce%b1%cf%84%ce%b9%ce%ba%ce%b7-%ce%bc%ce%b1%ce%b3%ce%b5%ce%b9%ce%b1\/","title":{"rendered":"Juc\u0103rii 4M \u2013 \u0218tiin\u021b\u0103: MAGIE MATEMATIC\u0102"},"content":{"rendered":"<p style=\"margin:0px 0px 10px;padding:0px;font-family:'Open Sans', sans-serif;font-size:15px;line-height:1.3;letter-spacing:0.7px;background-color:#ffffff\">CON\u021aINUT: Calculator x1, Zaruri x2, Set de c\u0103r\u021bi de citire a g\u00e2ndurilor (6 buc) x1, P\u0103trat magic x1, Super p\u0103trat magic x1, Set de c\u0103r\u021bi cu numere \u201eFrumuse\u021bea matematicii\u201d (4 buc) x1, 40 de c\u0103r\u021bi de memorie matematic\u0103, Modele puzzle cu gril\u0103, 2 modele puzzle cu r\u0103sturnare magic\u0103, H\u00e2rtie Escape cu linii imprimate x 1.<\/p>\n<p style=\"margin:0px 0px 10px;padding:0px;font-family:'Open Sans', sans-serif;font-size:15px;line-height:1.3;letter-spacing:0.7px;background-color:#ffffff\">","protected":false},"excerpt":{"rendered":"<p><span style=\"font-family:'Open Sans', sans-serif;font-size:15px;letter-spacing:0.7px;background-color:#ffffff\">Uime\u0219te-\u021bi prietenii cu trucuri magice cu numere. Con\u021bine peste 15 trucuri, jocuri \u0219i puzzle-uri matematice. \u00cenva\u021b\u0103 cum s\u0103 cite\u0219ti g\u00e2ndurile prietenilor t\u0103i \u0219i s\u0103-i \u00eennebune\u0219ti cu calculele tale matematice rapide. Cite\u0219te informa\u021biile distractive incluse \u00een instruc\u021biuni \u0219i \u00eenva\u021b\u0103 lucruri matematice interesante.<\/span><\/p>","protected":false},"featured_media":6750,"comment_status":"open","ping_status":"closed","template":"","meta":{"site-sidebar-layout":"default","site-content-layout":"","ast-site-content-layout":"default","site-content-style":"default","site-sidebar-style":"default","ast-global-header-display":"","ast-banner-title-visibility":"","ast-main-header-display":"","ast-hfb-above-header-display":"","ast-hfb-below-header-display":"","ast-hfb-mobile-header-display":"","site-post-title":"","ast-breadcrumbs-content":"","ast-featured-img":"","footer-sml-layout":"","ast-disable-related-posts":"","theme-transparent-header-meta":"","adv-header-id-meta":"","stick-header-meta":"","header-above-stick-meta":"","header-main-stick-meta":"","header-below-stick-meta":"","astra-migrate-meta-layouts":"default","ast-page-background-enabled":"default","ast-page-background-meta":{"desktop":{"background-color":"var(--ast-global-color-5)","background-image":"","background-repeat":"repeat","background-position":"center center","background-size":"auto","background-attachment":"scroll","background-type":"","background-media":"","overlay-type":"","overlay-color":"","overlay-opacity":"","overlay-gradient":""},"tablet":{"background-color":"","background-image":"","background-repeat":"repeat","background-position":"center center","background-size":"auto","background-attachment":"scroll","background-type":"","background-media":"","overlay-type":"","overlay-color":"","overlay-opacity":"","overlay-gradient":""},"mobile":{"background-color":"","background-image":"","background-repeat":"repeat","background-position":"center center","background-size":"auto","background-attachment":"scroll","background-type":"","background-media":"","overlay-type":"","overlay-color":"","overlay-opacity":"","overlay-gradient":""}},"ast-content-background-meta":{"desktop":{"background-color":"var(--ast-global-color-4)","background-image":"","background-repeat":"repeat","background-position":"center center","background-size":"auto","background-attachment":"scroll","background-type":"","background-media":"","overlay-type":"","overlay-color":"","overlay-opacity":"","overlay-gradient":""},"tablet":{"background-color":"var(--ast-global-color-4)","background-image":"","background-repeat":"repeat","background-position":"center center","background-size":"auto","background-attachment":"scroll","background-type":"","background-media":"","overlay-type":"","overlay-color":"","overlay-opacity":"","overlay-gradient":""},"mobile":{"background-color":"var(--ast-global-color-4)","background-image":"","background-repeat":"repeat","background-position":"center center","background-size":"auto","background-attachment":"scroll","background-type":"","background-media":"","overlay-type":"","overlay-color":"","overlay-opacity":"","overlay-gradient":""}}},"product_brand":[96],"product_cat":[126,50,56,47,37,35,40,30],"product_tag":[],"class_list":{"0":"post-6749","1":"product","2":"type-product","3":"status-publish","4":"has-post-thumbnail","6":"product_brand-4m","7":"product_cat-126","8":"product_cat-50","9":"product_cat-56","10":"product_cat-47","11":"product_cat-37","12":"product_cat--10-12-","13":"product_cat--12-","14":"product_cat--6-9-","15":"desktop-align-left","16":"tablet-align-left","17":"mobile-align-left","19":"first","20":"outofstock","21":"taxable","22":"shipping-taxable","23":"purchasable","24":"product-type-simple"},"_links":{"self":[{"href":"https:\/\/stem-eshop.gr\/ro\/wp-json\/wp\/v2\/product\/6749","targetHints":{"allow":["GET"]}}],"collection":[{"href":"https:\/\/stem-eshop.gr\/ro\/wp-json\/wp\/v2\/product"}],"about":[{"href":"https:\/\/stem-eshop.gr\/ro\/wp-json\/wp\/v2\/types\/product"}],"replies":[{"embeddable":true,"href":"https:\/\/stem-eshop.gr\/ro\/wp-json\/wp\/v2\/comments?post=6749"}],"wp:featuredmedia":[{"embeddable":true,"href":"https:\/\/stem-eshop.gr\/ro\/wp-json\/wp\/v2\/media\/6750"}],"wp:attachment":[{"href":"https:\/\/stem-eshop.gr\/ro\/wp-json\/wp\/v2\/media?parent=6749"}],"wp:term":[{"taxonomy":"product_brand","embeddable":true,"href":"https:\/\/stem-eshop.gr\/ro\/wp-json\/wp\/v2\/product_brand?post=6749"},{"taxonomy":"product_cat","embeddable":true,"href":"https:\/\/stem-eshop.gr\/ro\/wp-json\/wp\/v2\/product_cat?post=6749"},{"taxonomy":"product_tag","embeddable":true,"href":"https:\/\/stem-eshop.gr\/ro\/wp-json\/wp\/v2\/product_tag?post=6749"}],"curies":[{"name":"wp","href":"https:\/\/api.w.org\/{rel}","templated":true}]}}