{"id":6739,"date":"2025-05-19T08:34:40","date_gmt":"2025-05-19T08:34:40","guid":{"rendered":"https:\/\/stem-eshop.gr\/product\/montessori-%ce%b5%ce%ba%cf%80%ce%b1%ce%b9%ce%b4%ce%b5%cf%85%cf%84%ce%b9%ce%ba%cf%8c-%cf%80%ce%b1%ce%b9%cf%87%ce%bd%ce%af%ce%b4%ce%b9-%ce%bf%ce%b9-%ce%b1%cf%81%ce%b9%ce%b8%ce%bc%ce%bf%ce%af\/"},"modified":"2025-10-23T12:12:22","modified_gmt":"2025-10-23T09:12:22","slug":"montessori-%ce%b5%ce%ba%cf%80%ce%b1%ce%b9%ce%b4%ce%b5%cf%85%cf%84%ce%b9%ce%ba%cf%8c-%cf%80%ce%b1%ce%b9%cf%87%ce%bd%ce%af%ce%b4%ce%b9-%ce%bf%ce%b9-%ce%b1%cf%81%ce%b9%ce%b8%ce%bc%ce%bf%ce%af","status":"publish","type":"product","link":"https:\/\/stem-eshop.gr\/ro\/produs\/montessori-%ce%b5%ce%ba%cf%80%ce%b1%ce%b9%ce%b4%ce%b5%cf%85%cf%84%ce%b9%ce%ba%cf%8c-%cf%80%ce%b1%ce%b9%cf%87%ce%bd%ce%af%ce%b4%ce%b9-%ce%bf%ce%b9-%ce%b1%cf%81%ce%b9%ce%b8%ce%bc%ce%bf%ce%af\/","title":{"rendered":"Jocul educa\u021bional Montessori Numerele"},"content":{"rendered":"<p class=\"MsoNormal\">Pachetul include:<\/p>\n<p class=\"MsoNormal\">10 cartona\u0219e cu numere texturate din \u0219mirghel de la 0 la 9<\/p>\n<p class=\"MsoNormal\">Tabl\u0103<\/p>\n<p class=\"MsoNormal\">Cret\u0103<\/p>\n<p class=\"MsoNormal\">Burete<\/p>\n<p class=\"MsoNormal\">10 c\u0103r\u021bi cu numere mici<\/p>\n<p class=\"MsoNormal\">10 c\u0103r\u021bi ilustrate cu cantit\u0103\u021bi<\/p>\n<p class=\"MsoNormal\">59 de jetoane cu numere par\u0103 \u0219i impare (55 pentru joc \u0219i 4 de rezerv\u0103)<\/p>\n<p class=\"MsoNormal\">Instruc\u021biuni cu sugestii de joc<\/p>","protected":false},"excerpt":{"rendered":"<p class=\"MsoNormal\">G\u00e2ndirea computa\u021bional\u0103 este stimulat\u0103 prin invitarea copilului de a potrivi numerele \u0219i simbolurile cartona\u0219elor, \u00eenv\u0103\u021b\u00e2nd s\u0103 recunoasc\u0103 numerele pare \u0219i impare. Folosind sim\u021bul tactil de pe cartona\u0219ele numerice cu textur\u0103 de \u0219mirghel, copiii se vor familiariza cu simbolurile numerice, \u00een timp ce scriu \u00een continuare pe tabl\u0103, vor \u00eenv\u0103\u021ba s\u0103 asocieze numerele cu cantit\u0103\u021bi, precum \u0219i diferen\u021bierea dintre numerele pare \u0219i cele impare.<\/p>","protected":false},"featured_media":6740,"comment_status":"open","ping_status":"closed","template":"","meta":{"site-sidebar-layout":"default","site-content-layout":"","ast-site-content-layout":"default","site-content-style":"default","site-sidebar-style":"default","ast-global-header-display":"","ast-banner-title-visibility":"","ast-main-header-display":"","ast-hfb-above-header-display":"","ast-hfb-below-header-display":"","ast-hfb-mobile-header-display":"","site-post-title":"","ast-breadcrumbs-content":"","ast-featured-img":"","footer-sml-layout":"","ast-disable-related-posts":"","theme-transparent-header-meta":"default","adv-header-id-meta":"","stick-header-meta":"","header-above-stick-meta":"","header-main-stick-meta":"","header-below-stick-meta":"","astra-migrate-meta-layouts":"set","ast-page-background-enabled":"default","ast-page-background-meta":{"desktop":{"background-color":"var(--ast-global-color-5)","background-image":"","background-repeat":"repeat","background-position":"center center","background-size":"auto","background-attachment":"scroll","background-type":"","background-media":"","overlay-type":"","overlay-color":"","overlay-opacity":"","overlay-gradient":""},"tablet":{"background-color":"","background-image":"","background-repeat":"repeat","background-position":"center center","background-size":"auto","background-attachment":"scroll","background-type":"","background-media":"","overlay-type":"","overlay-color":"","overlay-opacity":"","overlay-gradient":""},"mobile":{"background-color":"","background-image":"","background-repeat":"repeat","background-position":"center center","background-size":"auto","background-attachment":"scroll","background-type":"","background-media":"","overlay-type":"","overlay-color":"","overlay-opacity":"","overlay-gradient":""}},"ast-content-background-meta":{"desktop":{"background-color":"var(--ast-global-color-4)","background-image":"","background-repeat":"repeat","background-position":"center center","background-size":"auto","background-attachment":"scroll","background-type":"","background-media":"","overlay-type":"","overlay-color":"","overlay-opacity":"","overlay-gradient":""},"tablet":{"background-color":"var(--ast-global-color-4)","background-image":"","background-repeat":"repeat","background-position":"center center","background-size":"auto","background-attachment":"scroll","background-type":"","background-media":"","overlay-type":"","overlay-color":"","overlay-opacity":"","overlay-gradient":""},"mobile":{"background-color":"var(--ast-global-color-4)","background-image":"","background-repeat":"repeat","background-position":"center center","background-size":"auto","background-attachment":"scroll","background-type":"","background-media":"","overlay-type":"","overlay-color":"","overlay-opacity":"","overlay-gradient":""}}},"product_brand":[102],"product_cat":[126,43,50,29,47,37,26],"product_tag":[],"class_list":{"0":"post-6739","1":"product","2":"type-product","3":"status-publish","4":"has-post-thumbnail","6":"product_brand-clementoni","7":"product_cat-126","8":"product_cat-43","9":"product_cat-50","10":"product_cat-29","11":"product_cat-47","12":"product_cat-37","13":"product_cat-26","14":"desktop-align-left","15":"tablet-align-left","16":"mobile-align-left","18":"first","19":"instock","20":"taxable","21":"shipping-taxable","22":"purchasable","23":"product-type-simple"},"_links":{"self":[{"href":"https:\/\/stem-eshop.gr\/ro\/wp-json\/wp\/v2\/product\/6739","targetHints":{"allow":["GET"]}}],"collection":[{"href":"https:\/\/stem-eshop.gr\/ro\/wp-json\/wp\/v2\/product"}],"about":[{"href":"https:\/\/stem-eshop.gr\/ro\/wp-json\/wp\/v2\/types\/product"}],"replies":[{"embeddable":true,"href":"https:\/\/stem-eshop.gr\/ro\/wp-json\/wp\/v2\/comments?post=6739"}],"wp:featuredmedia":[{"embeddable":true,"href":"https:\/\/stem-eshop.gr\/ro\/wp-json\/wp\/v2\/media\/6740"}],"wp:attachment":[{"href":"https:\/\/stem-eshop.gr\/ro\/wp-json\/wp\/v2\/media?parent=6739"}],"wp:term":[{"taxonomy":"product_brand","embeddable":true,"href":"https:\/\/stem-eshop.gr\/ro\/wp-json\/wp\/v2\/product_brand?post=6739"},{"taxonomy":"product_cat","embeddable":true,"href":"https:\/\/stem-eshop.gr\/ro\/wp-json\/wp\/v2\/product_cat?post=6739"},{"taxonomy":"product_tag","embeddable":true,"href":"https:\/\/stem-eshop.gr\/ro\/wp-json\/wp\/v2\/product_tag?post=6739"}],"curies":[{"name":"wp","href":"https:\/\/api.w.org\/{rel}","templated":true}]}}