{"id":6715,"date":"2025-05-19T08:34:11","date_gmt":"2025-05-19T08:34:11","guid":{"rendered":"https:\/\/stem-eshop.gr\/product\/o-%ce%b7%ce%bb%ce%b5%ce%ba%cf%84%cf%81%ce%b9%ce%ba%cf%8c%cf%82-%ce%ba%ce%b9%ce%bd%ce%b7%cf%84%ce%ae%cf%81%ce%b1%cf%82-%cf%83%cf%85%ce%bd%ce%b5%cf%87%ce%bf%cf%8d%cf%82-%cf%81%ce%b5%cf%8d%ce%bc%ce%b1\/"},"modified":"2026-03-21T09:09:10","modified_gmt":"2026-03-21T06:09:10","slug":"o-%ce%b7%ce%bb%ce%b5%ce%ba%cf%84%cf%81%ce%b9%ce%ba%cf%8c%cf%82-%ce%ba%ce%b9%ce%bd%ce%b7%cf%84%ce%ae%cf%81%ce%b1%cf%82-%cf%83%cf%85%ce%bd%ce%b5%cf%87%ce%bf%cf%8d%cf%82-%cf%81%ce%b5%cf%8d%ce%bc%ce%b1","status":"publish","type":"product","link":"https:\/\/stem-eshop.gr\/ro\/produs\/o-%ce%b7%ce%bb%ce%b5%ce%ba%cf%84%cf%81%ce%b9%ce%ba%cf%8c%cf%82-%ce%ba%ce%b9%ce%bd%ce%b7%cf%84%ce%ae%cf%81%ce%b1%cf%82-%cf%83%cf%85%ce%bd%ce%b5%cf%87%ce%bf%cf%8d%cf%82-%cf%81%ce%b5%cf%8d%ce%bc%ce%b1\/","title":{"rendered":"Motorul de curent continuu \u2013 KIT nr. 1"},"content":{"rendered":"<p class=\"MsoNormal\">Pentru profesori, p\u0103rin\u021bi \u0219i elevi Obiectivele Dr STEM KIT Nr. 1 Motor electric de curent continuu<\/p>\n<p class=\"MsoNormal\">\u00cen ceea ce prive\u0219te cunoa\u0219terea<\/p>\n<p class=\"MsoNormal\">\u00a0\u00a0\u00a0\u00a0 Prin studierea materialului, studen\u021bii vor fi capabili s\u0103:<\/p>\n<p class=\"MsoNormal\">\u00a0\u00a0\u00a0\u00a0 \u00a0 \u00een\u021belegerea conceptelor de c\u00e2mp magnetic, linii magnetice,<\/p>\n<p class=\"MsoNormal\">\u00a0\u00a0\u00a0\u00a0\u00a0\u00a0\u00a0 regula celor trei degete ale m\u00e2inii drepte,<\/p>\n<p class=\"MsoNormal\">\u00a0\u00a0\u00a0\u00a0 \u00a0\u00a0pentru a determina direc\u021bia for\u021bei Laplace,<\/p>\n<p class=\"MsoNormal\">\u00a0\u00a0\u00a0\u00a0 \u00a0\u00a0\u00een\u021belege principiul de func\u021bionare al motorului electric,<\/p>\n<p class=\"MsoNormal\">\u00a0\u00a0\u00a0\u00a0 \u00a0\u00a0s\u0103 men\u021bion\u0103m aplica\u021biile cu motoare electrice.<\/p>\n<p class=\"MsoNormal\">\u00cen ceea ce prive\u0219te abilit\u0103\u021bile<\/p>\n<p class=\"MsoNormal\">\u00a0\u00a0\u00a0\u00a0 Dup\u0103 finalizarea activit\u0103\u021bilor, elevii vor putea:<\/p>\n<p class=\"MsoNormal\">\u00a0\u00a0\u00a0\u00a0 \u00a0\u00a0a face o bobin\u0103,<\/p>\n<p class=\"MsoNormal\">\u00a0\u00a0\u00a0\u00a0 \u00a0\u00a0pentru asamblarea elementelor structurale,<\/p>\n<p class=\"MsoNormal\">\u00a0\u00a0\u00a0\u00a0 \u00a0\u00a0pentru a crea circuite electrice \u00eenchise,<\/p>\n<p class=\"MsoNormal\">\u00a0\u00a0\u00a0\u00a0 \u00a0\u00a0pentru fabricarea de dispozitive electrice.<\/p>\n<p class=\"MsoNormal\">\u00cen ceea ce prive\u0219te metacogni\u021bia<\/p>\n<p class=\"MsoNormal\">\u00a0\u00a0\u00a0 Studen\u021bii de la nivel metacognitiv vor putea investiga func\u021bia<\/p>\n<p class=\"MsoNormal\">\u00a0\u00a0\u00a0 \u0219i utilizarea motoarelor electrice de curent continuu reale.<\/p>","protected":false},"excerpt":{"rendered":"<p class=\"MsoNormal\">KIT-ul nr. 1 din seria Dr STEM, Motor electric de curent continuu, a fost conceput \u0219i organizat astfel \u00eenc\u00e2t s\u0103 fie o activitate educa\u021bional\u0103 \u00een care elevii s\u0103 \u00ee\u0219i dezvolte abilit\u0103\u021bile secolului XXI \u0219i abilit\u0103\u021bile STEM, \u00eentr-un mod juc\u0103u\u0219 \u0219i \u00een acela\u0219i timp sistematic.<\/p>","protected":false},"featured_media":6716,"comment_status":"open","ping_status":"closed","template":"","meta":{"site-sidebar-layout":"default","site-content-layout":"","ast-site-content-layout":"default","site-content-style":"default","site-sidebar-style":"default","ast-global-header-display":"","ast-banner-title-visibility":"","ast-main-header-display":"","ast-hfb-above-header-display":"","ast-hfb-below-header-display":"","ast-hfb-mobile-header-display":"","site-post-title":"","ast-breadcrumbs-content":"","ast-featured-img":"","footer-sml-layout":"","ast-disable-related-posts":"","theme-transparent-header-meta":"default","adv-header-id-meta":"","stick-header-meta":"","header-above-stick-meta":"","header-main-stick-meta":"","header-below-stick-meta":"","astra-migrate-meta-layouts":"set","ast-page-background-enabled":"default","ast-page-background-meta":{"desktop":{"background-color":"var(--ast-global-color-5)","background-image":"","background-repeat":"repeat","background-position":"center center","background-size":"auto","background-attachment":"scroll","background-type":"","background-media":"","overlay-type":"","overlay-color":"","overlay-opacity":"","overlay-gradient":""},"tablet":{"background-color":"","background-image":"","background-repeat":"repeat","background-position":"center center","background-size":"auto","background-attachment":"scroll","background-type":"","background-media":"","overlay-type":"","overlay-color":"","overlay-opacity":"","overlay-gradient":""},"mobile":{"background-color":"","background-image":"","background-repeat":"repeat","background-position":"center center","background-size":"auto","background-attachment":"scroll","background-type":"","background-media":"","overlay-type":"","overlay-color":"","overlay-opacity":"","overlay-gradient":""}},"ast-content-background-meta":{"desktop":{"background-color":"var(--ast-global-color-4)","background-image":"","background-repeat":"repeat","background-position":"center center","background-size":"auto","background-attachment":"scroll","background-type":"","background-media":"","overlay-type":"","overlay-color":"","overlay-opacity":"","overlay-gradient":""},"tablet":{"background-color":"var(--ast-global-color-4)","background-image":"","background-repeat":"repeat","background-position":"center center","background-size":"auto","background-attachment":"scroll","background-type":"","background-media":"","overlay-type":"","overlay-color":"","overlay-opacity":"","overlay-gradient":""},"mobile":{"background-color":"var(--ast-global-color-4)","background-image":"","background-repeat":"repeat","background-position":"center center","background-size":"auto","background-attachment":"scroll","background-type":"","background-media":"","overlay-type":"","overlay-color":"","overlay-opacity":"","overlay-gradient":""}}},"product_brand":[111],"product_cat":[39,38,29,56,32,57,35,40,30,59,58],"product_tag":[],"class_list":{"0":"post-6715","1":"product","2":"type-product","3":"status-publish","4":"has-post-thumbnail","6":"product_brand-ellinoekdotiki","7":"product_cat-39","8":"product_cat-38","9":"product_cat-29","10":"product_cat-56","11":"product_cat-32","12":"product_cat-57","13":"product_cat--10-12-","14":"product_cat--12-","15":"product_cat--6-9-","16":"product_cat-59","17":"product_cat-58","18":"desktop-align-left","19":"tablet-align-left","20":"mobile-align-left","22":"first","23":"instock","24":"taxable","25":"shipping-taxable","26":"purchasable","27":"product-type-simple"},"_links":{"self":[{"href":"https:\/\/stem-eshop.gr\/ro\/wp-json\/wp\/v2\/product\/6715","targetHints":{"allow":["GET"]}}],"collection":[{"href":"https:\/\/stem-eshop.gr\/ro\/wp-json\/wp\/v2\/product"}],"about":[{"href":"https:\/\/stem-eshop.gr\/ro\/wp-json\/wp\/v2\/types\/product"}],"replies":[{"embeddable":true,"href":"https:\/\/stem-eshop.gr\/ro\/wp-json\/wp\/v2\/comments?post=6715"}],"wp:featuredmedia":[{"embeddable":true,"href":"https:\/\/stem-eshop.gr\/ro\/wp-json\/wp\/v2\/media\/6716"}],"wp:attachment":[{"href":"https:\/\/stem-eshop.gr\/ro\/wp-json\/wp\/v2\/media?parent=6715"}],"wp:term":[{"taxonomy":"product_brand","embeddable":true,"href":"https:\/\/stem-eshop.gr\/ro\/wp-json\/wp\/v2\/product_brand?post=6715"},{"taxonomy":"product_cat","embeddable":true,"href":"https:\/\/stem-eshop.gr\/ro\/wp-json\/wp\/v2\/product_cat?post=6715"},{"taxonomy":"product_tag","embeddable":true,"href":"https:\/\/stem-eshop.gr\/ro\/wp-json\/wp\/v2\/product_tag?post=6715"}],"curies":[{"name":"wp","href":"https:\/\/api.w.org\/{rel}","templated":true}]}}