{"id":6709,"date":"2025-05-19T08:34:07","date_gmt":"2025-05-19T08:34:07","guid":{"rendered":"https:\/\/stem-eshop.gr\/product\/ngs-%cf%83%ce%b5%cf%84-500-%cf%84%ce%bf%cf%85%ce%b2%ce%bb%ce%ac%ce%ba%ce%b9%ce%b1\/"},"modified":"2025-05-22T07:41:07","modified_gmt":"2025-05-22T07:41:07","slug":"ngs-%cf%83%ce%b5%cf%84-500-%cf%84%ce%bf%cf%85%ce%b2%ce%bb%ce%ac%ce%ba%ce%b9%ce%b1","status":"publish","type":"product","link":"https:\/\/stem-eshop.gr\/ro\/produs\/ngs-%cf%83%ce%b5%cf%84-500-%cf%84%ce%bf%cf%85%ce%b2%ce%bb%ce%ac%ce%ba%ce%b9%ce%b1\/","title":{"rendered":"Set NGS de 500 de c\u0103r\u0103mizi"},"content":{"rendered":"<p class=\"MsoNormal\">Cu 500 de c\u0103r\u0103mizi po\u021bi face multe lucruri creative \u0219i interesante.<span lang=\"en-us\" xml:lang=\"en-us\"><\/span><\/p>\n<\/p>\n<p class=\"MsoNormal\">Iat\u0103 c\u00e2teva idei:<span lang=\"en-us\" xml:lang=\"en-us\"><\/span><\/p>\n<\/p>\n<p class=\"MsoNormal\">Construc\u021bii \u0219i structuri \u2013 ora\u0219e mici sau sate<\/p>\n<\/p>\n<p class=\"MsoNormal\">Crea\u021bii artistice \u2013 Litere \u0219i cifre 3D<\/p>\n<\/p>\n<p class=\"MsoNormal\">Jocuri educa\u021bionale \u2013 Jocuri matematice sau jocuri de strategie<\/p>\n<\/p>\n<p class=\"MsoNormal\">Construc\u021bii interactive \u2013 Modele mecanice<\/p>\n<\/p>\n<p class=\"MsoNormal\">Posibilit\u0103\u021bile sunt nelimitate, iar creativitatea ta poate duce la rezultate foarte interesante \u0219i unice.<span lang=\"en-us\" xml:lang=\"en-us\"><\/span><\/p>\n<\/p>\n<p class=\"MsoNormal\">Distreaz\u0103-te cu c\u0103r\u0103mizile tale!<\/p><\/p>","protected":false},"excerpt":{"rendered":"<p class=\"MsoNormal\">C\u0103r\u0103mizile sunt un material excelent pentru crearea \u0219i exprimarea imagina\u021biei.<span lang=\"en-us\" xml:lang=\"en-us\"><\/span><\/p>\n<\/p>\n<p class=\"MsoNormal\">Cu 500 de c\u0103r\u0103mizi, posibilit\u0103\u021bile sunt nelimitate, iar singurul factor limitator este imagina\u021bia ta. De la construc\u021bii \u0219i structuri complexe, la crea\u021bii artistice \u0219i juc\u0103rii educa\u021bionale, c\u0103r\u0103mizile pot deveni un instrument pentru a construi orice \u00ee\u021bi po\u021bi imagina.<\/p><\/p>","protected":false},"featured_media":6710,"comment_status":"open","ping_status":"closed","template":"","meta":{"site-sidebar-layout":"default","site-content-layout":"","ast-site-content-layout":"default","site-content-style":"default","site-sidebar-style":"default","ast-global-header-display":"","ast-banner-title-visibility":"","ast-main-header-display":"","ast-hfb-above-header-display":"","ast-hfb-below-header-display":"","ast-hfb-mobile-header-display":"","site-post-title":"","ast-breadcrumbs-content":"","ast-featured-img":"","footer-sml-layout":"","ast-disable-related-posts":"","theme-transparent-header-meta":"","adv-header-id-meta":"","stick-header-meta":"","header-above-stick-meta":"","header-main-stick-meta":"","header-below-stick-meta":"","astra-migrate-meta-layouts":"default","ast-page-background-enabled":"default","ast-page-background-meta":{"desktop":{"background-color":"var(--ast-global-color-5)","background-image":"","background-repeat":"repeat","background-position":"center center","background-size":"auto","background-attachment":"scroll","background-type":"","background-media":"","overlay-type":"","overlay-color":"","overlay-opacity":"","overlay-gradient":""},"tablet":{"background-color":"","background-image":"","background-repeat":"repeat","background-position":"center center","background-size":"auto","background-attachment":"scroll","background-type":"","background-media":"","overlay-type":"","overlay-color":"","overlay-opacity":"","overlay-gradient":""},"mobile":{"background-color":"","background-image":"","background-repeat":"repeat","background-position":"center center","background-size":"auto","background-attachment":"scroll","background-type":"","background-media":"","overlay-type":"","overlay-color":"","overlay-opacity":"","overlay-gradient":""}},"ast-content-background-meta":{"desktop":{"background-color":"var(--ast-global-color-4)","background-image":"","background-repeat":"repeat","background-position":"center center","background-size":"auto","background-attachment":"scroll","background-type":"","background-media":"","overlay-type":"","overlay-color":"","overlay-opacity":"","overlay-gradient":""},"tablet":{"background-color":"var(--ast-global-color-4)","background-image":"","background-repeat":"repeat","background-position":"center center","background-size":"auto","background-attachment":"scroll","background-type":"","background-media":"","overlay-type":"","overlay-color":"","overlay-opacity":"","overlay-gradient":""},"mobile":{"background-color":"var(--ast-global-color-4)","background-image":"","background-repeat":"repeat","background-position":"center center","background-size":"auto","background-attachment":"scroll","background-type":"","background-media":"","overlay-type":"","overlay-color":"","overlay-opacity":"","overlay-gradient":""}}},"product_brand":[107],"product_cat":[126,43,29,32,57,30,26,59],"product_tag":[],"class_list":{"0":"post-6709","1":"product","2":"type-product","3":"status-publish","4":"has-post-thumbnail","6":"product_brand-ngs","7":"product_cat-126","8":"product_cat-43","9":"product_cat-29","10":"product_cat-32","11":"product_cat-57","12":"product_cat--6-9-","13":"product_cat-26","14":"product_cat-59","15":"desktop-align-left","16":"tablet-align-left","17":"mobile-align-left","19":"first","20":"instock","21":"taxable","22":"shipping-taxable","23":"purchasable","24":"product-type-simple"},"_links":{"self":[{"href":"https:\/\/stem-eshop.gr\/ro\/wp-json\/wp\/v2\/product\/6709","targetHints":{"allow":["GET"]}}],"collection":[{"href":"https:\/\/stem-eshop.gr\/ro\/wp-json\/wp\/v2\/product"}],"about":[{"href":"https:\/\/stem-eshop.gr\/ro\/wp-json\/wp\/v2\/types\/product"}],"replies":[{"embeddable":true,"href":"https:\/\/stem-eshop.gr\/ro\/wp-json\/wp\/v2\/comments?post=6709"}],"wp:featuredmedia":[{"embeddable":true,"href":"https:\/\/stem-eshop.gr\/ro\/wp-json\/wp\/v2\/media\/6710"}],"wp:attachment":[{"href":"https:\/\/stem-eshop.gr\/ro\/wp-json\/wp\/v2\/media?parent=6709"}],"wp:term":[{"taxonomy":"product_brand","embeddable":true,"href":"https:\/\/stem-eshop.gr\/ro\/wp-json\/wp\/v2\/product_brand?post=6709"},{"taxonomy":"product_cat","embeddable":true,"href":"https:\/\/stem-eshop.gr\/ro\/wp-json\/wp\/v2\/product_cat?post=6709"},{"taxonomy":"product_tag","embeddable":true,"href":"https:\/\/stem-eshop.gr\/ro\/wp-json\/wp\/v2\/product_tag?post=6709"}],"curies":[{"name":"wp","href":"https:\/\/api.w.org\/{rel}","templated":true}]}}