{"id":6704,"date":"2025-05-19T08:34:03","date_gmt":"2025-05-19T08:34:03","guid":{"rendered":"https:\/\/stem-eshop.gr\/product\/ngs-%ce%b5%ce%ba%cf%80%ce%b1%ce%b9%ce%b4%ce%b5%cf%85%cf%84%ce%b9%ce%ba%ce%ae-%cf%80%ce%bb%ce%ac%ce%ba%ce%b1-%ce%b4%cf%8c%ce%bc%ce%b7%cf%83%ce%b7%cf%82\/"},"modified":"2025-05-22T07:52:10","modified_gmt":"2025-05-22T07:52:10","slug":"ngs-%ce%b5%ce%ba%cf%80%ce%b1%ce%b9%ce%b4%ce%b5%cf%85%cf%84%ce%b9%ce%ba%ce%ae-%cf%80%ce%bb%ce%ac%ce%ba%ce%b1-%ce%b4%cf%8c%ce%bc%ce%b7%cf%83%ce%b7%cf%82","status":"publish","type":"product","link":"https:\/\/stem-eshop.gr\/ro\/produs\/ngs-%ce%b5%ce%ba%cf%80%ce%b1%ce%b9%ce%b4%ce%b5%cf%85%cf%84%ce%b9%ce%ba%ce%ae-%cf%80%ce%bb%ce%ac%ce%ba%ce%b1-%ce%b4%cf%8c%ce%bc%ce%b7%cf%83%ce%b7%cf%82\/","title":{"rendered":"Bloc de construc\u021bie educa\u021bional NGS"},"content":{"rendered":"<p class=\"MsoNormal\">Caracteristici:<\/p>\n<p class=\"MsoNormal\">Dimensiuni: 32\u00d732 \u0219tifturi (aproximativ 25,5 x 25,5 cm)<\/p>\n<p class=\"MsoNormal\">Material: ABS de \u00eenalt\u0103 rezisten\u021b\u0103<\/p>\n<p class=\"MsoNormal\">Compatibilitate: Complet compatibil cu principalele m\u0103rci de blocuri de construc\u021bie<\/p>\n<p class=\"MsoNormal\">Culoare: Gri-Negru-Verde-Albastru<\/p>\n<p class=\"MsoNormal\">Avantaje:<\/p>\n<p class=\"MsoNormal\">Durabil \u0219i flexibil pentru construc\u021bii stabile<\/p>\n<p class=\"MsoNormal\">Ideal pentru crearea de ora\u0219e, machete arhitecturale \u0219i lumi fantastice<\/p>\n<p class=\"MsoNormal\">Suprafa\u021b\u0103 mare pentru o proiectare \u0219i o joac\u0103 mai u\u0219oare<\/p>\n<p class=\"MsoNormal\">\u00cembun\u0103t\u0103\u021bi\u021bi-v\u0103 experien\u021ba \u00een construc\u021bii cu aceste baze de \u00eenalt\u0103 calitate \u0219i oferi\u021bi proiectelor dvs. o stabilitate \u0219i o flexibilitate sporite!<\/p>","protected":false},"excerpt":{"rendered":"<p>Include o plac\u0103 de baz\u0103 (25 cm x 25 cm).<\/p>\n<p>Crea\u021bi structuri impresionante cu aceste pl\u0103ci de baz\u0103 durabile \u0219i de \u00eenalt\u0103 calitate, perfecte pentru orice pasionat de c\u0103r\u0103mizi de construc\u021bie!<\/p>","protected":false},"featured_media":6705,"comment_status":"open","ping_status":"closed","template":"","meta":{"site-sidebar-layout":"default","site-content-layout":"","ast-site-content-layout":"default","site-content-style":"default","site-sidebar-style":"default","ast-global-header-display":"","ast-banner-title-visibility":"","ast-main-header-display":"","ast-hfb-above-header-display":"","ast-hfb-below-header-display":"","ast-hfb-mobile-header-display":"","site-post-title":"","ast-breadcrumbs-content":"","ast-featured-img":"","footer-sml-layout":"","ast-disable-related-posts":"","theme-transparent-header-meta":"default","adv-header-id-meta":"","stick-header-meta":"","header-above-stick-meta":"","header-main-stick-meta":"","header-below-stick-meta":"","astra-migrate-meta-layouts":"set","ast-page-background-enabled":"default","ast-page-background-meta":{"desktop":{"background-color":"var(--ast-global-color-5)","background-image":"","background-repeat":"repeat","background-position":"center center","background-size":"auto","background-attachment":"scroll","background-type":"","background-media":"","overlay-type":"","overlay-color":"","overlay-opacity":"","overlay-gradient":""},"tablet":{"background-color":"","background-image":"","background-repeat":"repeat","background-position":"center center","background-size":"auto","background-attachment":"scroll","background-type":"","background-media":"","overlay-type":"","overlay-color":"","overlay-opacity":"","overlay-gradient":""},"mobile":{"background-color":"","background-image":"","background-repeat":"repeat","background-position":"center center","background-size":"auto","background-attachment":"scroll","background-type":"","background-media":"","overlay-type":"","overlay-color":"","overlay-opacity":"","overlay-gradient":""}},"ast-content-background-meta":{"desktop":{"background-color":"var(--ast-global-color-4)","background-image":"","background-repeat":"repeat","background-position":"center center","background-size":"auto","background-attachment":"scroll","background-type":"","background-media":"","overlay-type":"","overlay-color":"","overlay-opacity":"","overlay-gradient":""},"tablet":{"background-color":"var(--ast-global-color-4)","background-image":"","background-repeat":"repeat","background-position":"center center","background-size":"auto","background-attachment":"scroll","background-type":"","background-media":"","overlay-type":"","overlay-color":"","overlay-opacity":"","overlay-gradient":""},"mobile":{"background-color":"var(--ast-global-color-4)","background-image":"","background-repeat":"repeat","background-position":"center center","background-size":"auto","background-attachment":"scroll","background-type":"","background-media":"","overlay-type":"","overlay-color":"","overlay-opacity":"","overlay-gradient":""}}},"product_brand":[107],"product_cat":[43,29,32,57,30,26,48,59],"product_tag":[],"class_list":{"0":"post-6704","1":"product","2":"type-product","3":"status-publish","4":"has-post-thumbnail","6":"product_brand-ngs","7":"product_cat-43","8":"product_cat-29","9":"product_cat-32","10":"product_cat-57","11":"product_cat--6-9-","12":"product_cat-26","13":"product_cat-48","14":"product_cat-59","15":"desktop-align-left","16":"tablet-align-left","17":"mobile-align-left","19":"first","20":"instock","21":"taxable","22":"shipping-taxable","23":"purchasable","24":"product-type-simple"},"_links":{"self":[{"href":"https:\/\/stem-eshop.gr\/ro\/wp-json\/wp\/v2\/product\/6704","targetHints":{"allow":["GET"]}}],"collection":[{"href":"https:\/\/stem-eshop.gr\/ro\/wp-json\/wp\/v2\/product"}],"about":[{"href":"https:\/\/stem-eshop.gr\/ro\/wp-json\/wp\/v2\/types\/product"}],"replies":[{"embeddable":true,"href":"https:\/\/stem-eshop.gr\/ro\/wp-json\/wp\/v2\/comments?post=6704"}],"wp:featuredmedia":[{"embeddable":true,"href":"https:\/\/stem-eshop.gr\/ro\/wp-json\/wp\/v2\/media\/6705"}],"wp:attachment":[{"href":"https:\/\/stem-eshop.gr\/ro\/wp-json\/wp\/v2\/media?parent=6704"}],"wp:term":[{"taxonomy":"product_brand","embeddable":true,"href":"https:\/\/stem-eshop.gr\/ro\/wp-json\/wp\/v2\/product_brand?post=6704"},{"taxonomy":"product_cat","embeddable":true,"href":"https:\/\/stem-eshop.gr\/ro\/wp-json\/wp\/v2\/product_cat?post=6704"},{"taxonomy":"product_tag","embeddable":true,"href":"https:\/\/stem-eshop.gr\/ro\/wp-json\/wp\/v2\/product_tag?post=6704"}],"curies":[{"name":"wp","href":"https:\/\/api.w.org\/{rel}","templated":true}]}}