{"id":6699,"date":"2025-05-19T08:33:38","date_gmt":"2025-05-19T08:33:38","guid":{"rendered":"https:\/\/stem-eshop.gr\/product\/funduino-starter-kit-mega2560-r3-ultimate-education-%ce%b3%ce%b9%ce%b1-arduino-%ce%bc%ce%b5-%ce%b2%ce%b9%ce%b2%ce%bb%ce%af%ce%bf-%ce%b5%cf%81%ce%b3%ce%b1%cf%83%ce%af%ce%b1%cf%82\/"},"modified":"2026-02-04T12:33:51","modified_gmt":"2026-02-04T09:33:51","slug":"funduino-starter-kit-mega2560-r3-ultimate-education-%ce%b3%ce%b9%ce%b1-arduino-%ce%bc%ce%b5-%ce%b2%ce%b9%ce%b2%ce%bb%ce%af%ce%bf-%ce%b5%cf%81%ce%b3%ce%b1%cf%83%ce%af%ce%b1%cf%82","status":"publish","type":"product","link":"https:\/\/stem-eshop.gr\/ro\/produs\/funduino-starter-kit-mega2560-r3-ultimate-education-%ce%b3%ce%b9%ce%b1-arduino-%ce%bc%ce%b5-%ce%b2%ce%b9%ce%b2%ce%bb%ce%af%ce%bf-%ce%b5%cf%81%ce%b3%ce%b1%cf%83%ce%af%ce%b1%cf%82\/","title":{"rendered":"Kit de \u00eenceput Funduino-MEGA2560 R3-Educa\u021bie complet\u0103 pentru Arduino cu caiet de lucru"},"content":{"rendered":"<p class=\"MsoNormal\">Include bro\u0219ur\u0103\/caiet de lucru \u00eenso\u021bitor (peste 130 de pagini, 29 de proiecte)<\/p>\n<p class=\"MsoNormal\">Con\u021bine exemple de diverse proiecte, de exemplu, controlul LED-urilor, m\u0103sur\u0103tori de temperatur\u0103 \u0219i controlul motoarelor<\/p>\n<p class=\"MsoNormal\">Toate componentele sunt u\u0219or de conectat \u0219i utilizat (plug-and-play)<\/p>\n<p class=\"MsoNormal\">Cu carcas\u0103 de sortare din plastic durabil, ceea ce o face deosebit de sustenabil\u0103 \u00een utilizare<\/p>\n<p>Oricine poate \u00eenv\u0103\u021ba programarea cu kitul de \u00eenceput Funduino pentru Arduino<\/p>\n<p>Kitul nostru de \u00eenceput pentru Arduino nu necesit\u0103 cuno\u0219tin\u021be prealabile \u0219i este special conceput pentru \u00eencep\u0103tori.<\/p>\n<p>De la \u00eenceput, \u00eenv\u0103\u021b\u0103m \u00eempreun\u0103 elementele de baz\u0103 ale microelectronicii \u2013 \u0219i ne perfec\u021bion\u0103m progresiv!<\/p>\n<p>C\u00e2nd Funduino a creat Starter Kit-ul pentru Arduino, a avut dou\u0103 obiective principale:<\/p>\n<p>\u00cen loc de componente electronice selectate aleatoriu, Funduino se bazeaz\u0103 pe o selec\u021bie perfect coordonat\u0103 de componente care pot fi combinate \u00eentre ele pentru a crea proiecte grozave. De aceea, nu ve\u021bi g\u0103si componente inutile \u00een kitul de \u00eenceput, ci doar componente utile \u0219i interesante!<\/p>\n<p>Caracteristic\u0103 unic\u0103: Fiecare kit vine cu un exemplar al c\u0103r\u021bii \u201eARDUINO lernen \u2013 Arbeitsbuch zum Erlernen der Arduino Entwicklungsumgebung\u201d. \u00cen cele peste 130 de pagini \u0219i prin intermediul a 29 de proiecte, cartea explic\u0103 \u00een detaliu fiecare component\u0103 electronic\u0103 a kitului. Pe l\u00e2ng\u0103 informa\u021bii despre componente, include \u0219i o list\u0103 de materiale, scheme de circuite \u0219i programe exemplificative.<\/p>\n<\/p>\n<p class=\"MsoNormal\">Edi\u021bia \u201eEduca\u021bie suprem\u0103\u201d<\/p>\n<\/p>\n<p class=\"MsoNormal\">Toate lucr\u0103rile din edi\u021biile \u201eBasic\u201d \u0219i \u201eEducation\u201d<\/p>\n<\/p>\n<p class=\"MsoNormal\">M\u0103surarea temperaturii ambientale cu senzorul TMP36<\/p>\n<\/p>\n<p class=\"MsoNormal\">Folosind un joystick<\/p>\n<\/p>\n<p class=\"MsoNormal\">Lumini multicolore \u2013 LED WS2812B<\/p>\n<\/p>\n<p class=\"MsoNormal\">Determinarea pozi\u021biei cu giroscop \u0219i senzor de accelera\u021bie<\/p>\n<\/p>\n<p class=\"MsoNormal\">Senzor fotoelectric (barier\u0103 luminoas\u0103)<\/p>\n<\/p>\n<p class=\"MsoNormal\">Tranzistoare \u0219i motoare electrice<\/p>\n<\/p>\n<p class=\"MsoNormal\">Controlul ventilatorului cu tranzistor<\/p><\/p>","protected":false},"excerpt":{"rendered":"<p class=\"MsoNormal\">Intrarea ta \u00een lumea microelectronicii!!!<\/p>\n<p class=\"MsoNormal\">Kit de pornire cu cele mai importante componente electronice pentru microcontrolere Arduino<\/p>\n<p class=\"MsoNormal\">Este dezvoltat constant \u00een str\u00e2ns\u0103 colaborare cu profesorii \u0219i profesorii<\/p>\n<p class=\"MsoNormal\">Ideal pentru \u00eencep\u0103tori \u00een domeniul electronicii \u0219i IT-ului<\/p>","protected":false},"featured_media":6219,"comment_status":"open","ping_status":"closed","template":"","meta":{"site-sidebar-layout":"default","site-content-layout":"","ast-site-content-layout":"default","site-content-style":"default","site-sidebar-style":"default","ast-global-header-display":"","ast-banner-title-visibility":"","ast-main-header-display":"","ast-hfb-above-header-display":"","ast-hfb-below-header-display":"","ast-hfb-mobile-header-display":"","site-post-title":"","ast-breadcrumbs-content":"","ast-featured-img":"","footer-sml-layout":"","ast-disable-related-posts":"","theme-transparent-header-meta":"","adv-header-id-meta":"","stick-header-meta":"","header-above-stick-meta":"","header-main-stick-meta":"","header-below-stick-meta":"","astra-migrate-meta-layouts":"default","ast-page-background-enabled":"default","ast-page-background-meta":{"desktop":{"background-color":"var(--ast-global-color-5)","background-image":"","background-repeat":"repeat","background-position":"center center","background-size":"auto","background-attachment":"scroll","background-type":"","background-media":"","overlay-type":"","overlay-color":"","overlay-opacity":"","overlay-gradient":""},"tablet":{"background-color":"","background-image":"","background-repeat":"repeat","background-position":"center center","background-size":"auto","background-attachment":"scroll","background-type":"","background-media":"","overlay-type":"","overlay-color":"","overlay-opacity":"","overlay-gradient":""},"mobile":{"background-color":"","background-image":"","background-repeat":"repeat","background-position":"center center","background-size":"auto","background-attachment":"scroll","background-type":"","background-media":"","overlay-type":"","overlay-color":"","overlay-opacity":"","overlay-gradient":""}},"ast-content-background-meta":{"desktop":{"background-color":"var(--ast-global-color-4)","background-image":"","background-repeat":"repeat","background-position":"center center","background-size":"auto","background-attachment":"scroll","background-type":"","background-media":"","overlay-type":"","overlay-color":"","overlay-opacity":"","overlay-gradient":""},"tablet":{"background-color":"var(--ast-global-color-4)","background-image":"","background-repeat":"repeat","background-position":"center center","background-size":"auto","background-attachment":"scroll","background-type":"","background-media":"","overlay-type":"","overlay-color":"","overlay-opacity":"","overlay-gradient":""},"mobile":{"background-color":"var(--ast-global-color-4)","background-image":"","background-repeat":"repeat","background-position":"center center","background-size":"auto","background-attachment":"scroll","background-type":"","background-media":"","overlay-type":"","overlay-color":"","overlay-opacity":"","overlay-gradient":""}}},"product_brand":[103],"product_cat":[33,52,29,32,57,35,40,45,59],"product_tag":[],"class_list":{"0":"post-6699","1":"product","2":"type-product","3":"status-publish","4":"has-post-thumbnail","6":"product_brand-funduino","7":"product_cat-33","8":"product_cat-52","9":"product_cat-29","10":"product_cat-32","11":"product_cat-57","12":"product_cat--10-12-","13":"product_cat--12-","14":"product_cat-45","15":"product_cat-59","16":"desktop-align-left","17":"tablet-align-left","18":"mobile-align-left","20":"first","21":"instock","22":"taxable","23":"shipping-taxable","24":"purchasable","25":"product-type-simple"},"_links":{"self":[{"href":"https:\/\/stem-eshop.gr\/ro\/wp-json\/wp\/v2\/product\/6699","targetHints":{"allow":["GET"]}}],"collection":[{"href":"https:\/\/stem-eshop.gr\/ro\/wp-json\/wp\/v2\/product"}],"about":[{"href":"https:\/\/stem-eshop.gr\/ro\/wp-json\/wp\/v2\/types\/product"}],"replies":[{"embeddable":true,"href":"https:\/\/stem-eshop.gr\/ro\/wp-json\/wp\/v2\/comments?post=6699"}],"wp:featuredmedia":[{"embeddable":true,"href":"https:\/\/stem-eshop.gr\/ro\/wp-json\/wp\/v2\/media\/6219"}],"wp:attachment":[{"href":"https:\/\/stem-eshop.gr\/ro\/wp-json\/wp\/v2\/media?parent=6699"}],"wp:term":[{"taxonomy":"product_brand","embeddable":true,"href":"https:\/\/stem-eshop.gr\/ro\/wp-json\/wp\/v2\/product_brand?post=6699"},{"taxonomy":"product_cat","embeddable":true,"href":"https:\/\/stem-eshop.gr\/ro\/wp-json\/wp\/v2\/product_cat?post=6699"},{"taxonomy":"product_tag","embeddable":true,"href":"https:\/\/stem-eshop.gr\/ro\/wp-json\/wp\/v2\/product_tag?post=6699"}],"curies":[{"name":"wp","href":"https:\/\/api.w.org\/{rel}","templated":true}]}}