{"id":6677,"date":"2025-05-19T08:31:43","date_gmt":"2025-05-19T08:31:43","guid":{"rendered":"https:\/\/stem-eshop.gr\/product\/%ce%b1%ce%b9%cf%83%ce%b8%ce%b7%cf%84%ce%ae%cf%81%ce%b1%cf%82-%ce%b1%cf%80%cf%8c%cf%83%cf%84%ce%b1%cf%83%ce%b7%cf%82-%ce%b1%ce%b9%cf%83%ce%b8%ce%b7%cf%84%ce%ae%cf%81%ce%b1%cf%82-%ce%b1%ce%bd%ce%af\/"},"modified":"2025-05-22T21:13:34","modified_gmt":"2025-05-22T18:13:34","slug":"%ce%b1%ce%b9%cf%83%ce%b8%ce%b7%cf%84%ce%ae%cf%81%ce%b1%cf%82-%ce%b1%cf%80%cf%8c%cf%83%cf%84%ce%b1%cf%83%ce%b7%cf%82-%ce%b1%ce%b9%cf%83%ce%b8%ce%b7%cf%84%ce%ae%cf%81%ce%b1%cf%82-%ce%b1%ce%bd%ce%af","status":"publish","type":"product","link":"https:\/\/stem-eshop.gr\/ro\/produs\/%ce%b1%ce%b9%cf%83%ce%b8%ce%b7%cf%84%ce%ae%cf%81%ce%b1%cf%82-%ce%b1%cf%80%cf%8c%cf%83%cf%84%ce%b1%cf%83%ce%b7%cf%82-%ce%b1%ce%b9%cf%83%ce%b8%ce%b7%cf%84%ce%ae%cf%81%ce%b1%cf%82-%ce%b1%ce%bd%ce%af\/","title":{"rendered":"Senzor de distan\u021b\u0103, senzor de detectare a obstacolelor \u2013 Infraro\u0219u (IR)"},"content":{"rendered":"<p class=\"MsoNormal\">Prezentare general\u0103:<\/p>\n<\/p>\n<p class=\"MsoNormal\">Distan\u021b\u0103 de detectare: 1 mm ~ 50 mm<\/p>\n<\/p>\n<p class=\"MsoNormal\">Unghi de detec\u021bie: ~35\u00b0<\/p>\n<\/p>\n<p class=\"MsoNormal\">Tensiune de func\u021bionare: 3,3V ~ 5V<\/p>\n<\/p>\n<p class=\"MsoNormal\">G\u0103uri pentru \u0219uruburi pentru instalare u\u0219oar\u0103<\/p>\n<\/p>\n<p class=\"MsoNormal\">\n<p class=\"MsoNormal\">Func\u021bionalitate:<\/p>\n<\/p>\n<p class=\"MsoNormal\">Senzor pentru detectarea obiectelor sau m\u0103surarea distan\u021bei folosind lumina infraro\u0219ie.<\/p>\n<p class=\"MsoNormal\">Ie\u0219irea senzorului este digital\u0103 (HIGH \u0219i LOW).<\/p>\n<\/p>\n<p class=\"MsoNormal\">Designul s\u0103u este compact, cu sursa de lumin\u0103 \u0219i detectorul pozi\u021bionate \u00een aceea\u0219i direc\u021bie.<\/p>\n<\/p>\n<p class=\"MsoNormal\">Pentru a detecta un obiect, se folose\u0219te reflexia razelor infraro\u0219ii de pe obiect.<\/p>\n<\/p>\n<p class=\"MsoNormal\">Lungimea de und\u0103 a luminii infraro\u0219ii este de 950 nm.<\/p>\n<\/p>\n<p class=\"MsoNormal\">Detectorul este alc\u0103tuit dintr-un fototranzistor.<\/p>\n<\/p>\n<p class=\"MsoNormal\">Emi\u021b\u0103torul \u0219i receptorul cu infraro\u0219u sunt montate separat pe unitate.<\/p>\n<\/p>\n<p class=\"MsoNormal\">Senzorul nu numai c\u0103 detecteaz\u0103 dac\u0103 exist\u0103 un obstacol, dar estimeaz\u0103 \u0219i distan\u021ba p\u00e2n\u0103 la obiect (ca valoare relativ\u0103, \u00een func\u021bie de intensitatea luminii reflectate).<\/p>\n<\/p>\n<p class=\"MsoNormal\">Sensibilitatea senzorului pentru semnalul digital poate fi reglat\u0103 prin intermediul unui poten\u021biometru.<\/p>\n<\/p>\n<p class=\"MsoNormal\">\n<p class=\"MsoNormal\">Domenii de aplicare:<\/p>\n<\/p>\n<p class=\"MsoNormal\">Detectarea \u0219i evitarea obstacolelor<\/p>\n<\/p>\n<p class=\"MsoNormal\">Detectarea traiectoriei robotului<\/p>\n<\/p>\n<p class=\"MsoNormal\">Detectarea \u0219i urm\u0103rirea liniilor<\/p>\n<\/p>\n<p class=\"MsoNormal\">Detectarea liniilor albe \u0219i negre<\/p>\n<\/p>\n<p class=\"MsoNormal\">Date de num\u0103rare a scan\u0103rii pulsurilor<\/p>\n<\/p>\n<p class=\"MsoNormal\">Detector de cap\u0103t de curs\u0103<\/p>\n<\/p>\n<p class=\"MsoNormal\">Detectarea materialelor reflectorizante (de exemplu, h\u00e2rtie etc.)<\/p><\/p>","protected":false},"excerpt":{"rendered":"<p>Senzorul de detectare a distan\u021bei \u0219i obstacolelor \u2013 \u00een infraro\u0219u (IR) detecteaz\u0103 prezen\u021ba sau distan\u021ba unui obiect utiliz\u00e2nd radia\u021bia infraro\u0219ie (IR).<\/p>","protected":false},"featured_media":5597,"comment_status":"open","ping_status":"closed","template":"","meta":{"site-sidebar-layout":"default","site-content-layout":"","ast-site-content-layout":"default","site-content-style":"default","site-sidebar-style":"default","ast-global-header-display":"","ast-banner-title-visibility":"","ast-main-header-display":"","ast-hfb-above-header-display":"","ast-hfb-below-header-display":"","ast-hfb-mobile-header-display":"","site-post-title":"","ast-breadcrumbs-content":"","ast-featured-img":"","footer-sml-layout":"","ast-disable-related-posts":"","theme-transparent-header-meta":"","adv-header-id-meta":"","stick-header-meta":"","header-above-stick-meta":"","header-main-stick-meta":"","header-below-stick-meta":"","astra-migrate-meta-layouts":"default","ast-page-background-enabled":"default","ast-page-background-meta":{"desktop":{"background-color":"var(--ast-global-color-5)","background-image":"","background-repeat":"repeat","background-position":"center center","background-size":"auto","background-attachment":"scroll","background-type":"","background-media":"","overlay-type":"","overlay-color":"","overlay-opacity":"","overlay-gradient":""},"tablet":{"background-color":"","background-image":"","background-repeat":"repeat","background-position":"center center","background-size":"auto","background-attachment":"scroll","background-type":"","background-media":"","overlay-type":"","overlay-color":"","overlay-opacity":"","overlay-gradient":""},"mobile":{"background-color":"","background-image":"","background-repeat":"repeat","background-position":"center center","background-size":"auto","background-attachment":"scroll","background-type":"","background-media":"","overlay-type":"","overlay-color":"","overlay-opacity":"","overlay-gradient":""}},"ast-content-background-meta":{"desktop":{"background-color":"var(--ast-global-color-4)","background-image":"","background-repeat":"repeat","background-position":"center center","background-size":"auto","background-attachment":"scroll","background-type":"","background-media":"","overlay-type":"","overlay-color":"","overlay-opacity":"","overlay-gradient":""},"tablet":{"background-color":"var(--ast-global-color-4)","background-image":"","background-repeat":"repeat","background-position":"center center","background-size":"auto","background-attachment":"scroll","background-type":"","background-media":"","overlay-type":"","overlay-color":"","overlay-opacity":"","overlay-gradient":""},"mobile":{"background-color":"var(--ast-global-color-4)","background-image":"","background-repeat":"repeat","background-position":"center center","background-size":"auto","background-attachment":"scroll","background-type":"","background-media":"","overlay-type":"","overlay-color":"","overlay-opacity":"","overlay-gradient":""}}},"product_brand":[103],"product_cat":[52,29,32,57,35,40,59],"product_tag":[],"class_list":{"0":"post-6677","1":"product","2":"type-product","3":"status-publish","4":"has-post-thumbnail","6":"product_brand-funduino","7":"product_cat-52","8":"product_cat-29","9":"product_cat-32","10":"product_cat-57","11":"product_cat--10-12-","12":"product_cat--12-","13":"product_cat-59","14":"desktop-align-left","15":"tablet-align-left","16":"mobile-align-left","18":"first","19":"instock","20":"taxable","21":"shipping-taxable","22":"purchasable","23":"product-type-simple"},"_links":{"self":[{"href":"https:\/\/stem-eshop.gr\/ro\/wp-json\/wp\/v2\/product\/6677","targetHints":{"allow":["GET"]}}],"collection":[{"href":"https:\/\/stem-eshop.gr\/ro\/wp-json\/wp\/v2\/product"}],"about":[{"href":"https:\/\/stem-eshop.gr\/ro\/wp-json\/wp\/v2\/types\/product"}],"replies":[{"embeddable":true,"href":"https:\/\/stem-eshop.gr\/ro\/wp-json\/wp\/v2\/comments?post=6677"}],"wp:featuredmedia":[{"embeddable":true,"href":"https:\/\/stem-eshop.gr\/ro\/wp-json\/wp\/v2\/media\/5597"}],"wp:attachment":[{"href":"https:\/\/stem-eshop.gr\/ro\/wp-json\/wp\/v2\/media?parent=6677"}],"wp:term":[{"taxonomy":"product_brand","embeddable":true,"href":"https:\/\/stem-eshop.gr\/ro\/wp-json\/wp\/v2\/product_brand?post=6677"},{"taxonomy":"product_cat","embeddable":true,"href":"https:\/\/stem-eshop.gr\/ro\/wp-json\/wp\/v2\/product_cat?post=6677"},{"taxonomy":"product_tag","embeddable":true,"href":"https:\/\/stem-eshop.gr\/ro\/wp-json\/wp\/v2\/product_tag?post=6677"}],"curies":[{"name":"wp","href":"https:\/\/api.w.org\/{rel}","templated":true}]}}