{"id":6673,"date":"2025-05-19T08:31:38","date_gmt":"2025-05-19T08:31:38","guid":{"rendered":"https:\/\/stem-eshop.gr\/product\/%ce%b1%ce%bd%ce%b9%cf%87%ce%bd%ce%b5%cf%85%cf%84%ce%ae%cf%82-%ce%ba%ce%af%ce%bd%ce%b7%cf%83%ce%b7%cf%82-sr602-mini-pir-%ce%b1%ce%b9%cf%83%ce%b8%ce%b7%cf%84%ce%ae%cf%81%ce%b1%cf%82-%ce%b1%ce%bd%ce%af\/"},"modified":"2025-05-22T21:13:34","modified_gmt":"2025-05-22T18:13:34","slug":"%ce%b1%ce%bd%ce%b9%cf%87%ce%bd%ce%b5%cf%85%cf%84%ce%ae%cf%82-%ce%ba%ce%af%ce%bd%ce%b7%cf%83%ce%b7%cf%82-sr602-mini-pir-%ce%b1%ce%b9%cf%83%ce%b8%ce%b7%cf%84%ce%ae%cf%81%ce%b1%cf%82-%ce%b1%ce%bd%ce%af","status":"publish","type":"product","link":"https:\/\/stem-eshop.gr\/ro\/produs\/%ce%b1%ce%bd%ce%b9%cf%87%ce%bd%ce%b5%cf%85%cf%84%ce%ae%cf%82-%ce%ba%ce%af%ce%bd%ce%b7%cf%83%ce%b7%cf%82-sr602-mini-pir-%ce%b1%ce%b9%cf%83%ce%b8%ce%b7%cf%84%ce%ae%cf%81%ce%b1%cf%82-%ce%b1%ce%bd%ce%af\/","title":{"rendered":"Detector de mi\u0219care SR602 MINI senzor de detectare a mi\u0219c\u0103rii PIR."},"content":{"rendered":"<p>Acest model se caracterizeaz\u0103 prin sensibilitate ridicat\u0103, r\u0103spuns rapid, consum redus de energie \u00een standby, dimensiuni reduse \u0219i instalare u\u0219oar\u0103. Lentila \u0219i capul pinului sunt deja lipite, iar alimentarea este asigurat\u0103 f\u0103r\u0103 probleme.<\/p>\n<p>Poate fi utilizat pentru iluminarea cu senzori corporali, alarme, securitate, control acces. Timpul de ie\u0219ire la nivel \u00eenalt al acestui produs este reglabil, cu un timp de ie\u0219ire presetat din fabric\u0103 de la 2,5 secunde la 1 or\u0103.<\/p>\n<p>Timpul implicit este de aproximativ 3 secunde. Acest timp poate fi modificat prin lipirea rezisten\u021belor, de\u0219i acest lucru este rareori util pentru utilizarea cu Arduino.<\/p>\n<p>Tensiunea de alimentare a modelului este de la 3,3V la 15V, iar limita de tensiune este de la 2,8V la 18V.<\/p>\n<p>Ie\u0219irea senzorului este urm\u0103toarea: produce un nivel ridicat la 2 secunde dup\u0103 pornire, apoi trece la un nivel sc\u0103zut \u0219i intr\u0103 \u00een modul standby.<\/p>\n<p>Acest model este foarte sensibil, a\u0219a c\u0103 acorda\u021bi aten\u021bie locului de instalare, evit\u00e2nd sursele de c\u0103ldur\u0103 (de exemplu, conductele de aer sau lumina direct\u0103 a soarelui). Sensibilitatea poate fi modificat\u0103 \u0219i prin intermediul unui rezistor (panou).<\/p>\n<\/p>\n<p>Specifica\u021bii tehnice:<\/p>\n<p>Model: SR-602 (Senzor piroelectric cu infraro\u0219u pentru corpul uman)<\/p>\n<p>Distan\u021b\u0103 de detectare: p\u00e2n\u0103 la 5 metri (distan\u021b\u0103 recomandat\u0103: 0-3,5 m)<\/p>\n<p>Ie\u0219ire: Mare = 3,3V, Sc\u0103zut\u0103 = 0V<\/p>\n<p>Alimentare: CC 3,3V \u2013 15V<\/p>\n<p>Curent \u00een standby: 20 \u03bcA<\/p>\n<p>Diametru senzor: 13,5 mm<\/p>\n<p>Diametrul lentilei: 10 mm<\/p><\/p>","protected":false},"excerpt":{"rendered":"<p>Acest detector de mi\u0219care este o versiune mai nou\u0103 \u0219i mai compact\u0103 a a\u0219a-numitului senzor PIR (detector de mi\u0219care).<\/p>\n<p>Senzorul are avantajul de a putea fi montat pe placa de test folosind pinii orienta\u021bi \u00een jos. Cu toate acestea, ajust\u0103rile detaliate, cum ar fi sensibilitatea, sunt mai complicate \u0219i se realizeaz\u0103 prin lipirea rezisten\u021belor.<\/p>","protected":false},"featured_media":5578,"comment_status":"open","ping_status":"closed","template":"","meta":{"site-sidebar-layout":"default","site-content-layout":"","ast-site-content-layout":"default","site-content-style":"default","site-sidebar-style":"default","ast-global-header-display":"","ast-banner-title-visibility":"","ast-main-header-display":"","ast-hfb-above-header-display":"","ast-hfb-below-header-display":"","ast-hfb-mobile-header-display":"","site-post-title":"","ast-breadcrumbs-content":"","ast-featured-img":"","footer-sml-layout":"","ast-disable-related-posts":"","theme-transparent-header-meta":"","adv-header-id-meta":"","stick-header-meta":"","header-above-stick-meta":"","header-main-stick-meta":"","header-below-stick-meta":"","astra-migrate-meta-layouts":"default","ast-page-background-enabled":"default","ast-page-background-meta":{"desktop":{"background-color":"var(--ast-global-color-5)","background-image":"","background-repeat":"repeat","background-position":"center center","background-size":"auto","background-attachment":"scroll","background-type":"","background-media":"","overlay-type":"","overlay-color":"","overlay-opacity":"","overlay-gradient":""},"tablet":{"background-color":"","background-image":"","background-repeat":"repeat","background-position":"center center","background-size":"auto","background-attachment":"scroll","background-type":"","background-media":"","overlay-type":"","overlay-color":"","overlay-opacity":"","overlay-gradient":""},"mobile":{"background-color":"","background-image":"","background-repeat":"repeat","background-position":"center center","background-size":"auto","background-attachment":"scroll","background-type":"","background-media":"","overlay-type":"","overlay-color":"","overlay-opacity":"","overlay-gradient":""}},"ast-content-background-meta":{"desktop":{"background-color":"var(--ast-global-color-4)","background-image":"","background-repeat":"repeat","background-position":"center center","background-size":"auto","background-attachment":"scroll","background-type":"","background-media":"","overlay-type":"","overlay-color":"","overlay-opacity":"","overlay-gradient":""},"tablet":{"background-color":"var(--ast-global-color-4)","background-image":"","background-repeat":"repeat","background-position":"center center","background-size":"auto","background-attachment":"scroll","background-type":"","background-media":"","overlay-type":"","overlay-color":"","overlay-opacity":"","overlay-gradient":""},"mobile":{"background-color":"var(--ast-global-color-4)","background-image":"","background-repeat":"repeat","background-position":"center center","background-size":"auto","background-attachment":"scroll","background-type":"","background-media":"","overlay-type":"","overlay-color":"","overlay-opacity":"","overlay-gradient":""}}},"product_brand":[103],"product_cat":[52,29,32,57,35,40,59],"product_tag":[],"class_list":{"0":"post-6673","1":"product","2":"type-product","3":"status-publish","4":"has-post-thumbnail","6":"product_brand-funduino","7":"product_cat-52","8":"product_cat-29","9":"product_cat-32","10":"product_cat-57","11":"product_cat--10-12-","12":"product_cat--12-","13":"product_cat-59","14":"desktop-align-left","15":"tablet-align-left","16":"mobile-align-left","18":"first","19":"instock","20":"taxable","21":"shipping-taxable","22":"purchasable","23":"product-type-simple"},"_links":{"self":[{"href":"https:\/\/stem-eshop.gr\/ro\/wp-json\/wp\/v2\/product\/6673","targetHints":{"allow":["GET"]}}],"collection":[{"href":"https:\/\/stem-eshop.gr\/ro\/wp-json\/wp\/v2\/product"}],"about":[{"href":"https:\/\/stem-eshop.gr\/ro\/wp-json\/wp\/v2\/types\/product"}],"replies":[{"embeddable":true,"href":"https:\/\/stem-eshop.gr\/ro\/wp-json\/wp\/v2\/comments?post=6673"}],"wp:featuredmedia":[{"embeddable":true,"href":"https:\/\/stem-eshop.gr\/ro\/wp-json\/wp\/v2\/media\/5578"}],"wp:attachment":[{"href":"https:\/\/stem-eshop.gr\/ro\/wp-json\/wp\/v2\/media?parent=6673"}],"wp:term":[{"taxonomy":"product_brand","embeddable":true,"href":"https:\/\/stem-eshop.gr\/ro\/wp-json\/wp\/v2\/product_brand?post=6673"},{"taxonomy":"product_cat","embeddable":true,"href":"https:\/\/stem-eshop.gr\/ro\/wp-json\/wp\/v2\/product_cat?post=6673"},{"taxonomy":"product_tag","embeddable":true,"href":"https:\/\/stem-eshop.gr\/ro\/wp-json\/wp\/v2\/product_tag?post=6673"}],"curies":[{"name":"wp","href":"https:\/\/api.w.org\/{rel}","templated":true}]}}