{"id":6647,"date":"2025-05-19T08:31:07","date_gmt":"2025-05-19T08:31:07","guid":{"rendered":"https:\/\/stem-eshop.gr\/product\/%cf%83%ce%b5%cf%84-%ce%bc%ce%b1%ce%b3%ce%bd%ce%b7%cf%84%ce%b9%ce%ba%ce%ac-%ce%b4%ce%bf%ce%bc%ce%b9%ce%ba%ce%ac-%cf%83%cf%84%ce%bf%ce%b9%cf%87%ce%b5%ce%af%ce%b1-47-%cf%84%ce%bc%cf%87\/"},"modified":"2025-05-22T07:41:12","modified_gmt":"2025-05-22T07:41:12","slug":"%cf%83%ce%b5%cf%84-%ce%bc%ce%b1%ce%b3%ce%bd%ce%b7%cf%84%ce%b9%ce%ba%ce%ac-%ce%b4%ce%bf%ce%bc%ce%b9%ce%ba%ce%ac-%cf%83%cf%84%ce%bf%ce%b9%cf%87%ce%b5%ce%af%ce%b1-47-%cf%84%ce%bc%cf%87","status":"publish","type":"product","link":"https:\/\/stem-eshop.gr\/ro\/produs\/%cf%83%ce%b5%cf%84-%ce%bc%ce%b1%ce%b3%ce%bd%ce%b7%cf%84%ce%b9%ce%ba%ce%ac-%ce%b4%ce%bf%ce%bc%ce%b9%ce%ba%ce%ac-%cf%83%cf%84%ce%bf%ce%b9%cf%87%ce%b5%ce%af%ce%b1-47-%cf%84%ce%bc%cf%87\/","title":{"rendered":"Set de blocuri de construc\u021bie magnetice 47 buc"},"content":{"rendered":"<p class=\"MsoNormal\">Caracteristici:<\/p>\n<p class=\"MsoNormal\">47 \u03a4\u03b5\u03bc\u03ac\u03c7\u03b9\u03b1 \u0394\u03b9\u03b1\u03c6\u03bf\u03c1\u03b5\u03c4\u03b9\u03ba\u03ce\u03bd \u03a3\u03c7\u03b7\u03bc\u03ac\u03c4\u03c9\u03bd \u03ba\u03b1\u03b9 \u03a7\u03c1\u03c9\u03bc\u03ac\u03c4\u03c9\u03bd: \u03a0\u03b5\u03c1\u03b9\u03bb\u03b1\u03bc\u03b2\u03ac\u03bd\u03b5\u03b9 \u03c4\u03c1\u03af\u03b3\u03c9\u03bd\u03b1, \u03c4\u03b5\u03c4\u03c1\u03ac\u03b3\u03c9\u03bd\u03b1 \u03ba\u03b1\u03b9 \u03ac\u03bb\u03bb\u03b1 \u03b3\u03b5\u03c9\u03bc\u03b5\u03c4\u03c1\u03b9\u03ba\u03ac \u03c3\u03c7\u03ae\u03bc\u03b1\u03c4\u03b1 \u03b3\u03b9\u03b1 \u03b1\u03c4\u03b5\u03bb\u03b5\u03af\u03c9\u03c4\u03bf\u03c5\u03c2 \u03c3\u03c5\u03bd\u03b4\u03c5\u03b1\u03c3\u03bc\u03bf\u03cd\u03c2.<\/p>\n<p class=\"MsoNormal\">Magne\u021bi puternici: C\u0103r\u0103mizile se conecteaz\u0103 u\u0219or, oferind stabilitate construc\u021biilor.<\/p>\n<p class=\"MsoNormal\">Material sigur: Fabricat din plastic ABS non-toxic, de \u00eenalt\u0103 calitate, rezistent la impact.<\/p>\n<p class=\"MsoNormal\">Posibilit\u0103\u021bi multiple de construc\u021bie: Permite copiilor s\u0103 creeze diverse forme geometrice \u0219i multe altele.<\/p>\n<p class=\"MsoNormal\">\n<p class=\"MsoNormal\">Beneficii educa\u021bionale:<\/p>\n<p class=\"MsoNormal\">Dezvoltarea abilit\u0103\u021bilor STEM: Introduce copiii \u00een conceptele de inginerie, geometrie \u0219i fizic\u0103.<\/p>\n<p class=\"MsoNormal\">Creativitate \u0219i imagina\u021bie: Copiii sunt \u00eencuraja\u021bi s\u0103 creeze construc\u021bii unice, sporindu-le imagina\u021bia.<\/p>\n<p class=\"MsoNormal\">Coordonarea m\u00e2n\u0103-ochi: \u00cembun\u0103t\u0103\u021be\u0219te abilit\u0103\u021bile motorii \u0219i motricitatea fin\u0103.<\/p>\n<p class=\"MsoNormal\">Cooperare \u0219i sociabilitate: Ideal pentru jocul \u00een echip\u0103, sporind cooperarea.<\/p>\n<p class=\"MsoNormal\">\n<p class=\"MsoNormal\">Ideal pentru:<\/p>\n<p class=\"MsoNormal\">Copii cu v\u00e2rsta de 3 ani \u0219i peste.<\/p>\n<p class=\"MsoNormal\">Utilizare educa\u021bional\u0103 \u00een s\u0103lile de clas\u0103 sau jocuri creative acas\u0103.<\/p>\n<p class=\"MsoNormal\">\n<p class=\"MsoNormal\">\u03a4\u03bf \u03c3\u03b5\u03c4 \u03bc\u03b1\u03b3\u03bd\u03b7\u03c4\u03b9\u03ba\u03ce\u03bd \u03b4\u03bf\u03bc\u03b9\u03ba\u03ce\u03bd \u03c3\u03c4\u03bf\u03b9\u03c7\u03b5\u03af\u03c9\u03bd 47 \u03c4\u03b5\u03bc\u03b1\u03c7\u03af\u03c9\u03bd \u03b5\u03af\u03bd\u03b1\u03b9 \u03c4\u03bf \u03c4\u03ad\u03bb\u03b5\u03b9\u03bf \u03b5\u03c1\u03b3\u03b1\u03bb\u03b5\u03af\u03bf \u03b3\u03b9\u03b1 \u03bd\u03b1 \u03b5\u03b9\u03c3\u03ac\u03b3\u03b5\u03c4\u03b5 \u03c4\u03b1 \u03c0\u03b1\u03b9\u03b4\u03b9\u03ac \u03c3\u03c4\u03bf\u03bd \u03ba\u03cc\u03c3\u03bc\u03bf \u03c4\u03b7\u03c2 \u03b5\u03c0\u03b9\u03c3\u03c4\u03ae\u03bc\u03b7\u03c2 \u03ba\u03b1\u03b9 \u03c4\u03b7\u03c2 \u03bc\u03b7\u03c7\u03b1\u03bd\u03b9\u03ba\u03ae\u03c2, \u03c0\u03c1\u03bf\u03c3\u03c6\u03ad\u03c1\u03bf\u03bd\u03c4\u03b1\u03c2 \u03ce\u03c1\u03b5\u03c2 \u03b4\u03b7\u03bc\u03b9\u03bf\u03c5\u03c1\u03b3\u03b9\u03ba\u03ae\u03c2 \u03ba\u03b1\u03b9 \u03b5\u03ba\u03c0\u03b1\u03b9\u03b4\u03b5\u03c5\u03c4\u03b9\u03ba\u03ae\u03c2 \u03b4\u03b9\u03b1\u03c3\u03ba\u03ad\u03b4\u03b1\u03c3\u03b7\u03c2!<\/p>","protected":false},"excerpt":{"rendered":"<p>\u03a4\u03bf \u03c3\u03b5\u03c4 \u03bc\u03b1\u03b3\u03bd\u03b7\u03c4\u03b9\u03ba\u03ce\u03bd \u03b4\u03bf\u03bc\u03b9\u03ba\u03ce\u03bd \u03c3\u03c4\u03bf\u03b9\u03c7\u03b5\u03af\u03c9\u03bd 47 \u03c4\u03b5\u03bc\u03b1\u03c7\u03af\u03c9\u03bd \u03c3\u03b5 \u03bc\u03bf\u03bd\u03b1\u03b4\u03b9\u03ba\u03ac, \u03b1\u03c0\u03b1\u03bb\u03ac \u03c7\u03c1\u03ce\u03bc\u03b1\u03c4\u03b1 \u03c0\u03c1\u03bf\u03c3\u03c6\u03ad\u03c1\u03b5\u03b9 \u03bc\u03b9\u03b1 \u03b4\u03b7\u03bc\u03b9\u03bf\u03c5\u03c1\u03b3\u03b9\u03ba\u03ae \u03b5\u03bc\u03c0\u03b5\u03b9\u03c1\u03af\u03b1 \u03c0\u03b1\u03b9\u03c7\u03bd\u03b9\u03b4\u03b9\u03bf\u03cd \u03b3\u03b9\u03b1 \u03c0\u03b1\u03b9\u03b4\u03b9\u03ac.<\/p>\n<p>\u03a3\u03c7\u03b5\u03b4\u03b9\u03b1\u03c3\u03bc\u03ad\u03bd\u03bf \u03b3\u03b9\u03b1 \u03bd\u03b1 \u03c0\u03c1\u03bf\u03ac\u03b3\u03b5\u03b9 \u03c4\u03b7 \u03c6\u03b1\u03bd\u03c4\u03b1\u03c3\u03af\u03b1 \u03ba\u03b1\u03b9 \u03c4\u03b7\u03bd \u03b5\u03ba\u03c0\u03b1\u03af\u03b4\u03b5\u03c5\u03c3\u03b7, \u03c4\u03bf \u03c3\u03b5\u03c4 \u03b1\u03c5\u03c4\u03cc \u03b5\u03af\u03bd\u03b1\u03b9 \u03b9\u03b4\u03b1\u03bd\u03b9\u03ba\u03cc \u03b3\u03b9\u03b1 \u03c4\u03b7\u03bd \u03b1\u03bd\u03ac\u03c0\u03c4\u03c5\u03be\u03b7 \u03b4\u03b5\u03be\u03b9\u03bf\u03c4\u03ae\u03c4\u03c9\u03bd STEM (Science, Technology, Engineering, Mathematics).<\/p>","protected":false},"featured_media":5493,"comment_status":"open","ping_status":"closed","template":"","meta":{"site-sidebar-layout":"default","site-content-layout":"","ast-site-content-layout":"default","site-content-style":"default","site-sidebar-style":"default","ast-global-header-display":"","ast-banner-title-visibility":"","ast-main-header-display":"","ast-hfb-above-header-display":"","ast-hfb-below-header-display":"","ast-hfb-mobile-header-display":"","site-post-title":"","ast-breadcrumbs-content":"","ast-featured-img":"","footer-sml-layout":"","ast-disable-related-posts":"","theme-transparent-header-meta":"","adv-header-id-meta":"","stick-header-meta":"","header-above-stick-meta":"","header-main-stick-meta":"","header-below-stick-meta":"","astra-migrate-meta-layouts":"default","ast-page-background-enabled":"default","ast-page-background-meta":{"desktop":{"background-color":"var(--ast-global-color-5)","background-image":"","background-repeat":"repeat","background-position":"center center","background-size":"auto","background-attachment":"scroll","background-type":"","background-media":"","overlay-type":"","overlay-color":"","overlay-opacity":"","overlay-gradient":""},"tablet":{"background-color":"","background-image":"","background-repeat":"repeat","background-position":"center center","background-size":"auto","background-attachment":"scroll","background-type":"","background-media":"","overlay-type":"","overlay-color":"","overlay-opacity":"","overlay-gradient":""},"mobile":{"background-color":"","background-image":"","background-repeat":"repeat","background-position":"center center","background-size":"auto","background-attachment":"scroll","background-type":"","background-media":"","overlay-type":"","overlay-color":"","overlay-opacity":"","overlay-gradient":""}},"ast-content-background-meta":{"desktop":{"background-color":"var(--ast-global-color-4)","background-image":"","background-repeat":"repeat","background-position":"center center","background-size":"auto","background-attachment":"scroll","background-type":"","background-media":"","overlay-type":"","overlay-color":"","overlay-opacity":"","overlay-gradient":""},"tablet":{"background-color":"var(--ast-global-color-4)","background-image":"","background-repeat":"repeat","background-position":"center center","background-size":"auto","background-attachment":"scroll","background-type":"","background-media":"","overlay-type":"","overlay-color":"","overlay-opacity":"","overlay-gradient":""},"mobile":{"background-color":"var(--ast-global-color-4)","background-image":"","background-repeat":"repeat","background-position":"center center","background-size":"auto","background-attachment":"scroll","background-type":"","background-media":"","overlay-type":"","overlay-color":"","overlay-opacity":"","overlay-gradient":""}}},"product_brand":[107],"product_cat":[126,43,29,32,57,30,26,59],"product_tag":[],"class_list":{"0":"post-6647","1":"product","2":"type-product","3":"status-publish","4":"has-post-thumbnail","6":"product_brand-ngs","7":"product_cat-126","8":"product_cat-43","9":"product_cat-29","10":"product_cat-32","11":"product_cat-57","12":"product_cat--6-9-","13":"product_cat-26","14":"product_cat-59","15":"desktop-align-left","16":"tablet-align-left","17":"mobile-align-left","19":"first","20":"instock","21":"taxable","22":"shipping-taxable","23":"purchasable","24":"product-type-simple"},"_links":{"self":[{"href":"https:\/\/stem-eshop.gr\/ro\/wp-json\/wp\/v2\/product\/6647","targetHints":{"allow":["GET"]}}],"collection":[{"href":"https:\/\/stem-eshop.gr\/ro\/wp-json\/wp\/v2\/product"}],"about":[{"href":"https:\/\/stem-eshop.gr\/ro\/wp-json\/wp\/v2\/types\/product"}],"replies":[{"embeddable":true,"href":"https:\/\/stem-eshop.gr\/ro\/wp-json\/wp\/v2\/comments?post=6647"}],"wp:featuredmedia":[{"embeddable":true,"href":"https:\/\/stem-eshop.gr\/ro\/wp-json\/wp\/v2\/media\/5493"}],"wp:attachment":[{"href":"https:\/\/stem-eshop.gr\/ro\/wp-json\/wp\/v2\/media?parent=6647"}],"wp:term":[{"taxonomy":"product_brand","embeddable":true,"href":"https:\/\/stem-eshop.gr\/ro\/wp-json\/wp\/v2\/product_brand?post=6647"},{"taxonomy":"product_cat","embeddable":true,"href":"https:\/\/stem-eshop.gr\/ro\/wp-json\/wp\/v2\/product_cat?post=6647"},{"taxonomy":"product_tag","embeddable":true,"href":"https:\/\/stem-eshop.gr\/ro\/wp-json\/wp\/v2\/product_tag?post=6647"}],"curies":[{"name":"wp","href":"https:\/\/api.w.org\/{rel}","templated":true}]}}