{"id":6633,"date":"2025-05-19T08:30:46","date_gmt":"2025-05-19T08:30:46","guid":{"rendered":"https:\/\/stem-eshop.gr\/product\/creative-engineering-20-in-1-maker-master\/"},"modified":"2026-02-03T10:25:50","modified_gmt":"2026-02-03T07:25:50","slug":"creative-engineering-20-in-1-maker-master","status":"publish","type":"product","link":"https:\/\/stem-eshop.gr\/ro\/produs\/creative-engineering-20-in-1-maker-master\/","title":{"rendered":"INGINERIE CREATIV\u0102 20 \u00een 1 MAESTRU CREATOR"},"content":{"rendered":"<p>Fiecare set vine \u00eentr-un recipient de plastic pentru depozitare u\u0219oar\u0103 \u0219i utilizare continu\u0103. Setul \u201eMaker Junior\u201d este destinat pre\u0219colarilor cu v\u00e2rste cuprinse \u00eentre 4 \u0219i 6 ani, utiliz\u00e2nd sistemul premiat Qboidz\u00ae, \u00een timp ce \u201eMaker Master\u201d este solu\u021bia ideal\u0103 pentru copiii cu v\u00e2rste cuprinse \u00eentre 7 \u0219i 12 ani \u0219i peste. Seturile \u201eMaker Master\u201d \u00eencep cu recipientul \u201e20 de modele \u00een 1\u201d \u0219i cresc \u00een complexitate \u0219i poten\u021bial creativ cu recipientul \u201e60 de modele \u00een 1\u201d, care include \u0219i control motorizat.<\/p>\n<p>De\u0219i sistemul ENGINO\u00ae este potrivit at\u00e2t pentru b\u0103ie\u021bi, c\u00e2t \u0219i pentru fete, este disponibil\u0103 \u0219i o versiune special\u0103 numit\u0103 \u201eMaker Girl\u201d, care vizeaz\u0103 implicarea mai activ\u0103 a fetelor \u00een domeniile STEM.<\/p>","protected":false},"excerpt":{"rendered":"<p>Noua serie CREATIVE ENGINEERING este cea mai compact\u0103 prezentare a sistemului ENGINO\u00ae, ideal\u0103 pentru magazinele online, deoarece economise\u0219te spa\u021biu de depozitare \u0219i reduce costurile de transport. Cele mai populare modele din seria tradi\u021bional\u0103 ENGINO\u00ae au fost combinate \u00een aceste seturi, oferind copiilor oportunitatea de a deveni tineri ingineri \u0219i inventatori. Seria pune un accent deosebit pe creativitate, permi\u021b\u00e2nd construirea mai multor modele din acela\u0219i set. Modelele au con\u021binut STEMIFIED\u2122, care activeaz\u0103 materiale digitale noi, avansate din punct de vedere pedagogic, care acoper\u0103 principiile STEM de baz\u0103 cu teorie \u0219i activit\u0103\u021bi experimentale.<\/p>","protected":false},"featured_media":4576,"comment_status":"open","ping_status":"closed","template":"","meta":{"site-sidebar-layout":"default","site-content-layout":"","ast-site-content-layout":"default","site-content-style":"default","site-sidebar-style":"default","ast-global-header-display":"","ast-banner-title-visibility":"","ast-main-header-display":"","ast-hfb-above-header-display":"","ast-hfb-below-header-display":"","ast-hfb-mobile-header-display":"","site-post-title":"","ast-breadcrumbs-content":"","ast-featured-img":"","footer-sml-layout":"","ast-disable-related-posts":"","theme-transparent-header-meta":"","adv-header-id-meta":"","stick-header-meta":"","header-above-stick-meta":"","header-main-stick-meta":"","header-below-stick-meta":"","astra-migrate-meta-layouts":"default","ast-page-background-enabled":"default","ast-page-background-meta":{"desktop":{"background-color":"var(--ast-global-color-5)","background-image":"","background-repeat":"repeat","background-position":"center center","background-size":"auto","background-attachment":"scroll","background-type":"","background-media":"","overlay-type":"","overlay-color":"","overlay-opacity":"","overlay-gradient":""},"tablet":{"background-color":"","background-image":"","background-repeat":"repeat","background-position":"center center","background-size":"auto","background-attachment":"scroll","background-type":"","background-media":"","overlay-type":"","overlay-color":"","overlay-opacity":"","overlay-gradient":""},"mobile":{"background-color":"","background-image":"","background-repeat":"repeat","background-position":"center center","background-size":"auto","background-attachment":"scroll","background-type":"","background-media":"","overlay-type":"","overlay-color":"","overlay-opacity":"","overlay-gradient":""}},"ast-content-background-meta":{"desktop":{"background-color":"var(--ast-global-color-4)","background-image":"","background-repeat":"repeat","background-position":"center center","background-size":"auto","background-attachment":"scroll","background-type":"","background-media":"","overlay-type":"","overlay-color":"","overlay-opacity":"","overlay-gradient":""},"tablet":{"background-color":"var(--ast-global-color-4)","background-image":"","background-repeat":"repeat","background-position":"center center","background-size":"auto","background-attachment":"scroll","background-type":"","background-media":"","overlay-type":"","overlay-color":"","overlay-opacity":"","overlay-gradient":""},"mobile":{"background-color":"var(--ast-global-color-4)","background-image":"","background-repeat":"repeat","background-position":"center center","background-size":"auto","background-attachment":"scroll","background-type":"","background-media":"","overlay-type":"","overlay-color":"","overlay-opacity":"","overlay-gradient":""}}},"product_brand":[95],"product_cat":[43,39,52,29,32,57,35,30,59],"product_tag":[],"class_list":{"0":"post-6633","1":"product","2":"type-product","3":"status-publish","4":"has-post-thumbnail","6":"product_brand-engino","7":"product_cat-43","8":"product_cat-39","9":"product_cat-52","10":"product_cat-29","11":"product_cat-32","12":"product_cat-57","13":"product_cat--10-12-","14":"product_cat--6-9-","15":"product_cat-59","16":"desktop-align-left","17":"tablet-align-left","18":"mobile-align-left","20":"first","21":"instock","22":"taxable","23":"shipping-taxable","24":"purchasable","25":"product-type-simple"},"_links":{"self":[{"href":"https:\/\/stem-eshop.gr\/ro\/wp-json\/wp\/v2\/product\/6633","targetHints":{"allow":["GET"]}}],"collection":[{"href":"https:\/\/stem-eshop.gr\/ro\/wp-json\/wp\/v2\/product"}],"about":[{"href":"https:\/\/stem-eshop.gr\/ro\/wp-json\/wp\/v2\/types\/product"}],"replies":[{"embeddable":true,"href":"https:\/\/stem-eshop.gr\/ro\/wp-json\/wp\/v2\/comments?post=6633"}],"wp:featuredmedia":[{"embeddable":true,"href":"https:\/\/stem-eshop.gr\/ro\/wp-json\/wp\/v2\/media\/4576"}],"wp:attachment":[{"href":"https:\/\/stem-eshop.gr\/ro\/wp-json\/wp\/v2\/media?parent=6633"}],"wp:term":[{"taxonomy":"product_brand","embeddable":true,"href":"https:\/\/stem-eshop.gr\/ro\/wp-json\/wp\/v2\/product_brand?post=6633"},{"taxonomy":"product_cat","embeddable":true,"href":"https:\/\/stem-eshop.gr\/ro\/wp-json\/wp\/v2\/product_cat?post=6633"},{"taxonomy":"product_tag","embeddable":true,"href":"https:\/\/stem-eshop.gr\/ro\/wp-json\/wp\/v2\/product_tag?post=6633"}],"curies":[{"name":"wp","href":"https:\/\/api.w.org\/{rel}","templated":true}]}}