{"id":6568,"date":"2025-05-19T08:13:32","date_gmt":"2025-05-19T08:13:32","guid":{"rendered":"https:\/\/stem-eshop.gr\/product\/gigo-wall-climbing-geckobot\/"},"modified":"2025-12-24T16:20:02","modified_gmt":"2025-12-24T13:20:02","slug":"gigo-wall-climbing-geckobot","status":"publish","type":"product","link":"https:\/\/stem-eshop.gr\/ro\/produs\/gigo-wall-climbing-geckobot\/","title":{"rendered":"Gigo Geckobot de c\u0103\u021b\u0103rat pe pere\u021bi"},"content":{"rendered":"<p>\u00cenv\u0103\u021bare distractiv\u0103: Combin\u0103 distrac\u021bia cu educa\u021bia \u00een principiile fizicii \u0219i ingineriei.<\/p>\n<p>Mecanic\u0103 cinetic\u0103: Mecanismul include motoare, angrenaje \u0219i ventuze care func\u021bioneaz\u0103 \u00eempreun\u0103 pentru a permite robotului s\u0103 se deplaseze pe suprafe\u021be verticale.<\/p>\n<p>Explorarea biomimetismului: Copiii \u00eenva\u021b\u0103 cum inginerii sunt inspira\u021bi de natur\u0103 pentru a dezvolta tehnologii robotice.<\/p>\n<p>Construc\u021bii alternative: Setul include instruc\u021biuni pentru asamblarea modelelor suplimentare, oferind utilizatorilor o varietate de op\u021biuni \u0219i dezvolt\u00e2ndu-le creativitatea.<\/p>","protected":false},"excerpt":{"rendered":"<p>Gigo Wall-Climbing Geckobot este un set educa\u021bional de robotic\u0103 ce permite copiilor s\u0103 exploreze robotica \u0219i ingineria \u00een timp ce se distreaz\u0103 construind un robot inspirat din natur\u0103. Principala caracteristic\u0103 a Geckobot este capacitatea sa de a se c\u0103\u021b\u0103ra pe suprafe\u021be netede, cum ar fi sticla, datorit\u0103 unui mecanism special de ventuz\u0103 care imit\u0103 for\u021ba adeziv\u0103 a picioarelor \u0219op\u00e2rlei gecko.<\/p>","protected":false},"featured_media":4470,"comment_status":"open","ping_status":"closed","template":"","meta":{"site-sidebar-layout":"default","site-content-layout":"","ast-site-content-layout":"default","site-content-style":"default","site-sidebar-style":"default","ast-global-header-display":"","ast-banner-title-visibility":"","ast-main-header-display":"","ast-hfb-above-header-display":"","ast-hfb-below-header-display":"","ast-hfb-mobile-header-display":"","site-post-title":"","ast-breadcrumbs-content":"","ast-featured-img":"","footer-sml-layout":"","ast-disable-related-posts":"","theme-transparent-header-meta":"","adv-header-id-meta":"","stick-header-meta":"","header-above-stick-meta":"","header-main-stick-meta":"","header-below-stick-meta":"","astra-migrate-meta-layouts":"default","ast-page-background-enabled":"default","ast-page-background-meta":{"desktop":{"background-color":"var(--ast-global-color-5)","background-image":"","background-repeat":"repeat","background-position":"center center","background-size":"auto","background-attachment":"scroll","background-type":"","background-media":"","overlay-type":"","overlay-color":"","overlay-opacity":"","overlay-gradient":""},"tablet":{"background-color":"","background-image":"","background-repeat":"repeat","background-position":"center center","background-size":"auto","background-attachment":"scroll","background-type":"","background-media":"","overlay-type":"","overlay-color":"","overlay-opacity":"","overlay-gradient":""},"mobile":{"background-color":"","background-image":"","background-repeat":"repeat","background-position":"center center","background-size":"auto","background-attachment":"scroll","background-type":"","background-media":"","overlay-type":"","overlay-color":"","overlay-opacity":"","overlay-gradient":""}},"ast-content-background-meta":{"desktop":{"background-color":"var(--ast-global-color-4)","background-image":"","background-repeat":"repeat","background-position":"center center","background-size":"auto","background-attachment":"scroll","background-type":"","background-media":"","overlay-type":"","overlay-color":"","overlay-opacity":"","overlay-gradient":""},"tablet":{"background-color":"var(--ast-global-color-4)","background-image":"","background-repeat":"repeat","background-position":"center center","background-size":"auto","background-attachment":"scroll","background-type":"","background-media":"","overlay-type":"","overlay-color":"","overlay-opacity":"","overlay-gradient":""},"mobile":{"background-color":"var(--ast-global-color-4)","background-image":"","background-repeat":"repeat","background-position":"center center","background-size":"auto","background-attachment":"scroll","background-type":"","background-media":"","overlay-type":"","overlay-color":"","overlay-opacity":"","overlay-gradient":""}}},"product_brand":[104],"product_cat":[33,38,29,32,57,35,30,34,28],"product_tag":[],"class_list":{"0":"post-6568","1":"product","2":"type-product","3":"status-publish","4":"has-post-thumbnail","6":"product_brand-gigo","7":"product_cat-33","8":"product_cat-38","9":"product_cat-29","10":"product_cat-32","11":"product_cat-57","12":"product_cat--10-12-","13":"product_cat--6-9-","14":"product_cat-34","15":"product_cat-28","16":"desktop-align-left","17":"tablet-align-left","18":"mobile-align-left","20":"first","21":"instock","22":"taxable","23":"shipping-taxable","24":"purchasable","25":"product-type-simple"},"_links":{"self":[{"href":"https:\/\/stem-eshop.gr\/ro\/wp-json\/wp\/v2\/product\/6568","targetHints":{"allow":["GET"]}}],"collection":[{"href":"https:\/\/stem-eshop.gr\/ro\/wp-json\/wp\/v2\/product"}],"about":[{"href":"https:\/\/stem-eshop.gr\/ro\/wp-json\/wp\/v2\/types\/product"}],"replies":[{"embeddable":true,"href":"https:\/\/stem-eshop.gr\/ro\/wp-json\/wp\/v2\/comments?post=6568"}],"wp:featuredmedia":[{"embeddable":true,"href":"https:\/\/stem-eshop.gr\/ro\/wp-json\/wp\/v2\/media\/4470"}],"wp:attachment":[{"href":"https:\/\/stem-eshop.gr\/ro\/wp-json\/wp\/v2\/media?parent=6568"}],"wp:term":[{"taxonomy":"product_brand","embeddable":true,"href":"https:\/\/stem-eshop.gr\/ro\/wp-json\/wp\/v2\/product_brand?post=6568"},{"taxonomy":"product_cat","embeddable":true,"href":"https:\/\/stem-eshop.gr\/ro\/wp-json\/wp\/v2\/product_cat?post=6568"},{"taxonomy":"product_tag","embeddable":true,"href":"https:\/\/stem-eshop.gr\/ro\/wp-json\/wp\/v2\/product_tag?post=6568"}],"curies":[{"name":"wp","href":"https:\/\/api.w.org\/{rel}","templated":true}]}}