{"id":6539,"date":"2025-05-19T08:12:07","date_gmt":"2025-05-19T08:12:07","guid":{"rendered":"https:\/\/stem-eshop.gr\/product\/gigo-coding-and-robotics-challenge-pack-1\/"},"modified":"2025-11-19T11:11:27","modified_gmt":"2025-11-19T08:11:27","slug":"gigo-coding-and-robotics-challenge-pack-1","status":"publish","type":"product","link":"https:\/\/stem-eshop.gr\/ro\/produs\/gigo-coding-and-robotics-challenge-pack-1\/","title":{"rendered":"Gigo Coding \u0219i Robotic\u0103: Pachet Provoc\u0103ri 1"},"content":{"rendered":"<p>Add-on-ul Gigo Coding and Robotics: Challenge Pack 1 introduce 8 robo\u021bi mecanici noi, fiecare put\u00e2nd \u00eendeplini diverse provoc\u0103ri inginere\u0219ti.<\/p>\n<div class=\"woocommerce-Tabs-panel woocommerce-Tabs-panel--description panel entry-content wc-tab\" id=\"tab-description\">\n<div class=\"wc-tab-inner\">\n<p>-Aceste noi modele, inclusiv buldozerul, elevatorul foarfec\u0103, ma\u0219ina de arat \u0219i ciocanul, ofer\u0103 pove\u0219ti \u0219i scenarii noi de aplicat setului principal, cum ar fi: po\u021bi construi o catapult\u0103 pentru a arunca o minge \u00eentr-un co\u0219 sau po\u021bi construi bra\u021bul robotic pentru a apuca ceva care este mai departe \u0219i multe altele.<\/p>\n<p>-Include toate piesele necesare pentru a construi noile modele \u0219i \u0219ase c\u0103r\u021bi pentru baz\u0103.<\/p>\n<p>-Necesit\u0103 unitatea de baz\u0103 robotic\u0103, cardurile de codare \u0219i cardurile de baz\u0103 din setul Kids First Coding &amp; Robotics.<\/p>\n<p>Juc\u0103rii STEM pentru copii.<\/p>\n<p><strong><\/strong><\/p>\n<p dir=\"ltr\" style=\"text-align:center\"><span xml:lang=\"el\" lang=\"el\">Manual<\/span><\/p>\n<p dir=\"ltr\"><span xml:lang=\"el\" lang=\"el\"><a href=\"https:\/\/issuu.com\/gigotoys\/docs\/_7442-a-en\" rel=\"noopener\"><img decoding=\"async\" src=\"https:\/\/stem-eshop.gr\/img\/cms\/manual.png\" alt=\"\" width=\"40\" height=\"31\" style=\"margin-left:auto;margin-right:auto\" \/><\/a><\/span><\/p>\n<\/div>\n<\/div>","protected":false},"excerpt":{"rendered":"<div class=\"woocommerce-product-details__short-description\">\n<p>Pachet complementar pentru Kids First Coding &amp; Robotics.<\/p>\n<p>Add-on-ul Gigo Coding and Robotics: Challenge Pack 1 introduce 8 robo\u021bi mecanici noi, fiecare put\u00e2nd \u00eendeplini diverse provoc\u0103ri inginere\u0219ti.<\/p>\n<ul>\n<li>Numeroase modele func\u021bionale: lift, catapult\u0103, mers\u0103tor etc.<\/li>\n<li>Manual de instruc\u021biuni pentru construirea a 8 modele.<\/li>\n<\/ul>\n<\/div>","protected":false},"featured_media":6126,"comment_status":"open","ping_status":"closed","template":"","meta":{"site-sidebar-layout":"default","site-content-layout":"","ast-site-content-layout":"default","site-content-style":"default","site-sidebar-style":"default","ast-global-header-display":"","ast-banner-title-visibility":"","ast-main-header-display":"","ast-hfb-above-header-display":"","ast-hfb-below-header-display":"","ast-hfb-mobile-header-display":"","site-post-title":"","ast-breadcrumbs-content":"","ast-featured-img":"","footer-sml-layout":"","ast-disable-related-posts":"","theme-transparent-header-meta":"","adv-header-id-meta":"","stick-header-meta":"","header-above-stick-meta":"","header-main-stick-meta":"","header-below-stick-meta":"","astra-migrate-meta-layouts":"default","ast-page-background-enabled":"default","ast-page-background-meta":{"desktop":{"background-color":"var(--ast-global-color-5)","background-image":"","background-repeat":"repeat","background-position":"center center","background-size":"auto","background-attachment":"scroll","background-type":"","background-media":"","overlay-type":"","overlay-color":"","overlay-opacity":"","overlay-gradient":""},"tablet":{"background-color":"","background-image":"","background-repeat":"repeat","background-position":"center center","background-size":"auto","background-attachment":"scroll","background-type":"","background-media":"","overlay-type":"","overlay-color":"","overlay-opacity":"","overlay-gradient":""},"mobile":{"background-color":"","background-image":"","background-repeat":"repeat","background-position":"center center","background-size":"auto","background-attachment":"scroll","background-type":"","background-media":"","overlay-type":"","overlay-color":"","overlay-opacity":"","overlay-gradient":""}},"ast-content-background-meta":{"desktop":{"background-color":"var(--ast-global-color-4)","background-image":"","background-repeat":"repeat","background-position":"center center","background-size":"auto","background-attachment":"scroll","background-type":"","background-media":"","overlay-type":"","overlay-color":"","overlay-opacity":"","overlay-gradient":""},"tablet":{"background-color":"var(--ast-global-color-4)","background-image":"","background-repeat":"repeat","background-position":"center center","background-size":"auto","background-attachment":"scroll","background-type":"","background-media":"","overlay-type":"","overlay-color":"","overlay-opacity":"","overlay-gradient":""},"mobile":{"background-color":"var(--ast-global-color-4)","background-image":"","background-repeat":"repeat","background-position":"center center","background-size":"auto","background-attachment":"scroll","background-type":"","background-media":"","overlay-type":"","overlay-color":"","overlay-opacity":"","overlay-gradient":""}}},"product_brand":[104],"product_cat":[39,33,38,56,30,45,34,26,28,59],"product_tag":[],"class_list":{"0":"post-6539","1":"product","2":"type-product","3":"status-publish","4":"has-post-thumbnail","6":"product_brand-gigo","7":"product_cat-39","8":"product_cat-33","9":"product_cat-38","10":"product_cat-56","11":"product_cat--6-9-","12":"product_cat-45","13":"product_cat-34","14":"product_cat-26","15":"product_cat-28","16":"product_cat-59","17":"desktop-align-left","18":"tablet-align-left","19":"mobile-align-left","21":"first","22":"instock","23":"taxable","24":"shipping-taxable","25":"purchasable","26":"product-type-simple"},"_links":{"self":[{"href":"https:\/\/stem-eshop.gr\/ro\/wp-json\/wp\/v2\/product\/6539","targetHints":{"allow":["GET"]}}],"collection":[{"href":"https:\/\/stem-eshop.gr\/ro\/wp-json\/wp\/v2\/product"}],"about":[{"href":"https:\/\/stem-eshop.gr\/ro\/wp-json\/wp\/v2\/types\/product"}],"replies":[{"embeddable":true,"href":"https:\/\/stem-eshop.gr\/ro\/wp-json\/wp\/v2\/comments?post=6539"}],"wp:featuredmedia":[{"embeddable":true,"href":"https:\/\/stem-eshop.gr\/ro\/wp-json\/wp\/v2\/media\/6126"}],"wp:attachment":[{"href":"https:\/\/stem-eshop.gr\/ro\/wp-json\/wp\/v2\/media?parent=6539"}],"wp:term":[{"taxonomy":"product_brand","embeddable":true,"href":"https:\/\/stem-eshop.gr\/ro\/wp-json\/wp\/v2\/product_brand?post=6539"},{"taxonomy":"product_cat","embeddable":true,"href":"https:\/\/stem-eshop.gr\/ro\/wp-json\/wp\/v2\/product_cat?post=6539"},{"taxonomy":"product_tag","embeddable":true,"href":"https:\/\/stem-eshop.gr\/ro\/wp-json\/wp\/v2\/product_tag?post=6539"}],"curies":[{"name":"wp","href":"https:\/\/api.w.org\/{rel}","templated":true}]}}