{"id":6537,"date":"2025-05-19T08:12:05","date_gmt":"2025-05-19T08:12:05","guid":{"rendered":"https:\/\/stem-eshop.gr\/product\/%cf%80%ce%b1%ce%ba%ce%ad%cf%84%ce%bf-%ce%b3%ce%b9%ce%b1-%cf%80%ce%b1%ce%b9%ce%b4%ce%b9%ce%ba%cf%8c-%cf%83%cf%84%ce%b1%ce%b8%ce%bc%cf%8c\/"},"modified":"2025-05-24T12:12:53","modified_gmt":"2025-05-24T09:12:53","slug":"%cf%80%ce%b1%ce%ba%ce%ad%cf%84%ce%bf-%ce%b3%ce%b9%ce%b1-%cf%80%ce%b1%ce%b9%ce%b4%ce%b9%ce%ba%cf%8c-%cf%83%cf%84%ce%b1%ce%b8%ce%bc%cf%8c","status":"publish","type":"product","link":"https:\/\/stem-eshop.gr\/ro\/produs\/%cf%80%ce%b1%ce%ba%ce%ad%cf%84%ce%bf-%ce%b3%ce%b9%ce%b1-%cf%80%ce%b1%ce%b9%ce%b4%ce%b9%ce%ba%cf%8c-%cf%83%cf%84%ce%b1%ce%b8%ce%bc%cf%8c\/","title":{"rendered":"Pachet de cre\u0219\u0103"},"content":{"rendered":"<p class=\"MsoNormal\">Mai detaliat, pachetul include:<\/p>\n<p class=\"MsoNormal\">Juc\u0103rie educativ\u0103 Montessori din lemn pentru copii - potrivirea formelor geometrice: Jocul de potrivire a formelor geometrice este un instrument conceput pentru a sprijini dezvoltarea \u00eenv\u0103\u021b\u0103rii copiilor prin joc interactiv.<\/p>\n<p class=\"MsoNormal\">Joc educativ din lemn cu forme - sortare a formelor de culoare: Acesta este un instrument educa\u021bional care promoveaz\u0103 dezvoltarea inteligen\u021bei \u0219i cuno\u0219tin\u021belor copiilor prin joc interactiv \u0219i distractiv.<\/p>\n<p class=\"MsoNormal\">Juc\u0103rie matematic\u0103 Montessori din lemn pentru copii \u2013 Recunoa\u0219terea numerelor \u0219i tabla de num\u0103rare: Aceast\u0103 juc\u0103rie educativ\u0103 Montessori este ideal\u0103 pentru predarea conceptelor matematice de baz\u0103 \u0219i a recunoa\u0219terii numerelor copiilor mici. Conceput\u0103 pentru a \u00eembun\u0103t\u0103\u021bi abilit\u0103\u021bile de num\u0103rare \u0219i g\u00e2ndirea logic\u0103, juc\u0103ria ofer\u0103 o experien\u021b\u0103 de \u00eenv\u0103\u021bare distractiv\u0103 \u0219i interactiv\u0103.<\/p>\n<p class=\"MsoNormal\">Joc educativ Montessori - puzzle pentru dezvoltarea g\u00e2ndirii: Acest joc este un instrument interactiv conceput pentru a \u00eembun\u0103t\u0103\u021bi dezvoltarea cognitiv\u0103 a copiilor prin rezolvarea puzzle-urilor \u0219i g\u00e2ndirea logic\u0103.<\/p>\n<p class=\"MsoNormal\">Set de juc\u0103rii educa\u021bionale Montessori din lemn 8 \u00een 1 - Cutie multifunc\u021bional\u0103: Setul include 8 juc\u0103rii educa\u021bionale diferite \u00eentr-o singur\u0103 cutie, care acoper\u0103 diverse aspecte ale dezvolt\u0103rii copiilor. Activit\u0103\u021bile includ: Knock Ball, Potrivirea animalelor, Pescuit, Recunoa\u0219terea formelor \u0219i culorilor, Forma\u021biuni \u0219i modele.<\/p>\n<p class=\"MsoNormal\">Joc educativ Montessori cu alfabetul englezesc: Jocul const\u0103 dintr-o plac\u0103 de lemn cu un labirint care con\u021bine toate literele alfabetului. Fiecare liter\u0103 se afl\u0103 \u00eentr-o pozi\u021bie specific\u0103 \u0219i poate fi mutat\u0103 cu ajutorul unui b\u0103\u021b magnetic.<\/p>\n<p class=\"MsoNormal\">Juc\u0103rie educativ\u0103 - Instrument muzical din lemn: Ofer\u0103 diverse activit\u0103\u021bi muzicale care ajut\u0103 la dezvoltarea sim\u021burilor, a abilit\u0103\u021bilor motorii \u0219i a creativit\u0103\u021bii.<\/p>\n<p class=\"MsoNormal\">Set de pescuit magnetic 4 \u00een 1: Setul de pescuit 4 \u00een 1 este o juc\u0103rie educativ\u0103 din lemn care combin\u0103 diverse activit\u0103\u021bi de \u00eenv\u0103\u021bare, inspirate de metoda Montessori. Conceput\u0103 pentru copiii mici, aceast\u0103 juc\u0103rie ajut\u0103 la recunoa\u0219terea formelor, dezvoltarea abilit\u0103\u021bilor motorii \u0219i \u00eenv\u0103\u021barea prin joc.<\/p>\n<p class=\"MsoNormal\">Juc\u0103rie educativ\u0103 din lemn cu \u0219uruburi: Juc\u0103ria include o pies\u0103 de lemn care poate fi conectat\u0103 cu \u0219uruburi, permi\u021b\u00e2nd copiilor s\u0103 exerseze asamblarea \u0219i dezasamblarea. Jocul include o variant\u0103 de Sudoku cu blocuri de lemn, unde copiii trebuie s\u0103 plaseze piesele \u00een locul corect conform regulilor jocului.<\/p>\n<p class=\"MsoNormal\">Juc\u0103rie educativ\u0103 din lemn - C\u00e2ntar cu 6 greut\u0103\u021bi: Aceast\u0103 juc\u0103rie educativ\u0103 este conceput\u0103 pentru a \u00eembun\u0103t\u0103\u021bi \u00eenv\u0103\u021barea timpurie a copiilor, concentr\u00e2ndu-se pe \u00een\u021belegerea principiilor de baz\u0103 ale echilibrului \u0219i a conceptelor matematice.<\/p>\n<p class=\"MsoNormal\">Juc\u0103rie educativ\u0103 din lemn, tabl\u0103 de activit\u0103\u021bi cu \u00eencuietori: Aceast\u0103 juc\u0103rie este o tabl\u0103 de activit\u0103\u021bi interactiv\u0103, special conceput\u0103 pentru copii mici. Juc\u0103ria ofer\u0103 o experien\u021b\u0103 senzorial\u0103 bogat\u0103, permi\u021b\u00e2nd copiilor s\u0103 exploreze diverse mecanisme de blocare \u0219i s\u0103 dezvolte abilit\u0103\u021bi importante prin joc.<\/p>\n<p class=\"MsoNormal\">Juc\u0103rie educa\u021bional\u0103 din lemn - Cub de activit\u0103\u021bi: Juc\u0103ria are patru fe\u021be cu diferite activit\u0103\u021bi, inclusiv m\u0103rgele rotunde, abac \u0219i alte elemente care \u00eencurajeaz\u0103 \u00eenv\u0103\u021barea prin joc.<\/p>\n<p class=\"MsoNormal\">Juc\u0103rie educativ\u0103 din lemn - Elefant cu Curcubeu \u0219i Blocuri de Echilibru: Copiii a\u0219eaz\u0103 blocurile pe elefant, \u00eencerc\u00e2nd s\u0103-\u0219i men\u021bin\u0103 echilibrul, \u00eembun\u0103t\u0103\u021bind abilit\u0103\u021bile motorii fine \u0219i coordonarea m\u00e2n\u0103-ochi.<\/p>\n<p class=\"MsoNormal\">Joc cu m\u0103rgele magnetice din lemn: Acest joc magnetic este ideal pentru dezvoltarea g\u00e2ndirii logice \u0219i a coordon\u0103rii m\u00e2n\u0103-ochi la copii. Conceput pentru doi juc\u0103tori, jocul promoveaz\u0103 competitivitatea s\u0103n\u0103toas\u0103 \u0219i cooperarea, oferind \u00een acela\u0219i timp distrac\u021bie \u0219i \u00eenv\u0103\u021bare.<\/p>","protected":false},"excerpt":{"rendered":"<p>Acest set de juc\u0103rii educa\u021bionale din lemn este conceput pentru a \u00eembun\u0103t\u0103\u021bi dezvoltarea \u00eenv\u0103\u021b\u0103rii copiilor, oferind activit\u0103\u021bi distractive \u0219i educative care \u00eencurajeaz\u0103 dezvoltarea unor abilit\u0103\u021bi precum g\u00e2ndirea logic\u0103, dezvoltarea motorie, recunoa\u0219terea formelor \u0219i culorilor, mi\u0219carea coordonat\u0103 \u0219i creativitatea. Ideale pentru copii de diferite v\u00e2rste, aceste juc\u0103rii combin\u0103 \u00eenv\u0103\u021barea cu distrac\u021bia.<\/p>","protected":false},"featured_media":5707,"comment_status":"open","ping_status":"closed","template":"","meta":{"site-sidebar-layout":"default","site-content-layout":"","ast-site-content-layout":"default","site-content-style":"default","site-sidebar-style":"default","ast-global-header-display":"","ast-banner-title-visibility":"","ast-main-header-display":"","ast-hfb-above-header-display":"","ast-hfb-below-header-display":"","ast-hfb-mobile-header-display":"","site-post-title":"","ast-breadcrumbs-content":"","ast-featured-img":"","footer-sml-layout":"","ast-disable-related-posts":"","theme-transparent-header-meta":"default","adv-header-id-meta":"","stick-header-meta":"","header-above-stick-meta":"","header-main-stick-meta":"","header-below-stick-meta":"","astra-migrate-meta-layouts":"set","ast-page-background-enabled":"default","ast-page-background-meta":{"desktop":{"background-color":"var(--ast-global-color-5)","background-image":"","background-repeat":"repeat","background-position":"center center","background-size":"auto","background-attachment":"scroll","background-type":"","background-media":"","overlay-type":"","overlay-color":"","overlay-opacity":"","overlay-gradient":""},"tablet":{"background-color":"","background-image":"","background-repeat":"repeat","background-position":"center center","background-size":"auto","background-attachment":"scroll","background-type":"","background-media":"","overlay-type":"","overlay-color":"","overlay-opacity":"","overlay-gradient":""},"mobile":{"background-color":"","background-image":"","background-repeat":"repeat","background-position":"center center","background-size":"auto","background-attachment":"scroll","background-type":"","background-media":"","overlay-type":"","overlay-color":"","overlay-opacity":"","overlay-gradient":""}},"ast-content-background-meta":{"desktop":{"background-color":"var(--ast-global-color-4)","background-image":"","background-repeat":"repeat","background-position":"center center","background-size":"auto","background-attachment":"scroll","background-type":"","background-media":"","overlay-type":"","overlay-color":"","overlay-opacity":"","overlay-gradient":""},"tablet":{"background-color":"var(--ast-global-color-4)","background-image":"","background-repeat":"repeat","background-position":"center center","background-size":"auto","background-attachment":"scroll","background-type":"","background-media":"","overlay-type":"","overlay-color":"","overlay-opacity":"","overlay-gradient":""},"mobile":{"background-color":"var(--ast-global-color-4)","background-image":"","background-repeat":"repeat","background-position":"center center","background-size":"auto","background-attachment":"scroll","background-type":"","background-media":"","overlay-type":"","overlay-color":"","overlay-opacity":"","overlay-gradient":""}}},"product_brand":[],"product_cat":[21,20],"product_tag":[],"class_list":{"0":"post-6537","1":"product","2":"type-product","3":"status-publish","4":"has-post-thumbnail","6":"product_cat-stem--","7":"product_cat-20","8":"desktop-align-left","9":"tablet-align-left","10":"mobile-align-left","12":"first","13":"instock","14":"sale","15":"taxable","16":"shipping-taxable","17":"purchasable","18":"product-type-simple"},"_links":{"self":[{"href":"https:\/\/stem-eshop.gr\/ro\/wp-json\/wp\/v2\/product\/6537","targetHints":{"allow":["GET"]}}],"collection":[{"href":"https:\/\/stem-eshop.gr\/ro\/wp-json\/wp\/v2\/product"}],"about":[{"href":"https:\/\/stem-eshop.gr\/ro\/wp-json\/wp\/v2\/types\/product"}],"replies":[{"embeddable":true,"href":"https:\/\/stem-eshop.gr\/ro\/wp-json\/wp\/v2\/comments?post=6537"}],"wp:featuredmedia":[{"embeddable":true,"href":"https:\/\/stem-eshop.gr\/ro\/wp-json\/wp\/v2\/media\/5707"}],"wp:attachment":[{"href":"https:\/\/stem-eshop.gr\/ro\/wp-json\/wp\/v2\/media?parent=6537"}],"wp:term":[{"taxonomy":"product_brand","embeddable":true,"href":"https:\/\/stem-eshop.gr\/ro\/wp-json\/wp\/v2\/product_brand?post=6537"},{"taxonomy":"product_cat","embeddable":true,"href":"https:\/\/stem-eshop.gr\/ro\/wp-json\/wp\/v2\/product_cat?post=6537"},{"taxonomy":"product_tag","embeddable":true,"href":"https:\/\/stem-eshop.gr\/ro\/wp-json\/wp\/v2\/product_tag?post=6537"}],"curies":[{"name":"wp","href":"https:\/\/api.w.org\/{rel}","templated":true}]}}