{"id":6536,"date":"2025-05-19T08:12:05","date_gmt":"2025-05-19T08:12:05","guid":{"rendered":"https:\/\/stem-eshop.gr\/product\/%cf%80%ce%b1%ce%ba%ce%ad%cf%84%ce%bf-%ce%b3%ce%b9%ce%b1-%ce%b2%cf%81%ce%b5%cf%86%ce%b9%ce%ba%cf%8c-%cf%83%cf%84%ce%b1%ce%b8%ce%bc%cf%8c\/"},"modified":"2025-05-24T12:11:48","modified_gmt":"2025-05-24T09:11:48","slug":"%cf%80%ce%b1%ce%ba%ce%ad%cf%84%ce%bf-%ce%b3%ce%b9%ce%b1-%ce%b2%cf%81%ce%b5%cf%86%ce%b9%ce%ba%cf%8c-%cf%83%cf%84%ce%b1%ce%b8%ce%bc%cf%8c","status":"publish","type":"product","link":"https:\/\/stem-eshop.gr\/ro\/produs\/%cf%80%ce%b1%ce%ba%ce%ad%cf%84%ce%bf-%ce%b3%ce%b9%ce%b1-%ce%b2%cf%81%ce%b5%cf%86%ce%b9%ce%ba%cf%8c-%cf%83%cf%84%ce%b1%ce%b8%ce%bc%cf%8c\/","title":{"rendered":"Pachet pentru cre\u0219\u0103"},"content":{"rendered":"<p class=\"MsoNormal\">Mai detaliat, pachetul include:<\/p>\n<p class=\"MsoNormal\">Juc\u0103rii educative Montessori din lemn cu potrivire de forme geometrice: aceste juc\u0103rii sunt instrumente interactive \u0219i educative care combin\u0103 divertismentul cu \u00eenv\u0103\u021barea, \u00eembun\u0103t\u0103\u021bind abilit\u0103\u021bile copiilor prin joc.<\/p>\n<p class=\"MsoNormal\">\n<p class=\"MsoNormal\">-Set de juc\u0103rii educa\u021bionale Montessori din lemn 8 \u00een 1 - Cutie multifunc\u021bional\u0103: Setul include 8 juc\u0103rii educa\u021bionale diferite \u00eentr-o singur\u0103 cutie, care acoper\u0103 diverse aspecte ale dezvolt\u0103rii copiilor. Activit\u0103\u021bile includ: Knock Ball, Potrivirea animalelor, Pescuit, Recunoa\u0219terea formelor \u0219i culorilor, Forma\u021biuni \u0219i modele.<\/p>\n<p class=\"MsoNormal\">\n<p class=\"MsoNormal\">-Set de zorn\u0103itoare colorate din lemn pentru bebelu\u0219i: Setul de zorn\u0103itoare colorate din lemn pentru bebelu\u0219i este o juc\u0103rie educativ\u0103 sigur\u0103, conceput\u0103 special pentru sugari \u0219i copii mici. Include zorn\u0103itoare de diferite modele.<\/p>\n<p class=\"MsoNormal\">\n<p class=\"MsoNormal\">-Juc\u0103rie educativ\u0103 din lemn, tabl\u0103 de activit\u0103\u021bi: Tabla prezint\u0103 o serie de activit\u0103\u021bi, inclusiv capse, fermoare, \u00eencuietori, \u00eentrerup\u0103toare \u0219i alte mecanisme pe care copiii le pot explora. Aceste activit\u0103\u021bi ajut\u0103 la dezvoltarea abilit\u0103\u021bilor motorii \u0219i a g\u00e2ndirii logice.<\/p>","protected":false},"excerpt":{"rendered":"<p>Acest set de juc\u0103rii educa\u021bionale din lemn este conceput pentru a \u00eembun\u0103t\u0103\u021bi dezvoltarea \u00eenv\u0103\u021b\u0103rii copiilor, oferind activit\u0103\u021bi distractive \u0219i educative care \u00eencurajeaz\u0103 dezvoltarea unor abilit\u0103\u021bi precum g\u00e2ndirea logic\u0103, dezvoltarea motorie, recunoa\u0219terea formelor \u0219i culorilor, mi\u0219carea coordonat\u0103 \u0219i creativitatea. Ideale pentru copii de diferite v\u00e2rste, aceste juc\u0103rii combin\u0103 \u00eenv\u0103\u021barea cu distrac\u021bia.<\/p>","protected":false},"featured_media":6113,"comment_status":"open","ping_status":"closed","template":"","meta":{"site-sidebar-layout":"default","site-content-layout":"","ast-site-content-layout":"default","site-content-style":"default","site-sidebar-style":"default","ast-global-header-display":"","ast-banner-title-visibility":"","ast-main-header-display":"","ast-hfb-above-header-display":"","ast-hfb-below-header-display":"","ast-hfb-mobile-header-display":"","site-post-title":"","ast-breadcrumbs-content":"","ast-featured-img":"","footer-sml-layout":"","ast-disable-related-posts":"","theme-transparent-header-meta":"default","adv-header-id-meta":"","stick-header-meta":"","header-above-stick-meta":"","header-main-stick-meta":"","header-below-stick-meta":"","astra-migrate-meta-layouts":"set","ast-page-background-enabled":"default","ast-page-background-meta":{"desktop":{"background-color":"var(--ast-global-color-5)","background-image":"","background-repeat":"repeat","background-position":"center center","background-size":"auto","background-attachment":"scroll","background-type":"","background-media":"","overlay-type":"","overlay-color":"","overlay-opacity":"","overlay-gradient":""},"tablet":{"background-color":"","background-image":"","background-repeat":"repeat","background-position":"center center","background-size":"auto","background-attachment":"scroll","background-type":"","background-media":"","overlay-type":"","overlay-color":"","overlay-opacity":"","overlay-gradient":""},"mobile":{"background-color":"","background-image":"","background-repeat":"repeat","background-position":"center center","background-size":"auto","background-attachment":"scroll","background-type":"","background-media":"","overlay-type":"","overlay-color":"","overlay-opacity":"","overlay-gradient":""}},"ast-content-background-meta":{"desktop":{"background-color":"var(--ast-global-color-4)","background-image":"","background-repeat":"repeat","background-position":"center center","background-size":"auto","background-attachment":"scroll","background-type":"","background-media":"","overlay-type":"","overlay-color":"","overlay-opacity":"","overlay-gradient":""},"tablet":{"background-color":"var(--ast-global-color-4)","background-image":"","background-repeat":"repeat","background-position":"center center","background-size":"auto","background-attachment":"scroll","background-type":"","background-media":"","overlay-type":"","overlay-color":"","overlay-opacity":"","overlay-gradient":""},"mobile":{"background-color":"var(--ast-global-color-4)","background-image":"","background-repeat":"repeat","background-position":"center center","background-size":"auto","background-attachment":"scroll","background-type":"","background-media":"","overlay-type":"","overlay-color":"","overlay-opacity":"","overlay-gradient":""}}},"product_brand":[],"product_cat":[21,20],"product_tag":[],"class_list":{"0":"post-6536","1":"product","2":"type-product","3":"status-publish","4":"has-post-thumbnail","6":"product_cat-stem--","7":"product_cat-20","8":"desktop-align-left","9":"tablet-align-left","10":"mobile-align-left","12":"first","13":"instock","14":"sale","15":"taxable","16":"shipping-taxable","17":"purchasable","18":"product-type-simple"},"_links":{"self":[{"href":"https:\/\/stem-eshop.gr\/ro\/wp-json\/wp\/v2\/product\/6536","targetHints":{"allow":["GET"]}}],"collection":[{"href":"https:\/\/stem-eshop.gr\/ro\/wp-json\/wp\/v2\/product"}],"about":[{"href":"https:\/\/stem-eshop.gr\/ro\/wp-json\/wp\/v2\/types\/product"}],"replies":[{"embeddable":true,"href":"https:\/\/stem-eshop.gr\/ro\/wp-json\/wp\/v2\/comments?post=6536"}],"wp:featuredmedia":[{"embeddable":true,"href":"https:\/\/stem-eshop.gr\/ro\/wp-json\/wp\/v2\/media\/6113"}],"wp:attachment":[{"href":"https:\/\/stem-eshop.gr\/ro\/wp-json\/wp\/v2\/media?parent=6536"}],"wp:term":[{"taxonomy":"product_brand","embeddable":true,"href":"https:\/\/stem-eshop.gr\/ro\/wp-json\/wp\/v2\/product_brand?post=6536"},{"taxonomy":"product_cat","embeddable":true,"href":"https:\/\/stem-eshop.gr\/ro\/wp-json\/wp\/v2\/product_cat?post=6536"},{"taxonomy":"product_tag","embeddable":true,"href":"https:\/\/stem-eshop.gr\/ro\/wp-json\/wp\/v2\/product_tag?post=6536"}],"curies":[{"name":"wp","href":"https:\/\/api.w.org\/{rel}","templated":true}]}}