{"id":6533,"date":"2025-05-19T08:12:03","date_gmt":"2025-05-19T08:12:03","guid":{"rendered":"https:\/\/stem-eshop.gr\/product\/%cf%80%ce%b1%ce%ba%ce%ad%cf%84%ce%bf-%ce%b3%ce%b9%ce%b1-%cf%84%ce%b7%ce%bd-%ce%b5-%ce%b4%ce%b7%ce%bc%ce%bf%cf%84%ce%b9%ce%ba%ce%bf%cf%8d\/"},"modified":"2025-05-22T07:55:54","modified_gmt":"2025-05-22T07:55:54","slug":"%cf%80%ce%b1%ce%ba%ce%ad%cf%84%ce%bf-%ce%b3%ce%b9%ce%b1-%cf%84%ce%b7%ce%bd-%ce%b5-%ce%b4%ce%b7%ce%bc%ce%bf%cf%84%ce%b9%ce%ba%ce%bf%cf%8d","status":"publish","type":"product","link":"https:\/\/stem-eshop.gr\/ro\/produs\/%cf%80%ce%b1%ce%ba%ce%ad%cf%84%ce%bf-%ce%b3%ce%b9%ce%b1-%cf%84%ce%b7%ce%bd-%ce%b5-%ce%b4%ce%b7%ce%bc%ce%bf%cf%84%ce%b9%ce%ba%ce%bf%cf%8d\/","title":{"rendered":"Pachet pentru clasa a V-a"},"content":{"rendered":"<p>Ideal pentru copiii care vor s\u0103 \u00eenve\u021be prin experimente \u0219i jocuri, pachetul include:<\/p>\n<ol>\n<li>Laborator de \u00eenv\u0103\u021bare \u0219i creare: Anatomie pentru min\u021bi extraordinare \u2013 Crearea unui craniu uman \u0219i explorarea interiorului s\u0103u cu modele reale.<\/li>\n<li>BrainBox: Joc de societate matematic \u2013 Joc distractiv pentru \u00eembun\u0103t\u0103\u021birea abilit\u0103\u021bilor matematice cu imagini care ajut\u0103 la \u00een\u021belegerea unor concepte precum calcule \u0219i geometrie.<\/li>\n<li>Laborator de \u00eenv\u0103\u021bare \u0219i creare: Superchimie \u2013 Seturi experimentale pentru a explora chimia cu reactivi \u0219i eprubete.<\/li>\n<li>Laborator \u00cenv\u0103\u021b \u0219i Creez: Electricitate \u2013 Crearea de circuite electronice \u00een siguran\u021b\u0103.<\/li>\n<li>Juc\u0103rii 4M: Sistem digestiv cu sonerie \u2013 Activitate interactiv\u0103 pentru a \u00eenv\u0103\u021ba despre sistemul digestiv uman.<\/li>\n<li>Smarty: Cunosc lumea \u2013 Joc de societate pentru a descoperi geografia lumii.<\/li>\n<li>Kit robot de codare Makerzoid 200-\u00een-1 Scratch Jr \u2013 Codeaz\u0103 robo\u021bi \u0219i creeaz\u0103 200 de construc\u021bii robotice diferite.<\/li>\n<li>Mecanic\u0103: Angrenaje \u0219i ac\u021bion\u0103ri melcate \u2013 Joc educativ care explic\u0103 func\u021bionarea angrenajelor cu ajutorul a 12 modele de sisteme mecanice.<\/li>\n<\/ol>\n<p>Acest pachet este ideal pentru elevii de \u0219coal\u0103 primar\u0103, oferind o multitudine de instrumente practice pentru a \u00eenv\u0103\u021ba concepte \u0219tiin\u021bifice \u00eentr-un mod pl\u0103cut \u0219i experien\u021bial.<\/p>","protected":false},"excerpt":{"rendered":"<p>Pachetul educa\u021bional pentru NIVELUL PRIMAR ofer\u0103 o serie de jocuri \u0219i activit\u0103\u021bi educa\u021bionale pentru micii oameni de \u0219tiin\u021b\u0103 \u0219i exploratori, menite s\u0103 dezvolte cuno\u0219tin\u021be \u00een domenii precum anatomia, matematica, chimia, electricitatea, geografia \u0219i ingineria, \u00eentr-un mod distractiv \u0219i practic.<\/p>","protected":false},"featured_media":6106,"comment_status":"open","ping_status":"closed","template":"","meta":{"site-sidebar-layout":"default","site-content-layout":"","ast-site-content-layout":"default","site-content-style":"default","site-sidebar-style":"default","ast-global-header-display":"","ast-banner-title-visibility":"","ast-main-header-display":"","ast-hfb-above-header-display":"","ast-hfb-below-header-display":"","ast-hfb-mobile-header-display":"","site-post-title":"","ast-breadcrumbs-content":"","ast-featured-img":"","footer-sml-layout":"","ast-disable-related-posts":"","theme-transparent-header-meta":"default","adv-header-id-meta":"","stick-header-meta":"","header-above-stick-meta":"","header-main-stick-meta":"","header-below-stick-meta":"","astra-migrate-meta-layouts":"set","ast-page-background-enabled":"default","ast-page-background-meta":{"desktop":{"background-color":"var(--ast-global-color-5)","background-image":"","background-repeat":"repeat","background-position":"center center","background-size":"auto","background-attachment":"scroll","background-type":"","background-media":"","overlay-type":"","overlay-color":"","overlay-opacity":"","overlay-gradient":""},"tablet":{"background-color":"","background-image":"","background-repeat":"repeat","background-position":"center center","background-size":"auto","background-attachment":"scroll","background-type":"","background-media":"","overlay-type":"","overlay-color":"","overlay-opacity":"","overlay-gradient":""},"mobile":{"background-color":"","background-image":"","background-repeat":"repeat","background-position":"center center","background-size":"auto","background-attachment":"scroll","background-type":"","background-media":"","overlay-type":"","overlay-color":"","overlay-opacity":"","overlay-gradient":""}},"ast-content-background-meta":{"desktop":{"background-color":"var(--ast-global-color-4)","background-image":"","background-repeat":"repeat","background-position":"center center","background-size":"auto","background-attachment":"scroll","background-type":"","background-media":"","overlay-type":"","overlay-color":"","overlay-opacity":"","overlay-gradient":""},"tablet":{"background-color":"var(--ast-global-color-4)","background-image":"","background-repeat":"repeat","background-position":"center center","background-size":"auto","background-attachment":"scroll","background-type":"","background-media":"","overlay-type":"","overlay-color":"","overlay-opacity":"","overlay-gradient":""},"mobile":{"background-color":"var(--ast-global-color-4)","background-image":"","background-repeat":"repeat","background-position":"center center","background-size":"auto","background-attachment":"scroll","background-type":"","background-media":"","overlay-type":"","overlay-color":"","overlay-opacity":"","overlay-gradient":""}}},"product_brand":[],"product_cat":[21,20],"product_tag":[],"class_list":{"0":"post-6533","1":"product","2":"type-product","3":"status-publish","4":"has-post-thumbnail","6":"product_cat-stem--","7":"product_cat-20","8":"desktop-align-left","9":"tablet-align-left","10":"mobile-align-left","12":"first","13":"instock","14":"taxable","15":"shipping-taxable","16":"purchasable","17":"product-type-simple"},"_links":{"self":[{"href":"https:\/\/stem-eshop.gr\/ro\/wp-json\/wp\/v2\/product\/6533","targetHints":{"allow":["GET"]}}],"collection":[{"href":"https:\/\/stem-eshop.gr\/ro\/wp-json\/wp\/v2\/product"}],"about":[{"href":"https:\/\/stem-eshop.gr\/ro\/wp-json\/wp\/v2\/types\/product"}],"replies":[{"embeddable":true,"href":"https:\/\/stem-eshop.gr\/ro\/wp-json\/wp\/v2\/comments?post=6533"}],"wp:featuredmedia":[{"embeddable":true,"href":"https:\/\/stem-eshop.gr\/ro\/wp-json\/wp\/v2\/media\/6106"}],"wp:attachment":[{"href":"https:\/\/stem-eshop.gr\/ro\/wp-json\/wp\/v2\/media?parent=6533"}],"wp:term":[{"taxonomy":"product_brand","embeddable":true,"href":"https:\/\/stem-eshop.gr\/ro\/wp-json\/wp\/v2\/product_brand?post=6533"},{"taxonomy":"product_cat","embeddable":true,"href":"https:\/\/stem-eshop.gr\/ro\/wp-json\/wp\/v2\/product_cat?post=6533"},{"taxonomy":"product_tag","embeddable":true,"href":"https:\/\/stem-eshop.gr\/ro\/wp-json\/wp\/v2\/product_tag?post=6533"}],"curies":[{"name":"wp","href":"https:\/\/api.w.org\/{rel}","templated":true}]}}