{"id":6531,"date":"2025-05-19T08:12:01","date_gmt":"2025-05-19T08:12:01","guid":{"rendered":"https:\/\/stem-eshop.gr\/product\/%cf%80%ce%b1%ce%ba%ce%ad%cf%84%ce%bf-%ce%b3%ce%b9%ce%b1-%cf%84%ce%b7%ce%bd-%ce%b3-%ce%b4%ce%b7%ce%bc%ce%bf%cf%84%ce%b9%ce%ba%ce%bf%cf%8d\/"},"modified":"2025-05-24T12:09:40","modified_gmt":"2025-05-24T09:09:40","slug":"%cf%80%ce%b1%ce%ba%ce%ad%cf%84%ce%bf-%ce%b3%ce%b9%ce%b1-%cf%84%ce%b7%ce%bd-%ce%b3-%ce%b4%ce%b7%ce%bc%ce%bf%cf%84%ce%b9%ce%ba%ce%bf%cf%8d","status":"publish","type":"product","link":"https:\/\/stem-eshop.gr\/ro\/produs\/%cf%80%ce%b1%ce%ba%ce%ad%cf%84%ce%bf-%ce%b3%ce%b9%ce%b1-%cf%84%ce%b7%ce%bd-%ce%b3-%ce%b4%ce%b7%ce%bc%ce%bf%cf%84%ce%b9%ce%ba%ce%bf%cf%8d\/","title":{"rendered":"Pachet pentru clasa a III-a"},"content":{"rendered":"<p>\u00cen detaliu:<\/p>\n<ol>\n<li>Smarty: Joc educativ cu chestionare de cuvinte<br \/>\nJoc interactiv cu \u00eentreb\u0103ri cu cuvinte \u0219i niveluri de dificultate, care \u00eembun\u0103t\u0103\u021be\u0219te vocabularul \u0219i abilit\u0103\u021bile de orientare spa\u021bial\u0103.<\/li>\n<li>Montessori: Joc educa\u021bional Corpul uman<br \/>\nPuzzle care explic\u0103 structura \u0219i p\u0103r\u021bile corpului uman, intern \u0219i extern.<\/li>\n<li>BrainBox: Joc de societate matematic\u0103<br \/>\nIdeal pentru \u00een\u021belegerea conceptelor matematice precum geometria, timpul, distan\u021bele.<\/li>\n<li>Jocuri 50\/50: Hercules \u2013 Jocul de societate Cele 12 Munci<br \/>\nJoc de aventur\u0103 \u00een care copiii \u00eel ajut\u0103 pe Hercule \u00een munca sa, plin de ac\u021biune \u0219i mitologie.<\/li>\n<li>Cutie magnetic\u0103 AS: Emo\u021bii<br \/>\nSet educa\u021bional cu 42 de magne\u021bi pentru antrenament emo\u021bional \u0219i recunoa\u0219terea expresiilor.<\/li>\n<li>Smart: Enciclopedie electronic\u0103<br \/>\nEnciclopedie interactiv\u0103 cu peste 500 de \u00eentreb\u0103ri \u0219i subiecte educa\u021bionale pentru copii.<\/li>\n<li>Inteligent: Cunosc Grecia (6+ ani)<br \/>\nJoc de geografie pentru explorarea \u0219i \u00eenv\u0103\u021barea minunilor Greciei.<\/li>\n<li>Laborator de \u00eenv\u0103\u021bare \u0219i creare: Ser\u0103 organic\u0103 (7+ ani)<br \/>\nExplorarea agriculturii organice prin construirea unei sere naturale.<\/li>\n<li>Juc\u0103rie de construc\u021bie Engino 25<br \/>\nSet STEM pentru crearea mai multor modele care dezvolt\u0103 g\u00e2ndirea mecanic\u0103.<\/li>\n<li>Juc\u0103rie de construc\u021bie Engino 30<br \/>\nSet avansat cu capacitatea de a construi modele \u00een mi\u0219care folosind motoare.<\/li>\n<\/ol>\n<p>Acest pachet combin\u0103 divertismentul \u0219i \u00eenv\u0103\u021barea, fiind conceput pentru a \u00eembog\u0103\u021bi cuno\u0219tin\u021bele \u0219i abilit\u0103\u021bile copiilor de clasa a III-a.<\/p>","protected":false},"excerpt":{"rendered":"<p>Pachetul pentru clasa a III-a ofer\u0103 o colec\u021bie de jocuri care \u00eembun\u0103t\u0103\u021besc \u00eenv\u0103\u021barea, curiozitatea, creativitatea \u0219i abilit\u0103\u021bile STEM. Ideal pentru elevii de clasa a III-a, acesta combin\u0103 distrac\u021bia cu cuno\u0219tin\u021bele.<\/p>","protected":false},"featured_media":6102,"comment_status":"open","ping_status":"closed","template":"","meta":{"site-sidebar-layout":"default","site-content-layout":"","ast-site-content-layout":"default","site-content-style":"default","site-sidebar-style":"default","ast-global-header-display":"","ast-banner-title-visibility":"","ast-main-header-display":"","ast-hfb-above-header-display":"","ast-hfb-below-header-display":"","ast-hfb-mobile-header-display":"","site-post-title":"","ast-breadcrumbs-content":"","ast-featured-img":"","footer-sml-layout":"","ast-disable-related-posts":"","theme-transparent-header-meta":"default","adv-header-id-meta":"","stick-header-meta":"","header-above-stick-meta":"","header-main-stick-meta":"","header-below-stick-meta":"","astra-migrate-meta-layouts":"set","ast-page-background-enabled":"default","ast-page-background-meta":{"desktop":{"background-color":"var(--ast-global-color-5)","background-image":"","background-repeat":"repeat","background-position":"center center","background-size":"auto","background-attachment":"scroll","background-type":"","background-media":"","overlay-type":"","overlay-color":"","overlay-opacity":"","overlay-gradient":""},"tablet":{"background-color":"","background-image":"","background-repeat":"repeat","background-position":"center center","background-size":"auto","background-attachment":"scroll","background-type":"","background-media":"","overlay-type":"","overlay-color":"","overlay-opacity":"","overlay-gradient":""},"mobile":{"background-color":"","background-image":"","background-repeat":"repeat","background-position":"center center","background-size":"auto","background-attachment":"scroll","background-type":"","background-media":"","overlay-type":"","overlay-color":"","overlay-opacity":"","overlay-gradient":""}},"ast-content-background-meta":{"desktop":{"background-color":"var(--ast-global-color-4)","background-image":"","background-repeat":"repeat","background-position":"center center","background-size":"auto","background-attachment":"scroll","background-type":"","background-media":"","overlay-type":"","overlay-color":"","overlay-opacity":"","overlay-gradient":""},"tablet":{"background-color":"var(--ast-global-color-4)","background-image":"","background-repeat":"repeat","background-position":"center center","background-size":"auto","background-attachment":"scroll","background-type":"","background-media":"","overlay-type":"","overlay-color":"","overlay-opacity":"","overlay-gradient":""},"mobile":{"background-color":"var(--ast-global-color-4)","background-image":"","background-repeat":"repeat","background-position":"center center","background-size":"auto","background-attachment":"scroll","background-type":"","background-media":"","overlay-type":"","overlay-color":"","overlay-opacity":"","overlay-gradient":""}}},"product_brand":[],"product_cat":[21,20],"product_tag":[],"class_list":{"0":"post-6531","1":"product","2":"type-product","3":"status-publish","4":"has-post-thumbnail","6":"product_cat-stem--","7":"product_cat-20","8":"desktop-align-left","9":"tablet-align-left","10":"mobile-align-left","12":"first","13":"instock","14":"sale","15":"taxable","16":"shipping-taxable","17":"purchasable","18":"product-type-simple"},"_links":{"self":[{"href":"https:\/\/stem-eshop.gr\/ro\/wp-json\/wp\/v2\/product\/6531","targetHints":{"allow":["GET"]}}],"collection":[{"href":"https:\/\/stem-eshop.gr\/ro\/wp-json\/wp\/v2\/product"}],"about":[{"href":"https:\/\/stem-eshop.gr\/ro\/wp-json\/wp\/v2\/types\/product"}],"replies":[{"embeddable":true,"href":"https:\/\/stem-eshop.gr\/ro\/wp-json\/wp\/v2\/comments?post=6531"}],"wp:featuredmedia":[{"embeddable":true,"href":"https:\/\/stem-eshop.gr\/ro\/wp-json\/wp\/v2\/media\/6102"}],"wp:attachment":[{"href":"https:\/\/stem-eshop.gr\/ro\/wp-json\/wp\/v2\/media?parent=6531"}],"wp:term":[{"taxonomy":"product_brand","embeddable":true,"href":"https:\/\/stem-eshop.gr\/ro\/wp-json\/wp\/v2\/product_brand?post=6531"},{"taxonomy":"product_cat","embeddable":true,"href":"https:\/\/stem-eshop.gr\/ro\/wp-json\/wp\/v2\/product_cat?post=6531"},{"taxonomy":"product_tag","embeddable":true,"href":"https:\/\/stem-eshop.gr\/ro\/wp-json\/wp\/v2\/product_tag?post=6531"}],"curies":[{"name":"wp","href":"https:\/\/api.w.org\/{rel}","templated":true}]}}