{"id":6524,"date":"2025-05-19T08:11:53","date_gmt":"2025-05-19T08:11:53","guid":{"rendered":"https:\/\/stem-eshop.gr\/product\/%cf%80%cf%89%cf%82-%ce%bb%ce%b5%ce%b9%cf%84%ce%bf%cf%85%cf%81%ce%b3%ce%b5%ce%af-%cf%84%ce%bf-%ce%b8%ce%b5%cf%81%ce%bc%ce%bf%ce%ba%ce%ae%cf%80%ce%b9%ce%bf\/"},"modified":"2025-05-22T21:13:29","modified_gmt":"2025-05-22T18:13:29","slug":"%cf%80%cf%89%cf%82-%ce%bb%ce%b5%ce%b9%cf%84%ce%bf%cf%85%cf%81%ce%b3%ce%b5%ce%af-%cf%84%ce%bf-%ce%b8%ce%b5%cf%81%ce%bc%ce%bf%ce%ba%ce%ae%cf%80%ce%b9%ce%bf","status":"publish","type":"product","link":"https:\/\/stem-eshop.gr\/ro\/produs\/%cf%80%cf%89%cf%82-%ce%bb%ce%b5%ce%b9%cf%84%ce%bf%cf%85%cf%81%ce%b3%ce%b5%ce%af-%cf%84%ce%bf-%ce%b8%ce%b5%cf%81%ce%bc%ce%bf%ce%ba%ce%ae%cf%80%ce%b9%ce%bf\/","title":{"rendered":"Cum func\u021bioneaz\u0103 sera?"},"content":{"rendered":"<p>C\u00e2nd termin\u0103 experimentele, copiii \u00ee\u0219i pot scoate p\u0103l\u0103riile \u0219i \u00ee\u0219i pot lua creioanele colorate pentru a-\u0219i decora propriile skin-uri adezive!<\/p>\n<p>\u00cen plus, tinerii elevi vor primi o bro\u0219ur\u0103 colorat\u0103 cu:<\/p>\n<p>O scurt\u0103 istorie a agriculturii plin\u0103 de fapte interesante<\/p>\n<p>Experimente STEM practice cu propriile semin\u021be de porumb \u0219i fasole<\/p>\n<p>Teoria din spatele fotosintezei \u0219i serelor, u\u0219or de \u00een\u021beles<\/p>\n<p>Un test pentru a le testa cuno\u0219tin\u021bele despre conceptele STEM de baz\u0103<\/p>\n<p>Instruc\u021biuni simple de construc\u021bie<\/p>\n<p>Skin-uri imprimabile pentru a-\u0219i exersa abilit\u0103\u021bile de design<\/p>\n<p>Ai nevoie de inspira\u021bie? Folose\u0219te aplica\u021bia noastr\u0103 3D interactiv\u0103 pe computer \u0219i construie\u0219te-\u021bi sera \u00een realitate virtual\u0103!<\/p>\n<p>Juc\u0103riile educa\u021bionale STEAM de la Engino sunt instrumente complete de \u00eenv\u0103\u021bare STEAM, concepute pentru a-i preg\u0103ti pe tinerii elevi pentru o via\u021b\u0103 \u00eentreag\u0103 de descoperiri \u0219tiin\u021bifice. Pentru mai multe informa\u021bii despre sistemul nostru educa\u021bional, face\u021bi clic aici.<\/p>\n<p>Siguran\u021ba \u0219i conformitatea produselor<\/p>\n<p>Acest produs respect\u0103 standardele \u0219i reglement\u0103rile de siguran\u021b\u0103 aplicabile pentru produsele pentru copii.<\/p>","protected":false},"excerpt":{"rendered":"<p>Tinerii botanisti \u00ee\u0219i cultiv\u0103 propriile plante din semin\u021be \u00een interiorul unei sere complet func\u021bionale pe care o construiesc singuri cu ajutorul acestui set STEAM interactiv! Experimente ghidate le vor ar\u0103ta micilor fermieri cum condi\u021bii precum lumina, temperatura \u0219i umiditatea le afecteaz\u0103 culturile.<\/p>","protected":false},"featured_media":5341,"comment_status":"open","ping_status":"closed","template":"","meta":{"site-sidebar-layout":"default","site-content-layout":"","ast-site-content-layout":"default","site-content-style":"default","site-sidebar-style":"default","ast-global-header-display":"","ast-banner-title-visibility":"","ast-main-header-display":"","ast-hfb-above-header-display":"","ast-hfb-below-header-display":"","ast-hfb-mobile-header-display":"","site-post-title":"","ast-breadcrumbs-content":"","ast-featured-img":"","footer-sml-layout":"","ast-disable-related-posts":"","theme-transparent-header-meta":"default","adv-header-id-meta":"","stick-header-meta":"","header-above-stick-meta":"","header-main-stick-meta":"","header-below-stick-meta":"","astra-migrate-meta-layouts":"set","ast-page-background-enabled":"default","ast-page-background-meta":{"desktop":{"background-color":"var(--ast-global-color-5)","background-image":"","background-repeat":"repeat","background-position":"center center","background-size":"auto","background-attachment":"scroll","background-type":"","background-media":"","overlay-type":"","overlay-color":"","overlay-opacity":"","overlay-gradient":""},"tablet":{"background-color":"","background-image":"","background-repeat":"repeat","background-position":"center center","background-size":"auto","background-attachment":"scroll","background-type":"","background-media":"","overlay-type":"","overlay-color":"","overlay-opacity":"","overlay-gradient":""},"mobile":{"background-color":"","background-image":"","background-repeat":"repeat","background-position":"center center","background-size":"auto","background-attachment":"scroll","background-type":"","background-media":"","overlay-type":"","overlay-color":"","overlay-opacity":"","overlay-gradient":""}},"ast-content-background-meta":{"desktop":{"background-color":"var(--ast-global-color-4)","background-image":"","background-repeat":"repeat","background-position":"center center","background-size":"auto","background-attachment":"scroll","background-type":"","background-media":"","overlay-type":"","overlay-color":"","overlay-opacity":"","overlay-gradient":""},"tablet":{"background-color":"var(--ast-global-color-4)","background-image":"","background-repeat":"repeat","background-position":"center center","background-size":"auto","background-attachment":"scroll","background-type":"","background-media":"","overlay-type":"","overlay-color":"","overlay-opacity":"","overlay-gradient":""},"mobile":{"background-color":"var(--ast-global-color-4)","background-image":"","background-repeat":"repeat","background-position":"center center","background-size":"auto","background-attachment":"scroll","background-type":"","background-media":"","overlay-type":"","overlay-color":"","overlay-opacity":"","overlay-gradient":""}}},"product_brand":[95],"product_cat":[44,39,38,56,35,30,54,58],"product_tag":[],"class_list":{"0":"post-6524","1":"product","2":"type-product","3":"status-publish","4":"has-post-thumbnail","6":"product_brand-engino","7":"product_cat-44","8":"product_cat-39","9":"product_cat-38","10":"product_cat-56","11":"product_cat--10-12-","12":"product_cat--6-9-","13":"product_cat-54","14":"product_cat-58","15":"desktop-align-left","16":"tablet-align-left","17":"mobile-align-left","19":"first","20":"instock","21":"taxable","22":"shipping-taxable","23":"purchasable","24":"product-type-simple"},"_links":{"self":[{"href":"https:\/\/stem-eshop.gr\/ro\/wp-json\/wp\/v2\/product\/6524","targetHints":{"allow":["GET"]}}],"collection":[{"href":"https:\/\/stem-eshop.gr\/ro\/wp-json\/wp\/v2\/product"}],"about":[{"href":"https:\/\/stem-eshop.gr\/ro\/wp-json\/wp\/v2\/types\/product"}],"replies":[{"embeddable":true,"href":"https:\/\/stem-eshop.gr\/ro\/wp-json\/wp\/v2\/comments?post=6524"}],"wp:featuredmedia":[{"embeddable":true,"href":"https:\/\/stem-eshop.gr\/ro\/wp-json\/wp\/v2\/media\/5341"}],"wp:attachment":[{"href":"https:\/\/stem-eshop.gr\/ro\/wp-json\/wp\/v2\/media?parent=6524"}],"wp:term":[{"taxonomy":"product_brand","embeddable":true,"href":"https:\/\/stem-eshop.gr\/ro\/wp-json\/wp\/v2\/product_brand?post=6524"},{"taxonomy":"product_cat","embeddable":true,"href":"https:\/\/stem-eshop.gr\/ro\/wp-json\/wp\/v2\/product_cat?post=6524"},{"taxonomy":"product_tag","embeddable":true,"href":"https:\/\/stem-eshop.gr\/ro\/wp-json\/wp\/v2\/product_tag?post=6524"}],"curies":[{"name":"wp","href":"https:\/\/api.w.org\/{rel}","templated":true}]}}