{"id":6521,"date":"2025-05-19T08:11:48","date_gmt":"2025-05-19T08:11:48","guid":{"rendered":"https:\/\/stem-eshop.gr\/product\/robot-master-tournament\/"},"modified":"2025-10-22T11:37:00","modified_gmt":"2025-10-22T08:37:00","slug":"robot-master-tournament","status":"publish","type":"product","link":"https:\/\/stem-eshop.gr\/ro\/produs\/robot-master-tournament\/","title":{"rendered":"Turneul Mae\u0219trilor Robo\u021bilor"},"content":{"rendered":"<h3><\/h3>\n<p>Participan\u021bii sunt invita\u021bi s\u0103 utilizeze kitul Makerzoid pentru a construi \u0219i programa robo\u021bi func\u021bionali.<\/p>\n<p>Robo\u021bii sunt concepu\u021bi pentru a \u00eendeplini sarcini specifice, fie c\u0103 este vorba de teste competitive sau prezent\u0103ri creative.<\/p>\n<p>Promoveaz\u0103 g\u00e2ndirea critic\u0103, munca \u00een echip\u0103 \u0219i rezolvarea problemelor.<\/p>\n<p>Studen\u021bii \u00eenva\u021b\u0103 s\u0103 lucreze cu software, senzori, motoare \u0219i alte aplica\u021bii tehnologice asociate robo\u021bilor.<\/p>\n<p>Este conceput pentru diferite grupe de v\u00e2rst\u0103 \u0219i niveluri de experien\u021b\u0103, de la \u00eencep\u0103tori la avansa\u021bi.<\/p>\n<p>Participan\u021bii folosesc platforme \u0219i componente Makerzoid, care includ instrumente de programare u\u0219or de utilizat, precum \u0219i blocuri de construc\u021bie pentru asamblarea robo\u021bilor.<\/p>\n<p>\u00cencurajeaz\u0103 elevii s\u0103 exploreze \u0219tiin\u021ba \u0219i tehnologia prin aplicarea practic\u0103 a cuno\u0219tin\u021belor, cultiv\u00e2ndu-le \u00een acela\u0219i timp interesul pentru viitoarele profesii STEM.<\/p>","protected":false},"excerpt":{"rendered":"<p>Turneul Robot Master de la Makerzoid este un kit de competi\u021bie de robotic\u0103 \u0219i programare care se concentreaz\u0103 pe dezvoltarea abilit\u0103\u021bilor STEM (\u0218tiin\u021b\u0103, Tehnologie, Inginerie, Matematic\u0103) prin \u00eenv\u0103\u021bare creativ\u0103 \u0219i interactiv\u0103.<\/p>","protected":false},"featured_media":10134,"comment_status":"open","ping_status":"closed","template":"","meta":{"site-sidebar-layout":"default","site-content-layout":"","ast-site-content-layout":"default","site-content-style":"default","site-sidebar-style":"default","ast-global-header-display":"","ast-banner-title-visibility":"","ast-main-header-display":"","ast-hfb-above-header-display":"","ast-hfb-below-header-display":"","ast-hfb-mobile-header-display":"","site-post-title":"","ast-breadcrumbs-content":"","ast-featured-img":"","footer-sml-layout":"","ast-disable-related-posts":"","theme-transparent-header-meta":"default","adv-header-id-meta":"","stick-header-meta":"","header-above-stick-meta":"","header-main-stick-meta":"","header-below-stick-meta":"","astra-migrate-meta-layouts":"set","ast-page-background-enabled":"default","ast-page-background-meta":{"desktop":{"background-color":"var(--ast-global-color-5)","background-image":"","background-repeat":"repeat","background-position":"center center","background-size":"auto","background-attachment":"scroll","background-type":"","background-media":"","overlay-type":"","overlay-color":"","overlay-opacity":"","overlay-gradient":""},"tablet":{"background-color":"","background-image":"","background-repeat":"repeat","background-position":"center center","background-size":"auto","background-attachment":"scroll","background-type":"","background-media":"","overlay-type":"","overlay-color":"","overlay-opacity":"","overlay-gradient":""},"mobile":{"background-color":"","background-image":"","background-repeat":"repeat","background-position":"center center","background-size":"auto","background-attachment":"scroll","background-type":"","background-media":"","overlay-type":"","overlay-color":"","overlay-opacity":"","overlay-gradient":""}},"ast-content-background-meta":{"desktop":{"background-color":"var(--ast-global-color-4)","background-image":"","background-repeat":"repeat","background-position":"center center","background-size":"auto","background-attachment":"scroll","background-type":"","background-media":"","overlay-type":"","overlay-color":"","overlay-opacity":"","overlay-gradient":""},"tablet":{"background-color":"var(--ast-global-color-4)","background-image":"","background-repeat":"repeat","background-position":"center center","background-size":"auto","background-attachment":"scroll","background-type":"","background-media":"","overlay-type":"","overlay-color":"","overlay-opacity":"","overlay-gradient":""},"mobile":{"background-color":"var(--ast-global-color-4)","background-image":"","background-repeat":"repeat","background-position":"center center","background-size":"auto","background-attachment":"scroll","background-type":"","background-media":"","overlay-type":"","overlay-color":"","overlay-opacity":"","overlay-gradient":""}}},"product_brand":[106],"product_cat":[33,29,37,57,35,40,30,45,34,28,48,59],"product_tag":[],"class_list":{"0":"post-6521","1":"product","2":"type-product","3":"status-publish","4":"has-post-thumbnail","6":"product_brand-makerzoid","7":"product_cat-33","8":"product_cat-29","9":"product_cat-37","10":"product_cat-57","11":"product_cat--10-12-","12":"product_cat--12-","13":"product_cat--6-9-","14":"product_cat-45","15":"product_cat-34","16":"product_cat-28","17":"product_cat-48","18":"product_cat-59","19":"desktop-align-left","20":"tablet-align-left","21":"mobile-align-left","23":"first","24":"instock","25":"taxable","26":"shipping-taxable","27":"purchasable","28":"product-type-simple"},"_links":{"self":[{"href":"https:\/\/stem-eshop.gr\/ro\/wp-json\/wp\/v2\/product\/6521","targetHints":{"allow":["GET"]}}],"collection":[{"href":"https:\/\/stem-eshop.gr\/ro\/wp-json\/wp\/v2\/product"}],"about":[{"href":"https:\/\/stem-eshop.gr\/ro\/wp-json\/wp\/v2\/types\/product"}],"replies":[{"embeddable":true,"href":"https:\/\/stem-eshop.gr\/ro\/wp-json\/wp\/v2\/comments?post=6521"}],"wp:featuredmedia":[{"embeddable":true,"href":"https:\/\/stem-eshop.gr\/ro\/wp-json\/wp\/v2\/media\/10134"}],"wp:attachment":[{"href":"https:\/\/stem-eshop.gr\/ro\/wp-json\/wp\/v2\/media?parent=6521"}],"wp:term":[{"taxonomy":"product_brand","embeddable":true,"href":"https:\/\/stem-eshop.gr\/ro\/wp-json\/wp\/v2\/product_brand?post=6521"},{"taxonomy":"product_cat","embeddable":true,"href":"https:\/\/stem-eshop.gr\/ro\/wp-json\/wp\/v2\/product_cat?post=6521"},{"taxonomy":"product_tag","embeddable":true,"href":"https:\/\/stem-eshop.gr\/ro\/wp-json\/wp\/v2\/product_tag?post=6521"}],"curies":[{"name":"wp","href":"https:\/\/api.w.org\/{rel}","templated":true}]}}