{"id":6520,"date":"2025-05-19T08:11:46","date_gmt":"2025-05-19T08:11:46","guid":{"rendered":"https:\/\/stem-eshop.gr\/product\/ngs-%ce%bc%ce%bf%ce%bd%cf%84%ce%ad%ce%bb%ce%bf-dna\/"},"modified":"2025-10-21T10:58:04","modified_gmt":"2025-10-21T07:58:04","slug":"ngs-%ce%bc%ce%bf%ce%bd%cf%84%ce%ad%ce%bb%ce%bf-dna","status":"publish","type":"product","link":"https:\/\/stem-eshop.gr\/ro\/produs\/ngs-%ce%bc%ce%bf%ce%bd%cf%84%ce%ad%ce%bb%ce%bf-dna\/","title":{"rendered":"Modelul ADN NGS"},"content":{"rendered":"<p>Imagineaz\u0103-\u021bi-o ca pe o scar\u0103 r\u0103sucit\u0103 \u00een form\u0103 de spiral\u0103. Aceast\u0103 scar\u0103 are dou\u0103 laturi \u0219i \u201etrepte\u201d. Laturile sc\u0103rii sunt alc\u0103tuite din zah\u0103r \u0219i fosfa\u021bi, iar \u201etreptele\u201d sunt alc\u0103tuite din perechi de buc\u0103\u021bi mici numite baze.<\/p>\n<p>Exist\u0103 patru tipuri de baze:<\/p>\n<ol>\n<li>Adenin\u0103 (A),<\/li>\n<li>Timin\u0103 (T),<\/li>\n<li>Citozin\u0103 (C),<\/li>\n<li>Guanin\u0103 (G).<\/li>\n<\/ol>\n<p>Adenina se leag\u0103 \u00eentotdeauna de timin\u0103 (AT), iar citozina se leag\u0103 de guanin\u0103 (CG).<\/p>\n<p>ADN-ul este ca un cod care ne spune corpului ce s\u0103 fac\u0103. G\u00e2ndi\u021bi-v\u0103 la ADN ca la un \u201eplan\u201d care le spune celulelor cum s\u0103 produc\u0103 proteine, care sunt \u201ec\u0103r\u0103mizile\u201d corpului nostru.<\/p>\n<p>ADN-ul este important deoarece con\u021bine toate informa\u021biile despre cine suntem! Controleaz\u0103 modul \u00een care ne dezvolt\u0103m, cum ar\u0103t\u0103m \u0219i chiar unele dintre abilit\u0103\u021bile pe care le avem.<\/p><\/p>","protected":false},"excerpt":{"rendered":"<p>Explorarea ADN-ului pentru copii se poate face cu exemple \u0219i imagini simple, astfel \u00eenc\u00e2t ace\u0219tia s\u0103 poat\u0103 \u00een\u021belege mai bine structura \u0219i func\u021bia sa.<\/p>\n<p>ADN-ul este ca un mare \u201eghid\u201d sau \u201ecarte\u201d \u00een interiorul celulelor, care \u00eei spune corpului nostru cum s\u0103 func\u021bioneze.<\/p>\n<p>Con\u021bine toate informa\u021biile de care avem nevoie despre cum vom ar\u0103ta \u0219i cum vor func\u021biona organele noastre.<\/p>","protected":false},"featured_media":4465,"comment_status":"open","ping_status":"closed","template":"","meta":{"site-sidebar-layout":"default","site-content-layout":"","ast-site-content-layout":"default","site-content-style":"default","site-sidebar-style":"default","ast-global-header-display":"","ast-banner-title-visibility":"","ast-main-header-display":"","ast-hfb-above-header-display":"","ast-hfb-below-header-display":"","ast-hfb-mobile-header-display":"","site-post-title":"","ast-breadcrumbs-content":"","ast-featured-img":"","footer-sml-layout":"","ast-disable-related-posts":"","theme-transparent-header-meta":"","adv-header-id-meta":"","stick-header-meta":"","header-above-stick-meta":"","header-main-stick-meta":"","header-below-stick-meta":"","astra-migrate-meta-layouts":"default","ast-page-background-enabled":"default","ast-page-background-meta":{"desktop":{"background-color":"var(--ast-global-color-5)","background-image":"","background-repeat":"repeat","background-position":"center center","background-size":"auto","background-attachment":"scroll","background-type":"","background-media":"","overlay-type":"","overlay-color":"","overlay-opacity":"","overlay-gradient":""},"tablet":{"background-color":"","background-image":"","background-repeat":"repeat","background-position":"center center","background-size":"auto","background-attachment":"scroll","background-type":"","background-media":"","overlay-type":"","overlay-color":"","overlay-opacity":"","overlay-gradient":""},"mobile":{"background-color":"","background-image":"","background-repeat":"repeat","background-position":"center center","background-size":"auto","background-attachment":"scroll","background-type":"","background-media":"","overlay-type":"","overlay-color":"","overlay-opacity":"","overlay-gradient":""}},"ast-content-background-meta":{"desktop":{"background-color":"var(--ast-global-color-4)","background-image":"","background-repeat":"repeat","background-position":"center center","background-size":"auto","background-attachment":"scroll","background-type":"","background-media":"","overlay-type":"","overlay-color":"","overlay-opacity":"","overlay-gradient":""},"tablet":{"background-color":"var(--ast-global-color-4)","background-image":"","background-repeat":"repeat","background-position":"center center","background-size":"auto","background-attachment":"scroll","background-type":"","background-media":"","overlay-type":"","overlay-color":"","overlay-opacity":"","overlay-gradient":""},"mobile":{"background-color":"var(--ast-global-color-4)","background-image":"","background-repeat":"repeat","background-position":"center center","background-size":"auto","background-attachment":"scroll","background-type":"","background-media":"","overlay-type":"","overlay-color":"","overlay-opacity":"","overlay-gradient":""}}},"product_brand":[107],"product_cat":[53,43,44,39,38,56,35,30,51],"product_tag":[],"class_list":{"0":"post-6520","1":"product","2":"type-product","3":"status-publish","4":"has-post-thumbnail","6":"product_brand-ngs","7":"product_cat-53","8":"product_cat-43","9":"product_cat-44","10":"product_cat-39","11":"product_cat-38","12":"product_cat-56","13":"product_cat--10-12-","14":"product_cat--6-9-","15":"product_cat-51","16":"desktop-align-left","17":"tablet-align-left","18":"mobile-align-left","20":"first","21":"instock","22":"taxable","23":"shipping-taxable","24":"purchasable","25":"product-type-simple"},"_links":{"self":[{"href":"https:\/\/stem-eshop.gr\/ro\/wp-json\/wp\/v2\/product\/6520","targetHints":{"allow":["GET"]}}],"collection":[{"href":"https:\/\/stem-eshop.gr\/ro\/wp-json\/wp\/v2\/product"}],"about":[{"href":"https:\/\/stem-eshop.gr\/ro\/wp-json\/wp\/v2\/types\/product"}],"replies":[{"embeddable":true,"href":"https:\/\/stem-eshop.gr\/ro\/wp-json\/wp\/v2\/comments?post=6520"}],"wp:featuredmedia":[{"embeddable":true,"href":"https:\/\/stem-eshop.gr\/ro\/wp-json\/wp\/v2\/media\/4465"}],"wp:attachment":[{"href":"https:\/\/stem-eshop.gr\/ro\/wp-json\/wp\/v2\/media?parent=6520"}],"wp:term":[{"taxonomy":"product_brand","embeddable":true,"href":"https:\/\/stem-eshop.gr\/ro\/wp-json\/wp\/v2\/product_brand?post=6520"},{"taxonomy":"product_cat","embeddable":true,"href":"https:\/\/stem-eshop.gr\/ro\/wp-json\/wp\/v2\/product_cat?post=6520"},{"taxonomy":"product_tag","embeddable":true,"href":"https:\/\/stem-eshop.gr\/ro\/wp-json\/wp\/v2\/product_tag?post=6520"}],"curies":[{"name":"wp","href":"https:\/\/api.w.org\/{rel}","templated":true}]}}