{"id":6503,"date":"2025-05-19T08:11:12","date_gmt":"2025-05-19T08:11:12","guid":{"rendered":"https:\/\/stem-eshop.gr\/product\/gigo-water-power\/"},"modified":"2025-05-22T21:13:23","modified_gmt":"2025-05-22T18:13:23","slug":"gigo-water-power","status":"publish","type":"product","link":"https:\/\/stem-eshop.gr\/ro\/produs\/gigo-water-power\/","title":{"rendered":"Gigo Water Power"},"content":{"rendered":"<p class=\"MsoNormal\">Acest set unic v\u0103 permite s\u0103 construi\u021bi dou\u0103 sisteme diferite: ma\u0219ini cu jet de ap\u0103 \u0219i ma\u0219ini hidropneumatice. Sistemul hidropneumatic folose\u0219te un sistem autonom de turbine aer-ap\u0103 ca for\u021b\u0103 motrice. Ma\u0219inile cu jet de ap\u0103 sunt o activitate distractiv\u0103 \u00een aer liber, \u00een timp ce modelele hidropneumatice autonome sunt distractive at\u00e2t \u00een interior, c\u00e2t \u0219i \u00een aer liber. Concureaz\u0103 cu prietenii t\u0103i pentru a vedea care model este cel mai rapid!<\/p>\n<\/p>\n<p>Aceste modele utilizeaz\u0103 dou\u0103 sisteme de baz\u0103:<\/p>\n<ol>\n<li>\n<p>Sistem hidropneumatic: Aici, modelele sunt alimentate de un motor care combin\u0103 aerul \u0219i apa, men\u021bin\u00e2nd apa \u00een interiorul sistemului. Este ideal at\u00e2t pentru utilizare \u00een interior, c\u00e2t \u0219i \u00een exterior.<\/p>\n<\/li>\n<li>\n<p>Sistem de hidropropulsie: Aceast\u0103 metod\u0103 folose\u0219te apa pentru a propulsa modelele, fiind potrivit\u0103 \u00een principal pentru spa\u021biile exterioare, deoarece apa este pulverizat\u0103 spre exterior.<\/p>\n<\/li>\n<\/ol>\n<p>Gigo Water Power este un instrument excelent pentru \u00een\u021belegerea principiilor de baz\u0103 ale fizicii \u0219i surselor de energie regenerabil\u0103 \u00eentr-un mod practic \u0219i distractiv.<span><span class=\"text-token-text-secondary\"><\/span><\/span><\/p>","protected":false},"excerpt":{"rendered":"<p>Juc\u0103ria Gigo Water Power este un kit educa\u021bional STEM care combin\u0103 \u00eenv\u0103\u021barea cu distrac\u021bia \u0219i implicarea creativ\u0103, propun\u00e2nd activit\u0103\u021bi bazate pe energia hidraulic\u0103 \u0219i pneumatic\u0103. Este potrivit\u0103 pentru copiii cu v\u00e2rsta de 8 ani \u0219i peste \u0219i include componente pentru a construi 15 modele diferite.<\/p>","protected":false},"featured_media":4351,"comment_status":"open","ping_status":"closed","template":"","meta":{"site-sidebar-layout":"default","site-content-layout":"","ast-site-content-layout":"default","site-content-style":"default","site-sidebar-style":"default","ast-global-header-display":"","ast-banner-title-visibility":"","ast-main-header-display":"","ast-hfb-above-header-display":"","ast-hfb-below-header-display":"","ast-hfb-mobile-header-display":"","site-post-title":"","ast-breadcrumbs-content":"","ast-featured-img":"","footer-sml-layout":"","ast-disable-related-posts":"","theme-transparent-header-meta":"","adv-header-id-meta":"","stick-header-meta":"","header-above-stick-meta":"","header-main-stick-meta":"","header-below-stick-meta":"","astra-migrate-meta-layouts":"default","ast-page-background-enabled":"default","ast-page-background-meta":{"desktop":{"background-color":"var(--ast-global-color-5)","background-image":"","background-repeat":"repeat","background-position":"center center","background-size":"auto","background-attachment":"scroll","background-type":"","background-media":"","overlay-type":"","overlay-color":"","overlay-opacity":"","overlay-gradient":""},"tablet":{"background-color":"","background-image":"","background-repeat":"repeat","background-position":"center center","background-size":"auto","background-attachment":"scroll","background-type":"","background-media":"","overlay-type":"","overlay-color":"","overlay-opacity":"","overlay-gradient":""},"mobile":{"background-color":"","background-image":"","background-repeat":"repeat","background-position":"center center","background-size":"auto","background-attachment":"scroll","background-type":"","background-media":"","overlay-type":"","overlay-color":"","overlay-opacity":"","overlay-gradient":""}},"ast-content-background-meta":{"desktop":{"background-color":"var(--ast-global-color-4)","background-image":"","background-repeat":"repeat","background-position":"center center","background-size":"auto","background-attachment":"scroll","background-type":"","background-media":"","overlay-type":"","overlay-color":"","overlay-opacity":"","overlay-gradient":""},"tablet":{"background-color":"var(--ast-global-color-4)","background-image":"","background-repeat":"repeat","background-position":"center center","background-size":"auto","background-attachment":"scroll","background-type":"","background-media":"","overlay-type":"","overlay-color":"","overlay-opacity":"","overlay-gradient":""},"mobile":{"background-color":"var(--ast-global-color-4)","background-image":"","background-repeat":"repeat","background-position":"center center","background-size":"auto","background-attachment":"scroll","background-type":"","background-media":"","overlay-type":"","overlay-color":"","overlay-opacity":"","overlay-gradient":""}}},"product_brand":[104],"product_cat":[46,39,38,29,35,30,54,59,58],"product_tag":[],"class_list":{"0":"post-6503","1":"product","2":"type-product","3":"status-publish","4":"has-post-thumbnail","6":"product_brand-gigo","7":"product_cat-46","8":"product_cat-39","9":"product_cat-38","10":"product_cat-29","11":"product_cat--10-12-","12":"product_cat--6-9-","13":"product_cat-54","14":"product_cat-59","15":"product_cat-58","16":"desktop-align-left","17":"tablet-align-left","18":"mobile-align-left","20":"first","21":"instock","22":"taxable","23":"shipping-taxable","24":"purchasable","25":"product-type-simple"},"_links":{"self":[{"href":"https:\/\/stem-eshop.gr\/ro\/wp-json\/wp\/v2\/product\/6503","targetHints":{"allow":["GET"]}}],"collection":[{"href":"https:\/\/stem-eshop.gr\/ro\/wp-json\/wp\/v2\/product"}],"about":[{"href":"https:\/\/stem-eshop.gr\/ro\/wp-json\/wp\/v2\/types\/product"}],"replies":[{"embeddable":true,"href":"https:\/\/stem-eshop.gr\/ro\/wp-json\/wp\/v2\/comments?post=6503"}],"wp:featuredmedia":[{"embeddable":true,"href":"https:\/\/stem-eshop.gr\/ro\/wp-json\/wp\/v2\/media\/4351"}],"wp:attachment":[{"href":"https:\/\/stem-eshop.gr\/ro\/wp-json\/wp\/v2\/media?parent=6503"}],"wp:term":[{"taxonomy":"product_brand","embeddable":true,"href":"https:\/\/stem-eshop.gr\/ro\/wp-json\/wp\/v2\/product_brand?post=6503"},{"taxonomy":"product_cat","embeddable":true,"href":"https:\/\/stem-eshop.gr\/ro\/wp-json\/wp\/v2\/product_cat?post=6503"},{"taxonomy":"product_tag","embeddable":true,"href":"https:\/\/stem-eshop.gr\/ro\/wp-json\/wp\/v2\/product_tag?post=6503"}],"curies":[{"name":"wp","href":"https:\/\/api.w.org\/{rel}","templated":true}]}}