{"id":6502,"date":"2025-05-19T08:11:11","date_gmt":"2025-05-19T08:11:11","guid":{"rendered":"https:\/\/stem-eshop.gr\/product\/lego-education-bricq-motion-prime-set\/"},"modified":"2025-11-24T15:57:33","modified_gmt":"2025-11-24T12:57:33","slug":"lego-education-bricq-motion-prime-set","status":"publish","type":"product","link":"https:\/\/stem-eshop.gr\/ro\/produs\/lego-education-bricq-motion-prime-set\/","title":{"rendered":"LEGO\u00ae Education BricQ Motion Prime Set"},"content":{"rendered":"<p class=\"MsoNormal\" style=\"text-align: justify\">LEGO\u00ae Education BricQ Motion Prime implic\u0103 elevii de liceu \u00een \u00eenv\u0103\u021barea STEAM, experiment\u00e2nd cu for\u021be, mi\u0219care \u0219i interac\u021biuni \u00een contextul sportului.<\/p>\n<p class=\"MsoNormal\" style=\"text-align: justify\">BricQ Motion Prime ofer\u0103 experien\u021be de \u00eenv\u0103\u021bare practice \u0219i u\u0219oare, care st\u00e2rnesc momente de revela\u021bie extraordinare, \u00een timp ce elevii pun \u00een mi\u0219care c\u0103r\u0103mizile LEGO f\u0103r\u0103 a fi nevoie de tehnologie. Acest set de 562 de piese include o colec\u021bie extins\u0103 de elemente speciale, inclusiv angrenaje, ro\u021bi, bile, greut\u0103\u021bi \u0219i sisteme de presiune a aerului, 4 minifigurine \u0219i multe altele, \u00een timp ce t\u0103vile de sortare codificate prin culori faciliteaz\u0103 construc\u021bia, iar ordonarea la sf\u00e2r\u0219itul orei este rapid\u0103 \u0219i eficient\u0103.<\/p>\n<p class=\"MsoNormal\" style=\"text-align: justify\">Sunt incluse \u0219i elemente de \u00eenlocuire, precum \u0219i instruc\u021biuni de construc\u021bie tip\u0103rite cu idei inspirate care \u00eei ajut\u0103 pe elevi s\u0103 descopere \u0219tiin\u021bele naturii \u00een ac\u021biune. Aceast\u0103 experien\u021b\u0103 STEAM introductiv\u0103 ofer\u0103 o unitate de 7 lec\u021bii a c\u00e2te 45 de minute, aliniate standardelor, care includ totul, de la videoclipuri captivante \u0219i fi\u0219e de lucru imprimabile care entuziasmeaz\u0103 \u0219i inspir\u0103 elevii, la planuri de lec\u021bie, videoclipuri pentru profesori, rubrici de evaluare \u0219i extensii de matematic\u0103 \u0219i arte lingvistice \u0219i suport pentru profesori.<\/p>\n<p class=\"MsoNormal\" style=\"text-align: justify\">BricQ Motion Prime este sus\u021binut de un program cuprinz\u0103tor de dezvoltare profesional\u0103.<\/p>","protected":false},"excerpt":{"rendered":"<p class=\"MsoNormal\" style=\"text-align: justify\">Setul BricQ Motion Prime face parte din seria LEGO Education \u0219i este destinat profesorilor \u0219i elevilor de la v\u00e2rsta de 10 ani \u00een sus. Scopul setului este de a inspira elevii s\u0103 exploreze conceptele fundamentale ale fizicii prin activit\u0103\u021bi creative \u0219i practice.<\/p>","protected":false},"featured_media":4335,"comment_status":"open","ping_status":"closed","template":"","meta":{"site-sidebar-layout":"default","site-content-layout":"","ast-site-content-layout":"default","site-content-style":"default","site-sidebar-style":"default","ast-global-header-display":"","ast-banner-title-visibility":"","ast-main-header-display":"","ast-hfb-above-header-display":"","ast-hfb-below-header-display":"","ast-hfb-mobile-header-display":"","site-post-title":"","ast-breadcrumbs-content":"","ast-featured-img":"","footer-sml-layout":"","ast-disable-related-posts":"","theme-transparent-header-meta":"default","adv-header-id-meta":"","stick-header-meta":"","header-above-stick-meta":"","header-main-stick-meta":"","header-below-stick-meta":"","astra-migrate-meta-layouts":"set","ast-page-background-enabled":"default","ast-page-background-meta":{"desktop":{"background-color":"var(--ast-global-color-5)","background-image":"","background-repeat":"repeat","background-position":"center center","background-size":"auto","background-attachment":"scroll","background-type":"","background-media":"","overlay-type":"","overlay-color":"","overlay-opacity":"","overlay-gradient":""},"tablet":{"background-color":"","background-image":"","background-repeat":"repeat","background-position":"center center","background-size":"auto","background-attachment":"scroll","background-type":"","background-media":"","overlay-type":"","overlay-color":"","overlay-opacity":"","overlay-gradient":""},"mobile":{"background-color":"","background-image":"","background-repeat":"repeat","background-position":"center center","background-size":"auto","background-attachment":"scroll","background-type":"","background-media":"","overlay-type":"","overlay-color":"","overlay-opacity":"","overlay-gradient":""}},"ast-content-background-meta":{"desktop":{"background-color":"var(--ast-global-color-4)","background-image":"","background-repeat":"repeat","background-position":"center center","background-size":"auto","background-attachment":"scroll","background-type":"","background-media":"","overlay-type":"","overlay-color":"","overlay-opacity":"","overlay-gradient":""},"tablet":{"background-color":"var(--ast-global-color-4)","background-image":"","background-repeat":"repeat","background-position":"center center","background-size":"auto","background-attachment":"scroll","background-type":"","background-media":"","overlay-type":"","overlay-color":"","overlay-opacity":"","overlay-gradient":""},"mobile":{"background-color":"var(--ast-global-color-4)","background-image":"","background-repeat":"repeat","background-position":"center center","background-size":"auto","background-attachment":"scroll","background-type":"","background-media":"","overlay-type":"","overlay-color":"","overlay-opacity":"","overlay-gradient":""}}},"product_brand":[105],"product_cat":[38,29,57,35,40,34,28,48,59,58],"product_tag":[],"class_list":{"0":"post-6502","1":"product","2":"type-product","3":"status-publish","4":"has-post-thumbnail","6":"product_brand-lego","7":"product_cat-38","8":"product_cat-29","9":"product_cat-57","10":"product_cat--10-12-","11":"product_cat--12-","12":"product_cat-34","13":"product_cat-28","14":"product_cat-48","15":"product_cat-59","16":"product_cat-58","17":"desktop-align-left","18":"tablet-align-left","19":"mobile-align-left","21":"first","22":"outofstock","23":"taxable","24":"shipping-taxable","25":"purchasable","26":"product-type-simple"},"_links":{"self":[{"href":"https:\/\/stem-eshop.gr\/ro\/wp-json\/wp\/v2\/product\/6502","targetHints":{"allow":["GET"]}}],"collection":[{"href":"https:\/\/stem-eshop.gr\/ro\/wp-json\/wp\/v2\/product"}],"about":[{"href":"https:\/\/stem-eshop.gr\/ro\/wp-json\/wp\/v2\/types\/product"}],"replies":[{"embeddable":true,"href":"https:\/\/stem-eshop.gr\/ro\/wp-json\/wp\/v2\/comments?post=6502"}],"wp:featuredmedia":[{"embeddable":true,"href":"https:\/\/stem-eshop.gr\/ro\/wp-json\/wp\/v2\/media\/4335"}],"wp:attachment":[{"href":"https:\/\/stem-eshop.gr\/ro\/wp-json\/wp\/v2\/media?parent=6502"}],"wp:term":[{"taxonomy":"product_brand","embeddable":true,"href":"https:\/\/stem-eshop.gr\/ro\/wp-json\/wp\/v2\/product_brand?post=6502"},{"taxonomy":"product_cat","embeddable":true,"href":"https:\/\/stem-eshop.gr\/ro\/wp-json\/wp\/v2\/product_cat?post=6502"},{"taxonomy":"product_tag","embeddable":true,"href":"https:\/\/stem-eshop.gr\/ro\/wp-json\/wp\/v2\/product_tag?post=6502"}],"curies":[{"name":"wp","href":"https:\/\/api.w.org\/{rel}","templated":true}]}}